{"id":92,"date":"2016-10-22T00:50:20","date_gmt":"2016-10-22T00:50:20","guid":{"rendered":"http:\/\/fcmf.org\/wp\/?page_id=92"},"modified":"2024-01-10T11:40:19","modified_gmt":"2024-01-10T15:40:19","slug":"fellows-de-la-federation","status":"publish","type":"page","link":"https:\/\/fcmf.org\/fr\/fellows-de-la-federation\/","title":{"rendered":"Membres honoraires de la F\u00e9d\u00e9ration"},"content":{"rendered":"<div id=\"pl-92\"  class=\"panel-layout\" ><div id=\"pg-92-0\"  class=\"panel-grid panel-no-style\" ><div id=\"pgc-92-0-0\"  class=\"panel-grid-cell panel-grid-cell-empty\" ><\/div><div id=\"pgc-92-0-1\"  class=\"panel-grid-cell\" ><div id=\"panel-92-0-1-0\" class=\"so-panel widget widget_black-studio-tinymce widget_black_studio_tinymce panel-first-child panel-last-child\" data-index=\"0\" ><div class=\"textwidget\"><p>Par le pass\u00e9, la F\u00e9d\u00e9ration canadienne des festivals de musique nommait occasionnellement une personne Membre honoraire \u00e0 vie. Cette appellation change dor\u00e9navant pour le titre de Membre de la f\u00e9d\u00e9ration. Les r\u00e9cipiendaires sont \u00e9num\u00e9r\u00e9s par ordre alphab\u00e9tique.<\/p>\n<\/div><\/div><\/div><div id=\"pgc-92-0-2\"  class=\"panel-grid-cell panel-grid-cell-empty\" ><\/div><div id=\"pgc-92-0-3\"  class=\"panel-grid-cell panel-grid-cell-mobile-last\" ><div id=\"panel-92-0-3-0\" class=\"so-panel widget widget_black-studio-tinymce widget_black_studio_tinymce panel-first-child panel-last-child\" data-index=\"1\" ><div class=\"textwidget\"><p>Par le pass\u00e9, il \u00e9tait possible de se procurer le statut de membre \u00e0 vie pour soi-m\u00eame ou pour une autre personne au co\u00fbt de 500\u00a0$. Dans le but de nous conformer aux directives \u00e9mises par l'Agence du Revenu du Canada, il ne sera plus possible de le faire. Cette appellation change dor\u00e9navant pour le titre de Parrain\/Marraine de la f\u00e9d\u00e9ration. Les r\u00e9cipiendaires sont \u00e9num\u00e9r\u00e9s par ordre alphab\u00e9tique.<\/p>\n<\/div><\/div><\/div><div id=\"pgc-92-0-4\"  class=\"panel-grid-cell panel-grid-cell-empty\" ><\/div><\/div><div id=\"pg-92-1\"  class=\"panel-grid panel-no-style\" ><div id=\"pgc-92-1-0\"  class=\"panel-grid-cell panel-grid-cell-empty\" ><\/div><div id=\"pgc-92-1-1\"  class=\"panel-grid-cell\" ><div id=\"panel-92-1-1-0\" class=\"so-panel widget widget_black-studio-tinymce widget_black_studio_tinymce panel-first-child panel-last-child\" data-index=\"2\" ><div class=\"textwidget\"><p style=\"text-align: center;\"><strong>MEMBRES DE LA F\u00c9D\u00c9RATION\u00a0<\/strong><\/p>\n<p style=\"text-align: center;\">Norma Jean Atkinson, AB<br \/>\nVivienne Bennie (D), BC<br \/>\nPaul Bourret (D), AB<br \/>\nG. Murray Campbell (D), MB<br \/>\nGail Carleton, NB<br \/>\nMarlene Cherry, AB<br \/>\nDoris Covey Lazecki, SK<br \/>\nAda English (D), BC<br \/>\nR. Donald Fullerton (D), ON<br \/>\nG\u00e9rald Goguen, NB<br \/>\nMossie Hancock (D), SK<br \/>\nReg Hugo (D), MB<br \/>\nDianne Johnstone, AB<br \/>\nPenny Joynt, SK<br \/>\nKathleen Keple, BC<br \/>\nDr. Lois Marshall (D), ON<br \/>\nGeorge S. Mathieson (D), MB<br \/>\nE.R. McCrimmon (D), ON<br \/>\nBarry McDell (D), BC<br \/>\nCora Molstad (D), AB<br \/>\nRobert Murray (D), NS<br \/>\nGloria Nickell, SK<br \/>\nH.W. Patterson (D), ON<br \/>\nSharon Penner, SK<br \/>\nDr. David Peters (D), NF<br \/>\nDorcas Plant, ON<br \/>\nDonna Quinton-Schonfield, AB<br \/>\nCindy Rublee, MB<br \/>\nRosemary Short, BC<br \/>\nD.G.W. Sutherland (D), AB<br \/>\nJ. Page Wadsworth (D), ON<br \/>\nShirley (Baker) Whiston, NS<\/p>\n<p style=\"text-align: center;\">(Ancienne appellation Membres honoraires \u00e0 vie)<\/p>\n<p style=\"text-align: center;\">(D) indique que d\u00e9c\u00e9d\u00e9(e)<\/p>\n<\/div><\/div><\/div><div id=\"pgc-92-1-2\"  class=\"panel-grid-cell panel-grid-cell-empty\" ><\/div><div id=\"pgc-92-1-3\"  class=\"panel-grid-cell panel-grid-cell-mobile-last\" ><div id=\"panel-92-1-3-0\" class=\"so-panel widget widget_black-studio-tinymce widget_black_studio_tinymce panel-first-child panel-last-child\" data-index=\"3\" ><div class=\"textwidget\"><p style=\"text-align: center;\"><strong>PARRAINS\/MARRAINES DE LA F\u00c9D\u00c9RATION<\/strong><\/p>\n<p style=\"text-align: center;\">Dr Catherine Allison (D), ON<br \/>\nMarion J. Andrews, NL<br \/>\nDr. A.D. Bona (D), NB<br \/>\nR.W. Cooke (D), MB<br \/>\nMary Donahue (D), PE<br \/>\nAda English (D), BC<br \/>\nWilliam Fairbarin (D), AB<br \/>\nYolande Fitzgerald, BC<br \/>\nBenjamin R. Guss (D), NB<br \/>\nThos Guy (D), NB<br \/>\nGordon Hancock (D), SK<br \/>\nCarole Helfter, MB<br \/>\nThomas Howden, SK<br \/>\nLt Col. C.O. Hunt (D), ON<br \/>\nPolly Krasnoff (D), AB<br \/>\nHectorine Lauzier (D), NB<br \/>\nMargaret Long (D), BC<br \/>\nAngela Matheson, PE<br \/>\nVera Mattson, SK<br \/>\nE.G. Pridham (D), ON<br \/>\nJohn Rooke (D), ON<br \/>\nJames Seaton (D), MB<br \/>\nJan Simons (D), QC<br \/>\nDr D. Seyward Smith, BC<br \/>\nD. Crawford Smyth (D), ON<br \/>\nIris Sproule (D), ON<br \/>\nJoan Tuckey (D), AB<br \/>\nWilbert Ward, ON<br \/>\nA.E. White (D), ON<\/p>\n<p style=\"text-align: center;\">(Ancienne appellation Membres \u00e0 vie)<\/p>\n<p style=\"text-align: center;\">\n<\/div><\/div><\/div><div id=\"pgc-92-1-4\"  class=\"panel-grid-cell panel-grid-cell-empty\" ><\/div><\/div><\/div>","protected":false},"excerpt":{"rendered":"<p>Par le pass\u00e9, la F\u00e9d\u00e9ration canadienne des festivals de musique nommait occasionnellement une personne Membre honoraire \u00e0 vie. Cette appellation change dor\u00e9navant pour le titre de Membre de la f\u00e9d\u00e9ration. Les r\u00e9cipiendaires sont \u00e9num\u00e9r\u00e9s par ordre alphab\u00e9tique. Par le pass\u00e9, &hellip; <a class=\"kt-excerpt-readmore\" href=\"https:\/\/fcmf.org\/fr\/fellows-de-la-federation\/\" aria-label=\"Membres honoraires de la F\u00e9d\u00e9ration\">Read More<\/a><\/p>\n","protected":false},"author":1,"featured_media":0,"parent":0,"menu_order":0,"comment_status":"closed","ping_status":"closed","template":"page-fullwidth.php","meta":{"footnotes":""},"class_list":["post-92","page","type-page","status-publish","hentry"],"_links":{"self":[{"href":"https:\/\/fcmf.org\/fr\/wp-json\/wp\/v2\/pages\/92","targetHints":{"allow":["GET"]}}],"collection":[{"href":"https:\/\/fcmf.org\/fr\/wp-json\/wp\/v2\/pages"}],"about":[{"href":"https:\/\/fcmf.org\/fr\/wp-json\/wp\/v2\/types\/page"}],"author":[{"embeddable":true,"href":"https:\/\/fcmf.org\/fr\/wp-json\/wp\/v2\/users\/1"}],"replies":[{"embeddable":true,"href":"https:\/\/fcmf.org\/fr\/wp-json\/wp\/v2\/comments?post=92"}],"version-history":[{"count":0,"href":"https:\/\/fcmf.org\/fr\/wp-json\/wp\/v2\/pages\/92\/revisions"}],"wp:attachment":[{"href":"https:\/\/fcmf.org\/fr\/wp-json\/wp\/v2\/media?parent=92"}],"curies":[{"name":"wp","href":"https:\/\/api.w.org\/{rel}","templated":true}]}}