{"id":84,"date":"2016-10-22T00:40:37","date_gmt":"2016-10-22T00:40:37","guid":{"rendered":"http:\/\/fcmf.org\/wp\/?page_id=84"},"modified":"2025-12-23T15:56:40","modified_gmt":"2025-12-23T19:56:40","slug":"conseil-administration","status":"publish","type":"page","link":"https:\/\/fcmf.org\/fr\/conseil-administration\/","title":{"rendered":"Conseil d&#8217;administration"},"content":{"rendered":"<div id=\"pl-84\"  class=\"panel-layout\" ><div id=\"pg-84-0\"  class=\"panel-grid panel-no-style\" ><div id=\"pgc-84-0-0\"  class=\"panel-grid-cell panel-grid-cell-empty\" ><\/div><div id=\"pgc-84-0-1\"  class=\"panel-grid-cell\" ><div id=\"panel-84-0-1-0\" class=\"so-panel widget widget_black-studio-tinymce widget_black_studio_tinymce panel-first-child panel-last-child\" data-index=\"0\" ><div class=\"textwidget\"><p><a href=\"https:\/\/fcmf.org\/fr\/wp-content\/uploads\/2025\/12\/Martha-Healy-photo-web-size.jpg\"><img loading=\"lazy\" decoding=\"async\" class=\"alignleft wp-image-7961 size-thumbnail\" src=\"https:\/\/fcmf.org\/fr\/wp-content\/uploads\/2025\/12\/Martha-Healy-photo-web-size-150x150.jpg\" alt=\"\" width=\"150\" height=\"150\" \/><\/a><br \/>\nPR\u00c9SIDENTE DU CONSEIL<br \/>\nMartha Healy<br \/>\n13 Tannery Drive<br \/>\nElmsdale, NS B2S 1C6<br \/>\nT\u00e9l : 902-489-7528<br \/>\nCourriel : <a href=\"mailto:chair@fcmf.org\">chair@fcmf.org<\/a><\/p>\n<\/div><\/div><\/div><div id=\"pgc-84-0-2\"  class=\"panel-grid-cell panel-grid-cell-mobile-last\" ><div id=\"panel-84-0-2-0\" class=\"so-panel widget widget_black-studio-tinymce widget_black_studio_tinymce panel-first-child panel-last-child\" data-index=\"1\" ><div class=\"textwidget\"><p><img loading=\"lazy\" decoding=\"async\" class=\"alignleft wp-image-1254 size-thumbnail\" src=\"http:\/\/www.fcmf.org\/wp-content\/uploads\/2016\/10\/Barb-Long-005_2017-150x150.png\" alt=\"\" width=\"150\" height=\"150\" srcset=\"https:\/\/fcmf.org\/fr\/wp-content\/uploads\/2016\/10\/Barb-Long-005_2017-150x150.png 150w, https:\/\/fcmf.org\/fr\/wp-content\/uploads\/2016\/10\/Barb-Long-005_2017.png 178w\" sizes=\"auto, (max-width: 150px) 100vw, 150px\" \/><br \/>\nDIRECTRICE EX\u00c9CUTIVE<br \/>\nBarbara Long<br \/>\n11119 Route 130<br \/>\nSomerville, NB E7P 2S4<br \/>\nT\u00e9l : 1-506-245-1689<br \/>\nCourriel : <a href=\"mailto:info@fcmf.org\">info@fcmf.org<\/a><\/p>\n<\/div><\/div><\/div><div id=\"pgc-84-0-3\"  class=\"panel-grid-cell panel-grid-cell-empty\" ><\/div><\/div><div id=\"pg-84-1\"  class=\"panel-grid panel-no-style\" ><div id=\"pgc-84-1-0\"  class=\"panel-grid-cell panel-grid-cell-empty\" ><\/div><div id=\"pgc-84-1-1\"  class=\"panel-grid-cell\" ><div id=\"panel-84-1-1-0\" class=\"so-panel widget widget_black-studio-tinymce widget_black_studio_tinymce panel-first-child panel-last-child\" data-index=\"2\" ><div class=\"textwidget\"><p><a href=\"https:\/\/fcmf.org\/fr\/wp-content\/uploads\/2024\/07\/FCMF_logo_leafcoloured_black_5-black-wording.png\"><img loading=\"lazy\" decoding=\"async\" class=\"alignleft wp-image-7658 size-thumbnail\" src=\"https:\/\/fcmf.org\/fr\/wp-content\/uploads\/2024\/07\/FCMF_logo_leafcoloured_black_5-black-wording-150x150.png\" alt=\"\" width=\"150\" height=\"150\" srcset=\"https:\/\/fcmf.org\/fr\/wp-content\/uploads\/2024\/07\/FCMF_logo_leafcoloured_black_5-black-wording-150x150.png 150w, https:\/\/fcmf.org\/fr\/wp-content\/uploads\/2024\/07\/FCMF_logo_leafcoloured_black_5-black-wording-300x300.png 300w, https:\/\/fcmf.org\/fr\/wp-content\/uploads\/2024\/07\/FCMF_logo_leafcoloured_black_5-black-wording-1024x1024.png 1024w, https:\/\/fcmf.org\/fr\/wp-content\/uploads\/2024\/07\/FCMF_logo_leafcoloured_black_5-black-wording-768x768.png 768w, https:\/\/fcmf.org\/fr\/wp-content\/uploads\/2024\/07\/FCMF_logo_leafcoloured_black_5-black-wording-1536x1536.png 1536w, https:\/\/fcmf.org\/fr\/wp-content\/uploads\/2024\/07\/FCMF_logo_leafcoloured_black_5-black-wording-2048x2048.png 2048w\" sizes=\"auto, (max-width: 150px) 100vw, 150px\" \/><\/a><br \/>\nVICE-PR\u00c9SIDENTE<br \/>\nMary Ross<\/p>\n<p>Calgary, AB<br \/>\nT\u00e9l : 902-489-7528<br \/>\nCourriel : <a href=\"mailto:vicechair@fcmf.org\">vicechair@fcmf.org<\/a><\/p>\n<\/div><\/div><\/div><div id=\"pgc-84-1-2\"  class=\"panel-grid-cell panel-grid-cell-mobile-last\" ><div id=\"panel-84-1-2-0\" class=\"so-panel widget widget_black-studio-tinymce widget_black_studio_tinymce panel-first-child panel-last-child\" data-index=\"3\" ><div class=\"textwidget\"><p><img loading=\"lazy\" decoding=\"async\" class=\"alignleft wp-image-1254 size-thumbnail\" src=\"http:\/\/www.fcmf.org\/wp-content\/uploads\/2016\/10\/Lane_Christopher_00001-150x150.jpg\" alt=\"\" width=\"150\" height=\"150\" \/><br \/>\nTR\u00c9SORIER<br \/>\nChristopher Lane<br \/>\n239 St. James Street West<br \/>\nSaint John, NB E2M 2E7<br \/>\nT\u00e9l : 1-506-651-9694<br \/>\nCourriel : <a href=\"mailto:treasurer@fcmf.org\">treasurer@fcmf.org<\/a><\/p>\n<\/div><\/div><\/div><div id=\"pgc-84-1-3\"  class=\"panel-grid-cell panel-grid-cell-empty\" ><\/div><\/div><div id=\"pg-84-2\"  class=\"panel-grid panel-no-style\" ><div id=\"pgc-84-2-0\"  class=\"panel-grid-cell panel-grid-cell-empty\" ><\/div><div id=\"pgc-84-2-1\"  class=\"panel-grid-cell\" ><div id=\"panel-84-2-1-0\" class=\"so-panel widget widget_black-studio-tinymce widget_black_studio_tinymce panel-first-child panel-last-child\" data-index=\"4\" ><div class=\"textwidget\"><p><a href=\"https:\/\/fcmf.org\/fr\/wp-content\/uploads\/2025\/12\/Tom-Davidson.jpg\"><img loading=\"lazy\" decoding=\"async\" class=\"alignleft wp-image-7965 size-thumbnail\" src=\"https:\/\/fcmf.org\/fr\/wp-content\/uploads\/2025\/12\/Tom-Davidson-150x150.jpg\" alt=\"\" width=\"150\" height=\"150\" \/><\/a><br \/>\nPR\u00c9SIDENT SORTANT<br \/>\nThomas Davidson<br \/>\n136 Duke-of-Kent Avenue<br \/>\nPointe-Claire, QC H9R 1X9<br \/>\nT\u00e9l : 438-888-7805<br \/>\nCourriel : <a href=\"mailto:pastchair@fcmf.org\">pastchair@fcmf.org<\/a><\/p>\n<\/div><\/div><\/div><div id=\"pgc-84-2-2\"  class=\"panel-grid-cell panel-grid-cell-mobile-last\" ><div id=\"panel-84-2-2-0\" class=\"so-panel widget widget_black-studio-tinymce widget_black_studio_tinymce panel-first-child panel-last-child\" data-index=\"5\" ><div class=\"panel-widget-style panel-widget-style-for-84-2-2-0\" ><div class=\"textwidget\"><p>DIRECTEURS\/DIRECTRICES<br \/>\nSteven Cowan <a href=\"mailto:steve@fcmf.org\">steve@fcmf.org<\/a><br \/>\nDavid Klassen <a href=\"mailto:davidk@fcmf.org\">davidk@fcmf.org<\/a><br \/>\nPenelope Sutton <a href=\"mailto:penelope@fcmf.org\">penelope@fcmf.org<\/a><\/p>\n<\/div><\/div><\/div><\/div><div id=\"pgc-84-2-3\"  class=\"panel-grid-cell panel-grid-cell-empty\" ><\/div><\/div><div id=\"pg-84-3\"  class=\"panel-grid panel-no-style\" ><div id=\"pgc-84-3-0\"  class=\"panel-grid-cell panel-grid-cell-empty\" ><\/div><div id=\"pgc-84-3-1\"  class=\"panel-grid-cell\" ><div id=\"panel-84-3-1-0\" class=\"so-panel widget widget_black-studio-tinymce widget_black_studio_tinymce panel-first-child panel-last-child\" data-index=\"6\" ><div class=\"textwidget\"><p><strong>Conseil consultatif de la FCFM<\/strong><\/p>\n<p>John Chave, ON<br \/>\nDr. Terry Clark, AB<br \/>\nDr. Gary Gable, SK<br \/>\nMike Jewitt, AB<br \/>\nJoy McFarlane-Burton, SK<br \/>\nBrent Mitchell, N-B<br \/>\nFCMF Officers<\/p>\n<\/div><\/div><\/div><div id=\"pgc-84-3-2\"  class=\"panel-grid-cell panel-grid-cell-mobile-last\" ><div id=\"panel-84-3-2-0\" class=\"so-panel widget widget_black-studio-tinymce widget_black_studio_tinymce panel-first-child panel-last-child\" data-index=\"7\" ><div class=\"textwidget\"><p><strong>Comit\u00e9 des anciens<\/strong><\/p>\n<p>Judy Urbonas, MB<br \/>\nAnna Bond, England<br \/>\nMarcel d'Entremont, ON<br \/>\nJulien LeBlanc, QC<br \/>\nDr. Stephen Runge, MB<\/p>\n<\/div><\/div><\/div><div id=\"pgc-84-3-3\"  class=\"panel-grid-cell panel-grid-cell-empty\" ><\/div><\/div><\/div>","protected":false},"excerpt":{"rendered":"<p>PR\u00c9SIDENTE DU CONSEIL Martha Healy 13 Tannery Drive Elmsdale, NS B2S 1C6 T\u00e9l : 902-489-7528 Courriel : chair@fcmf.org DIRECTRICE EX\u00c9CUTIVE Barbara Long 11119 Route 130 Somerville, NB E7P 2S4 T\u00e9l : 1-506-245-1689 Courriel : info@fcmf.org VICE-PR\u00c9SIDENTE Mary Ross Calgary, AB &hellip; <a class=\"kt-excerpt-readmore\" href=\"https:\/\/fcmf.org\/fr\/conseil-administration\/\" aria-label=\"Conseil d&#8217;administration\">Read More<\/a><\/p>\n","protected":false},"author":1,"featured_media":0,"parent":0,"menu_order":0,"comment_status":"closed","ping_status":"closed","template":"page-fullwidth.php","meta":{"footnotes":""},"class_list":["post-84","page","type-page","status-publish","hentry"],"_links":{"self":[{"href":"https:\/\/fcmf.org\/fr\/wp-json\/wp\/v2\/pages\/84","targetHints":{"allow":["GET"]}}],"collection":[{"href":"https:\/\/fcmf.org\/fr\/wp-json\/wp\/v2\/pages"}],"about":[{"href":"https:\/\/fcmf.org\/fr\/wp-json\/wp\/v2\/types\/page"}],"author":[{"embeddable":true,"href":"https:\/\/fcmf.org\/fr\/wp-json\/wp\/v2\/users\/1"}],"replies":[{"embeddable":true,"href":"https:\/\/fcmf.org\/fr\/wp-json\/wp\/v2\/comments?post=84"}],"version-history":[{"count":0,"href":"https:\/\/fcmf.org\/fr\/wp-json\/wp\/v2\/pages\/84\/revisions"}],"wp:attachment":[{"href":"https:\/\/fcmf.org\/fr\/wp-json\/wp\/v2\/media?parent=84"}],"curies":[{"name":"wp","href":"https:\/\/api.w.org\/{rel}","templated":true}]}}