{"id":7922,"date":"2025-11-10T12:17:34","date_gmt":"2025-11-10T16:17:34","guid":{"rendered":"https:\/\/fcmf.org\/fr\/?page_id=7922"},"modified":"2026-01-27T17:13:55","modified_gmt":"2026-01-27T21:13:55","slug":"commanditaires-et-donateurs-2025","status":"publish","type":"page","link":"https:\/\/fcmf.org\/fr\/commanditaires-et-donateurs-2025\/","title":{"rendered":"Commanditaires et donateurs 2025"},"content":{"rendered":"<div id=\"pl-7922\"  class=\"panel-layout\" ><div id=\"pg-7922-0\"  class=\"panel-grid panel-no-style\" ><div id=\"pgc-7922-0-0\"  class=\"panel-grid-cell panel-grid-cell-empty\" ><\/div><div id=\"pgc-7922-0-1\"  class=\"panel-grid-cell\" ><div id=\"panel-7922-0-1-0\" class=\"so-panel widget widget_black-studio-tinymce widget_black_studio_tinymce panel-first-child panel-last-child\" data-index=\"0\" ><div class=\"textwidget\"><p><strong>COMMANDITAIRES PRINIPAUX<\/strong><\/p>\n<p>Fondation Azrieli<br \/>\nMount Allison University, Department of Music \u2020<br \/>\nLa F\u00e9d\u00e9ration des festivals de musique du N-B<\/p>\n<p><strong>CIRCLE DES M\u00c9C\u00c8NES\u00a0 5,000 $ \u2013 9,999 $<\/strong><\/p>\n<p>Culture \u00e0 l'oeuvre Canada<br \/>\nEmploi et D\u00e9veloppement social Canada<br \/>\nTom Davidson, QC<br \/>\nWayne &amp; Barbara Long, NB<br \/>\nNRS Foundation through the Victoria Foundation, BC<\/p>\n<p><strong>CIRCLES DES CONCURRENTS\u00a0 2,000 $ \u2013 4,999 $<\/strong><\/p>\n<p>The Gail Asper Family Foundation, MB<br \/>\nJoy McFarlane-Burton &amp; Rick Burton, SK<br \/>\nDr. Phyllis Forsyth, ON<br \/>\nHarley &amp; Wendy MacCaull, NS<br \/>\nStephen &amp; Penny McCain, NB<\/p>\n<p><strong>BIENFAITEURS 1,000 $ \u2013 1,999 $<\/strong><\/p>\n<p>Martha Healy, NS<br \/>\nJudy Neufeld Urbonas, MB<br \/>\nIreneus Zuk, QC<\/p>\n<p><strong>PORTE-PAROLES 500 $ \u2013 999 $<\/strong><\/p>\n<p>Lang Optometry and Eyeware, NS<br \/>\nNew Brunswick Competitive Festival of Music in Saint John<br \/>\nMary Ross, AB<br \/>\nLynda Sharpe, PE<br \/>\nFrank Wade, MB<br \/>\nKeyu &amp; Weiqun Yan, NB<\/p>\n<p><strong>SOUTIENS 250 $ \u2013 499 $<\/strong><\/p>\n<p>Patricia Bryson, NS<br \/>\nLynn Johnson<br \/>\nKathleen Keple, BC<br \/>\nChristopher Lane, NB<br \/>\nKay Linkletter, PE<br \/>\nBenjamin Liu, ON<br \/>\nFrances McBurnie, PE<br \/>\nDr. Gilles Melanson, NB<br \/>\nMiramichi Regional Music Festival, NB<br \/>\nPEI Kiwanis Music Festival<br \/>\nWilbert &amp; Joyce Ward, ON<\/p>\n<p><strong>PARTENAIRES 100 $ - 249 $<\/strong><\/p>\n<p>Dr. John Burge, ON<br \/>\nKeenan Construction Ltd., NB<br \/>\nMartin Rental Properties, NB<\/p>\n<p><strong>AMIS moins de 100 $<\/strong><\/p>\n<p>Lisa Wright<\/p>\n<\/div><\/div><\/div><div id=\"pgc-7922-0-2\"  class=\"panel-grid-cell panel-grid-cell-empty\" ><\/div><div id=\"pgc-7922-0-3\"  class=\"panel-grid-cell panel-grid-cell-mobile-last\" ><div id=\"panel-7922-0-3-0\" class=\"so-panel widget widget_virtue_about_with_image virtue_about_with_image panel-first-child\" data-index=\"1\" ><div class=\"kad_img_upload_widget kt-shape-type-kt-image-shape-standard kt-image-align-center kt-image-widget-widget-0-3-0\"><a href=\"https:\/\/www.canadahelps.org\/fr\/dn\/6948\" target=\"_blank\"><div class=\"kt-image-contain kt-image-shadow-none kt-image-shape-standard\"><div class=\"kt-image-inner-contain\"><img loading=\"lazy\" decoding=\"async\" width=\"231\" height=\"120\" src=\"https:\/\/fcmf.org\/fr\/wp-content\/uploads\/2022\/01\/canadon_logo-4.png\" class=\"attachment-medium_large size-medium_large\" alt=\"\t\t\t\t\t\t\t\t \t\t\t\t\t\t\t\t \t\t\t\t\" \/><\/div><\/div><\/a><div class=\"virtue_image_widget_caption kadence_image_widget_caption\">\t\t\t\t\t\t\t\t \t\t\t\t\t\t\t\t \t\t\t\t<\/div><\/div><\/div><div id=\"panel-7922-0-3-1\" class=\"so-panel widget widget_virtue_about_with_image virtue_about_with_image\" data-index=\"2\" ><div class=\"kad_img_upload_widget kt-shape-type-kt-image-shape-standard kt-image-align-center kt-image-widget-widget-0-3-1\"><a href=\"https:\/\/fcmf.org\/wp-content\/uploads\/2025\/11\/Azrieli-Logo-ENG-FR-Final-002.png\" rel=\"lightbox\"><div class=\"kt-image-contain kt-image-shadow-none kt-image-shape-standard\"><div class=\"kt-image-inner-contain\"><img decoding=\"async\" src=\"https:\/\/fcmf.org\/wp-content\/uploads\/2025\/11\/Azrieli-Logo-ENG-FR-Final-002.png\" alt=\"\t\t\t\t\t\t\t\t \t\t\"><\/div><\/div><\/a><div class=\"virtue_image_widget_caption kadence_image_widget_caption\">\t\t\t\t\t\t\t\t \t\t<\/div><\/div><\/div><div id=\"panel-7922-0-3-2\" class=\"so-panel widget widget_virtue_about_with_image virtue_about_with_image\" data-index=\"3\" ><div class=\"kad_img_upload_widget kt-shape-type-kt-image-shape-standard kt-image-align-center kt-image-widget-widget-0-3-2\"><a href=\"https:\/\/fcmf.org\/wp-content\/uploads\/2025\/11\/MtA_Music_logo.jpeg\" rel=\"lightbox\"><div class=\"kt-image-contain kt-image-shadow-none kt-image-shape-standard\"><div class=\"kt-image-inner-contain\"><img decoding=\"async\" src=\"https:\/\/fcmf.org\/wp-content\/uploads\/2025\/11\/MtA_Music_logo.jpeg\" alt=\"\t\t\t\t\t\t\t\t \t\t\t\t\t\t\t\t \t\t\t\t\"><\/div><\/div><\/a><div class=\"virtue_image_widget_caption kadence_image_widget_caption\">\t\t\t\t\t\t\t\t \t\t\t\t\t\t\t\t \t\t\t\t<\/div><\/div><\/div><div id=\"panel-7922-0-3-3\" class=\"so-panel widget widget_virtue_about_with_image virtue_about_with_image\" data-index=\"4\" ><div class=\"kad_img_upload_widget kt-shape-type-kt-image-shape-standard kt-image-align-center kt-image-widget-widget-0-3-3\"><a href=\"https:\/\/fcmf.org\/wp-content\/uploads\/2025\/11\/logo-with-name_translucentcolour.png%20\" rel=\"lightbox\"><div class=\"kt-image-contain kt-image-shadow-none kt-image-shape-standard\"><div class=\"kt-image-inner-contain\"><img decoding=\"async\" src=\"https:\/\/fcmf.org\/wp-content\/uploads\/2025\/11\/logo-with-name_translucentcolour.png%20\" alt=\"\t\t\t\t\t\t\t\t \t\t\t\t\t\t\t\t \t\t\t\t\t\t\t\t \t\t\t\t\t\t\"><\/div><\/div><\/a><div class=\"virtue_image_widget_caption kadence_image_widget_caption\">\t\t\t\t\t\t\t\t \t\t\t\t\t\t\t\t \t\t\t\t\t\t\t\t \t\t\t\t\t\t<\/div><\/div><\/div><div id=\"panel-7922-0-3-4\" class=\"so-panel widget widget_virtue_about_with_image virtue_about_with_image\" data-index=\"5\" ><div class=\"kad_img_upload_widget kt-shape-type-kt-image-shape-standard kt-image-align-center kt-image-widget-widget-0-3-4\"><a href=\"https:\/\/fcmf.org\/wp-content\/uploads\/2025\/11\/Victoria-Foundation-logo-scaled.png\" rel=\"lightbox\"><div class=\"kt-image-contain kt-image-shadow-none kt-image-shape-standard\"><div class=\"kt-image-inner-contain\"><img decoding=\"async\" src=\"https:\/\/fcmf.org\/wp-content\/uploads\/2025\/11\/Victoria-Foundation-logo-scaled.png\" alt=\"\t\t\t\t\t\t\t\t \t\t\t\t\t\t\t\t \t\t\t\t\"><\/div><\/div><\/a><div class=\"virtue_image_widget_caption kadence_image_widget_caption\">\t\t\t\t\t\t\t\t \t\t\t\t\t\t\t\t \t\t\t\t<\/div><\/div><\/div><div id=\"panel-7922-0-3-5\" class=\"so-panel widget widget_virtue_about_with_image virtue_about_with_image\" data-index=\"6\" ><div class=\"kad_img_upload_widget kt-shape-type-kt-image-shape-standard kt-image-align-center kt-image-widget-widget-0-3-5\"><a href=\"https:\/\/fcmf.org\/wp-content\/uploads\/2018\/08\/Gail-ASper-Family-Foundation.gif%20\" rel=\"lightbox\"><div class=\"kt-image-contain kt-image-shadow-none kt-image-shape-standard\"><div class=\"kt-image-inner-contain\"><img decoding=\"async\" src=\"https:\/\/fcmf.org\/wp-content\/uploads\/2018\/08\/Gail-ASper-Family-Foundation.gif%20\" alt=\"\t\t\t\t\t\t\t\t \t\t\t\t\t\t\t\t \t\t\t\t\t\t\t\t \t\t\t\t\t\t\"><\/div><\/div><\/a><div class=\"virtue_image_widget_caption kadence_image_widget_caption\">\t\t\t\t\t\t\t\t \t\t\t\t\t\t\t\t \t\t\t\t\t\t\t\t \t\t\t\t\t\t<\/div><\/div><\/div><div id=\"panel-7922-0-3-6\" class=\"so-panel widget widget_black-studio-tinymce widget_black_studio_tinymce panel-last-child\" data-index=\"7\" ><div class=\"textwidget\"><p><strong>CIRCLE DES ANCIENS<\/strong><\/p>\n<p>Dr. Edmund Dawe, NB<br \/>\nMarc Djokic, QC<br \/>\nDr. Stephen Runge, MB<br \/>\nThomas Williams, BC<\/p>\n<\/div><\/div><\/div><div id=\"pgc-7922-0-4\"  class=\"panel-grid-cell panel-grid-cell-empty\" ><\/div><\/div><div id=\"pg-7922-1\"  class=\"panel-grid panel-no-style\" ><div id=\"pgc-7922-1-0\"  class=\"panel-grid-cell\" ><div id=\"panel-7922-1-0-0\" class=\"so-panel widget widget_black-studio-tinymce widget_black_studio_tinymce panel-first-child panel-last-child\" data-index=\"8\" ><div class=\"textwidget\"><p style=\"text-align: left; padding-left: 40px;\"><em>*\u00a0 jusqu\u2019\u00e0 31 d\u00e9cembre 2025<\/em><\/p>\n<h2 style=\"text-align: center;\"><strong>Merci pour votre g\u00e9n\u00e9rosit\u00e9!<\/strong><\/h2>\n<\/div><\/div><\/div><\/div><\/div>","protected":false},"excerpt":{"rendered":"<p>COMMANDITAIRES PRINIPAUX Fondation Azrieli Mount Allison University, Department of Music \u2020 La F\u00e9d\u00e9ration des festivals de musique du N-B CIRCLE DES M\u00c9C\u00c8NES\u00a0 5,000 $ \u2013 9,999 $ Culture \u00e0 l&#8217;oeuvre Canada Emploi et D\u00e9veloppement social Canada Tom Davidson, QC Wayne &hellip; <a class=\"kt-excerpt-readmore\" href=\"https:\/\/fcmf.org\/fr\/commanditaires-et-donateurs-2025\/\" aria-label=\"Commanditaires et donateurs 2025\">Read More<\/a><\/p>\n","protected":false},"author":3,"featured_media":0,"parent":0,"menu_order":0,"comment_status":"closed","ping_status":"closed","template":"page-fullwidth.php","meta":{"footnotes":""},"class_list":["post-7922","page","type-page","status-publish","hentry"],"_links":{"self":[{"href":"https:\/\/fcmf.org\/fr\/wp-json\/wp\/v2\/pages\/7922","targetHints":{"allow":["GET"]}}],"collection":[{"href":"https:\/\/fcmf.org\/fr\/wp-json\/wp\/v2\/pages"}],"about":[{"href":"https:\/\/fcmf.org\/fr\/wp-json\/wp\/v2\/types\/page"}],"author":[{"embeddable":true,"href":"https:\/\/fcmf.org\/fr\/wp-json\/wp\/v2\/users\/3"}],"replies":[{"embeddable":true,"href":"https:\/\/fcmf.org\/fr\/wp-json\/wp\/v2\/comments?post=7922"}],"version-history":[{"count":0,"href":"https:\/\/fcmf.org\/fr\/wp-json\/wp\/v2\/pages\/7922\/revisions"}],"wp:attachment":[{"href":"https:\/\/fcmf.org\/fr\/wp-json\/wp\/v2\/media?parent=7922"}],"curies":[{"name":"wp","href":"https:\/\/api.w.org\/{rel}","templated":true}]}}