{"id":7906,"date":"2025-11-10T10:45:37","date_gmt":"2025-11-10T14:45:37","guid":{"rendered":"https:\/\/fcmf.org\/fr\/?page_id=7906"},"modified":"2025-12-18T17:07:25","modified_gmt":"2025-12-18T21:07:25","slug":"festival-de-musique-national-2026","status":"publish","type":"page","link":"https:\/\/fcmf.org\/fr\/festival-de-musique-national-2026\/","title":{"rendered":"Festival de musique national 2026"},"content":{"rendered":"<div id=\"pl-7906\"  class=\"panel-layout\" ><div id=\"pg-7906-0\"  class=\"panel-grid panel-no-style\" ><div id=\"pgc-7906-0-0\"  class=\"panel-grid-cell\" ><div id=\"panel-7906-0-0-0\" class=\"so-panel widget widget_black-studio-tinymce widget_black_studio_tinymce panel-first-child panel-last-child\" data-index=\"0\" ><div class=\"textwidget\"><h5 style=\"text-align: center;\"><strong>Festival de musique national 2026 de la FCFM\u00a0<\/strong><\/h5>\n<h5 style=\"text-align: center;\"><strong>9 au 29 juillet<\/strong><\/h5>\n<h5 style=\"text-align: center;\"><a href=\"https:\/\/fcmf.org\/fr\/wp-content\/uploads\/2025\/11\/Le-programme-et-les-reglements-officiels-2026-Festival-de-musique-national.pdf\">Le programme et les r\u00e8glements officiels 2026<\/a><\/h5>\n<h6 style=\"text-align: center;\"><a href=\"https:\/\/drive.google.com\/file\/d\/1y0_QNvHfeUHLdTDnfo7EqACf1F-hNsH5\/view?usp=sharing\">Musique de compositeurs canadiens et autochtones<\/a><\/h6>\n<h5 style=\"text-align: center;\"><\/h5>\n<h5 style=\"text-align: center;\"><\/h5>\n<\/div><\/div><\/div><div id=\"pgc-7906-0-1\"  class=\"panel-grid-cell\" ><div id=\"panel-7906-0-1-0\" class=\"so-panel widget widget_virtue_about_with_image virtue_about_with_image panel-first-child panel-last-child\" data-index=\"1\" ><div class=\"kad_img_upload_widget kt-shape-type-kt-image-shape-standard kt-image-align-center kt-image-widget-widget-0-1-0\"><a href=\"https:\/\/www.canadahelps.org\/fr\/dn\/122177\" target=\"_blank\"><div class=\"kt-image-contain kt-image-shadow-none kt-image-shape-standard\"><div class=\"kt-image-inner-contain\"><img loading=\"lazy\" decoding=\"async\" width=\"231\" height=\"120\" src=\"https:\/\/fcmf.org\/fr\/wp-content\/uploads\/2022\/01\/canadon_logo-4.png\" class=\"attachment-medium size-medium\" alt=\"\t\t\t\t\t\t\t\t \t\t\t\t\t\t\t\t \t\t\t\t\t\t\t\t \t\t\t\t\t\t\t\t \t\t\t\t\t\t\t\t\" \/><\/div><\/div><\/a><div class=\"virtue_image_widget_caption kadence_image_widget_caption\">\t\t\t\t\t\t\t\t \t\t\t\t\t\t\t\t \t\t\t\t\t\t\t\t \t\t\t\t\t\t\t\t \t\t\t\t\t\t\t\t<\/div><\/div><\/div><\/div><\/div><div id=\"pg-7906-1\"  class=\"panel-grid panel-no-style\" ><div id=\"pgc-7906-1-0\"  class=\"panel-grid-cell\" ><div id=\"panel-7906-1-0-0\" class=\"so-panel widget widget_black-studio-tinymce widget_black_studio_tinymce panel-first-child panel-last-child\" data-index=\"2\" ><div class=\"textwidget\"><h5 style=\"text-align: center;\"><strong>Prix<\/strong><\/h5>\n<p>Le laur\u00e9at du\u00a0<strong>Grand Prix de 5\u00a0000\u00a0$ de la fondation NRS<\/strong>\u00a0sera s\u00e9lectionn\u00e9 parmi les laur\u00e9ats des premiers prix du volet Artiste \u00e9mergent dans chacune des huit disciplines - voix, piano, cordes, guitare classique, bois, cuivres, percussion et th\u00e9\u00e2tre musical.<\/p>\n<p><strong>Volet Artiste \u00e9mergent<\/strong>\u00a0\u2013 Les 1er et 2e prix en voix, piano, cordes, guitare classique, bois, cuivres, percussion et th\u00e9\u00e2tre musical \u2013 2\u00a0000\u00a0$ et 1\u00a0500\u00a0$, respectivement.<\/p>\n<p><strong>Volet Artiste en d\u00e9veloppement<\/strong>\u2013 Les 1er et 2e prix en voix, piano, cordes, guitare classique, bois, cuivres, percussion et th\u00e9\u00e2tre musical \u2013\u00a0 500 $ et 250\u00a0$, respectivement.<\/p>\n<p><strong>Volet Enregistr\u00e9<\/strong><br \/>\nLes 1<sup>er<\/sup> prix de la cat\u00e9gorie Ensemble de musique de chambre des niveaux d\u00e9butant, interm\u00e9diaire et avanc\u00e9 \u2013 500\u00a0$<\/p>\n<\/div><\/div><\/div><div id=\"pgc-7906-1-1\"  class=\"panel-grid-cell\" ><div id=\"panel-7906-1-1-0\" class=\"so-panel widget widget_virtue_about_with_image virtue_about_with_image panel-first-child panel-last-child\" data-index=\"3\" ><div class=\"kad_img_upload_widget kt-shape-type-kt-image-shape-standard kt-image-align-center kt-image-widget-widget-1-1-0\"><a href=\"https:\/\/fcmf.org\/fr\/wp-content\/uploads\/2025\/07\/2025-FR_Thank-You-NRS-Foundation.png\" rel=\"lightbox\"><div class=\"kt-image-contain kt-image-shadow-none kt-image-shape-standard\"><div class=\"kt-image-inner-contain\"><img loading=\"lazy\" decoding=\"async\" width=\"300\" height=\"251\" src=\"https:\/\/fcmf.org\/fr\/wp-content\/uploads\/2025\/07\/2025-FR_Thank-You-NRS-Foundation-300x251.png\" class=\"attachment-medium size-medium\" alt=\"\t\t\t\t\t\t\t\t \t\t\t\t\t\t\t\t \t\t\t\t\t\t\t\t \t\t\t\t\t\t\t\t \t\t\t\t\t\t\t\t \t\t\t\t\t\t\t\t \t\t\t\t\t\t\t\t\t\t\t\t\" srcset=\"https:\/\/fcmf.org\/fr\/wp-content\/uploads\/2025\/07\/2025-FR_Thank-You-NRS-Foundation-300x251.png 300w, https:\/\/fcmf.org\/fr\/wp-content\/uploads\/2025\/07\/2025-FR_Thank-You-NRS-Foundation-768x644.png 768w, https:\/\/fcmf.org\/fr\/wp-content\/uploads\/2025\/07\/2025-FR_Thank-You-NRS-Foundation.png 940w\" sizes=\"auto, (max-width: 300px) 100vw, 300px\" \/><\/div><\/div><\/a><div class=\"virtue_image_widget_caption kadence_image_widget_caption\">\t\t\t\t\t\t\t\t \t\t\t\t\t\t\t\t \t\t\t\t\t\t\t\t \t\t\t\t\t\t\t\t \t\t\t\t\t\t\t\t \t\t\t\t\t\t\t\t \t\t\t\t\t\t\t\t\t\t\t\t<\/div><\/div><\/div><\/div><\/div><div id=\"pg-7906-2\"  class=\"panel-grid panel-no-style\" ><div id=\"pgc-7906-2-0\"  class=\"panel-grid-cell panel-grid-cell-empty\" ><\/div><div id=\"pgc-7906-2-1\"  class=\"panel-grid-cell panel-grid-cell-mobile-last\" ><div id=\"panel-7906-2-1-0\" class=\"so-panel widget widget_sow-button panel-first-child panel-last-child\" data-index=\"4\" ><div\n\t\t\t\n\t\t\tclass=\"so-widget-sow-button so-widget-sow-button-flat-f9e38858af9f-7906\"\n\t\t\t\n\t\t><div class=\"ow-button-base ow-button-align-center\"\n>\n\t\t\t<a\n\t\t\t\t\thref=\"https:\/\/fcmf.org\/fr\/fmn-volets-de-programme\/\"\n\t\t\t\t\tclass=\"sowb-button ow-icon-placement-left\" target=\"_blank\" rel=\"noopener noreferrer\" \t>\n\t\t<span>\n\t\t\t\n\t\t\tEn savoir plus sur les volets de notre programmation nationale \t\t<\/span>\n\t\t\t<\/a>\n\t<\/div>\n<\/div><\/div><\/div><div id=\"pgc-7906-2-2\"  class=\"panel-grid-cell panel-grid-cell-empty\" ><\/div><\/div><div id=\"pg-7906-3\"  class=\"panel-grid panel-no-style\" ><div id=\"pgc-7906-3-0\"  class=\"panel-grid-cell\" ><div id=\"panel-7906-3-0-0\" class=\"so-panel widget widget_sow-button panel-first-child panel-last-child\" data-index=\"5\" ><div\n\t\t\t\n\t\t\tclass=\"so-widget-sow-button so-widget-sow-button-flat-f9e38858af9f-7906\"\n\t\t\t\n\t\t><div class=\"ow-button-base ow-button-align-center\"\n>\n\t\t\t<a\n\t\t\t\t\thref=\"https:\/\/fcmf.org\/fr\/repertoire\/\"\n\t\t\t\t\tclass=\"sowb-button ow-icon-placement-left\" target=\"_blank\" rel=\"noopener noreferrer\" \t>\n\t\t<span>\n\t\t\t\n\t\t\tVous ne savez pas si votre festival est affili\u00e9 ? V\u00e9rifiez ici\t\t<\/span>\n\t\t\t<\/a>\n\t<\/div>\n<\/div><\/div><\/div><div id=\"pgc-7906-3-1\"  class=\"panel-grid-cell\" ><div id=\"panel-7906-3-1-0\" class=\"so-panel widget widget_sow-button panel-first-child panel-last-child\" data-index=\"6\" ><div\n\t\t\t\n\t\t\tclass=\"so-widget-sow-button so-widget-sow-button-flat-f9e38858af9f-7906\"\n\t\t\t\n\t\t><div class=\"ow-button-base ow-button-align-center\"\n>\n\t\t\t<a\n\t\t\t\t\thref=\"https:\/\/fcmf.org\/fr\/volet-regional-dadhesion\/\"\n\t\t\t\t\tclass=\"sowb-button ow-icon-placement-left\" target=\"_blank\" rel=\"noopener noreferrer\" \t>\n\t\t<span>\n\t\t\t\n\t\t\tVoulez-vous ajouter de la valeur pour vos concurrents?\t\t<\/span>\n\t\t\t<\/a>\n\t<\/div>\n<\/div><\/div><\/div><\/div><div id=\"pg-7906-4\"  class=\"panel-grid panel-no-style\" ><div id=\"pgc-7906-4-0\"  class=\"panel-grid-cell panel-grid-cell-empty\" ><\/div><div id=\"pgc-7906-4-1\"  class=\"panel-grid-cell panel-grid-cell-mobile-last\" ><div id=\"panel-7906-4-1-0\" class=\"so-panel widget widget_media_video panel-first-child panel-last-child\" data-index=\"7\" ><div class=\"panel-widget-style panel-widget-style-for-7906-4-1-0\" ><h3 class=\"widget-title\">\u00c9coutez ce que nos anciens ont \u00e0 dire sur l&#8217;importance du Festival de musique national de la FCFM<\/h3><div style=\"width:100%;\" class=\"wp-video\"><video class=\"wp-video-shortcode\" id=\"video-7906-1\" preload=\"metadata\" controls=\"controls\"><source type=\"video\/youtube\" src=\"https:\/\/youtu.be\/zR2q_cLIBHk?_=1\" \/><a href=\"https:\/\/youtu.be\/zR2q_cLIBHk\">https:\/\/youtu.be\/zR2q_cLIBHk<\/a><\/video><\/div><\/div><\/div><\/div><div id=\"pgc-7906-4-2\"  class=\"panel-grid-cell panel-grid-cell-empty\" ><\/div><\/div><div id=\"pg-7906-5\"  class=\"panel-grid panel-no-style\" ><div id=\"pgc-7906-5-0\"  class=\"panel-grid-cell panel-grid-cell-empty\" ><\/div><div id=\"pgc-7906-5-1\"  class=\"panel-grid-cell panel-grid-cell-mobile-last\" ><div id=\"panel-7906-5-1-0\" class=\"so-panel widget widget_black-studio-tinymce widget_black_studio_tinymce panel-first-child panel-last-child\" data-index=\"8\" ><div class=\"textwidget\"><p style=\"text-align: left;\"><strong>La F\u00e9d\u00e9ration canadienne des festivals de musique est engag\u00e9e \u00e0 traiter toutes les personnes avec respect, sans \u00e9gard \u00e0 l'\u00e2ge, au sexe, \u00e0 la race, \u00e0 l'ethnicit\u00e9, \u00e0 la nationalit\u00e9, \u00e0 la langue, \u00e0 la religion ou \u00e0 l'orientation sexuelle.<\/strong><\/p>\n<\/div><\/div><\/div><div id=\"pgc-7906-5-2\"  class=\"panel-grid-cell panel-grid-cell-empty\" ><\/div><\/div><\/div>","protected":false},"excerpt":{"rendered":"<p>Festival de musique national 2026 de la FCFM\u00a0 9 au 29 juillet Le programme et les r\u00e8glements officiels 2026 Musique de compositeurs canadiens et autochtones Prix Le laur\u00e9at du\u00a0Grand Prix de 5\u00a0000\u00a0$ de la fondation NRS\u00a0sera s\u00e9lectionn\u00e9 parmi les laur\u00e9ats &hellip; <a class=\"kt-excerpt-readmore\" href=\"https:\/\/fcmf.org\/fr\/festival-de-musique-national-2026\/\" aria-label=\"Festival de musique national 2026\">Read More<\/a><\/p>\n","protected":false},"author":3,"featured_media":0,"parent":0,"menu_order":0,"comment_status":"closed","ping_status":"closed","template":"page-fullwidth.php","meta":{"footnotes":""},"class_list":["post-7906","page","type-page","status-publish","hentry"],"_links":{"self":[{"href":"https:\/\/fcmf.org\/fr\/wp-json\/wp\/v2\/pages\/7906","targetHints":{"allow":["GET"]}}],"collection":[{"href":"https:\/\/fcmf.org\/fr\/wp-json\/wp\/v2\/pages"}],"about":[{"href":"https:\/\/fcmf.org\/fr\/wp-json\/wp\/v2\/types\/page"}],"author":[{"embeddable":true,"href":"https:\/\/fcmf.org\/fr\/wp-json\/wp\/v2\/users\/3"}],"replies":[{"embeddable":true,"href":"https:\/\/fcmf.org\/fr\/wp-json\/wp\/v2\/comments?post=7906"}],"version-history":[{"count":0,"href":"https:\/\/fcmf.org\/fr\/wp-json\/wp\/v2\/pages\/7906\/revisions"}],"wp:attachment":[{"href":"https:\/\/fcmf.org\/fr\/wp-json\/wp\/v2\/media?parent=7906"}],"curies":[{"name":"wp","href":"https:\/\/api.w.org\/{rel}","templated":true}]}}