{"id":79,"date":"2016-10-21T17:53:31","date_gmt":"2016-10-21T17:53:31","guid":{"rendered":"http:\/\/fcmf.org\/wp\/?page_id=79"},"modified":"2022-02-15T13:46:58","modified_gmt":"2022-02-15T17:46:58","slug":"presidents","status":"publish","type":"page","link":"https:\/\/fcmf.org\/fr\/presidents\/","title":{"rendered":"Pr\u00e9sidents de la F\u00e9d\u00e9ration"},"content":{"rendered":"<div id=\"pl-79\"  class=\"panel-layout\" ><div id=\"pg-79-0\"  class=\"panel-grid panel-no-style\" ><div id=\"pgc-79-0-0\"  class=\"panel-grid-cell panel-grid-cell-empty\" ><\/div><div id=\"pgc-79-0-1\"  class=\"panel-grid-cell panel-grid-cell-mobile-last\" ><div id=\"panel-79-0-1-0\" class=\"so-panel widget widget_black-studio-tinymce widget_black_studio_tinymce panel-first-child panel-last-child\" data-index=\"0\" ><div class=\"textwidget\"><table style=\"height: 1142px;\" width=\"1021\">\n<tbody>\n<tr>\n<td>Reg Hugo<\/td>\n<td>Manitoba<\/td>\n<td>1950-1964<\/td>\n<\/tr>\n<tr>\n<td>E.G. Pridham<\/td>\n<td>Ontario<\/td>\n<td>1964-1968<\/td>\n<\/tr>\n<tr>\n<td>Gordon Hancock<\/td>\n<td>Saskatchewan<\/td>\n<td>1968-1970<\/td>\n<\/tr>\n<tr>\n<td>D. Crawford Smyth<\/td>\n<td>Ontario<\/td>\n<td>1970-1972<\/td>\n<\/tr>\n<tr>\n<td>W. Donald Goodfellow<\/td>\n<td>Alberta<\/td>\n<td>1972-1974<\/td>\n<\/tr>\n<tr>\n<td>Jean Crittal<\/td>\n<td>Ontario<\/td>\n<td>1974-1977<\/td>\n<\/tr>\n<tr>\n<td>C.O. Hunt<\/td>\n<td>Ontario<\/td>\n<td>1977-1978<\/td>\n<\/tr>\n<tr>\n<td>J.F.K. English<\/td>\n<td>Colombie-Britannique<\/td>\n<td>1978-1980<\/td>\n<\/tr>\n<tr>\n<td>R.R. Publow<\/td>\n<td>Manitoba<\/td>\n<td>1980-1981<\/td>\n<\/tr>\n<tr>\n<td>H.D. ScullyNou<\/td>\n<td>Nouvelle-\u00c9cosse<\/td>\n<td>1981-1983<\/td>\n<\/tr>\n<tr>\n<td>Kathleen Keple<\/td>\n<td>Saskatchewan<\/td>\n<td>1983-1985<\/td>\n<\/tr>\n<tr>\n<td>Barry McDell<\/td>\n<td>Colombie-Britannique<\/td>\n<td>1985-1987<\/td>\n<\/tr>\n<tr>\n<td>Colleen Wilson<\/td>\n<td>Alberta<\/td>\n<td>1987-1989<\/td>\n<\/tr>\n<tr>\n<td>Elizabeth Lupton Enns<\/td>\n<td>Manitoba<\/td>\n<td>1989-1991<\/td>\n<\/tr>\n<tr>\n<td>James Mendenhall<\/td>\n<td>Manitoba<\/td>\n<td>1991-1995<\/td>\n<\/tr>\n<tr>\n<td>J. Alexander Clark<\/td>\n<td>\u00a0\u00cele-du-Prince-\u00c9douard<\/td>\n<td>1995-1997<\/td>\n<\/tr>\n<tr>\n<td>Mac Jones<\/td>\n<td>Alberta<\/td>\n<td>1997-1999<\/td>\n<\/tr>\n<tr>\n<td>Doris Covey Lazecki<\/td>\n<td>Saskatchewan<\/td>\n<td>1999-2001<\/td>\n<\/tr>\n<tr>\n<td>G\u00e9rald Goguen<\/td>\n<td>Nouveau-Brunswick<\/td>\n<td>2001-2003<\/td>\n<\/tr>\n<tr>\n<td>James Harmsworth<\/td>\n<td>Ontario<\/td>\n<td>2003-2005<\/td>\n<\/tr>\n<tr>\n<td>Dianne Johnstone<\/td>\n<td>Alberta<\/td>\n<td>2005-2009<\/td>\n<\/tr>\n<tr>\n<td>Steven Fielder<\/td>\n<td>Ontario<\/td>\n<td>2009-2010<\/td>\n<\/tr>\n<tr>\n<td>Pam Allen<\/td>\n<td>Ontario<\/td>\n<td>2010-2012<\/td>\n<\/tr>\n<tr>\n<td>Marilyn Wiwcharuk<\/td>\n<td>Colombie-Britannique<\/td>\n<td>2012-2015<\/td>\n<\/tr>\n<tr>\n<td>Jerry Lonsbury<\/td>\n<td>Alberta<\/td>\n<td>2015-2017<\/td>\n<\/tr>\n<tr>\n<td>Joy McFarlane-Burton<\/td>\n<td>Saskatchewan<\/td>\n<td>2017-2019<\/td>\n<\/tr>\n<tr>\n<td>Judy Urbonas<\/td>\n<td>Manitoba<\/td>\n<td>2019-<\/td>\n<\/tr>\n<\/tbody>\n<\/table>\n<p>&nbsp;<\/p>\n<p>&nbsp;<\/p>\n<p>&nbsp;<\/p>\n<p>&nbsp;<\/p>\n<\/div><\/div><\/div><div id=\"pgc-79-0-2\"  class=\"panel-grid-cell panel-grid-cell-empty\" ><\/div><\/div><\/div>","protected":false},"excerpt":{"rendered":"<p>Reg Hugo Manitoba 1950-1964 E.G. Pridham Ontario 1964-1968 Gordon Hancock Saskatchewan 1968-1970 D. Crawford Smyth Ontario 1970-1972 W. Donald Goodfellow Alberta 1972-1974 Jean Crittal Ontario 1974-1977 C.O. Hunt Ontario 1977-1978 J.F.K. English Colombie-Britannique 1978-1980 R.R. Publow Manitoba 1980-1981 H.D. ScullyNou &hellip; <a class=\"kt-excerpt-readmore\" href=\"https:\/\/fcmf.org\/fr\/presidents\/\" aria-label=\"Pr\u00e9sidents de la F\u00e9d\u00e9ration\">Read More<\/a><\/p>\n","protected":false},"author":1,"featured_media":0,"parent":0,"menu_order":0,"comment_status":"closed","ping_status":"closed","template":"page-fullwidth.php","meta":{"footnotes":""},"class_list":["post-79","page","type-page","status-publish","hentry"],"_links":{"self":[{"href":"https:\/\/fcmf.org\/fr\/wp-json\/wp\/v2\/pages\/79","targetHints":{"allow":["GET"]}}],"collection":[{"href":"https:\/\/fcmf.org\/fr\/wp-json\/wp\/v2\/pages"}],"about":[{"href":"https:\/\/fcmf.org\/fr\/wp-json\/wp\/v2\/types\/page"}],"author":[{"embeddable":true,"href":"https:\/\/fcmf.org\/fr\/wp-json\/wp\/v2\/users\/1"}],"replies":[{"embeddable":true,"href":"https:\/\/fcmf.org\/fr\/wp-json\/wp\/v2\/comments?post=79"}],"version-history":[{"count":0,"href":"https:\/\/fcmf.org\/fr\/wp-json\/wp\/v2\/pages\/79\/revisions"}],"wp:attachment":[{"href":"https:\/\/fcmf.org\/fr\/wp-json\/wp\/v2\/media?parent=79"}],"curies":[{"name":"wp","href":"https:\/\/api.w.org\/{rel}","templated":true}]}}