{"id":7485,"date":"2023-11-06T19:50:24","date_gmt":"2023-11-06T23:50:24","guid":{"rendered":"https:\/\/fcmf.org\/fr\/?page_id=7485"},"modified":"2025-08-01T17:27:55","modified_gmt":"2025-08-01T20:27:55","slug":"fmn2024","status":"publish","type":"page","link":"https:\/\/fcmf.org\/fr\/fmn2024\/","title":{"rendered":"Festival de musique national 2024"},"content":{"rendered":"<div id=\"pl-7485\"  class=\"panel-layout\" ><div id=\"pg-7485-0\"  class=\"panel-grid panel-no-style\" ><div id=\"pgc-7485-0-0\"  class=\"panel-grid-cell panel-grid-cell-empty\" ><\/div><div id=\"pgc-7485-0-1\"  class=\"panel-grid-cell\" ><div id=\"panel-7485-0-1-0\" class=\"so-panel widget widget_black-studio-tinymce widget_black_studio_tinymce panel-first-child panel-last-child\" data-index=\"0\" ><div class=\"textwidget\"><h5 style=\"text-align: center;\"><strong>Festival de musique national 2024 de la FCFM\u00a0<\/strong><\/h5>\n<p style=\"text-align: center;\">11 au 31 juillet<\/p>\n<p style=\"text-align: center;\"><strong>Des photos seront ajout\u00e9es au site lorsque les probl\u00e8mes techniques seront r\u00e9solus.<\/strong><\/p>\n<h5 style=\"text-align: center;\"><a href=\"https:\/\/drive.google.com\/file\/d\/1csCR-a0KIsHxJqgaFF2lSfkiTRuMjjxv\/view?usp=sharing\">Les Juges<\/a><br \/>\n<a href=\"https:\/\/fcmf.org\/wp-content\/uploads\/2024\/08\/2024-National-Music-Festival-Program_Final2_low-res.pdf\">Programme officiel\u00a0<\/a> \u00a0 <a href=\"https:\/\/fcmf.org\/fr\/wp-content\/uploads\/2024\/08\/2024-Grand-Award-Concert-Cover.pdf\">\u00a0Programme du Concours de grand prix<\/a><\/h5>\n<h5 style=\"text-align: center;\"><a href=\"https:\/\/fcmf.org\/fr\/wp-content\/uploads\/2024\/08\/Resultats-du-Festival-de-musique-national-2024_Communique-de-presse.pdf\">Communiqu\u00e9 de press avec r\u00e9sultats<\/a>\u00a0 \u00a0 \u00a0<a href=\"https:\/\/fcmf.smugmug.com\/SackvilleVirtual-2024\">Photos 2024<\/a><\/h5>\n<\/div><\/div><\/div><div id=\"pgc-7485-0-2\"  class=\"panel-grid-cell\" ><div id=\"panel-7485-0-2-0\" class=\"so-panel widget widget_virtue_about_with_image virtue_about_with_image panel-first-child panel-last-child\" data-index=\"1\" ><div class=\"kad_img_upload_widget kt-shape-type-kt-image-shape-standard kt-image-align-center kt-image-widget-widget-0-2-0\"><a href=\"https:\/\/www.canadahelps.org\/fr\/dn\/122177\" target=\"_blank\"><div class=\"kt-image-contain kt-image-shadow-none kt-image-shape-standard\"><div class=\"kt-image-inner-contain\"><img loading=\"lazy\" decoding=\"async\" width=\"231\" height=\"120\" src=\"https:\/\/fcmf.org\/fr\/wp-content\/uploads\/2022\/01\/canadon_logo-4.png\" class=\"attachment-medium size-medium\" alt=\"\t\t\t\t\t\t\t\t \t\t\t\t\t\t\t\t \t\t\t\t\t\t\t\t \t\t\t\t\t\t\t\t \t\t\t\t\t\t\t\t\" \/><\/div><\/div><\/a><div class=\"virtue_image_widget_caption kadence_image_widget_caption\">\t\t\t\t\t\t\t\t \t\t\t\t\t\t\t\t \t\t\t\t\t\t\t\t \t\t\t\t\t\t\t\t \t\t\t\t\t\t\t\t<\/div><\/div><\/div><\/div><\/div><div id=\"pg-7485-1\"  class=\"panel-grid panel-no-style\" ><div id=\"pgc-7485-1-0\"  class=\"panel-grid-cell panel-grid-cell-empty\" ><\/div><div id=\"pgc-7485-1-1\"  class=\"panel-grid-cell panel-grid-cell-mobile-last\" ><div id=\"panel-7485-1-1-0\" class=\"so-panel widget widget_virtue_about_with_image virtue_about_with_image panel-first-child panel-last-child\" data-index=\"2\" ><div class=\"kad_img_upload_widget kt-shape-type-kt-image-shape-standard kt-image-align-center kt-image-widget-widget-1-1-0\"><a href=\"https:\/\/fcmf.org\/fr\/wp-content\/uploads\/2025\/01\/FCMF_2024_Group_Winners_Adjudicators-low-res-scaled.jpg\" rel=\"lightbox\"><div class=\"kt-image-contain kt-image-shadow-none kt-image-shape-standard\"><div class=\"kt-image-inner-contain\"><img loading=\"lazy\" decoding=\"async\" width=\"2560\" height=\"1339\" src=\"https:\/\/fcmf.org\/fr\/wp-content\/uploads\/2025\/01\/FCMF_2024_Group_Winners_Adjudicators-low-res-scaled.jpg\" class=\"attachment-full size-full\" alt=\"\t\t\t\t\t\t\t\t \t\t\t\t\t\t\t\t \t\t\t\t\" srcset=\"https:\/\/fcmf.org\/fr\/wp-content\/uploads\/2025\/01\/FCMF_2024_Group_Winners_Adjudicators-low-res-scaled.jpg 2560w, https:\/\/fcmf.org\/fr\/wp-content\/uploads\/2025\/01\/FCMF_2024_Group_Winners_Adjudicators-low-res-300x157.jpg 300w, https:\/\/fcmf.org\/fr\/wp-content\/uploads\/2025\/01\/FCMF_2024_Group_Winners_Adjudicators-low-res-1024x536.jpg 1024w, https:\/\/fcmf.org\/fr\/wp-content\/uploads\/2025\/01\/FCMF_2024_Group_Winners_Adjudicators-low-res-768x402.jpg 768w, https:\/\/fcmf.org\/fr\/wp-content\/uploads\/2025\/01\/FCMF_2024_Group_Winners_Adjudicators-low-res-1536x804.jpg 1536w, https:\/\/fcmf.org\/fr\/wp-content\/uploads\/2025\/01\/FCMF_2024_Group_Winners_Adjudicators-low-res-2048x1072.jpg 2048w\" sizes=\"auto, (max-width: 2560px) 100vw, 2560px\" \/><\/div><\/div><\/a><div class=\"virtue_image_widget_caption kadence_image_widget_caption\">\t\t\t\t\t\t\t\t Volet Artistes \u00e9mergents de 2024 - Finalistes et jury\t\t\t\t\t\t \t\t\t\t<\/div><\/div><\/div><\/div><div id=\"pgc-7485-1-2\"  class=\"panel-grid-cell panel-grid-cell-empty\" ><\/div><\/div><div id=\"pg-7485-2\"  class=\"panel-grid panel-no-style\" ><div id=\"pgc-7485-2-0\"  class=\"panel-grid-cell\" ><div id=\"panel-7485-2-0-0\" class=\"so-panel widget widget_media_video panel-first-child panel-last-child\" data-index=\"3\" ><div style=\"width:100%;\" class=\"wp-video\"><video class=\"wp-video-shortcode\" id=\"video-7485-1\" preload=\"metadata\" controls=\"controls\"><source type=\"video\/youtube\" src=\"https:\/\/www.youtube.com\/watch?v=PKdTF5bpOXY&#038;t=2411s&#038;_=1\" \/><a href=\"https:\/\/www.youtube.com\/watch?v=PKdTF5bpOXY&#038;t=2411s\">https:\/\/www.youtube.com\/watch?v=PKdTF5bpOXY&#038;t=2411s<\/a><\/video><\/div><\/div><\/div><div id=\"pgc-7485-2-1\"  class=\"panel-grid-cell\" ><div id=\"panel-7485-2-1-0\" class=\"so-panel widget widget_media_video panel-first-child panel-last-child\" data-index=\"4\" ><div style=\"width:100%;\" class=\"wp-video\"><video class=\"wp-video-shortcode\" id=\"video-7485-2\" preload=\"metadata\" controls=\"controls\"><source type=\"video\/youtube\" src=\"https:\/\/www.youtube.com\/watch?v=0QYvmo8_uWg&#038;_=2\" \/><a href=\"https:\/\/www.youtube.com\/watch?v=0QYvmo8_uWg\">https:\/\/www.youtube.com\/watch?v=0QYvmo8_uWg<\/a><\/video><\/div><\/div><\/div><\/div><div id=\"pg-7485-3\"  class=\"panel-grid panel-no-style\" ><div id=\"pgc-7485-3-0\"  class=\"panel-grid-cell panel-grid-cell-empty\" ><\/div><div id=\"pgc-7485-3-1\"  class=\"panel-grid-cell panel-grid-cell-mobile-last\" ><div id=\"panel-7485-3-1-0\" class=\"so-panel widget widget_sow-image panel-first-child panel-last-child\" data-index=\"5\" ><div\n\t\t\t\n\t\t\tclass=\"so-widget-sow-image so-widget-sow-image-default-8b5b6f678277-7485\"\n\t\t\t\n\t\t>\n<div class=\"sow-image-container\">\n\t\t<img \n\tsrc=\"https:\/\/fcmf.org\/fr\/wp-content\/uploads\/2024\/08\/2024-Grand-Award-Winner_FB_lower-res.jpg\" width=\"940\" height=\"788\" srcset=\"https:\/\/fcmf.org\/fr\/wp-content\/uploads\/2024\/08\/2024-Grand-Award-Winner_FB_lower-res.jpg 940w, https:\/\/fcmf.org\/fr\/wp-content\/uploads\/2024\/08\/2024-Grand-Award-Winner_FB_lower-res-300x251.jpg 300w, https:\/\/fcmf.org\/fr\/wp-content\/uploads\/2024\/08\/2024-Grand-Award-Winner_FB_lower-res-768x644.jpg 768w\" sizes=\"(max-width: 940px) 100vw, 940px\" title=\"2024 Grand Award Winner_FB_lower res\" alt=\"\" \t\tclass=\"so-widget-image\"\/>\n\t<\/div>\n\n<\/div><\/div><\/div><div id=\"pgc-7485-3-2\"  class=\"panel-grid-cell panel-grid-cell-empty\" ><\/div><\/div><div id=\"pg-7485-4\"  class=\"panel-grid panel-no-style\" ><div id=\"pgc-7485-4-0\"  class=\"panel-grid-cell\" ><div id=\"panel-7485-4-0-0\" class=\"so-panel widget widget_sow-image panel-first-child panel-last-child\" data-index=\"6\" ><div\n\t\t\t\n\t\t\tclass=\"so-widget-sow-image so-widget-sow-image-default-8b5b6f678277-7485\"\n\t\t\t\n\t\t>\n<div class=\"sow-image-container\">\n\t\t<img \n\tsrc=\"https:\/\/fcmf.org\/fr\/wp-content\/uploads\/2024\/08\/EAS-BIL-1st-Place-Winners_low-res-768x644.jpg\" width=\"768\" height=\"644\" srcset=\"https:\/\/fcmf.org\/fr\/wp-content\/uploads\/2024\/08\/EAS-BIL-1st-Place-Winners_low-res-768x644.jpg 768w, https:\/\/fcmf.org\/fr\/wp-content\/uploads\/2024\/08\/EAS-BIL-1st-Place-Winners_low-res-300x251.jpg 300w, https:\/\/fcmf.org\/fr\/wp-content\/uploads\/2024\/08\/EAS-BIL-1st-Place-Winners_low-res.jpg 940w\" sizes=\"(max-width: 768px) 100vw, 768px\" title=\"EAS BIL 1st Place Winners_low res\" alt=\"\" \t\tclass=\"so-widget-image\"\/>\n\t<\/div>\n\n<\/div><\/div><\/div><div id=\"pgc-7485-4-1\"  class=\"panel-grid-cell\" ><div id=\"panel-7485-4-1-0\" class=\"so-panel widget widget_sow-image panel-first-child panel-last-child\" data-index=\"7\" ><div\n\t\t\t\n\t\t\tclass=\"so-widget-sow-image so-widget-sow-image-default-8b5b6f678277-7485\"\n\t\t\t\n\t\t>\n<div class=\"sow-image-container\">\n\t\t<img \n\tsrc=\"https:\/\/fcmf.org\/fr\/wp-content\/uploads\/2024\/08\/EAS-BIL-2nd-Place-Winners_low-res-768x644.jpg\" width=\"768\" height=\"644\" srcset=\"https:\/\/fcmf.org\/fr\/wp-content\/uploads\/2024\/08\/EAS-BIL-2nd-Place-Winners_low-res-768x644.jpg 768w, https:\/\/fcmf.org\/fr\/wp-content\/uploads\/2024\/08\/EAS-BIL-2nd-Place-Winners_low-res-300x251.jpg 300w, https:\/\/fcmf.org\/fr\/wp-content\/uploads\/2024\/08\/EAS-BIL-2nd-Place-Winners_low-res.jpg 940w\" sizes=\"(max-width: 768px) 100vw, 768px\" title=\"EAS BIL 2nd Place Winners_low res\" alt=\"\" \t\tclass=\"so-widget-image\"\/>\n\t<\/div>\n\n<\/div><\/div><\/div><\/div><div id=\"pg-7485-5\"  class=\"panel-grid panel-no-style\" ><div id=\"pgc-7485-5-0\"  class=\"panel-grid-cell\" ><div id=\"panel-7485-5-0-0\" class=\"so-panel widget widget_sow-image panel-first-child panel-last-child\" data-index=\"8\" ><div\n\t\t\t\n\t\t\tclass=\"so-widget-sow-image so-widget-sow-image-default-8b5b6f678277-7485\"\n\t\t\t\n\t\t>\n<div class=\"sow-image-container\">\n\t\t<img \n\tsrc=\"https:\/\/fcmf.org\/fr\/wp-content\/uploads\/2024\/08\/DAS-1st-BIL_low-res-768x644.png\" width=\"768\" height=\"644\" srcset=\"https:\/\/fcmf.org\/fr\/wp-content\/uploads\/2024\/08\/DAS-1st-BIL_low-res-768x644.png 768w, https:\/\/fcmf.org\/fr\/wp-content\/uploads\/2024\/08\/DAS-1st-BIL_low-res-300x251.png 300w, https:\/\/fcmf.org\/fr\/wp-content\/uploads\/2024\/08\/DAS-1st-BIL_low-res.png 940w\" sizes=\"(max-width: 768px) 100vw, 768px\" title=\"DAS 1st BIL_low res\" alt=\"\" \t\tclass=\"so-widget-image\"\/>\n\t<\/div>\n\n<\/div><\/div><\/div><div id=\"pgc-7485-5-1\"  class=\"panel-grid-cell\" ><div id=\"panel-7485-5-1-0\" class=\"so-panel widget widget_sow-image panel-first-child panel-last-child\" data-index=\"9\" ><div\n\t\t\t\n\t\t\tclass=\"so-widget-sow-image so-widget-sow-image-default-8b5b6f678277-7485\"\n\t\t\t\n\t\t>\n<div class=\"sow-image-container\">\n\t\t<img \n\tsrc=\"https:\/\/fcmf.org\/fr\/wp-content\/uploads\/2024\/08\/DAS-2nd-BIL_low-res-768x644.png\" width=\"768\" height=\"644\" srcset=\"https:\/\/fcmf.org\/fr\/wp-content\/uploads\/2024\/08\/DAS-2nd-BIL_low-res-768x644.png 768w, https:\/\/fcmf.org\/fr\/wp-content\/uploads\/2024\/08\/DAS-2nd-BIL_low-res-300x251.png 300w, https:\/\/fcmf.org\/fr\/wp-content\/uploads\/2024\/08\/DAS-2nd-BIL_low-res.png 940w\" sizes=\"(max-width: 768px) 100vw, 768px\" title=\"DAS 2nd BIL_low res\" alt=\"\" \t\tclass=\"so-widget-image\"\/>\n\t<\/div>\n\n<\/div><\/div><\/div><\/div><div id=\"pg-7485-6\"  class=\"panel-grid panel-no-style\" ><div id=\"pgc-7485-6-0\"  class=\"panel-grid-cell\" ><div id=\"panel-7485-6-0-0\" class=\"so-panel widget widget_sow-image panel-first-child panel-last-child\" data-index=\"10\" ><div\n\t\t\t\n\t\t\tclass=\"so-widget-sow-image so-widget-sow-image-default-8b5b6f678277-7485\"\n\t\t\t\n\t\t>\n<div class=\"sow-image-container\">\n\t\t<img \n\tsrc=\"https:\/\/fcmf.org\/fr\/wp-content\/uploads\/2024\/08\/Adv-Chamber_low-res-768x432.png\" width=\"768\" height=\"432\" srcset=\"https:\/\/fcmf.org\/fr\/wp-content\/uploads\/2024\/08\/Adv-Chamber_low-res-768x432.png 768w, https:\/\/fcmf.org\/fr\/wp-content\/uploads\/2024\/08\/Adv-Chamber_low-res-300x169.png 300w, https:\/\/fcmf.org\/fr\/wp-content\/uploads\/2024\/08\/Adv-Chamber_low-res.png 960w\" sizes=\"(max-width: 768px) 100vw, 768px\" title=\"Adv Chamber_low res\" alt=\"\" \t\tclass=\"so-widget-image\"\/>\n\t<\/div>\n\n<\/div><\/div><\/div><div id=\"pgc-7485-6-1\"  class=\"panel-grid-cell\" ><div id=\"panel-7485-6-1-0\" class=\"so-panel widget widget_sow-image panel-first-child panel-last-child\" data-index=\"11\" ><div\n\t\t\t\n\t\t\tclass=\"so-widget-sow-image so-widget-sow-image-default-8b5b6f678277-7485\"\n\t\t\t\n\t\t>\n<div class=\"sow-image-container\">\n\t\t<img \n\tsrc=\"https:\/\/fcmf.org\/fr\/wp-content\/uploads\/2024\/08\/School-choir-gr-12-low-res-768x432.png\" width=\"768\" height=\"432\" srcset=\"https:\/\/fcmf.org\/fr\/wp-content\/uploads\/2024\/08\/School-choir-gr-12-low-res-768x432.png 768w, https:\/\/fcmf.org\/fr\/wp-content\/uploads\/2024\/08\/School-choir-gr-12-low-res-300x169.png 300w, https:\/\/fcmf.org\/fr\/wp-content\/uploads\/2024\/08\/School-choir-gr-12-low-res.png 960w\" sizes=\"(max-width: 768px) 100vw, 768px\" title=\"School choir gr 12- low res\" alt=\"\" \t\tclass=\"so-widget-image\"\/>\n\t<\/div>\n\n<\/div><\/div><\/div><\/div><div id=\"pg-7485-7\"  class=\"panel-grid panel-no-style\" ><div id=\"pgc-7485-7-0\"  class=\"panel-grid-cell\" ><div id=\"panel-7485-7-0-0\" class=\"so-panel widget widget_sow-image panel-first-child panel-last-child\" data-index=\"12\" ><div\n\t\t\t\n\t\t\tclass=\"so-widget-sow-image so-widget-sow-image-default-8b5b6f678277-7485\"\n\t\t\t\n\t\t>\n<div class=\"sow-image-container\">\n\t\t<img \n\tsrc=\"https:\/\/fcmf.org\/fr\/wp-content\/uploads\/2024\/08\/Comm-choir-19-low-res-1-768x432.png\" width=\"768\" height=\"432\" srcset=\"https:\/\/fcmf.org\/fr\/wp-content\/uploads\/2024\/08\/Comm-choir-19-low-res-1-768x432.png 768w, https:\/\/fcmf.org\/fr\/wp-content\/uploads\/2024\/08\/Comm-choir-19-low-res-1-300x169.png 300w, https:\/\/fcmf.org\/fr\/wp-content\/uploads\/2024\/08\/Comm-choir-19-low-res-1.png 960w\" sizes=\"(max-width: 768px) 100vw, 768px\" title=\"Comm choir 19+ low res\" alt=\"\" \t\tclass=\"so-widget-image\"\/>\n\t<\/div>\n\n<\/div><\/div><\/div><div id=\"pgc-7485-7-1\"  class=\"panel-grid-cell\" ><div id=\"panel-7485-7-1-0\" class=\"so-panel widget widget_sow-image panel-first-child panel-last-child\" data-index=\"13\" ><div\n\t\t\t\n\t\t\tclass=\"so-widget-sow-image so-widget-sow-image-default-8b5b6f678277-7485\"\n\t\t\t\n\t\t>\n<div class=\"sow-image-container\">\n\t\t<img \n\tsrc=\"https:\/\/fcmf.org\/fr\/wp-content\/uploads\/2024\/08\/comm-choir-19-low-res-768x432.png\" width=\"768\" height=\"432\" srcset=\"https:\/\/fcmf.org\/fr\/wp-content\/uploads\/2024\/08\/comm-choir-19-low-res-768x432.png 768w, https:\/\/fcmf.org\/fr\/wp-content\/uploads\/2024\/08\/comm-choir-19-low-res-300x169.png 300w, https:\/\/fcmf.org\/fr\/wp-content\/uploads\/2024\/08\/comm-choir-19-low-res.png 960w\" sizes=\"(max-width: 768px) 100vw, 768px\" title=\"comm choir 19- low res\" alt=\"\" \t\tclass=\"so-widget-image\"\/>\n\t<\/div>\n\n<\/div><\/div><\/div><\/div><div id=\"pg-7485-8\"  class=\"panel-grid panel-no-style\" ><div id=\"pgc-7485-8-0\"  class=\"panel-grid-cell\" ><div id=\"panel-7485-8-0-0\" class=\"so-panel widget widget_sow-image panel-first-child panel-last-child\" data-index=\"14\" ><div\n\t\t\t\n\t\t\tclass=\"so-widget-sow-image so-widget-sow-image-default-8b5b6f678277-7485\"\n\t\t\t\n\t\t>\n<div class=\"sow-image-container\">\n\t\t<img \n\tsrc=\"https:\/\/fcmf.org\/fr\/wp-content\/uploads\/2024\/08\/comm-choir-16-low-res-768x432.png\" width=\"768\" height=\"432\" srcset=\"https:\/\/fcmf.org\/fr\/wp-content\/uploads\/2024\/08\/comm-choir-16-low-res-768x432.png 768w, https:\/\/fcmf.org\/fr\/wp-content\/uploads\/2024\/08\/comm-choir-16-low-res-300x169.png 300w, https:\/\/fcmf.org\/fr\/wp-content\/uploads\/2024\/08\/comm-choir-16-low-res.png 960w\" sizes=\"(max-width: 768px) 100vw, 768px\" title=\"comm choir 16- low res\" alt=\"\" \t\tclass=\"so-widget-image\"\/>\n\t<\/div>\n\n<\/div><\/div><\/div><div id=\"pgc-7485-8-1\"  class=\"panel-grid-cell\" ><div id=\"panel-7485-8-1-0\" class=\"so-panel widget widget_sow-image panel-first-child panel-last-child\" data-index=\"15\" ><div\n\t\t\t\n\t\t\tclass=\"so-widget-sow-image so-widget-sow-image-default-8b5b6f678277-7485\"\n\t\t\t\n\t\t>\n<div class=\"sow-image-container\">\n\t\t<img \n\tsrc=\"https:\/\/fcmf.org\/fr\/wp-content\/uploads\/2024\/08\/comm-choir-12-low-res-768x432.png\" width=\"768\" height=\"432\" srcset=\"https:\/\/fcmf.org\/fr\/wp-content\/uploads\/2024\/08\/comm-choir-12-low-res-768x432.png 768w, https:\/\/fcmf.org\/fr\/wp-content\/uploads\/2024\/08\/comm-choir-12-low-res-300x169.png 300w, https:\/\/fcmf.org\/fr\/wp-content\/uploads\/2024\/08\/comm-choir-12-low-res.png 960w\" sizes=\"(max-width: 768px) 100vw, 768px\" title=\"comm choir 12- low res\" alt=\"\" \t\tclass=\"so-widget-image\"\/>\n\t<\/div>\n\n<\/div><\/div><\/div><\/div><div id=\"pg-7485-9\"  class=\"panel-grid panel-no-style\" ><div id=\"pgc-7485-9-0\"  class=\"panel-grid-cell\" ><div id=\"panel-7485-9-0-0\" class=\"so-panel widget widget_sow-image panel-first-child panel-last-child\" data-index=\"16\" ><div\n\t\t\t\n\t\t\tclass=\"so-widget-sow-image so-widget-sow-image-default-8b5b6f678277-7485\"\n\t\t\t\n\t\t>\n<div class=\"sow-image-container\">\n\t\t<img \n\tsrc=\"https:\/\/fcmf.org\/fr\/wp-content\/uploads\/2024\/08\/School-jazz-band_low-res-768x432.png\" width=\"768\" height=\"432\" srcset=\"https:\/\/fcmf.org\/fr\/wp-content\/uploads\/2024\/08\/School-jazz-band_low-res-768x432.png 768w, https:\/\/fcmf.org\/fr\/wp-content\/uploads\/2024\/08\/School-jazz-band_low-res-300x169.png 300w, https:\/\/fcmf.org\/fr\/wp-content\/uploads\/2024\/08\/School-jazz-band_low-res.png 960w\" sizes=\"(max-width: 768px) 100vw, 768px\" title=\"School jazz band_low res\" alt=\"\" \t\tclass=\"so-widget-image\"\/>\n\t<\/div>\n\n<\/div><\/div><\/div><div id=\"pgc-7485-9-1\"  class=\"panel-grid-cell\" ><div id=\"panel-7485-9-1-0\" class=\"so-panel widget widget_sow-image panel-first-child panel-last-child\" data-index=\"17\" ><div\n\t\t\t\n\t\t\tclass=\"so-widget-sow-image so-widget-sow-image-default-8b5b6f678277-7485\"\n\t\t\t\n\t\t>\n<div class=\"sow-image-container\">\n\t\t<img \n\tsrc=\"https:\/\/fcmf.org\/fr\/wp-content\/uploads\/2024\/08\/School-Concert-Band_low-res-768x432.png\" width=\"768\" height=\"432\" srcset=\"https:\/\/fcmf.org\/fr\/wp-content\/uploads\/2024\/08\/School-Concert-Band_low-res-768x432.png 768w, https:\/\/fcmf.org\/fr\/wp-content\/uploads\/2024\/08\/School-Concert-Band_low-res-300x169.png 300w, https:\/\/fcmf.org\/fr\/wp-content\/uploads\/2024\/08\/School-Concert-Band_low-res.png 960w\" sizes=\"(max-width: 768px) 100vw, 768px\" title=\"School Concert Band_low res\" alt=\"\" \t\tclass=\"so-widget-image\"\/>\n\t<\/div>\n\n<\/div><\/div><\/div><\/div><div id=\"pg-7485-10\"  class=\"panel-grid panel-no-style\" ><div id=\"pgc-7485-10-0\"  class=\"panel-grid-cell panel-grid-cell-empty\" ><\/div><div id=\"pgc-7485-10-1\"  class=\"panel-grid-cell panel-grid-cell-mobile-last\" ><div id=\"panel-7485-10-1-0\" class=\"so-panel widget widget_sow-image panel-first-child panel-last-child\" data-index=\"18\" ><div\n\t\t\t\n\t\t\tclass=\"so-widget-sow-image so-widget-sow-image-default-8b5b6f678277-7485\"\n\t\t\t\n\t\t>\n<div class=\"sow-image-container\">\n\t\t<img \n\tsrc=\"https:\/\/fcmf.org\/fr\/wp-content\/uploads\/2024\/08\/NB-and-MtA-logo-banner-for-newsletter-FR-768x384.png\" width=\"768\" height=\"384\" srcset=\"https:\/\/fcmf.org\/fr\/wp-content\/uploads\/2024\/08\/NB-and-MtA-logo-banner-for-newsletter-FR-768x384.png 768w, https:\/\/fcmf.org\/fr\/wp-content\/uploads\/2024\/08\/NB-and-MtA-logo-banner-for-newsletter-FR-300x150.png 300w, https:\/\/fcmf.org\/fr\/wp-content\/uploads\/2024\/08\/NB-and-MtA-logo-banner-for-newsletter-FR-1024x512.png 1024w, https:\/\/fcmf.org\/fr\/wp-content\/uploads\/2024\/08\/NB-and-MtA-logo-banner-for-newsletter-FR.png 1200w\" sizes=\"(max-width: 768px) 100vw, 768px\" title=\"NB and MtA logo banner for newsletter FR\" alt=\"\" \t\tclass=\"so-widget-image\"\/>\n\t<\/div>\n\n<\/div><\/div><\/div><div id=\"pgc-7485-10-2\"  class=\"panel-grid-cell panel-grid-cell-empty\" ><\/div><\/div><div id=\"pg-7485-11\"  class=\"panel-grid panel-no-style\" ><div id=\"pgc-7485-11-0\"  class=\"panel-grid-cell\" ><div id=\"panel-7485-11-0-0\" class=\"so-panel widget widget_black-studio-tinymce widget_black_studio_tinymce panel-first-child panel-last-child\" data-index=\"19\" ><div class=\"textwidget\"><h5 style=\"text-align: center;\"><strong>Prix<\/strong><\/h5>\n<p>Le laur\u00e9at du\u00a0<strong>Grand Prix de 5\u00a0000\u00a0$ de la fondation NRS<\/strong>\u00a0sera s\u00e9lectionn\u00e9 parmi les laur\u00e9ats des premiers prix du volet Artiste \u00e9mergent dans chacune des huit disciplines - voix, piano, cordes, guitare classique, bois, cuivres, percussion et th\u00e9\u00e2tre musical.<\/p>\n<p><strong>Volet Artiste \u00e9mergent<\/strong>\u00a0\u2013 Les 1er et 2e prix en voix, piano, cordes, guitare classique, bois, cuivres, percussion et th\u00e9\u00e2tre musical \u2013 2\u00a0000\u00a0$ et 1\u00a0500\u00a0$, respectivement.<\/p>\n<p><strong>Volet Artiste en d\u00e9veloppement<\/strong>\u2013 Les 1er et 2e prix en voix, piano, cordes, guitare classique, bois, cuivres, percussion et th\u00e9\u00e2tre musical \u2013\u00a0 500 $ et 250\u00a0$, respectivement.<\/p>\n<p><strong>Volet Enregistr\u00e9<\/strong><br \/>\nLes 1<sup>er<\/sup> prix de la cat\u00e9gorie Ensemble de musique de chambre des niveaux d\u00e9butant, interm\u00e9diaire et avanc\u00e9 \u2013 500\u00a0$<\/p>\n<\/div><\/div><\/div><div id=\"pgc-7485-11-1\"  class=\"panel-grid-cell\" ><div id=\"panel-7485-11-1-0\" class=\"so-panel widget widget_virtue_about_with_image virtue_about_with_image panel-first-child panel-last-child\" data-index=\"20\" ><div class=\"kad_img_upload_widget kt-shape-type-kt-image-shape-standard kt-image-align-center kt-image-widget-widget-11-1-0\"><a href=\"https:\/\/fcmf.org\/fr\/wp-content\/uploads\/2024\/07\/2024-FR_Thank-You-NRS-Foundation-Rebranded.png\" rel=\"lightbox\"><div class=\"kt-image-contain kt-image-shadow-none kt-image-shape-standard\"><div class=\"kt-image-inner-contain\"><img loading=\"lazy\" decoding=\"async\" width=\"300\" height=\"251\" src=\"https:\/\/fcmf.org\/fr\/wp-content\/uploads\/2024\/07\/2024-FR_Thank-You-NRS-Foundation-Rebranded-300x251.png\" class=\"attachment-medium size-medium\" alt=\"\t\t\t\t\t\t\t\t \t\t\t\t\t\t\t\t \t\t\t\t\t\t\t\t \t\t\t\t\t\t\t\t \t\t\t\t\t\t\t\t \t\t\t\t\t\t\t\t\t\t\" srcset=\"https:\/\/fcmf.org\/fr\/wp-content\/uploads\/2024\/07\/2024-FR_Thank-You-NRS-Foundation-Rebranded-300x251.png 300w, https:\/\/fcmf.org\/fr\/wp-content\/uploads\/2024\/07\/2024-FR_Thank-You-NRS-Foundation-Rebranded-768x644.png 768w, https:\/\/fcmf.org\/fr\/wp-content\/uploads\/2024\/07\/2024-FR_Thank-You-NRS-Foundation-Rebranded.png 940w\" sizes=\"auto, (max-width: 300px) 100vw, 300px\" \/><\/div><\/div><\/a><div class=\"virtue_image_widget_caption kadence_image_widget_caption\">\t\t\t\t\t\t\t\t \t\t\t\t\t\t\t\t \t\t\t\t\t\t\t\t \t\t\t\t\t\t\t\t \t\t\t\t\t\t\t\t \t\t\t\t\t\t\t\t\t\t<\/div><\/div><\/div><\/div><\/div><div id=\"pg-7485-12\"  class=\"panel-grid panel-no-style\" ><div id=\"pgc-7485-12-0\"  class=\"panel-grid-cell panel-grid-cell-empty\" ><\/div><div id=\"pgc-7485-12-1\"  class=\"panel-grid-cell panel-grid-cell-mobile-last\" ><div id=\"panel-7485-12-1-0\" class=\"so-panel widget widget_media_video panel-first-child panel-last-child\" data-index=\"21\" ><div class=\"panel-widget-style panel-widget-style-for-7485-12-1-0\" ><h3 class=\"widget-title\">\u00c9coutez ce que nos anciens ont \u00e0 dire sur l&#8217;importance du Festival de musique national de la FCFM<\/h3><div style=\"width:100%;\" class=\"wp-video\"><video class=\"wp-video-shortcode\" id=\"video-7485-3\" preload=\"metadata\" controls=\"controls\"><source type=\"video\/youtube\" src=\"https:\/\/youtu.be\/zR2q_cLIBHk?_=3\" \/><a href=\"https:\/\/youtu.be\/zR2q_cLIBHk\">https:\/\/youtu.be\/zR2q_cLIBHk<\/a><\/video><\/div><\/div><\/div><\/div><div id=\"pgc-7485-12-2\"  class=\"panel-grid-cell panel-grid-cell-empty\" ><\/div><\/div><div id=\"pg-7485-13\"  class=\"panel-grid panel-no-style\" ><div id=\"pgc-7485-13-0\"  class=\"panel-grid-cell panel-grid-cell-empty\" ><\/div><div id=\"pgc-7485-13-1\"  class=\"panel-grid-cell panel-grid-cell-mobile-last\" ><div id=\"panel-7485-13-1-0\" class=\"so-panel widget widget_black-studio-tinymce widget_black_studio_tinymce panel-first-child panel-last-child\" data-index=\"22\" ><div class=\"textwidget\"><p style=\"text-align: left;\"><strong>La F\u00e9d\u00e9ration canadienne des festivals de musique est engag\u00e9e \u00e0 traiter toutes les personnes avec respect, sans \u00e9gard \u00e0 l'\u00e2ge, au sexe, \u00e0 la race, \u00e0 l'ethnicit\u00e9, \u00e0 la nationalit\u00e9, \u00e0 la langue, \u00e0 la religion ou \u00e0 l'orientation sexuelle.<\/strong><\/p>\n<\/div><\/div><\/div><div id=\"pgc-7485-13-2\"  class=\"panel-grid-cell panel-grid-cell-empty\" ><\/div><\/div><\/div>","protected":false},"excerpt":{"rendered":"<p>Festival de musique national 2024 de la FCFM\u00a0 11 au 31 juillet Des photos seront ajout\u00e9es au site lorsque les probl\u00e8mes techniques seront r\u00e9solus. Les Juges Programme officiel\u00a0 \u00a0 \u00a0Programme du Concours de grand prix Communiqu\u00e9 de press avec r\u00e9sultats\u00a0 &hellip; <a class=\"kt-excerpt-readmore\" href=\"https:\/\/fcmf.org\/fr\/fmn2024\/\" aria-label=\"Festival de musique national 2024\">Read More<\/a><\/p>\n","protected":false},"author":3,"featured_media":0,"parent":0,"menu_order":0,"comment_status":"closed","ping_status":"closed","template":"page-fullwidth.php","meta":{"footnotes":""},"class_list":["post-7485","page","type-page","status-publish","hentry"],"_links":{"self":[{"href":"https:\/\/fcmf.org\/fr\/wp-json\/wp\/v2\/pages\/7485","targetHints":{"allow":["GET"]}}],"collection":[{"href":"https:\/\/fcmf.org\/fr\/wp-json\/wp\/v2\/pages"}],"about":[{"href":"https:\/\/fcmf.org\/fr\/wp-json\/wp\/v2\/types\/page"}],"author":[{"embeddable":true,"href":"https:\/\/fcmf.org\/fr\/wp-json\/wp\/v2\/users\/3"}],"replies":[{"embeddable":true,"href":"https:\/\/fcmf.org\/fr\/wp-json\/wp\/v2\/comments?post=7485"}],"version-history":[{"count":0,"href":"https:\/\/fcmf.org\/fr\/wp-json\/wp\/v2\/pages\/7485\/revisions"}],"wp:attachment":[{"href":"https:\/\/fcmf.org\/fr\/wp-json\/wp\/v2\/media?parent=7485"}],"curies":[{"name":"wp","href":"https:\/\/api.w.org\/{rel}","templated":true}]}}