{"id":7096,"date":"2023-01-16T14:07:31","date_gmt":"2023-01-16T18:07:31","guid":{"rendered":"https:\/\/fcmf.org\/fr\/?page_id=7096"},"modified":"2025-11-10T11:15:49","modified_gmt":"2025-11-10T15:15:49","slug":"cfo","status":"publish","type":"page","link":"https:\/\/fcmf.org\/fr\/cfo\/","title":{"rendered":"Cat\u00e9gories choeurs, groupes\/fanfares et orchestres"},"content":{"rendered":"<div id=\"pl-7096\"  class=\"panel-layout\" ><div id=\"pg-7096-0\"  class=\"panel-grid panel-no-style\" ><div id=\"pgc-7096-0-0\"  class=\"panel-grid-cell panel-grid-cell-empty\" ><\/div><div id=\"pgc-7096-0-1\"  class=\"panel-grid-cell\" ><div id=\"panel-7096-0-1-0\" class=\"so-panel widget widget_black-studio-tinymce widget_black_studio_tinymce panel-first-child panel-last-child\" data-index=\"0\" ><div class=\"textwidget\"><h5 style=\"text-align: center;\">Le Festival de musique national de la FCFM offre des cat\u00e9gories virtuelles pour les choeurs, fanfares\/groupes et orchestres dans le cadre du volet enregistr\u00e9.<\/h5>\n<h5 style=\"text-align: center;\">du 9 au 10 juillet 2026<\/h5>\n<p style=\"text-align: center;\"><strong>Date limite d'inscription et de soumission : 30 juin 2026 | Frais d'inscription : 150 $<\/strong><\/p>\n<p>Les cat\u00e9gories de choeurs, fanfares\/groupes et orchestre du volet enregistr\u00e9 sont une performance virtuelle et une opportunit\u00e9 \u00e9ducative pour les ensembles scolaires et communautaires du Canada.<\/p>\n<ul>\n<li>Il y a huit cat\u00e9gories pour les choeurs, y compris un groupe de glee\/show\/th\u00e9\u00e2tre musical.<\/li>\n<li>Il y a quatre cat\u00e9gories de fanfares\/groupes<\/li>\n<li>Il y a quatre classes d'orchestres<\/li>\n<li>Pour plus de d\u00e9tails sur les cat\u00e9gories, consultez le <a href=\"https:\/\/fcmf.org\/fr\/reglements-officiels\/\">programme du Festival de musique national de la FCFM<\/a>.<\/li>\n<li>Les participants re\u00e7oivent des commentaires \u00e9crits des juges et un certificat de participation et de placement, le cas \u00e9ch\u00e9ant.<\/li>\n<li>Les chefs d'ensembles sont invit\u00e9s \u00e0 participer \u00e0 une table ronde avec leurs coll\u00e8gues.<\/li>\n<li>Un 1er prix de 500 $ est offert dans chaque cat\u00e9gorie.<\/li>\n<\/ul>\n<p style=\"text-align: center;\">Si vous avez des questions, veuillez contacter Barbara Long \u00e0 <a href=\"mailto:info@fcmf.org\">info@fcmf.org.<\/a><\/p>\n<p style=\"text-align: center;\">\n<\/div><\/div><\/div><div id=\"pgc-7096-0-2\"  class=\"panel-grid-cell panel-grid-cell-empty\" ><\/div><div id=\"pgc-7096-0-3\"  class=\"panel-grid-cell panel-grid-cell-mobile-last\" ><div id=\"panel-7096-0-3-0\" class=\"so-panel widget widget_virtue_about_with_image virtue_about_with_image panel-first-child\" data-index=\"1\" ><div class=\"kad_img_upload_widget kt-shape-type-kt-image-shape-standard kt-image-align-center kt-image-widget-widget-0-3-0\"><a href=\"https:\/\/fcmf.org\/wp-content\/uploads\/2022\/12\/choir-singing-scaled.jpg\" rel=\"lightbox\"><div class=\"kt-image-contain kt-image-shadow-none kt-image-shape-standard\"><div class=\"kt-image-inner-contain\"><img decoding=\"async\" src=\"https:\/\/fcmf.org\/wp-content\/uploads\/2022\/12\/choir-singing-scaled.jpg\" alt=\"\t\t\t\t\t\t\t\t \t\t\t\t\t\t\t\t \t\t\t\t\t\t\t\t \t\t\t\t\t\t\t\t \t\t\t\t\t\t\t\t \t\t\t\t\t\t\t\t\t\t\"><\/div><\/div><\/a><div class=\"virtue_image_widget_caption kadence_image_widget_caption\">\t\t\t\t\t\t\t\t \t\t\t\t\t\t\t\t \t\t\t\t\t\t\t\t \t\t\t\t\t\t\t\t \t\t\t\t\t\t\t\t \t\t\t\t\t\t\t\t\t\t<\/div><\/div><\/div><div id=\"panel-7096-0-3-1\" class=\"so-panel widget widget_virtue_about_with_image virtue_about_with_image panel-last-child\" data-index=\"2\" ><div class=\"kad_img_upload_widget kt-shape-type-kt-image-shape-standard kt-image-align-center kt-image-widget-widget-0-3-1\"><a href=\"https:\/\/fcmf.org\/wp-content\/uploads\/2022\/12\/orchestra-practicing_low-res.jpg\" rel=\"lightbox\"><div class=\"kt-image-contain kt-image-shadow-none kt-image-shape-standard\"><div class=\"kt-image-inner-contain\"><img decoding=\"async\" src=\"https:\/\/fcmf.org\/wp-content\/uploads\/2022\/12\/orchestra-practicing_low-res.jpg\" alt=\"\t\t\t\t\t\t\t\t \t\t\t\t\t\t\t\t \t\t\t\t\t\t\t\t \t\t\t\t\t\t\t\t \t\t\t\t\t\t\t\t \t\t\t\t\t\t\t\t\t\t\"><\/div><\/div><\/a><div class=\"virtue_image_widget_caption kadence_image_widget_caption\">\t\t\t\t\t\t\t\t \t\t\t\t\t\t\t\t \t\t\t\t\t\t\t\t \t\t\t\t\t\t\t\t \t\t\t\t\t\t\t\t \t\t\t\t\t\t\t\t\t\t<\/div><\/div><\/div><\/div><div id=\"pgc-7096-0-4\"  class=\"panel-grid-cell panel-grid-cell-empty\" ><\/div><\/div><div id=\"pg-7096-1\"  class=\"panel-grid panel-no-style\" ><div id=\"pgc-7096-1-0\"  class=\"panel-grid-cell\" ><div id=\"panel-7096-1-0-0\" class=\"so-panel widget widget_black-studio-tinymce widget_black_studio_tinymce panel-first-child panel-last-child\" data-index=\"3\" ><div class=\"textwidget\"><p style=\"text-align: left;\"><span dir=\"ltr\" style=\"font-weight: bold;\" role=\"presentation\">Les juges du festival provincial ou du Volet de\u00a0<\/span><span dir=\"ltr\" style=\"font-weight: bold;\" role=\"presentation\">qualification r\u00e9gional peuvent choisir, dans chacune des cat\u00e9gories, DEUX <\/span><span dir=\"ltr\" role=\"presentation\"><b>groupes dont le niveau est jug\u00e9<\/b>\u00a0<\/span><span dir=\"ltr\" role=\"presentation\"><strong>appropri\u00e9 pour le Festival national.<\/strong>\u00a0<\/span><span dir=\"ltr\" role=\"presentation\">Le juge de chaque festival de musique provincial et du Volet de qualification r\u00e9gional peut envoyer\u00a0<\/span><span dir=\"ltr\" role=\"presentation\"><strong>deux groupes<\/strong> additionnels<\/span><span dir=\"ltr\" role=\"presentation\">, s\u00e9lectionn\u00e9s parmi l'ensemble des cat\u00e9gories de chaque section\u00a0<\/span><span dir=\"ltr\" role=\"presentation\">[ch\u0153urs, ensembles de chambre, groupes et orchestres], avec au maximum une inscription de plus par\u00a0<\/span><span dir=\"ltr\" role=\"presentation\">cat\u00e9gorie.<\/span><\/p>\n<p style=\"text-align: center;\">Si vous avez des questions, veuillez contacter Barbara Long \u00e0 l'adresse <a href=\"info@fcmf.org\">info@fcmf.org.<\/a><\/p>\n<\/div><\/div><\/div><\/div><div id=\"pg-7096-2\"  class=\"panel-grid panel-no-style\" ><div id=\"pgc-7096-2-0\"  class=\"panel-grid-cell\" ><div id=\"panel-7096-2-0-0\" class=\"so-panel widget widget_sow-button panel-first-child panel-last-child\" data-index=\"4\" ><div\n\t\t\t\n\t\t\tclass=\"so-widget-sow-button so-widget-sow-button-flat-eda11c287c99-7096\"\n\t\t\t\n\t\t><div class=\"ow-button-base ow-button-align-center\"\n>\n\t\t\t<a\n\t\t\t\t\thref=\"https:\/\/fcmf.org\/fr\/repertoire\/\"\n\t\t\t\t\tclass=\"sowb-button ow-icon-placement-left ow-button-hover\" target=\"_blank\" rel=\"noopener noreferrer\" \t>\n\t\t<span>\n\t\t\t\n\t\t\tVous ne savez pas si votre festival est affili\u00e9 ? V\u00e9rifiez ici\t\t<\/span>\n\t\t\t<\/a>\n\t<\/div>\n<\/div><\/div><\/div><\/div><div id=\"pg-7096-3\"  class=\"panel-grid panel-no-style\" ><div id=\"pgc-7096-3-0\"  class=\"panel-grid-cell\" ><div id=\"panel-7096-3-0-0\" class=\"so-panel widget widget_sow-button panel-first-child panel-last-child\" data-index=\"5\" ><div\n\t\t\t\n\t\t\tclass=\"so-widget-sow-button so-widget-sow-button-flat-10268f75c5e3-7096\"\n\t\t\t\n\t\t><div class=\"ow-button-base ow-button-align-center\"\n>\n\t\t\t<a\n\t\t\t\t\thref=\"https:\/\/fcmf.org\/fr\/volet-regional-dadhesion\/\"\n\t\t\t\t\tclass=\"sowb-button ow-icon-placement-left ow-button-hover\" target=\"_blank\" rel=\"noopener noreferrer\" \t>\n\t\t<span>\n\t\t\t\n\t\t\tVous n'\u00eates pas encore affili\u00e9?  D\u00e9couvrez comment nous joindre ici!\t\t<\/span>\n\t\t\t<\/a>\n\t<\/div>\n<\/div><\/div><\/div><div id=\"pgc-7096-3-1\"  class=\"panel-grid-cell\" ><div id=\"panel-7096-3-1-0\" class=\"so-panel widget widget_sow-button panel-first-child panel-last-child\" data-index=\"6\" ><div\n\t\t\t\n\t\t\tclass=\"so-widget-sow-button so-widget-sow-button-flat-10268f75c5e3-7096\"\n\t\t\t\n\t\t><div class=\"ow-button-base ow-button-align-center\"\n>\n\t\t\t<a\n\t\t\t\t\thref=\"https:\/\/fcmf.org\/fr\/festival-de-musique-national-2023\/\"\n\t\t\t\t\tclass=\"sowb-button ow-icon-placement-left ow-button-hover\" target=\"_blank\" rel=\"noopener noreferrer\" \t>\n\t\t<span>\n\t\t\t\n\t\t\tActuellement affili\u00e9?  D\u00e9couvrez le Festival de musique national\t\t<\/span>\n\t\t\t<\/a>\n\t<\/div>\n<\/div><\/div><\/div><\/div><div id=\"pg-7096-4\"  class=\"panel-grid panel-no-style\" ><div id=\"pgc-7096-4-0\"  class=\"panel-grid-cell\" ><div id=\"panel-7096-4-0-0\" class=\"so-panel widget widget_sow-button panel-first-child panel-last-child\" data-index=\"7\" ><div\n\t\t\t\n\t\t\tclass=\"so-widget-sow-button so-widget-sow-button-flat-a3b94b3c8540-7096\"\n\t\t\t\n\t\t><div class=\"ow-button-base ow-button-align-center\"\n>\n\t\t\t<a\n\t\t\t\t\thref=\"https:\/\/fcmf.org\/fr\/vae\/\"\n\t\t\t\t\tclass=\"sowb-button ow-icon-placement-left ow-button-hover\" target=\"_blank\" rel=\"noopener noreferrer\" \t>\n\t\t<span>\n\t\t\t\n\t\t\tVolet Artistes \u00e9mergents\t\t<\/span>\n\t\t\t<\/a>\n\t<\/div>\n<\/div><\/div><\/div><div id=\"pgc-7096-4-1\"  class=\"panel-grid-cell\" ><div id=\"panel-7096-4-1-0\" class=\"so-panel widget widget_sow-button panel-first-child panel-last-child\" data-index=\"8\" ><div\n\t\t\t\n\t\t\tclass=\"so-widget-sow-button so-widget-sow-button-flat-6882fb79bad3-7096\"\n\t\t\t\n\t\t><div class=\"ow-button-base ow-button-align-center\"\n>\n\t\t\t<a\n\t\t\t\t\thref=\"https:\/\/fcmf.org\/fr\/vad\/\"\n\t\t\t\t\tclass=\"sowb-button ow-icon-placement-left ow-button-hover\" target=\"_blank\" rel=\"noopener noreferrer\" \t>\n\t\t<span>\n\t\t\t\n\t\t\tVolet Artistes en d\u00e9veloppement\t\t<\/span>\n\t\t\t<\/a>\n\t<\/div>\n<\/div><\/div><\/div><div id=\"pgc-7096-4-2\"  class=\"panel-grid-cell\" ><div id=\"panel-7096-4-2-0\" class=\"so-panel widget widget_sow-button panel-first-child panel-last-child\" data-index=\"9\" ><div\n\t\t\t\n\t\t\tclass=\"so-widget-sow-button so-widget-sow-button-flat-f3da64877f4c-7096\"\n\t\t\t\n\t\t><div class=\"ow-button-base ow-button-align-center\"\n>\n\t\t\t<a\n\t\t\t\t\thref=\"https:\/\/fcmf.org\/fr\/ncbe\/\"\n\t\t\t\t\tclass=\"sowb-button ow-icon-placement-left ow-button-hover\" target=\"_blank\" rel=\"noopener noreferrer\" \t>\n\t\t<span>\n\t\t\t\n\t\t\tVolet Non comp\u00e9titif \u00e0 but \u00e9ducatif\t\t<\/span>\n\t\t\t<\/a>\n\t<\/div>\n<\/div><\/div><\/div><\/div><div id=\"pg-7096-5\"  class=\"panel-grid panel-no-style\" ><div id=\"pgc-7096-5-0\"  class=\"panel-grid-cell\" ><div id=\"panel-7096-5-0-0\" class=\"so-panel widget widget_sow-button panel-first-child panel-last-child\" data-index=\"10\" ><div\n\t\t\t\n\t\t\tclass=\"so-widget-sow-button so-widget-sow-button-flat-52ec3abbbaa5-7096\"\n\t\t\t\n\t\t><div class=\"ow-button-base ow-button-align-center\"\n>\n\t\t\t<a\n\t\t\t\t\thref=\"https:\/\/fcmf.org\/fr\/comp\/\"\n\t\t\t\t\tclass=\"sowb-button ow-icon-placement-left ow-button-hover\" target=\"_blank\" rel=\"noopener noreferrer\" \t>\n\t\t<span>\n\t\t\t\n\t\t\tVolet Composition\t\t<\/span>\n\t\t\t<\/a>\n\t<\/div>\n<\/div><\/div><\/div><div id=\"pgc-7096-5-1\"  class=\"panel-grid-cell\" ><div id=\"panel-7096-5-1-0\" class=\"so-panel widget widget_sow-button panel-first-child panel-last-child\" data-index=\"11\" ><div\n\t\t\t\n\t\t\tclass=\"so-widget-sow-button so-widget-sow-button-flat-3bbb24e553d0-7096\"\n\t\t\t\n\t\t><div class=\"ow-button-base ow-button-align-center\"\n>\n\t\t\t<a\n\t\t\t\t\thref=\"https:\/\/fcmf.org\/fr\/chambre\/\"\n\t\t\t\t\tclass=\"sowb-button ow-icon-placement-left ow-button-hover\" target=\"_blank\" rel=\"noopener noreferrer\" \t>\n\t\t<span>\n\t\t\t\n\t\t\tVolet Ensemble de chambre\t\t<\/span>\n\t\t\t<\/a>\n\t<\/div>\n<\/div><\/div><\/div><div id=\"pgc-7096-5-2\"  class=\"panel-grid-cell\" ><div id=\"panel-7096-5-2-0\" class=\"so-panel widget widget_sow-button panel-first-child panel-last-child\" data-index=\"12\" ><div\n\t\t\t\n\t\t\tclass=\"so-widget-sow-button so-widget-sow-button-flat-3bbb24e553d0-7096\"\n\t\t\t\n\t\t><div class=\"ow-button-base ow-button-align-center\"\n>\n\t\t\t<a\n\t\t\t\t\thref=\"https:\/\/fcmf.org\/fr\/cfo\/\"\n\t\t\t\t\tclass=\"sowb-button ow-icon-placement-left ow-button-hover\" target=\"_blank\" rel=\"noopener noreferrer\" \t>\n\t\t<span>\n\t\t\t\n\t\t\tVolet choeurs, groupes\/fanfares et orchestres\t\t<\/span>\n\t\t\t<\/a>\n\t<\/div>\n<\/div><\/div><\/div><\/div><\/div>","protected":false},"excerpt":{"rendered":"<p>Le Festival de musique national de la FCFM offre des cat\u00e9gories virtuelles pour les choeurs, fanfares\/groupes et orchestres dans le cadre du volet enregistr\u00e9. du 9 au 10 juillet 2026 Date limite d&#8217;inscription et de soumission : 30 juin 2026 &hellip; <a class=\"kt-excerpt-readmore\" href=\"https:\/\/fcmf.org\/fr\/cfo\/\" aria-label=\"Cat\u00e9gories choeurs, groupes\/fanfares et orchestres\">Read More<\/a><\/p>\n","protected":false},"author":3,"featured_media":0,"parent":0,"menu_order":0,"comment_status":"closed","ping_status":"closed","template":"page-fullwidth.php","meta":{"footnotes":""},"class_list":["post-7096","page","type-page","status-publish","hentry"],"_links":{"self":[{"href":"https:\/\/fcmf.org\/fr\/wp-json\/wp\/v2\/pages\/7096","targetHints":{"allow":["GET"]}}],"collection":[{"href":"https:\/\/fcmf.org\/fr\/wp-json\/wp\/v2\/pages"}],"about":[{"href":"https:\/\/fcmf.org\/fr\/wp-json\/wp\/v2\/types\/page"}],"author":[{"embeddable":true,"href":"https:\/\/fcmf.org\/fr\/wp-json\/wp\/v2\/users\/3"}],"replies":[{"embeddable":true,"href":"https:\/\/fcmf.org\/fr\/wp-json\/wp\/v2\/comments?post=7096"}],"version-history":[{"count":0,"href":"https:\/\/fcmf.org\/fr\/wp-json\/wp\/v2\/pages\/7096\/revisions"}],"wp:attachment":[{"href":"https:\/\/fcmf.org\/fr\/wp-json\/wp\/v2\/media?parent=7096"}],"curies":[{"name":"wp","href":"https:\/\/api.w.org\/{rel}","templated":true}]}}