{"id":7056,"date":"2023-01-13T12:08:24","date_gmt":"2023-01-13T16:08:24","guid":{"rendered":"https:\/\/fcmf.org\/fr\/?page_id=7056"},"modified":"2025-11-10T11:13:46","modified_gmt":"2025-11-10T15:13:46","slug":"comp","status":"publish","type":"page","link":"https:\/\/fcmf.org\/fr\/comp\/","title":{"rendered":"Volet Composition"},"content":{"rendered":"<div id=\"pl-7056\"  class=\"panel-layout\" ><div id=\"pg-7056-0\"  class=\"panel-grid panel-no-style\" ><div id=\"pgc-7056-0-0\"  class=\"panel-grid-cell panel-grid-cell-empty\" ><\/div><div id=\"pgc-7056-0-1\"  class=\"panel-grid-cell\" ><div id=\"panel-7056-0-1-0\" class=\"so-panel widget widget_black-studio-tinymce widget_black_studio_tinymce panel-first-child panel-last-child\" data-index=\"0\" ><div class=\"textwidget\"><h5 style=\"text-align: center;\">Le festival de musique national de la FCFM offre des cat\u00e9gories virtuelles en composition pour les jeunes compositeurs du Canada<\/h5>\n<h5 style=\"text-align: center;\">du 9 au 10 juillet 2026<\/h5>\n<p style=\"text-align: center;\"><strong>Date limite d'inscription et de soumission : 30 juin 2026\u00a0 | \u00a0Frais d'inscription : 125 $<\/strong><\/p>\n<p>Le volet de composition est une performance virtuelle et une\u00a0opportunit\u00e9 \u00e9ducative.<\/p>\n<ul>\n<li>Les cat\u00e9gories sont offertes \u00e0 trois niveaux :\n<ul>\n<li>D\u00e9butant - 14 ans et moins<\/li>\n<li>Interm\u00e9diaire - 18 ans et moins<\/li>\n<li>Avanc\u00e9 - 30 ans et moins<\/li>\n<\/ul>\n<\/li>\n<\/ul>\n<ul>\n<li>Il y a des cat\u00e9gories solo\/duo et d'ensemble \u00e0 chacun des trois niveaux.<\/li>\n<li>Pour plus de d\u00e9tails sur les cat\u00e9gories, consultez le <a href=\"https:\/\/fcmf.org\/fr\/reglements-officiels\/\">programme du Festival de musique national de la FCFM<\/a>.<\/li>\n<li>Les participants re\u00e7oivent des commentaires \u00e9crits du juge et participent avec lui \u00e0 un atelier virtuel.<\/li>\n<li>Les participants re\u00e7oivent un certificat indiquant le niveau de leur performance [platine, or, argent, bronze].<\/li>\n<\/ul>\n<p><strong>Les juges des festivals provinciaux affili\u00e9s ou du volet de qualification r\u00e9gional peuvent recommander DEUX concurrents dans chaque discipline.<\/strong><\/p>\n<p style=\"text-align: center;\">Si vous avez des questions, veuillez contacter Barbara Long \u00e0 <a href=\"mailto:info@fcmf.org\">info@fcmf.org.<\/a><\/p>\n<p style=\"text-align: center;\">\n<\/div><\/div><\/div><div id=\"pgc-7056-0-2\"  class=\"panel-grid-cell panel-grid-cell-empty\" ><\/div><div id=\"pgc-7056-0-3\"  class=\"panel-grid-cell panel-grid-cell-mobile-last\" ><div id=\"panel-7056-0-3-0\" class=\"so-panel widget widget_virtue_about_with_image virtue_about_with_image panel-first-child\" data-index=\"1\" ><div class=\"kad_img_upload_widget kt-shape-type-kt-image-shape-standard kt-image-align-center kt-image-widget-widget-0-3-0\"><a href=\"https:\/\/fcmf.org\/wp-content\/uploads\/2022\/12\/child_composer_2_00469761-6003-4e00-a6e6-c7361ee0573e_large.jpg\" rel=\"lightbox\"><div class=\"kt-image-contain kt-image-shadow-none kt-image-shape-standard\"><div class=\"kt-image-inner-contain\"><img decoding=\"async\" src=\"https:\/\/fcmf.org\/wp-content\/uploads\/2022\/12\/child_composer_2_00469761-6003-4e00-a6e6-c7361ee0573e_large.jpg\" alt=\"\t\t\t\t\t\t\t\t \t\t\t\t\t\t\t\t \t\t\t\t\t\t\t\t \t\t\t\t\t\t\"><\/div><\/div><\/a><div class=\"virtue_image_widget_caption kadence_image_widget_caption\">\t\t\t\t\t\t\t\t \t\t\t\t\t\t\t\t \t\t\t\t\t\t\t\t \t\t\t\t\t\t<\/div><\/div><\/div><div id=\"panel-7056-0-3-1\" class=\"so-panel widget widget_virtue_about_with_image virtue_about_with_image panel-last-child\" data-index=\"2\" ><div class=\"kad_img_upload_widget kt-shape-type-kt-image-shape-standard kt-image-align-center kt-image-widget-widget-0-3-1\"><a href=\"https:\/\/fcmf.org\/wp-content\/uploads\/2022\/12\/music-composition-take-note.jpg\" rel=\"lightbox\"><div class=\"kt-image-contain kt-image-shadow-none kt-image-shape-standard\"><div class=\"kt-image-inner-contain\"><img decoding=\"async\" src=\"https:\/\/fcmf.org\/wp-content\/uploads\/2022\/12\/music-composition-take-note.jpg\" alt=\"\t\t\t\t\t\t\t\t \t\t\t\t\t\t\t\t \t\t\t\t\t\t\t\t \t\t\t\t\t\t\"><\/div><\/div><\/a><div class=\"virtue_image_widget_caption kadence_image_widget_caption\">\t\t\t\t\t\t\t\t \t\t\t\t\t\t\t\t \t\t\t\t\t\t\t\t \t\t\t\t\t\t<\/div><\/div><\/div><\/div><div id=\"pgc-7056-0-4\"  class=\"panel-grid-cell panel-grid-cell-empty\" ><\/div><\/div><div id=\"pg-7056-1\"  class=\"panel-grid panel-no-style\" ><div id=\"pgc-7056-1-0\"  class=\"panel-grid-cell\" ><div id=\"panel-7056-1-0-0\" class=\"so-panel widget widget_sow-button panel-first-child panel-last-child\" data-index=\"3\" ><div\n\t\t\t\n\t\t\tclass=\"so-widget-sow-button so-widget-sow-button-flat-eda11c287c99-7056\"\n\t\t\t\n\t\t><div class=\"ow-button-base ow-button-align-center\"\n>\n\t\t\t<a\n\t\t\t\t\thref=\"https:\/\/fcmf.org\/fr\/repertoire\/\"\n\t\t\t\t\tclass=\"sowb-button ow-icon-placement-left ow-button-hover\" target=\"_blank\" rel=\"noopener noreferrer\" \t>\n\t\t<span>\n\t\t\t\n\t\t\tVous ne savez pas si votre festival est affili\u00e9 ? V\u00e9rifiez ici\t\t<\/span>\n\t\t\t<\/a>\n\t<\/div>\n<\/div><\/div><\/div><\/div><div id=\"pg-7056-2\"  class=\"panel-grid panel-no-style\" ><div id=\"pgc-7056-2-0\"  class=\"panel-grid-cell\" ><div id=\"panel-7056-2-0-0\" class=\"so-panel widget widget_sow-button panel-first-child panel-last-child\" data-index=\"4\" ><div\n\t\t\t\n\t\t\tclass=\"so-widget-sow-button so-widget-sow-button-flat-10268f75c5e3-7056\"\n\t\t\t\n\t\t><div class=\"ow-button-base ow-button-align-center\"\n>\n\t\t\t<a\n\t\t\t\t\thref=\"https:\/\/fcmf.org\/fr\/volet-regional-dadhesion\/\"\n\t\t\t\t\tclass=\"sowb-button ow-icon-placement-left ow-button-hover\" target=\"_blank\" rel=\"noopener noreferrer\" \t>\n\t\t<span>\n\t\t\t\n\t\t\tVous n'\u00eates pas encore affili\u00e9?  D\u00e9couvrez comment nous joindre ici!\t\t<\/span>\n\t\t\t<\/a>\n\t<\/div>\n<\/div><\/div><\/div><div id=\"pgc-7056-2-1\"  class=\"panel-grid-cell\" ><div id=\"panel-7056-2-1-0\" class=\"so-panel widget widget_sow-button panel-first-child panel-last-child\" data-index=\"5\" ><div\n\t\t\t\n\t\t\tclass=\"so-widget-sow-button so-widget-sow-button-flat-10268f75c5e3-7056\"\n\t\t\t\n\t\t><div class=\"ow-button-base ow-button-align-center\"\n>\n\t\t\t<a\n\t\t\t\t\thref=\"https:\/\/fcmf.org\/fr\/festival-de-musique-national-2023\/\"\n\t\t\t\t\tclass=\"sowb-button ow-icon-placement-left ow-button-hover\" target=\"_blank\" rel=\"noopener noreferrer\" \t>\n\t\t<span>\n\t\t\t\n\t\t\tActuellement affili\u00e9?  D\u00e9couvrez le Festival de musique national\t\t<\/span>\n\t\t\t<\/a>\n\t<\/div>\n<\/div><\/div><\/div><\/div><div id=\"pg-7056-3\"  class=\"panel-grid panel-no-style\" ><div id=\"pgc-7056-3-0\"  class=\"panel-grid-cell\" ><div id=\"panel-7056-3-0-0\" class=\"so-panel widget widget_sow-button panel-first-child panel-last-child\" data-index=\"6\" ><div\n\t\t\t\n\t\t\tclass=\"so-widget-sow-button so-widget-sow-button-flat-a3b94b3c8540-7056\"\n\t\t\t\n\t\t><div class=\"ow-button-base ow-button-align-center\"\n>\n\t\t\t<a\n\t\t\t\t\thref=\"https:\/\/fcmf.org\/fr\/vae\/\"\n\t\t\t\t\tclass=\"sowb-button ow-icon-placement-left ow-button-hover\" target=\"_blank\" rel=\"noopener noreferrer\" \t>\n\t\t<span>\n\t\t\t\n\t\t\tVolet Artistes \u00e9mergents\t\t<\/span>\n\t\t\t<\/a>\n\t<\/div>\n<\/div><\/div><\/div><div id=\"pgc-7056-3-1\"  class=\"panel-grid-cell\" ><div id=\"panel-7056-3-1-0\" class=\"so-panel widget widget_sow-button panel-first-child panel-last-child\" data-index=\"7\" ><div\n\t\t\t\n\t\t\tclass=\"so-widget-sow-button so-widget-sow-button-flat-6882fb79bad3-7056\"\n\t\t\t\n\t\t><div class=\"ow-button-base ow-button-align-center\"\n>\n\t\t\t<a\n\t\t\t\t\thref=\"https:\/\/fcmf.org\/fr\/vad\/\"\n\t\t\t\t\tclass=\"sowb-button ow-icon-placement-left ow-button-hover\" target=\"_blank\" rel=\"noopener noreferrer\" \t>\n\t\t<span>\n\t\t\t\n\t\t\tVolet Artistes en d\u00e9veloppement\t\t<\/span>\n\t\t\t<\/a>\n\t<\/div>\n<\/div><\/div><\/div><div id=\"pgc-7056-3-2\"  class=\"panel-grid-cell\" ><div id=\"panel-7056-3-2-0\" class=\"so-panel widget widget_sow-button panel-first-child panel-last-child\" data-index=\"8\" ><div\n\t\t\t\n\t\t\tclass=\"so-widget-sow-button so-widget-sow-button-flat-f3da64877f4c-7056\"\n\t\t\t\n\t\t><div class=\"ow-button-base ow-button-align-center\"\n>\n\t\t\t<a\n\t\t\t\t\thref=\"https:\/\/fcmf.org\/fr\/ncbe\/\"\n\t\t\t\t\tclass=\"sowb-button ow-icon-placement-left ow-button-hover\" target=\"_blank\" rel=\"noopener noreferrer\" \t>\n\t\t<span>\n\t\t\t\n\t\t\tVolet Non comp\u00e9titif \u00e0 but \u00e9ducatif\t\t<\/span>\n\t\t\t<\/a>\n\t<\/div>\n<\/div><\/div><\/div><\/div><div id=\"pg-7056-4\"  class=\"panel-grid panel-no-style\" ><div id=\"pgc-7056-4-0\"  class=\"panel-grid-cell\" ><div id=\"panel-7056-4-0-0\" class=\"so-panel widget widget_sow-button panel-first-child panel-last-child\" data-index=\"9\" ><div\n\t\t\t\n\t\t\tclass=\"so-widget-sow-button so-widget-sow-button-flat-52ec3abbbaa5-7056\"\n\t\t\t\n\t\t><div class=\"ow-button-base ow-button-align-center\"\n>\n\t\t\t<a\n\t\t\t\t\thref=\"https:\/\/fcmf.org\/fr\/comp\/\"\n\t\t\t\t\tclass=\"sowb-button ow-icon-placement-left ow-button-hover\" target=\"_blank\" rel=\"noopener noreferrer\" \t>\n\t\t<span>\n\t\t\t\n\t\t\tVolet Composition\t\t<\/span>\n\t\t\t<\/a>\n\t<\/div>\n<\/div><\/div><\/div><div id=\"pgc-7056-4-1\"  class=\"panel-grid-cell\" ><div id=\"panel-7056-4-1-0\" class=\"so-panel widget widget_sow-button panel-first-child panel-last-child\" data-index=\"10\" ><div\n\t\t\t\n\t\t\tclass=\"so-widget-sow-button so-widget-sow-button-flat-3bbb24e553d0-7056\"\n\t\t\t\n\t\t><div class=\"ow-button-base ow-button-align-center\"\n>\n\t\t\t<a\n\t\t\t\t\thref=\"https:\/\/fcmf.org\/fr\/chambre\/\"\n\t\t\t\t\tclass=\"sowb-button ow-icon-placement-left ow-button-hover\" target=\"_blank\" rel=\"noopener noreferrer\" \t>\n\t\t<span>\n\t\t\t\n\t\t\tVolet Ensemble de chambre\t\t<\/span>\n\t\t\t<\/a>\n\t<\/div>\n<\/div><\/div><\/div><div id=\"pgc-7056-4-2\"  class=\"panel-grid-cell\" ><div id=\"panel-7056-4-2-0\" class=\"so-panel widget widget_sow-button panel-first-child panel-last-child\" data-index=\"11\" ><div\n\t\t\t\n\t\t\tclass=\"so-widget-sow-button so-widget-sow-button-flat-3bbb24e553d0-7056\"\n\t\t\t\n\t\t><div class=\"ow-button-base ow-button-align-center\"\n>\n\t\t\t<a\n\t\t\t\t\thref=\"https:\/\/fcmf.org\/fr\/cfo\/\"\n\t\t\t\t\tclass=\"sowb-button ow-icon-placement-left ow-button-hover\" target=\"_blank\" rel=\"noopener noreferrer\" \t>\n\t\t<span>\n\t\t\t\n\t\t\tVolet Choeurs, groupes\/fanfares et orchestres\t\t<\/span>\n\t\t\t<\/a>\n\t<\/div>\n<\/div><\/div><\/div><\/div><\/div>","protected":false},"excerpt":{"rendered":"<p>Le festival de musique national de la FCFM offre des cat\u00e9gories virtuelles en composition pour les jeunes compositeurs du Canada du 9 au 10 juillet 2026 Date limite d&#8217;inscription et de soumission : 30 juin 2026\u00a0 | \u00a0Frais d&#8217;inscription : &hellip; <a class=\"kt-excerpt-readmore\" href=\"https:\/\/fcmf.org\/fr\/comp\/\" aria-label=\"Volet Composition\">Read More<\/a><\/p>\n","protected":false},"author":3,"featured_media":0,"parent":0,"menu_order":0,"comment_status":"closed","ping_status":"closed","template":"page-fullwidth.php","meta":{"footnotes":""},"class_list":["post-7056","page","type-page","status-publish","hentry"],"_links":{"self":[{"href":"https:\/\/fcmf.org\/fr\/wp-json\/wp\/v2\/pages\/7056","targetHints":{"allow":["GET"]}}],"collection":[{"href":"https:\/\/fcmf.org\/fr\/wp-json\/wp\/v2\/pages"}],"about":[{"href":"https:\/\/fcmf.org\/fr\/wp-json\/wp\/v2\/types\/page"}],"author":[{"embeddable":true,"href":"https:\/\/fcmf.org\/fr\/wp-json\/wp\/v2\/users\/3"}],"replies":[{"embeddable":true,"href":"https:\/\/fcmf.org\/fr\/wp-json\/wp\/v2\/comments?post=7056"}],"version-history":[{"count":0,"href":"https:\/\/fcmf.org\/fr\/wp-json\/wp\/v2\/pages\/7056\/revisions"}],"wp:attachment":[{"href":"https:\/\/fcmf.org\/fr\/wp-json\/wp\/v2\/media?parent=7056"}],"curies":[{"name":"wp","href":"https:\/\/api.w.org\/{rel}","templated":true}]}}