{"id":7037,"date":"2023-01-13T11:36:27","date_gmt":"2023-01-13T15:36:27","guid":{"rendered":"https:\/\/fcmf.org\/fr\/?page_id=7037"},"modified":"2025-11-10T11:11:57","modified_gmt":"2025-11-10T15:11:57","slug":"vad","status":"publish","type":"page","link":"https:\/\/fcmf.org\/fr\/vad\/","title":{"rendered":"Volet Artistes en d\u00e9veloppement"},"content":{"rendered":"<div id=\"pl-7037\"  class=\"panel-layout\" ><div id=\"pg-7037-0\"  class=\"panel-grid panel-no-style\" ><div id=\"pgc-7037-0-0\"  class=\"panel-grid-cell panel-grid-cell-empty\" ><\/div><div id=\"pgc-7037-0-1\"  class=\"panel-grid-cell\" ><div id=\"panel-7037-0-1-0\" class=\"so-panel widget widget_black-studio-tinymce widget_black_studio_tinymce panel-first-child panel-last-child\" data-index=\"0\" ><div class=\"textwidget\"><h5 style=\"text-align: center;\">Le volet Artistes en d\u00e9veloppement\u00a0<span style=\"font-family: inherit;\">est la programation du festival de musique national de la FCFM pour les concurrents de niveau interm\u00e9diaire.<\/span><\/h5>\n<h5 style=\"text-align: center;\">Du 21 au 24 juillet 2026<\/h5>\n<p style=\"text-align: center;\"><strong>Date limite d'inscription et soumission : 30 juin 2026<\/strong><br \/>\n<strong>Frais d'inscription : 200 $<\/strong><\/p>\n<p>Le volet Artistes en d\u00e9veloppement est une performance virtuelle et une opportunit\u00e9 \u00e9ducative.<\/p>\n<ul>\n<li>Les participants \u00e0 ce volet sont \u00e2g\u00e9s de 18 ans ou moins et jouent un r\u00e9pertoire de concert de niveau interm\u00e9diaire comparable \u00e0 celui des niveaux 8 \u00e0 10 du conservatoire.<\/li>\n<li>Des cat\u00e9gories sont offertes dans les disciplines suivantes : voix, piano, cordes, guitare, bois, cuivres, percussions et th\u00e9\u00e2tre musical.<\/li>\n<li>Pour plus de d\u00e9tails sur les cat\u00e9gories, consultez le <a href=\"https:\/\/fcmf.org\/fr\/reglements-officiels\/\">programme du Festival de musique national de la FCFM<\/a>.<\/li>\n<li>1er prix et 2e prix dans chaque discipline - 500 $ et 250 $ respectivement.<\/li>\n<\/ul>\n<p><strong>Les juges des festivals provinciaux affili\u00e9s ou du volet de qualification r\u00e9gional peuvent recommander DEUX concurrents dans chaque discipline.<\/strong><\/p>\n<p style=\"text-align: center;\">Si vous avez des questions, veuillez contacter Barbara Long \u00e0 <a href=\"mailto:info@fcmf.org\">info@fcmf.org.<\/a><\/p>\n<p style=\"text-align: center;\">\n<\/div><\/div><\/div><div id=\"pgc-7037-0-2\"  class=\"panel-grid-cell panel-grid-cell-empty\" ><\/div><div id=\"pgc-7037-0-3\"  class=\"panel-grid-cell panel-grid-cell-mobile-last\" ><div id=\"panel-7037-0-3-0\" class=\"so-panel widget widget_virtue_about_with_image virtue_about_with_image panel-first-child\" data-index=\"1\" ><div class=\"kad_img_upload_widget kt-shape-type-kt-image-shape-standard kt-image-align-center kt-image-widget-widget-0-3-0\"><a href=\"https:\/\/fcmf.org\/wp-content\/uploads\/2022\/12\/Int-Voice_Crop3-scaled.jpg\" rel=\"lightbox\"><div class=\"kt-image-contain kt-image-shadow-none kt-image-shape-standard\"><div class=\"kt-image-inner-contain\"><img decoding=\"async\" src=\"https:\/\/fcmf.org\/wp-content\/uploads\/2022\/12\/Int-Voice_Crop3-scaled.jpg\" alt=\"\t\t\t\t\t\t\t\t \t\t\t\t\t\t\t\t \t\t\t\t\"><\/div><\/div><\/a><div class=\"virtue_image_widget_caption kadence_image_widget_caption\">\t\t\t\t\t\t\t\t \t\t\t\t\t\t\t\t \t\t\t\t<\/div><\/div><\/div><div id=\"panel-7037-0-3-1\" class=\"so-panel widget widget_virtue_about_with_image virtue_about_with_image panel-last-child\" data-index=\"2\" ><div class=\"kad_img_upload_widget kt-shape-type-kt-image-shape-standard kt-image-align-center kt-image-widget-widget-0-3-1\"><a href=\"https:\/\/fcmf.org\/wp-content\/uploads\/2022\/12\/Junior-Piano-WKshop_crop2-scaled.jpg\" rel=\"lightbox\"><div class=\"kt-image-contain kt-image-shadow-none kt-image-shape-standard\"><div class=\"kt-image-inner-contain\"><img decoding=\"async\" src=\"https:\/\/fcmf.org\/wp-content\/uploads\/2022\/12\/Junior-Piano-WKshop_crop2-scaled.jpg\" alt=\"\t\t\t\t\t\t\t\t \t\t\t\t\t\t\t\t \t\t\t\t\"><\/div><\/div><\/a><div class=\"virtue_image_widget_caption kadence_image_widget_caption\">\t\t\t\t\t\t\t\t \t\t\t\t\t\t\t\t \t\t\t\t<\/div><\/div><\/div><\/div><div id=\"pgc-7037-0-4\"  class=\"panel-grid-cell panel-grid-cell-empty\" ><\/div><\/div><div id=\"pg-7037-1\"  class=\"panel-grid panel-no-style\" ><div id=\"pgc-7037-1-0\"  class=\"panel-grid-cell\" ><div id=\"panel-7037-1-0-0\" class=\"so-panel widget widget_sow-button panel-first-child panel-last-child\" data-index=\"3\" ><div\n\t\t\t\n\t\t\tclass=\"so-widget-sow-button so-widget-sow-button-flat-eda11c287c99-7037\"\n\t\t\t\n\t\t><div class=\"ow-button-base ow-button-align-center\"\n>\n\t\t\t<a\n\t\t\t\t\thref=\"https:\/\/fcmf.org\/fr\/repertoire\/\"\n\t\t\t\t\tclass=\"sowb-button ow-icon-placement-left ow-button-hover\" target=\"_blank\" rel=\"noopener noreferrer\" \t>\n\t\t<span>\n\t\t\t\n\t\t\tVous ne savez pas si votre festival est affili\u00e9 ? V\u00e9rifiez ici\t\t<\/span>\n\t\t\t<\/a>\n\t<\/div>\n<\/div><\/div><\/div><\/div><div id=\"pg-7037-2\"  class=\"panel-grid panel-no-style\" ><div id=\"pgc-7037-2-0\"  class=\"panel-grid-cell\" ><div id=\"panel-7037-2-0-0\" class=\"so-panel widget widget_sow-button panel-first-child panel-last-child\" data-index=\"4\" ><div\n\t\t\t\n\t\t\tclass=\"so-widget-sow-button so-widget-sow-button-flat-10268f75c5e3-7037\"\n\t\t\t\n\t\t><div class=\"ow-button-base ow-button-align-center\"\n>\n\t\t\t<a\n\t\t\t\t\thref=\"https:\/\/fcmf.org\/fr\/volet-regional-dadhesion\/\"\n\t\t\t\t\tclass=\"sowb-button ow-icon-placement-left ow-button-hover\" target=\"_blank\" rel=\"noopener noreferrer\" \t>\n\t\t<span>\n\t\t\t\n\t\t\tVous n'\u00eates pas encore affili\u00e9?  D\u00e9couvrez comment nous joindre ici!\t\t<\/span>\n\t\t\t<\/a>\n\t<\/div>\n<\/div><\/div><\/div><div id=\"pgc-7037-2-1\"  class=\"panel-grid-cell\" ><div id=\"panel-7037-2-1-0\" class=\"so-panel widget widget_sow-button panel-first-child panel-last-child\" data-index=\"5\" ><div\n\t\t\t\n\t\t\tclass=\"so-widget-sow-button so-widget-sow-button-flat-10268f75c5e3-7037\"\n\t\t\t\n\t\t><div class=\"ow-button-base ow-button-align-center\"\n>\n\t\t\t<a\n\t\t\t\t\thref=\"https:\/\/fcmf.org\/fr\/festival-de-musique-national-2023\/\"\n\t\t\t\t\tclass=\"sowb-button ow-icon-placement-left ow-button-hover\" target=\"_blank\" rel=\"noopener noreferrer\" \t>\n\t\t<span>\n\t\t\t\n\t\t\tActuellement affili\u00e9?  D\u00e9couvrez le Festival de musique national\t\t<\/span>\n\t\t\t<\/a>\n\t<\/div>\n<\/div><\/div><\/div><\/div><div id=\"pg-7037-3\"  class=\"panel-grid panel-no-style\" ><div id=\"pgc-7037-3-0\"  class=\"panel-grid-cell\" ><div id=\"panel-7037-3-0-0\" class=\"so-panel widget widget_sow-button panel-first-child panel-last-child\" data-index=\"6\" ><div\n\t\t\t\n\t\t\tclass=\"so-widget-sow-button so-widget-sow-button-flat-a3b94b3c8540-7037\"\n\t\t\t\n\t\t><div class=\"ow-button-base ow-button-align-center\"\n>\n\t\t\t<a\n\t\t\t\t\thref=\"https:\/\/fcmf.org\/fr\/vae\/\"\n\t\t\t\t\tclass=\"sowb-button ow-icon-placement-left ow-button-hover\" target=\"_blank\" rel=\"noopener noreferrer\" \t>\n\t\t<span>\n\t\t\t\n\t\t\tVolet Artistes \u00e9mergents\t\t<\/span>\n\t\t\t<\/a>\n\t<\/div>\n<\/div><\/div><\/div><div id=\"pgc-7037-3-1\"  class=\"panel-grid-cell\" ><div id=\"panel-7037-3-1-0\" class=\"so-panel widget widget_sow-button panel-first-child panel-last-child\" data-index=\"7\" ><div\n\t\t\t\n\t\t\tclass=\"so-widget-sow-button so-widget-sow-button-flat-6882fb79bad3-7037\"\n\t\t\t\n\t\t><div class=\"ow-button-base ow-button-align-center\"\n>\n\t\t\t<a\n\t\t\t\t\thref=\"https:\/\/fcmf.org\/fr\/vad\/\"\n\t\t\t\t\tclass=\"sowb-button ow-icon-placement-left ow-button-hover\" target=\"_blank\" rel=\"noopener noreferrer\" \t>\n\t\t<span>\n\t\t\t\n\t\t\tVolet Artistes en d\u00e9veloppement\t\t<\/span>\n\t\t\t<\/a>\n\t<\/div>\n<\/div><\/div><\/div><div id=\"pgc-7037-3-2\"  class=\"panel-grid-cell\" ><div id=\"panel-7037-3-2-0\" class=\"so-panel widget widget_sow-button panel-first-child panel-last-child\" data-index=\"8\" ><div\n\t\t\t\n\t\t\tclass=\"so-widget-sow-button so-widget-sow-button-flat-f3da64877f4c-7037\"\n\t\t\t\n\t\t><div class=\"ow-button-base ow-button-align-center\"\n>\n\t\t\t<a\n\t\t\t\t\thref=\"https:\/\/fcmf.org\/fr\/ncbe\/\"\n\t\t\t\t\tclass=\"sowb-button ow-icon-placement-left ow-button-hover\" target=\"_blank\" rel=\"noopener noreferrer\" \t>\n\t\t<span>\n\t\t\t\n\t\t\tVolet Non comp\u00e9titif \u00e0 but \u00e9ducatif\t\t<\/span>\n\t\t\t<\/a>\n\t<\/div>\n<\/div><\/div><\/div><\/div><div id=\"pg-7037-4\"  class=\"panel-grid panel-no-style\" ><div id=\"pgc-7037-4-0\"  class=\"panel-grid-cell\" ><div id=\"panel-7037-4-0-0\" class=\"so-panel widget widget_sow-button panel-first-child panel-last-child\" data-index=\"9\" ><div\n\t\t\t\n\t\t\tclass=\"so-widget-sow-button so-widget-sow-button-flat-52ec3abbbaa5-7037\"\n\t\t\t\n\t\t><div class=\"ow-button-base ow-button-align-center\"\n>\n\t\t\t<a\n\t\t\t\t\thref=\"https:\/\/fcmf.org\/fr\/comp\/\"\n\t\t\t\t\tclass=\"sowb-button ow-icon-placement-left ow-button-hover\" target=\"_blank\" rel=\"noopener noreferrer\" \t>\n\t\t<span>\n\t\t\t\n\t\t\tVolet Composition\t\t<\/span>\n\t\t\t<\/a>\n\t<\/div>\n<\/div><\/div><\/div><div id=\"pgc-7037-4-1\"  class=\"panel-grid-cell\" ><div id=\"panel-7037-4-1-0\" class=\"so-panel widget widget_sow-button panel-first-child panel-last-child\" data-index=\"10\" ><div\n\t\t\t\n\t\t\tclass=\"so-widget-sow-button so-widget-sow-button-flat-3bbb24e553d0-7037\"\n\t\t\t\n\t\t><div class=\"ow-button-base ow-button-align-center\"\n>\n\t\t\t<a\n\t\t\t\t\thref=\"https:\/\/fcmf.org\/fr\/chambre\/\"\n\t\t\t\t\tclass=\"sowb-button ow-icon-placement-left ow-button-hover\" target=\"_blank\" rel=\"noopener noreferrer\" \t>\n\t\t<span>\n\t\t\t\n\t\t\tVolet Ensemble de chambre\t\t<\/span>\n\t\t\t<\/a>\n\t<\/div>\n<\/div><\/div><\/div><div id=\"pgc-7037-4-2\"  class=\"panel-grid-cell\" ><div id=\"panel-7037-4-2-0\" class=\"so-panel widget widget_sow-button panel-first-child panel-last-child\" data-index=\"11\" ><div\n\t\t\t\n\t\t\tclass=\"so-widget-sow-button so-widget-sow-button-flat-3bbb24e553d0-7037\"\n\t\t\t\n\t\t><div class=\"ow-button-base ow-button-align-center\"\n>\n\t\t\t<a\n\t\t\t\t\thref=\"https:\/\/fcmf.org\/fr\/cfo\/\"\n\t\t\t\t\tclass=\"sowb-button ow-icon-placement-left ow-button-hover\" target=\"_blank\" rel=\"noopener noreferrer\" \t>\n\t\t<span>\n\t\t\t\n\t\t\tVolet Choeurs, groupes\/fanfares et orchestres\t\t<\/span>\n\t\t\t<\/a>\n\t<\/div>\n<\/div><\/div><\/div><\/div><\/div>","protected":false},"excerpt":{"rendered":"<p>Le volet Artistes en d\u00e9veloppement\u00a0est la programation du festival de musique national de la FCFM pour les concurrents de niveau interm\u00e9diaire. Du 21 au 24 juillet 2026 Date limite d&#8217;inscription et soumission : 30 juin 2026 Frais d&#8217;inscription : 200 &hellip; <a class=\"kt-excerpt-readmore\" href=\"https:\/\/fcmf.org\/fr\/vad\/\" aria-label=\"Volet Artistes en d\u00e9veloppement\">Read More<\/a><\/p>\n","protected":false},"author":3,"featured_media":0,"parent":0,"menu_order":0,"comment_status":"closed","ping_status":"closed","template":"page-fullwidth.php","meta":{"footnotes":""},"class_list":["post-7037","page","type-page","status-publish","hentry"],"_links":{"self":[{"href":"https:\/\/fcmf.org\/fr\/wp-json\/wp\/v2\/pages\/7037","targetHints":{"allow":["GET"]}}],"collection":[{"href":"https:\/\/fcmf.org\/fr\/wp-json\/wp\/v2\/pages"}],"about":[{"href":"https:\/\/fcmf.org\/fr\/wp-json\/wp\/v2\/types\/page"}],"author":[{"embeddable":true,"href":"https:\/\/fcmf.org\/fr\/wp-json\/wp\/v2\/users\/3"}],"replies":[{"embeddable":true,"href":"https:\/\/fcmf.org\/fr\/wp-json\/wp\/v2\/comments?post=7037"}],"version-history":[{"count":0,"href":"https:\/\/fcmf.org\/fr\/wp-json\/wp\/v2\/pages\/7037\/revisions"}],"wp:attachment":[{"href":"https:\/\/fcmf.org\/fr\/wp-json\/wp\/v2\/media?parent=7037"}],"curies":[{"name":"wp","href":"https:\/\/api.w.org\/{rel}","templated":true}]}}