{"id":6948,"date":"2023-01-11T17:34:26","date_gmt":"2023-01-11T21:34:26","guid":{"rendered":"https:\/\/fcmf.org\/fr\/?page_id=6948"},"modified":"2025-12-22T12:56:07","modified_gmt":"2025-12-22T16:56:07","slug":"volet-regional-dadhesion","status":"publish","type":"page","link":"https:\/\/fcmf.org\/fr\/volet-regional-dadhesion\/","title":{"rendered":"Volet r\u00e9gional d&#8217;adh\u00e9sion et de qualification"},"content":{"rendered":"<div id=\"pl-6948\"  class=\"panel-layout\" ><div id=\"pg-6948-0\"  class=\"panel-grid panel-no-style\" ><div id=\"pgc-6948-0-0\"  class=\"panel-grid-cell panel-grid-cell-empty\" ><\/div><div id=\"pgc-6948-0-1\"  class=\"panel-grid-cell\" ><div id=\"panel-6948-0-1-0\" class=\"so-panel widget widget_black-studio-tinymce widget_black_studio_tinymce panel-first-child panel-last-child\" data-index=\"0\" ><div class=\"textwidget\"><h5 style=\"text-align: center;\"><strong><span style=\"color: #000000;\">VOULEZ-VOUS AJOUTER DE LA VALEUR POUR VOS CONCURRENTS?<\/span><\/strong><\/h5>\n<p style=\"text-align: center;\"><strong>Affiliez vous \u00e0 la FCFM pour offrir des opportunit\u00e9s nationales!<\/strong><\/p>\n<\/div><\/div><\/div><div id=\"pgc-6948-0-2\"  class=\"panel-grid-cell panel-grid-cell-empty\" ><\/div><div id=\"pgc-6948-0-3\"  class=\"panel-grid-cell panel-grid-cell-mobile-last\" ><div id=\"panel-6948-0-3-0\" class=\"so-panel widget widget_black-studio-tinymce widget_black_studio_tinymce panel-first-child panel-last-child\" data-index=\"1\" ><div class=\"textwidget\"><h5 style=\"text-align: center;\"><strong>Volet d'adh\u00e9sion r\u00e9gional<\/strong><\/h5>\n<p style=\"text-align: center;\"><a href=\"https:\/\/barriemusicfestival.com\/\">Barrie Kiwanis Music Festival, Barrie, ON<\/a><\/p>\n<p style=\"text-align: center;\"><a href=\"https:\/\/intermusic.ca\/\">International Music Festival and Competition, Markham, ON<\/a><\/p>\n<p style=\"text-align: center;\"><a href=\"kimberlydyck@hotmail.com\">Southeastern Manitoba Music Festival (Steinbach), MB<\/a><\/p>\n<p style=\"text-align: center;\"><a href=\"https:\/\/cpafestival.ca\/\">Calgary Performing Arts Festival, Calgary, AB<\/a><\/p>\n<p style=\"text-align: center;\"><a href=\"mailto:festival@gvpaf.org\">Greater Victoria Performing Arts Festival, Victoria, BC<\/a><\/p>\n<\/div><\/div><\/div><div id=\"pgc-6948-0-4\"  class=\"panel-grid-cell panel-grid-cell-empty\" ><\/div><\/div><div id=\"pg-6948-1\"  class=\"panel-grid panel-has-style\" ><div class=\"panel-widget-style panel-row-style panel-row-style-for-6948-1\" style=\"border-top: 0px solid; border-bottom: 0px solid; \" ><div id=\"pgc-6948-1-0\"  class=\"panel-grid-cell panel-grid-cell-empty\" ><\/div><div id=\"pgc-6948-1-1\"  class=\"panel-grid-cell\" ><div id=\"panel-6948-1-1-0\" class=\"so-panel widget widget_black-studio-tinymce widget_black_studio_tinymce panel-first-child\" data-index=\"2\" ><div class=\"textwidget\"><p><em>\"Le Greater Victoria Performing Arts Festival (qui en est \u00e0 sa 96e ann\u00e9e d'existence) est ravi de participer \u00e0 nouveau au Festival de musique national de la F\u00e9d\u00e9ration canadienne des festivals de musique dans le cadre du volet de qualification r\u00e9gional.\u00a0 Le GVPAF envoie des interpr\u00e8tes au Festival de musique national depuis des d\u00e9cennies, et bon nombre d'entre eux ont \u00e9t\u00e9 r\u00e9compens\u00e9s lors du Festival de musique national. Nous sommes tr\u00e8s heureux de pouvoir poursuivre notre association avec la FCFM\".<\/em><\/p>\n<p style=\"text-align: right;\">Conseil d'administration du GVPAF<\/p>\n<h5 style=\"text-align: center;\"><\/h5>\n<\/div><\/div><div id=\"panel-6948-1-1-1\" class=\"so-panel widget widget_black-studio-tinymce widget_black_studio_tinymce\" data-index=\"3\" ><div class=\"textwidget\"><h4><strong>VOLET R\u00c9GIONAL D'ADH\u00c9SION ET DE QUALIFICATION<\/strong><\/h4>\n<p>La F\u00e9d\u00e9ration canadienne des festivals de musique [FCFM] offre aux festivals de musique locaux des provinces non affili\u00e9es de s'affilier directement \u00e0 la FCFM!<\/p>\n<p>Toute association de festival r\u00e9gional, dans une province non affili\u00e9e, peut \u00eatre admise \u00e0 la F\u00e9d\u00e9ration canadienne des festivals de musique en soumettant une r\u00e9solution \u00e9crite approuv\u00e9e concernant l'adh\u00e9sion \u00e0 la directrice g\u00e9n\u00e9rale de la FCFM.<\/p>\n<p>Les privil\u00e8ges de l'adh\u00e9sion \u00e0 la F\u00e9d\u00e9ration sont les suivants :<\/p>\n<ol>\n<li>De faire participer leurs concurrents recommand\u00e9s \u00e0 une ronde de qualification pour obtenir une recommandation au Festival national de musique ;<\/li>\n<li>Assister \u00e0 toutes les r\u00e9unions des membres avec le privil\u00e8ge de la parole.<\/li>\n<\/ol>\n<p>Les frais d'affiliation sont de 0,90 $ par inscription \u00e0 un festival r\u00e9gional.\u00a0 Ces frais ne sont per\u00e7us que pour les inscriptions en musique.\u00a0 Les inscriptions de danse et d'art vocal sont exempt\u00e9es puisque le Festival national de musique de la FCFM n'offre pas de cours dans ces disciplines.<\/p>\n<p style=\"text-align: center;\"><strong>Pour plus d'informations sur la d\u00e9marche \u00e0 suivre pour devenir<br \/>\nun festival de musique local affili\u00e9 <\/strong><strong>contactez Barbara \u00e0\u00a0<\/strong><strong><a href=\"mailto:info@fcmf.org\">info@fcmf.org<\/a><\/strong><\/p>\n<\/div><\/div><div id=\"panel-6948-1-1-2\" class=\"so-panel widget widget_black-studio-tinymce widget_black_studio_tinymce panel-last-child\" data-index=\"4\" ><div class=\"textwidget\"><h4><strong>VOLET R\u00c9GIONAL D'ADH\u00c9SION ET DE QUALIFICATION<\/strong><\/h4>\n<p>L'affiliation par l'interm\u00e9diaire de ce volet r\u00e9gional d'adh\u00e9sion permet aux \u00e9l\u00e8ves qui ne sont pas admissibles actuellement de prendre part \u00e0 notre nouveau volet de qualification r\u00e9gional en vue du Festival de musique national de la FCFM!<\/p>\n<p>Ce concours virtuel sera pr\u00e9sent\u00e9 par la FCFM.\u00a0 Les \u00e9l\u00e8ves recommand\u00e9s par un juge r\u00e9gional sont dor\u00e9navant admissibles et peuvent b\u00e9n\u00e9ficier d'une recommandation en vue du Festival de musique national de la FCFM.<\/p>\n<p>Cette cat\u00e9gorie d'adh\u00e9sion et ce volet r\u00e9gional de qualification garantissent que les jeunes musiciens amateurs du Canada, d'un oc\u00e9an \u00e0 l'autre, peuvent prendre part \u00e0 un concours sur une sc\u00e8ne nationale.<\/p>\n<\/div><\/div><\/div><div id=\"pgc-6948-1-2\"  class=\"panel-grid-cell panel-grid-cell-empty\" ><\/div><div id=\"pgc-6948-1-3\"  class=\"panel-grid-cell panel-grid-cell-mobile-last\" ><div id=\"panel-6948-1-3-0\" class=\"so-panel widget widget_virtue_about_with_image virtue_about_with_image panel-first-child\" data-index=\"5\" ><div class=\"kad_img_upload_widget kt-shape-type-kt-image-shape-standard kt-image-align-center kt-image-widget-widget-1-3-0\"><a href=\"https:\/\/fcmf.org\/wp-content\/uploads\/2022\/12\/2019-Final-Concert-Chamber-153-scaled.jpg\" rel=\"lightbox\"><div class=\"kt-image-contain kt-image-shadow-none kt-image-shape-standard\"><div class=\"kt-image-inner-contain\"><img decoding=\"async\" src=\"https:\/\/fcmf.org\/wp-content\/uploads\/2022\/12\/2019-Final-Concert-Chamber-153-scaled.jpg\" alt=\"\t\t\t\t\t\t\t\t \t\t\"><\/div><\/div><\/a><div class=\"virtue_image_widget_caption kadence_image_widget_caption\">\t\t\t\t\t\t\t\t \t\t<\/div><\/div><\/div><div id=\"panel-6948-1-3-1\" class=\"so-panel widget widget_virtue_about_with_image virtue_about_with_image\" data-index=\"6\" ><div class=\"kad_img_upload_widget kt-shape-type-kt-image-shape-standard kt-image-align-center kt-image-widget-widget-1-3-1\"><a href=\"https:\/\/fcmf.org\/wp-content\/uploads\/2025\/11\/FMCF_Voice-6-scaled.jpeg\" rel=\"lightbox\"><div class=\"kt-image-contain kt-image-shadow-none kt-image-shape-standard\"><div class=\"kt-image-inner-contain\"><img decoding=\"async\" src=\"https:\/\/fcmf.org\/wp-content\/uploads\/2025\/11\/FMCF_Voice-6-scaled.jpeg\" alt=\"\t\t\t\t\t\t\t\t \t\t\t\t\t\t\t\t \t\t\t\t\"><\/div><\/div><\/a><div class=\"virtue_image_widget_caption kadence_image_widget_caption\">\t\t\t\t\t\t\t\t \t\t\t\t\t\t\t\t \t\t\t\t<\/div><\/div><\/div><div id=\"panel-6948-1-3-2\" class=\"so-panel widget widget_virtue_about_with_image virtue_about_with_image panel-last-child\" data-index=\"7\" ><div class=\"kad_img_upload_widget kt-shape-type-kt-image-shape-standard kt-image-align-center kt-image-widget-widget-1-3-2\"><a href=\"https:\/\/fcmf.org\/wp-content\/uploads\/2022\/12\/2019-Master-Class-064-scaled.jpg\" rel=\"lightbox\"><div class=\"kt-image-contain kt-image-shadow-none kt-image-shape-standard\"><div class=\"kt-image-inner-contain\"><img decoding=\"async\" src=\"https:\/\/fcmf.org\/wp-content\/uploads\/2022\/12\/2019-Master-Class-064-scaled.jpg\" alt=\"\t\t\t\t\t\t\t\t \t\t\"><\/div><\/div><\/a><div class=\"virtue_image_widget_caption kadence_image_widget_caption\">\t\t\t\t\t\t\t\t \t\t<\/div><\/div><\/div><\/div><div id=\"pgc-6948-1-4\"  class=\"panel-grid-cell panel-grid-cell-empty\" ><\/div><\/div><\/div><div id=\"pg-6948-2\"  class=\"panel-grid panel-no-style\" ><div id=\"pgc-6948-2-0\"  class=\"panel-grid-cell panel-grid-cell-empty\" ><\/div><\/div><div id=\"pg-6948-3\"  class=\"panel-grid panel-has-style\" ><div style=\"border-top: 0px solid; border-bottom: 0px solid; \" class=\"panel-row-style panel-row-style-for-6948-3\" ><div id=\"pgc-6948-3-0\"  class=\"panel-grid-cell\" ><div id=\"panel-6948-3-0-0\" class=\"so-panel widget widget_sow-button panel-first-child panel-last-child\" data-index=\"8\" ><div\n\t\t\t\n\t\t\tclass=\"so-widget-sow-button so-widget-sow-button-flat-10268f75c5e3-6948\"\n\t\t\t\n\t\t><div class=\"ow-button-base ow-button-align-center\"\n>\n\t\t\t<a\n\t\t\t\t\thref=\"https:\/\/fcmf.org\/fr\/repertoire\/\"\n\t\t\t\t\tclass=\"sowb-button ow-icon-placement-left ow-button-hover\" target=\"_blank\" rel=\"noopener noreferrer\" \t>\n\t\t<span>\n\t\t\t\n\t\t\tVous ne savez pas si votre festival r\u00e9gional est affili\u00e9 ?  V\u00e9rifiez ici\t\t<\/span>\n\t\t\t<\/a>\n\t<\/div>\n<\/div><\/div><\/div><\/div><\/div><div id=\"pg-6948-4\"  class=\"panel-grid panel-has-style\" ><div style=\"border-top: 0px solid; border-bottom: 0px solid; \" class=\"panel-row-style panel-row-style-for-6948-4\" ><div id=\"pgc-6948-4-0\"  class=\"panel-grid-cell\" ><div id=\"panel-6948-4-0-0\" class=\"so-panel widget widget_sow-button panel-first-child panel-last-child\" data-index=\"9\" ><div\n\t\t\t\n\t\t\tclass=\"so-widget-sow-button so-widget-sow-button-flat-8ebb4bdb9112-6948\"\n\t\t\t\n\t\t><div class=\"ow-button-base ow-button-align-center\"\n>\n\t\t\t<a\n\t\t\t\t\thref=\"https:\/\/fcmf.org\/fr\/fmn-volets-de-programme\/\"\n\t\t\t\t\tclass=\"sowb-button ow-icon-placement-left ow-button-hover\" target=\"_blank\" rel=\"noopener noreferrer\" \t>\n\t\t<span>\n\t\t\t\n\t\t\tInformation sur les volets de programme de la FCFM\t\t<\/span>\n\t\t\t<\/a>\n\t<\/div>\n<\/div><\/div><\/div><div id=\"pgc-6948-4-1\"  class=\"panel-grid-cell\" ><div id=\"panel-6948-4-1-0\" class=\"so-panel widget widget_sow-button panel-first-child panel-last-child\" data-index=\"10\" ><div\n\t\t\t\n\t\t\tclass=\"so-widget-sow-button so-widget-sow-button-flat-71581aa85593-6948\"\n\t\t\t\n\t\t><div class=\"ow-button-base ow-button-align-center\"\n>\n\t\t\t<a\n\t\t\t\t\thref=\"https:\/\/fcmf.org\/fr\/festival-de-musique-national-2026\/\"\n\t\t\t\t\tclass=\"sowb-button ow-icon-placement-left ow-button-hover\" target=\"_blank\" rel=\"noopener noreferrer\" \t>\n\t\t<span>\n\t\t\t\n\t\t\tVolet de qualification r\u00e9gional 2026\t\t<\/span>\n\t\t\t<\/a>\n\t<\/div>\n<\/div><\/div><\/div><div id=\"pgc-6948-4-2\"  class=\"panel-grid-cell\" ><div id=\"panel-6948-4-2-0\" class=\"so-panel widget widget_sow-button panel-first-child panel-last-child\" data-index=\"11\" ><div\n\t\t\t\n\t\t\tclass=\"so-widget-sow-button so-widget-sow-button-flat-8ebb4bdb9112-6948\"\n\t\t\t\n\t\t><div class=\"ow-button-base ow-button-align-center\"\n>\n\t\t\t<a\n\t\t\t\t\thref=\"https:\/\/fcmf.org\/fr\/reglements-officiels\/\"\n\t\t\t\t\tclass=\"sowb-button ow-icon-placement-left ow-button-hover\" target=\"_blank\" rel=\"noopener noreferrer\" \t>\n\t\t<span>\n\t\t\t\n\t\t\tLe programme et les r\u00e8glements officiels pour le VQR\t\t<\/span>\n\t\t\t<\/a>\n\t<\/div>\n<\/div><\/div><\/div><\/div><\/div><div id=\"pg-6948-5\"  class=\"panel-grid panel-no-style\" ><div id=\"pgc-6948-5-0\"  class=\"panel-grid-cell\" ><div id=\"panel-6948-5-0-0\" class=\"so-panel widget widget_virtue_about_with_image virtue_about_with_image panel-first-child panel-last-child\" data-index=\"12\" ><div class=\"kad_img_upload_widget kt-shape-type-kt-image-shape-standard kt-image-align-center kt-image-widget-widget-5-0-0\"><a href=\"https:\/\/fcmf.org\/fr\/wp-content\/uploads\/2023\/01\/Screen-Shot-2023-01-11-at-4.09.06-PM.png\" rel=\"lightbox\"><div class=\"kt-image-contain kt-image-shadow-none kt-image-shape-standard\"><div class=\"kt-image-inner-contain\"><img loading=\"lazy\" decoding=\"async\" width=\"1024\" height=\"603\" src=\"https:\/\/fcmf.org\/fr\/wp-content\/uploads\/2023\/01\/Screen-Shot-2023-01-11-at-4.09.06-PM-1024x603.png\" class=\"attachment-large size-large\" alt=\"\t\t\t\t\t\t\t\t \t\t\" srcset=\"https:\/\/fcmf.org\/fr\/wp-content\/uploads\/2023\/01\/Screen-Shot-2023-01-11-at-4.09.06-PM-1024x603.png 1024w, https:\/\/fcmf.org\/fr\/wp-content\/uploads\/2023\/01\/Screen-Shot-2023-01-11-at-4.09.06-PM-300x177.png 300w, https:\/\/fcmf.org\/fr\/wp-content\/uploads\/2023\/01\/Screen-Shot-2023-01-11-at-4.09.06-PM-768x452.png 768w, https:\/\/fcmf.org\/fr\/wp-content\/uploads\/2023\/01\/Screen-Shot-2023-01-11-at-4.09.06-PM-1536x904.png 1536w, https:\/\/fcmf.org\/fr\/wp-content\/uploads\/2023\/01\/Screen-Shot-2023-01-11-at-4.09.06-PM.png 1818w\" sizes=\"auto, (max-width: 1024px) 100vw, 1024px\" \/><\/div><\/div><\/a><div class=\"virtue_image_widget_caption kadence_image_widget_caption\">\t\t\t\t\t\t\t\t \t\t<\/div><\/div><\/div><\/div><\/div><\/div>","protected":false},"excerpt":{"rendered":"<p>VOULEZ-VOUS AJOUTER DE LA VALEUR POUR VOS CONCURRENTS? Affiliez vous \u00e0 la FCFM pour offrir des opportunit\u00e9s nationales! Volet d&#8217;adh\u00e9sion r\u00e9gional Barrie Kiwanis Music Festival, Barrie, ON International Music Festival and Competition, Markham, ON Southeastern Manitoba Music Festival (Steinbach), MB &hellip; <a class=\"kt-excerpt-readmore\" href=\"https:\/\/fcmf.org\/fr\/volet-regional-dadhesion\/\" aria-label=\"Volet r\u00e9gional d&#8217;adh\u00e9sion et de qualification\">Read More<\/a><\/p>\n","protected":false},"author":3,"featured_media":0,"parent":0,"menu_order":0,"comment_status":"closed","ping_status":"closed","template":"page-fullwidth.php","meta":{"footnotes":""},"class_list":["post-6948","page","type-page","status-publish","hentry"],"_links":{"self":[{"href":"https:\/\/fcmf.org\/fr\/wp-json\/wp\/v2\/pages\/6948","targetHints":{"allow":["GET"]}}],"collection":[{"href":"https:\/\/fcmf.org\/fr\/wp-json\/wp\/v2\/pages"}],"about":[{"href":"https:\/\/fcmf.org\/fr\/wp-json\/wp\/v2\/types\/page"}],"author":[{"embeddable":true,"href":"https:\/\/fcmf.org\/fr\/wp-json\/wp\/v2\/users\/3"}],"replies":[{"embeddable":true,"href":"https:\/\/fcmf.org\/fr\/wp-json\/wp\/v2\/comments?post=6948"}],"version-history":[{"count":0,"href":"https:\/\/fcmf.org\/fr\/wp-json\/wp\/v2\/pages\/6948\/revisions"}],"wp:attachment":[{"href":"https:\/\/fcmf.org\/fr\/wp-json\/wp\/v2\/media?parent=6948"}],"curies":[{"name":"wp","href":"https:\/\/api.w.org\/{rel}","templated":true}]}}