{"id":6911,"date":"2022-12-07T11:36:27","date_gmt":"2022-12-07T15:36:27","guid":{"rendered":"https:\/\/fcmf.org\/fr\/?page_id=6911"},"modified":"2024-08-15T12:45:14","modified_gmt":"2024-08-15T15:45:14","slug":"volet-de-qualification-regional-2023","status":"publish","type":"page","link":"https:\/\/fcmf.org\/fr\/volet-de-qualification-regional-2023\/","title":{"rendered":"Volet de qualification r\u00e9gional 2023"},"content":{"rendered":"<div id=\"pl-6911\"  class=\"panel-layout\" ><div id=\"pg-6911-0\"  class=\"panel-grid panel-has-style\" ><div class=\"panel-widget-style panel-row-style panel-row-style-for-6911-0\" style=\"border-top: 0px solid; border-bottom: 0px solid; \" ><div id=\"pgc-6911-0-0\"  class=\"panel-grid-cell panel-grid-cell-empty\" ><\/div><div id=\"pgc-6911-0-1\"  class=\"panel-grid-cell\" ><div id=\"panel-6911-0-1-0\" class=\"so-panel widget widget_black-studio-tinymce widget_black_studio_tinymce panel-first-child panel-last-child\" data-index=\"0\" ><div class=\"textwidget\"><h5 style=\"text-align: center;\">Volet de qualification\u00a0r\u00e9gional\u00a0en vue du Festival de musique national de la FCFM<\/h5>\n<h5 style=\"text-align: center;\">12 au 16 juin 2023\u00a0 \u00a0|\u00a0 \u00a0Concours virtuel<\/h5>\n<h5 style=\"text-align: center;\"><a href=\"https:\/\/fcmf.org\/wp-content\/uploads\/2023\/06\/2023-LSQR-Competition-Program_Final.pdf\">Le Programme de concours<\/a><\/h5>\n<h5 style=\"text-align: center;\"><a href=\"https:\/\/fcmf.org\/2023-lsqr-adjudicators-juges-vqr\/\">Les Juges<\/a><\/h5>\n<h5 style=\"text-align: center;\"><a href=\"https:\/\/fcmf.smugmug.com\/Virtual-2023\/2023-LSQR\">Photos<\/a><\/h5>\n<\/div><\/div><\/div><div id=\"pgc-6911-0-2\"  class=\"panel-grid-cell\" ><div id=\"panel-6911-0-2-0\" class=\"so-panel widget widget_virtue_about_with_image virtue_about_with_image panel-first-child panel-last-child\" data-index=\"1\" ><div class=\"kad_img_upload_widget kt-shape-type-kt-image-shape-standard kt-image-align-center kt-image-widget-widget-0-2-0\"><a href=\"https:\/\/www.canadahelps.org\/fr\/dn\/6948\" target=\"_blank\"><div class=\"kt-image-contain kt-image-shadow-none kt-image-shape-standard\"><div class=\"kt-image-inner-contain\"><img loading=\"lazy\" decoding=\"async\" width=\"231\" height=\"120\" src=\"https:\/\/fcmf.org\/fr\/wp-content\/uploads\/2022\/01\/canadon_logo-4.png\" class=\"attachment-medium size-medium\" alt=\"\t\t\t\t\t\t\t\t \t\t\t\t\t\t\t\t \t\t\t\t\t\t\t\t \t\t\t\t\t\t\" \/><\/div><\/div><\/a><div class=\"virtue_image_widget_caption kadence_image_widget_caption\">\t\t\t\t\t\t\t\t \t\t\t\t\t\t\t\t \t\t\t\t\t\t\t\t \t\t\t\t\t\t<\/div><\/div><\/div><\/div><\/div><\/div><div id=\"pg-6911-1\"  class=\"panel-grid panel-no-style\" ><div id=\"pgc-6911-1-0\"  class=\"panel-grid-cell\" ><div id=\"panel-6911-1-0-0\" class=\"so-panel widget widget_media_video panel-first-child panel-last-child\" data-index=\"2\" ><div style=\"width:100%;\" class=\"wp-video\"><video class=\"wp-video-shortcode\" id=\"video-6911-1\" preload=\"metadata\" controls=\"controls\"><source type=\"video\/youtube\" src=\"https:\/\/youtu.be\/WdJZLoOFYUg?_=1\" \/><a href=\"https:\/\/youtu.be\/WdJZLoOFYUg\">https:\/\/youtu.be\/WdJZLoOFYUg<\/a><\/video><\/div><\/div><\/div><div id=\"pgc-6911-1-1\"  class=\"panel-grid-cell\" ><div id=\"panel-6911-1-1-0\" class=\"so-panel widget widget_media_video panel-first-child panel-last-child\" data-index=\"3\" ><div style=\"width:100%;\" class=\"wp-video\"><video class=\"wp-video-shortcode\" id=\"video-6911-2\" preload=\"metadata\" controls=\"controls\"><source type=\"video\/youtube\" src=\"https:\/\/youtu.be\/EiHLFi-J55I?_=2\" \/><a href=\"https:\/\/youtu.be\/EiHLFi-J55I\">https:\/\/youtu.be\/EiHLFi-J55I<\/a><\/video><\/div><\/div><\/div><div id=\"pgc-6911-1-2\"  class=\"panel-grid-cell\" ><div id=\"panel-6911-1-2-0\" class=\"so-panel widget widget_media_video panel-first-child panel-last-child\" data-index=\"4\" ><div style=\"width:100%;\" class=\"wp-video\"><video class=\"wp-video-shortcode\" id=\"video-6911-3\" preload=\"metadata\" controls=\"controls\"><source type=\"video\/youtube\" src=\"https:\/\/youtu.be\/OSvvZBsA4AA?_=3\" \/><a href=\"https:\/\/youtu.be\/OSvvZBsA4AA\">https:\/\/youtu.be\/OSvvZBsA4AA<\/a><\/video><\/div><\/div><\/div><\/div><div id=\"pg-6911-2\"  class=\"panel-grid panel-has-style\" ><div class=\"panel-widget-style panel-row-style panel-row-style-for-6911-2\" style=\"border-top: 0px solid; border-bottom: 0px solid; \" ><div id=\"pgc-6911-2-0\"  class=\"panel-grid-cell panel-grid-cell-empty\" ><\/div><div id=\"pgc-6911-2-1\"  class=\"panel-grid-cell panel-grid-cell-mobile-last\" ><div id=\"panel-6911-2-1-0\" class=\"so-panel widget widget_black-studio-tinymce widget_black_studio_tinymce panel-first-child\" data-index=\"5\" ><div class=\"textwidget\"><p><em>\"Le Greater Victoria Performing Arts Festival (qui en est \u00e0 sa 96e ann\u00e9e d'existence) est ravi de participer \u00e0 nouveau au Festival de musique national de la F\u00e9d\u00e9ration canadienne des festivals de musique dans le cadre du volet de qualification r\u00e9gional.\u00a0 Le GVPAF envoie des interpr\u00e8tes au Festival de musique national depuis des d\u00e9cennies, et bon nombre d'entre eux ont \u00e9t\u00e9 r\u00e9compens\u00e9s lors du Festival de musique national. Nous sommes tr\u00e8s heureux de pouvoir poursuivre notre association avec la FCFM\".<\/em><\/p>\n<p style=\"text-align: right;\">\u00a0 \u00a0 \u00a0 \u00a0 \u00a0 \u00a0 \u00a0 \u00a0 \u00a0 \u00a0 \u00a0 \u00a0 \u00a0 \u00a0 \u00a0 \u00a0 \u00a0 \u00a0 \u00a0 \u00a0 \u00a0 \u00a0 \u00a0 \u00a0 \u00a0 \u00a0 \u00a0 \u00a0 \u00a0 \u00a0 \u00a0 \u00a0 \u00a0 \u00a0Conseil d'administration du GVPAF<\/p>\n<\/div><\/div><div id=\"panel-6911-2-1-1\" class=\"so-panel widget widget_black-studio-tinymce widget_black_studio_tinymce panel-last-child\" data-index=\"6\" ><div class=\"textwidget\"><h5 style=\"text-align: center;\"><a href=\"https:\/\/fcmf.org\/fr\/wp-content\/uploads\/2022\/11\/2023-Le-programme-et-ls-reglements-officiels_VQR-de-la-FCFM.pdf\">2023 Le programme et les r\u00e8glements officiels pour VQR<\/a><\/h5>\n<p style=\"text-align: center;\"><span style=\"text-align: center;\">Pour plus de renseignements:<\/span><br \/>\nBarbara Long (506) 245-1689<br \/>\n<a href=\"mailto:info@fcmf.org\">info@fcmf.org<\/a><\/p>\n<\/div><\/div><\/div><div id=\"pgc-6911-2-2\"  class=\"panel-grid-cell panel-grid-cell-empty\" ><\/div><\/div><\/div><div id=\"pg-6911-3\"  class=\"panel-grid panel-has-style\" ><div class=\"panel-widget-style panel-row-style panel-row-style-for-6911-3\" style=\"border-top: 0px solid; border-bottom: 0px solid; \" ><div id=\"pgc-6911-3-0\"  class=\"panel-grid-cell panel-grid-cell-empty\" ><\/div><div id=\"pgc-6911-3-1\"  class=\"panel-grid-cell panel-grid-cell-mobile-last\" ><div id=\"panel-6911-3-1-0\" class=\"so-panel widget widget_sow-button panel-first-child\" data-index=\"7\" ><div\n\t\t\t\n\t\t\tclass=\"so-widget-sow-button so-widget-sow-button-flat-64aa7e5f4c6d-6911\"\n\t\t\t\n\t\t><div class=\"ow-button-base ow-button-align-center\"\n>\n\t\t\t<a\n\t\t\t\t\thref=\"https:\/\/fcmf.org\/fr\/volet-regional-dadhesion\/\"\n\t\t\t\t\tclass=\"sowb-button ow-icon-placement-left ow-button-hover\" target=\"_blank\" rel=\"noopener noreferrer\" \t>\n\t\t<span>\n\t\t\t\n\t\t\tInt\u00e9ress\u00e9 par le volet r\u00e9gional d'adh\u00e9sion et de qualification?\t\t<\/span>\n\t\t\t<\/a>\n\t<\/div>\n<\/div><\/div><div id=\"panel-6911-3-1-1\" class=\"so-panel widget widget_sow-button\" data-index=\"8\" ><div\n\t\t\t\n\t\t\tclass=\"so-widget-sow-button so-widget-sow-button-flat-64aa7e5f4c6d-6911\"\n\t\t\t\n\t\t><div class=\"ow-button-base ow-button-align-center\"\n>\n\t\t\t<a\n\t\t\t\t\thref=\"https:\/\/fcmf.org\/fr\/fmn-volets-de-programme\/\"\n\t\t\t\t\tclass=\"sowb-button ow-icon-placement-left ow-button-hover\" target=\"_blank\" rel=\"noopener noreferrer\" \t>\n\t\t<span>\n\t\t\t\n\t\t\tVous souhaitez ajouter de la valeur pour les participants de votre festival ?\t\t<\/span>\n\t\t\t<\/a>\n\t<\/div>\n<\/div><\/div><div id=\"panel-6911-3-1-2\" class=\"so-panel widget widget_sow-button panel-last-child\" data-index=\"9\" ><div\n\t\t\t\n\t\t\tclass=\"so-widget-sow-button so-widget-sow-button-flat-64aa7e5f4c6d-6911\"\n\t\t\t\n\t\t><div class=\"ow-button-base ow-button-align-center\"\n>\n\t\t\t<a\n\t\t\t\t\thref=\"https:\/\/fcmf.org\/fr\/repertoire\/\"\n\t\t\t\t\tclass=\"sowb-button ow-icon-placement-left ow-button-hover\" target=\"_blank\" rel=\"noopener noreferrer\" \t>\n\t\t<span>\n\t\t\t\n\t\t\tVous ne savez pas si votre festival est affili\u00e9 ? V\u00e9rifiez ici\t\t<\/span>\n\t\t\t<\/a>\n\t<\/div>\n<\/div><\/div><\/div><div id=\"pgc-6911-3-2\"  class=\"panel-grid-cell panel-grid-cell-empty\" ><\/div><\/div><\/div><\/div>","protected":false},"excerpt":{"rendered":"<p>Volet de qualification\u00a0r\u00e9gional\u00a0en vue du Festival de musique national de la FCFM 12 au 16 juin 2023\u00a0 \u00a0|\u00a0 \u00a0Concours virtuel Le Programme de concours Les Juges Photos<\/p>\n","protected":false},"author":3,"featured_media":0,"parent":0,"menu_order":0,"comment_status":"closed","ping_status":"closed","template":"page-fullwidth.php","meta":{"footnotes":""},"class_list":["post-6911","page","type-page","status-publish","hentry"],"_links":{"self":[{"href":"https:\/\/fcmf.org\/fr\/wp-json\/wp\/v2\/pages\/6911","targetHints":{"allow":["GET"]}}],"collection":[{"href":"https:\/\/fcmf.org\/fr\/wp-json\/wp\/v2\/pages"}],"about":[{"href":"https:\/\/fcmf.org\/fr\/wp-json\/wp\/v2\/types\/page"}],"author":[{"embeddable":true,"href":"https:\/\/fcmf.org\/fr\/wp-json\/wp\/v2\/users\/3"}],"replies":[{"embeddable":true,"href":"https:\/\/fcmf.org\/fr\/wp-json\/wp\/v2\/comments?post=6911"}],"version-history":[{"count":0,"href":"https:\/\/fcmf.org\/fr\/wp-json\/wp\/v2\/pages\/6911\/revisions"}],"wp:attachment":[{"href":"https:\/\/fcmf.org\/fr\/wp-json\/wp\/v2\/media?parent=6911"}],"curies":[{"name":"wp","href":"https:\/\/api.w.org\/{rel}","templated":true}]}}