{"id":6902,"date":"2022-12-07T11:13:40","date_gmt":"2022-12-07T15:13:40","guid":{"rendered":"https:\/\/fcmf.org\/fr\/?page_id=6902"},"modified":"2025-03-22T14:56:46","modified_gmt":"2025-03-22T17:56:46","slug":"festival-de-musique-national-2023","status":"publish","type":"page","link":"https:\/\/fcmf.org\/fr\/festival-de-musique-national-2023\/","title":{"rendered":"Festival de musique national 2023"},"content":{"rendered":"<div id=\"pl-6902\"  class=\"panel-layout\" ><div id=\"pg-6902-0\"  class=\"panel-grid panel-no-style\" ><div id=\"pgc-6902-0-0\"  class=\"panel-grid-cell panel-grid-cell-empty\" ><\/div><div id=\"pgc-6902-0-1\"  class=\"panel-grid-cell\" ><div id=\"panel-6902-0-1-0\" class=\"so-panel widget widget_black-studio-tinymce widget_black_studio_tinymce panel-first-child panel-last-child\" data-index=\"0\" ><div class=\"textwidget\"><h5 style=\"text-align: center;\"><strong>Festival de musique national 2023 de la FCFM\u00a0<\/strong><\/h5>\n<h5 style=\"text-align: center;\"><strong>13 juillet au 6 ao\u00fbt 2023<\/strong><\/h5>\n<h5 style=\"text-align: center;\"><a href=\"https:\/\/fcmf.org\/wp-content\/uploads\/2023\/07\/2023-National-Music-Festival_Final-with-cover_low-res.pdf\">Programme du concours\u00a0<\/a> \u00a0 \u00a0<a href=\"https:\/\/drive.google.com\/file\/d\/1g0WHK3as3xTz5p2ynFK10ztBxHu9lNLz\/view?usp=sharing\">Les Juges<\/a><\/h5>\n<h5 style=\"text-align: center;\"><a href=\"https:\/\/fcmf.smugmug.com\/Virtual-2023\">Photos - Composites des cat\u00e9gories\u00a0 et Composites provinciaux<\/a><\/h5>\n<h5 style=\"text-align: center;\"><a href=\"https:\/\/fcmf.org\/fr\/wp-content\/uploads\/2023\/08\/Resultats-du-Festival-de-musique-national-2023_Communique-de-presse_.pdf\">Communiqu\u00e9 de presse<\/a><\/h5>\n<h5 style=\"text-align: center;\"><a href=\"https:\/\/fcmf.org\/fr\/wp-content\/uploads\/2023\/02\/Sommaire-de-la-programmation-2023-des-volets-du-Festival-de-musique-national-de-la-FCFM.pdf\">Sommaire de la programmation 2023 des volets du Festival de musique national de la FCFM<\/a><\/h5>\n<\/div><\/div><\/div><div id=\"pgc-6902-0-2\"  class=\"panel-grid-cell\" ><div id=\"panel-6902-0-2-0\" class=\"so-panel widget widget_virtue_about_with_image virtue_about_with_image panel-first-child panel-last-child\" data-index=\"1\" ><div class=\"kad_img_upload_widget kt-shape-type-kt-image-shape-standard kt-image-align-center kt-image-widget-widget-0-2-0\"><a href=\"https:\/\/www.canadahelps.org\/fr\/dn\/6948\" target=\"_blank\"><div class=\"kt-image-contain kt-image-shadow-none kt-image-shape-standard\"><div class=\"kt-image-inner-contain\"><img loading=\"lazy\" decoding=\"async\" width=\"231\" height=\"120\" src=\"https:\/\/fcmf.org\/fr\/wp-content\/uploads\/2022\/01\/canadon_logo-4.png\" class=\"attachment-medium size-medium\" alt=\"\t\t\t\t\t\t\t\t \t\t\t\t\t\t\t\t \t\t\t\t\" \/><\/div><\/div><\/a><div class=\"virtue_image_widget_caption kadence_image_widget_caption\">\t\t\t\t\t\t\t\t \t\t\t\t\t\t\t\t \t\t\t\t<\/div><\/div><\/div><\/div><\/div><div id=\"pg-6902-1\"  class=\"panel-grid panel-no-style\" ><div id=\"pgc-6902-1-0\"  class=\"panel-grid-cell panel-grid-cell-empty\" ><\/div><div id=\"pgc-6902-1-1\"  class=\"panel-grid-cell\" ><div id=\"panel-6902-1-1-0\" class=\"so-panel widget widget_media_video panel-first-child panel-last-child\" data-index=\"2\" ><div style=\"width:100%;\" class=\"wp-video\"><video class=\"wp-video-shortcode\" id=\"video-6902-1\" preload=\"metadata\" controls=\"controls\"><source type=\"video\/youtube\" src=\"https:\/\/www.youtube.com\/watch?v=ISuJEq8-6vE&#038;_=1\" \/><a href=\"https:\/\/www.youtube.com\/watch?v=ISuJEq8-6vE\">https:\/\/www.youtube.com\/watch?v=ISuJEq8-6vE<\/a><\/video><\/div><\/div><\/div><div id=\"pgc-6902-1-2\"  class=\"panel-grid-cell panel-grid-cell-empty\" ><\/div><div id=\"pgc-6902-1-3\"  class=\"panel-grid-cell panel-grid-cell-mobile-last\" ><div id=\"panel-6902-1-3-0\" class=\"so-panel widget widget_media_video panel-first-child panel-last-child\" data-index=\"3\" ><div style=\"width:100%;\" class=\"wp-video\"><video class=\"wp-video-shortcode\" id=\"video-6902-2\" preload=\"metadata\" controls=\"controls\"><source type=\"video\/youtube\" src=\"https:\/\/www.youtube.com\/watch?v=xW49ByerXnM&#038;_=2\" \/><a href=\"https:\/\/www.youtube.com\/watch?v=xW49ByerXnM\">https:\/\/www.youtube.com\/watch?v=xW49ByerXnM<\/a><\/video><\/div><\/div><\/div><div id=\"pgc-6902-1-4\"  class=\"panel-grid-cell panel-grid-cell-empty\" ><\/div><\/div><div id=\"pg-6902-2\"  class=\"panel-grid panel-no-style\" ><div id=\"pgc-6902-2-0\"  class=\"panel-grid-cell panel-grid-cell-empty\" ><\/div><div id=\"pgc-6902-2-1\"  class=\"panel-grid-cell\" ><div id=\"panel-6902-2-1-0\" class=\"so-panel widget widget_sow-image panel-first-child panel-last-child\" data-index=\"4\" ><div\n\t\t\t\n\t\t\tclass=\"so-widget-sow-image so-widget-sow-image-default-8b5b6f678277-6902\"\n\t\t\t\n\t\t>\n<div class=\"sow-image-container\">\n\t\t<img \n\tsrc=\"https:\/\/fcmf.org\/fr\/wp-content\/uploads\/2023\/07\/VM-laughing-low-res-1024x768.jpg\" width=\"1024\" height=\"768\" srcset=\"https:\/\/fcmf.org\/fr\/wp-content\/uploads\/2023\/07\/VM-laughing-low-res-1024x768.jpg 1024w, https:\/\/fcmf.org\/fr\/wp-content\/uploads\/2023\/07\/VM-laughing-low-res-300x225.jpg 300w, https:\/\/fcmf.org\/fr\/wp-content\/uploads\/2023\/07\/VM-laughing-low-res-768x576.jpg 768w, https:\/\/fcmf.org\/fr\/wp-content\/uploads\/2023\/07\/VM-laughing-low-res-1536x1152.jpg 1536w, https:\/\/fcmf.org\/fr\/wp-content\/uploads\/2023\/07\/VM-laughing-low-res-2048x1536.jpg 2048w\" sizes=\"(max-width: 1024px) 100vw, 1024px\" title=\"VM laughing low res\" alt=\"\" \t\tclass=\"so-widget-image\"\/>\n\t<\/div>\n\n<\/div><\/div><\/div><div id=\"pgc-6902-2-2\"  class=\"panel-grid-cell panel-grid-cell-mobile-last\" ><div id=\"panel-6902-2-2-0\" class=\"so-panel widget widget_black-studio-tinymce widget_black_studio_tinymce panel-first-child panel-last-child\" data-index=\"5\" ><div class=\"textwidget\"><p><strong>Webinar de perfectionnement professionnel - samedi 29 juillet \u00e0 19h HAA<br \/>\n<\/strong><\/p>\n<p><strong>\u00a0Autres comp\u00e9tences : Bo\u00eete \u00e0 outils du musicien actif<\/strong><\/p>\n<p>Pr\u00e9sent\u00e9 par Ventus Machina (<a href=\"http:\/\/ventusmachina.com\">ventusmachina.com<\/a>)<\/p>\n<p>Les membres du tr\u00e8s r\u00e9put\u00e9 quintette \u00e0 vent Ventus Machina feront d\u00e9couvrir aux participants les nombreuses comp\u00e9tences qu'ils ont acquises et continuent \u00e0 perfectionner\u00a0 pour survivre et prosp\u00e9rer en tant qu'artistes et enseignants,\u00a0au-del\u00e0\u00a0de ce qu'ils ont appris dans des salles de classe ou de pratique. Empreinte d'exp\u00e9riences personnelles et d'id\u00e9es pratiques, cet atelier abordera des sujets comme les organismes de financement, l'enregistrement, les demandes de financement, la conception de site Web, les relations publiques, la commercialisation et bien plus encore.<\/p>\n<\/div><\/div><\/div><div id=\"pgc-6902-2-3\"  class=\"panel-grid-cell panel-grid-cell-empty\" ><\/div><\/div><div id=\"pg-6902-3\"  class=\"panel-grid panel-no-style\" ><div id=\"pgc-6902-3-0\"  class=\"panel-grid-cell panel-grid-cell-empty\" ><\/div><div id=\"pgc-6902-3-1\"  class=\"panel-grid-cell panel-grid-cell-mobile-last\" ><div id=\"panel-6902-3-1-0\" class=\"so-panel widget widget_black-studio-tinymce widget_black_studio_tinymce panel-first-child\" data-index=\"6\" ><div class=\"textwidget\"><p style=\"text-align: center;\">Webinares de perfectionnement professionnel pour les concurrents commandit\u00e9 par<\/p>\n<\/div><\/div><div id=\"panel-6902-3-1-1\" class=\"so-panel widget widget_sow-image panel-last-child\" data-index=\"7\" ><div\n\t\t\t\n\t\t\tclass=\"so-widget-sow-image so-widget-sow-image-default-8b5b6f678277-6902\"\n\t\t\t\n\t\t>\n<div class=\"sow-image-container\">\n\t\t<img \n\tsrc=\"https:\/\/fcmf.org\/fr\/wp-content\/uploads\/2021\/08\/Wade-Wealth-logo-2019_2.jpg\" width=\"663\" height=\"94\" srcset=\"https:\/\/fcmf.org\/fr\/wp-content\/uploads\/2021\/08\/Wade-Wealth-logo-2019_2.jpg 663w, https:\/\/fcmf.org\/fr\/wp-content\/uploads\/2021\/08\/Wade-Wealth-logo-2019_2-300x43.jpg 300w\" sizes=\"(max-width: 663px) 100vw, 663px\" title=\"Wade Wealth logo 2019_2\" alt=\"\" \t\tclass=\"so-widget-image\"\/>\n\t<\/div>\n\n<\/div><\/div><\/div><div id=\"pgc-6902-3-2\"  class=\"panel-grid-cell panel-grid-cell-empty\" ><\/div><\/div><div id=\"pg-6902-4\"  class=\"panel-grid panel-no-style\" ><div id=\"pgc-6902-4-0\"  class=\"panel-grid-cell\" ><div id=\"panel-6902-4-0-0\" class=\"so-panel widget widget_black-studio-tinymce widget_black_studio_tinymce panel-first-child panel-last-child\" data-index=\"8\" ><div class=\"textwidget\"><h5 style=\"text-align: center;\"><strong>Prix<\/strong><\/h5>\n<p>Le laur\u00e9at du\u00a0<strong>Grand Prix de 5\u00a0000\u00a0$ de la fondation NRS<\/strong>\u00a0sera s\u00e9lectionn\u00e9 parmi les laur\u00e9ats des premiers prix du volet Artiste \u00e9mergent dans chacune des huit disciplines - voix, piano, cordes, guitare classique, bois, cuivres, percussion et th\u00e9\u00e2tre musical.<\/p>\n<p><strong>Volet Artiste \u00e9mergent<\/strong>\u00a0\u2013 Les 1er et 2e prix en voix, piano, cordes, guitare classique, bois, cuivres, percussion et th\u00e9\u00e2tre musical \u2013 2\u00a0000\u00a0$ et 1\u00a0500\u00a0$, respectivement.<\/p>\n<p><strong>Volet Artiste en d\u00e9veloppement<\/strong>\u2013 Les 1er et 2e prix en voix, piano, cordes, guitare classique, bois, cuivres, percussion et th\u00e9\u00e2tre musical \u2013\u00a0 500 $ et 250\u00a0$, respectivement.<\/p>\n<p><strong>Volet Enregistr\u00e9<\/strong><br \/>\nLes 1<sup>er<\/sup> prix de la cat\u00e9gorie Ensemble de musique de chambre des niveaux d\u00e9butant, interm\u00e9diaire et avanc\u00e9 \u2013 500\u00a0$<\/p>\n<\/div><\/div><\/div><div id=\"pgc-6902-4-1\"  class=\"panel-grid-cell\" ><div id=\"panel-6902-4-1-0\" class=\"so-panel widget widget_virtue_about_with_image virtue_about_with_image panel-first-child panel-last-child\" data-index=\"9\" ><div class=\"kad_img_upload_widget kt-shape-type-kt-image-shape-standard kt-image-align-center kt-image-widget-widget-4-1-0\"><a href=\"https:\/\/fcmf.org\/fr\/wp-content\/uploads\/2023\/07\/FR_Thank-You-NRS-Foundation-2023.png\" rel=\"lightbox\"><div class=\"kt-image-contain kt-image-shadow-none kt-image-shape-standard\"><div class=\"kt-image-inner-contain\"><img loading=\"lazy\" decoding=\"async\" width=\"300\" height=\"251\" src=\"https:\/\/fcmf.org\/fr\/wp-content\/uploads\/2023\/07\/FR_Thank-You-NRS-Foundation-2023-300x251.png\" class=\"attachment-medium size-medium\" alt=\"\t\t\t\t\t\t\t\t \t\t\t\t\t\t\t\t \t\t\t\t\t\t\t\t \t\t\t\t\t\t\" srcset=\"https:\/\/fcmf.org\/fr\/wp-content\/uploads\/2023\/07\/FR_Thank-You-NRS-Foundation-2023-300x251.png 300w, https:\/\/fcmf.org\/fr\/wp-content\/uploads\/2023\/07\/FR_Thank-You-NRS-Foundation-2023-768x644.png 768w, https:\/\/fcmf.org\/fr\/wp-content\/uploads\/2023\/07\/FR_Thank-You-NRS-Foundation-2023.png 940w\" sizes=\"auto, (max-width: 300px) 100vw, 300px\" \/><\/div><\/div><\/a><div class=\"virtue_image_widget_caption kadence_image_widget_caption\">\t\t\t\t\t\t\t\t \t\t\t\t\t\t\t\t \t\t\t\t\t\t\t\t \t\t\t\t\t\t<\/div><\/div><\/div><\/div><\/div><div id=\"pg-6902-5\"  class=\"panel-grid panel-no-style\" ><div id=\"pgc-6902-5-0\"  class=\"panel-grid-cell\" ><div id=\"panel-6902-5-0-0\" class=\"so-panel widget widget_black-studio-tinymce widget_black_studio_tinymce panel-first-child panel-last-child\" data-index=\"10\" ><div class=\"textwidget\"><h5 style=\"text-align: center;\"><strong>Opportunit\u00e9s de prestations professionnelles et\/ou d'\u00e9tude<br \/>\npour les gagnants du volet Artiste \u00e9mergent<\/strong><\/h5>\n<p>Merci \u00e0 ces organisations qui s'associent \u00e0 nous pour offrir \u00e0 chaque laur\u00e9at de premier prix du volet Artiste \u00e9mergent une opportunit\u00e9 de prestation et\/ou d'\u00e9tude professionnelle au cours d'une prochaine saison.<\/p>\n<p style=\"padding-left: 40px;\"><strong>Antigonish Performing Arts Series<br \/>\nD\u00e9but Atlantique<\/strong><br \/>\n<strong>Festival of the Sound, Ont.<\/strong><br \/>\n<strong>The Jeffrey Concerts, Ont.<\/strong><br \/>\n<strong>Under the Spire, \u00ce.-P.-\u00c9.<\/strong><br \/>\n<strong>Victoria Summer Music Festival, C.-B.<\/strong><br \/>\n<strong>L\u2019\u00c9t\u00e9 musical de Barachois (NB)\u00a0<\/strong><br \/>\n<strong>La Lunenburg Academy of Music Performance (N.-\u00c9.)<\/strong><\/p>\n<\/div><\/div><\/div><div id=\"pgc-6902-5-1\"  class=\"panel-grid-cell\" ><div id=\"panel-6902-5-1-0\" class=\"so-panel widget widget_virtue_about_with_image virtue_about_with_image panel-first-child panel-last-child\" data-index=\"11\" ><div class=\"kad_img_upload_widget kt-shape-type-kt-image-shape-standard kt-image-align-center kt-image-widget-widget-5-1-0\"><a href=\"https:\/\/fcmf.org\/fr\/wp-content\/uploads\/2022\/08\/Eng_Thank-You-Performance-and-Study-Partners-940-\u00d7-1000-px-1.png\" rel=\"lightbox\"><div class=\"kt-image-contain kt-image-shadow-none kt-image-shape-standard\"><div class=\"kt-image-inner-contain\"><\/div><\/div><\/a><div class=\"virtue_image_widget_caption kadence_image_widget_caption\">\t\t\t\t\t\t\t\t \t\t<\/div><\/div><\/div><\/div><\/div><div id=\"pg-6902-6\"  class=\"panel-grid panel-no-style\" ><div id=\"pgc-6902-6-0\"  class=\"panel-grid-cell panel-grid-cell-empty\" ><\/div><div id=\"pgc-6902-6-1\"  class=\"panel-grid-cell panel-grid-cell-mobile-last\" ><div id=\"panel-6902-6-1-0\" class=\"so-panel widget widget_sow-button panel-first-child panel-last-child\" data-index=\"12\" ><div\n\t\t\t\n\t\t\tclass=\"so-widget-sow-button so-widget-sow-button-flat-f9e38858af9f-6902\"\n\t\t\t\n\t\t><div class=\"ow-button-base ow-button-align-center\"\n>\n\t\t\t<a\n\t\t\t\t\thref=\"https:\/\/fcmf.org\/fr\/fmn-volets-de-programme\/\"\n\t\t\t\t\tclass=\"sowb-button ow-icon-placement-left\" target=\"_blank\" rel=\"noopener noreferrer\" \t>\n\t\t<span>\n\t\t\t\n\t\t\tEn savoir plus sur les volets de notre programmation nationale \t\t<\/span>\n\t\t\t<\/a>\n\t<\/div>\n<\/div><\/div><\/div><div id=\"pgc-6902-6-2\"  class=\"panel-grid-cell panel-grid-cell-empty\" ><\/div><\/div><div id=\"pg-6902-7\"  class=\"panel-grid panel-no-style\" ><div id=\"pgc-6902-7-0\"  class=\"panel-grid-cell\" ><div id=\"panel-6902-7-0-0\" class=\"so-panel widget widget_sow-button panel-first-child panel-last-child\" data-index=\"13\" ><div\n\t\t\t\n\t\t\tclass=\"so-widget-sow-button so-widget-sow-button-flat-f9e38858af9f-6902\"\n\t\t\t\n\t\t><div class=\"ow-button-base ow-button-align-center\"\n>\n\t\t\t<a\n\t\t\t\t\thref=\"https:\/\/fcmf.org\/fr\/repertoire\/\"\n\t\t\t\t\tclass=\"sowb-button ow-icon-placement-left\" target=\"_blank\" rel=\"noopener noreferrer\" \t>\n\t\t<span>\n\t\t\t\n\t\t\tVous ne savez pas si votre festival est affili\u00e9 ? V\u00e9rifiez ici\t\t<\/span>\n\t\t\t<\/a>\n\t<\/div>\n<\/div><\/div><\/div><div id=\"pgc-6902-7-1\"  class=\"panel-grid-cell\" ><div id=\"panel-6902-7-1-0\" class=\"so-panel widget widget_sow-button panel-first-child panel-last-child\" data-index=\"14\" ><div\n\t\t\t\n\t\t\tclass=\"so-widget-sow-button so-widget-sow-button-flat-f9e38858af9f-6902\"\n\t\t\t\n\t\t><div class=\"ow-button-base ow-button-align-center\"\n>\n\t\t\t<a\n\t\t\t\t\thref=\"https:\/\/fcmf.org\/fr\/volet-regional-dadhesion\/\"\n\t\t\t\t\tclass=\"sowb-button ow-icon-placement-left\" target=\"_blank\" rel=\"noopener noreferrer\" \t>\n\t\t<span>\n\t\t\t\n\t\t\tVoulez-vous ajouter de la valeur pour vos concurrents?\t\t<\/span>\n\t\t\t<\/a>\n\t<\/div>\n<\/div><\/div><\/div><\/div><div id=\"pg-6902-8\"  class=\"panel-grid panel-no-style\" ><div id=\"pgc-6902-8-0\"  class=\"panel-grid-cell panel-grid-cell-empty\" ><\/div><div id=\"pgc-6902-8-1\"  class=\"panel-grid-cell panel-grid-cell-mobile-last\" ><div id=\"panel-6902-8-1-0\" class=\"so-panel widget widget_media_video panel-first-child panel-last-child\" data-index=\"15\" ><div class=\"panel-widget-style panel-widget-style-for-6902-8-1-0\" ><h3 class=\"widget-title\">\u00c9coutez ce que nos anciens ont \u00e0 dire sur l&#8217;importance du Festival de musique national de la FCFM<\/h3><div style=\"width:100%;\" class=\"wp-video\"><video class=\"wp-video-shortcode\" id=\"video-6902-3\" preload=\"metadata\" controls=\"controls\"><source type=\"video\/youtube\" src=\"https:\/\/youtu.be\/zR2q_cLIBHk?_=3\" \/><a href=\"https:\/\/youtu.be\/zR2q_cLIBHk\">https:\/\/youtu.be\/zR2q_cLIBHk<\/a><\/video><\/div><\/div><\/div><\/div><div id=\"pgc-6902-8-2\"  class=\"panel-grid-cell panel-grid-cell-empty\" ><\/div><\/div><div id=\"pg-6902-9\"  class=\"panel-grid panel-has-style\" ><div class=\"panel-widget-style panel-row-style panel-row-style-for-6902-9\" ><div id=\"pgc-6902-9-0\"  class=\"panel-grid-cell panel-grid-cell-empty\" ><\/div><div id=\"pgc-6902-9-1\"  class=\"panel-grid-cell panel-grid-cell-empty panel-grid-cell-mobile-last\" ><\/div><div id=\"pgc-6902-9-2\"  class=\"panel-grid-cell panel-grid-cell-empty\" ><\/div><\/div><\/div><div id=\"pg-6902-10\"  class=\"panel-grid panel-no-style\" ><div id=\"pgc-6902-10-0\"  class=\"panel-grid-cell panel-grid-cell-empty\" ><\/div><div id=\"pgc-6902-10-1\"  class=\"panel-grid-cell panel-grid-cell-mobile-last\" ><div id=\"panel-6902-10-1-0\" class=\"so-panel widget widget_black-studio-tinymce widget_black_studio_tinymce panel-first-child panel-last-child\" data-index=\"16\" ><div class=\"textwidget\"><p style=\"text-align: left;\"><strong>La F\u00e9d\u00e9ration canadienne des festivals de musique est engag\u00e9e \u00e0 traiter toutes les personnes avec respect, sans \u00e9gard \u00e0 l'\u00e2ge, au sexe, \u00e0 la race, \u00e0 l'ethnicit\u00e9, \u00e0 la nationalit\u00e9, \u00e0 la langue, \u00e0 la religion ou \u00e0 l'orientation sexuelle.<\/strong><\/p>\n<\/div><\/div><\/div><div id=\"pgc-6902-10-2\"  class=\"panel-grid-cell panel-grid-cell-empty\" ><\/div><\/div><\/div>","protected":false},"excerpt":{"rendered":"<p>Festival de musique national 2023 de la FCFM\u00a0 13 juillet au 6 ao\u00fbt 2023 Programme du concours\u00a0 \u00a0 \u00a0Les Juges Photos &#8211; Composites des cat\u00e9gories\u00a0 et Composites provinciaux Communiqu\u00e9 de presse Sommaire de la programmation 2023 des volets du Festival &hellip; <a class=\"kt-excerpt-readmore\" href=\"https:\/\/fcmf.org\/fr\/festival-de-musique-national-2023\/\" aria-label=\"Festival de musique national 2023\">Read More<\/a><\/p>\n","protected":false},"author":3,"featured_media":0,"parent":0,"menu_order":0,"comment_status":"closed","ping_status":"closed","template":"page-fullwidth.php","meta":{"footnotes":""},"class_list":["post-6902","page","type-page","status-publish","hentry"],"_links":{"self":[{"href":"https:\/\/fcmf.org\/fr\/wp-json\/wp\/v2\/pages\/6902","targetHints":{"allow":["GET"]}}],"collection":[{"href":"https:\/\/fcmf.org\/fr\/wp-json\/wp\/v2\/pages"}],"about":[{"href":"https:\/\/fcmf.org\/fr\/wp-json\/wp\/v2\/types\/page"}],"author":[{"embeddable":true,"href":"https:\/\/fcmf.org\/fr\/wp-json\/wp\/v2\/users\/3"}],"replies":[{"embeddable":true,"href":"https:\/\/fcmf.org\/fr\/wp-json\/wp\/v2\/comments?post=6902"}],"version-history":[{"count":0,"href":"https:\/\/fcmf.org\/fr\/wp-json\/wp\/v2\/pages\/6902\/revisions"}],"wp:attachment":[{"href":"https:\/\/fcmf.org\/fr\/wp-json\/wp\/v2\/media?parent=6902"}],"curies":[{"name":"wp","href":"https:\/\/api.w.org\/{rel}","templated":true}]}}