{"id":68,"date":"2016-10-21T17:18:21","date_gmt":"2016-10-21T17:18:21","guid":{"rendered":"http:\/\/fcmf.org\/wp\/?page_id=68"},"modified":"2024-04-03T10:52:25","modified_gmt":"2024-04-03T13:52:25","slug":"repertoire","status":"publish","type":"page","link":"https:\/\/fcmf.org\/fr\/repertoire\/","title":{"rendered":"R\u00e9pertoire des festivals"},"content":{"rendered":"<div id=\"pl-68\"  class=\"panel-layout\" ><div id=\"pg-68-0\"  class=\"panel-grid panel-no-style\" ><div id=\"pgc-68-0-0\"  class=\"panel-grid-cell panel-grid-cell-empty\" ><\/div><div id=\"pgc-68-0-1\"  class=\"panel-grid-cell\" ><div id=\"panel-68-0-1-0\" class=\"so-panel widget widget_black-studio-tinymce widget_black_studio_tinymce panel-first-child panel-last-child\" data-index=\"0\" ><div class=\"textwidget\"><p>La F\u00e9d\u00e9ration canadienne des festivals de musique est l'organisme qui encadre ses festivals provinciaux et r\u00e9gionaux affili\u00e9s.<\/p>\n<p>Tous les festivals affili\u00e9s \u00e0 la f\u00e9d\u00e9ration partagent un m\u00eame objectif\u00a0: reconna\u00eetre et encourager les jeunes artistes canadiens \u00e9mergents, et leur offrir des occasions d'apprendre et de se produire, quel que soit leur niveau, devant des juges professionnels qui leur partagent des commentaires constructifs afin de les aider dans leur d\u00e9veloppement.<\/p>\n<\/div><\/div><\/div><div id=\"pgc-68-0-2\"  class=\"panel-grid-cell panel-grid-cell-empty\" ><\/div><div id=\"pgc-68-0-3\"  class=\"panel-grid-cell panel-grid-cell-mobile-last\" ><div id=\"panel-68-0-3-0\" class=\"so-panel widget widget_sow-button panel-first-child\" data-index=\"1\" ><div\n\t\t\t\n\t\t\tclass=\"so-widget-sow-button so-widget-sow-button-flat-43ec0c1a60c0-68\"\n\t\t\t\n\t\t><div class=\"ow-button-base ow-button-align-center\"\n>\n\t\t\t<a\n\t\t\t\t\thref=\"https:\/\/fcmf.org\/fr\/volet-regional-dadhesion\/\"\n\t\t\t\t\tclass=\"sowb-button ow-icon-placement-left ow-button-hover\" target=\"_blank\" rel=\"noopener noreferrer\" \t>\n\t\t<span>\n\t\t\t\n\t\t\tLe volet r\u00e9gional d\u2019adh\u00e9sion et de qualification vous int\u00e9resse? Pour en savoir plus, cliquez ici.\t\t<\/span>\n\t\t\t<\/a>\n\t<\/div>\n<\/div><\/div><div id=\"panel-68-0-3-1\" class=\"so-panel widget widget_black-studio-tinymce widget_black_studio_tinymce panel-last-child\" data-index=\"2\" ><div class=\"textwidget\"><h5 style=\"text-align: center;\"><strong>Volet d'adh\u00e9sion r\u00e9gional<\/strong><\/h5>\n<p style=\"text-align: center;\"><a href=\"mailto:wsmus@rogers.com\">Durham Showcase Festival, Whitby, ON<\/a><\/p>\n<p style=\"text-align: center;\"><a href=\"mailto:festival@gvpaf.org\">Greater Victoria Performing Arts Festival, Victoria, BC<\/a><\/p>\n<p style=\"text-align: center;\"><a href=\"https:\/\/intermusic.ca\/\">International Music Festival and Competition, Markham, ON<\/a><\/p>\n<\/div><\/div><\/div><div id=\"pgc-68-0-4\"  class=\"panel-grid-cell panel-grid-cell-empty\" ><\/div><\/div><div id=\"pg-68-1\"  class=\"panel-grid panel-no-style\" ><div id=\"pgc-68-1-0\"  class=\"panel-grid-cell panel-grid-cell-empty\" ><\/div><div id=\"pgc-68-1-1\"  class=\"panel-grid-cell\" ><div id=\"panel-68-1-1-0\" class=\"so-panel widget widget_sow-button panel-first-child panel-last-child\" data-index=\"3\" ><div\n\t\t\t\n\t\t\tclass=\"so-widget-sow-button so-widget-sow-button-atom-3b02cffead4f-68\"\n\t\t\t\n\t\t><div class=\"ow-button-base ow-button-align-left\"\n>\n\t\t\t<a\n\t\t\t\t\thref=\"https:\/\/fcmf.org\/fr\/wp-content\/uploads\/2024\/04\/Quebec-Festival-Directory-June-2023.pdf\"\n\t\t\t\t\tclass=\"sowb-button ow-icon-placement-left ow-button-hover\" target=\"_blank\" rel=\"noopener noreferrer\" \t>\n\t\t<span>\n\t\t\t\t\t\t\t<div class=\"sow-icon-image\" style=\"background-image: url(https:\/\/fcmf.org\/fr\/wp-content\/uploads\/2022\/02\/1200px-Flag_of_Quebec.svg_-150x150.png)\"><\/div>\n\t\t\t\t\n\t\t\tFestivals au Qu\u00e9bec\t\t<\/span>\n\t\t\t<\/a>\n\t<\/div>\n<\/div><\/div><\/div><div id=\"pgc-68-1-2\"  class=\"panel-grid-cell panel-grid-cell-empty\" ><\/div><div id=\"pgc-68-1-3\"  class=\"panel-grid-cell panel-grid-cell-mobile-last\" ><div id=\"panel-68-1-3-0\" class=\"so-panel widget widget_black-studio-tinymce widget_black_studio_tinymce panel-first-child panel-last-child\" data-index=\"4\" ><div class=\"textwidget\"><p>QU\u00c9BEC<br \/>\nTom Davidson, <a href=\"mailto:thomas.davidson@mcgill.ca\">thomas.davidson@mcgill.ca<\/a><br \/>\n136 Duke-of-Kent Avenue, Pointe-Claire, QC H9R 1X9<br \/>\n(514) 697-6337<\/p>\n<\/div><\/div><\/div><div id=\"pgc-68-1-4\"  class=\"panel-grid-cell panel-grid-cell-empty\" ><\/div><\/div><div id=\"pg-68-2\"  class=\"panel-grid panel-no-style\" ><div id=\"pgc-68-2-0\"  class=\"panel-grid-cell panel-grid-cell-empty\" ><\/div><div id=\"pgc-68-2-1\"  class=\"panel-grid-cell\" ><div id=\"panel-68-2-1-0\" class=\"so-panel widget widget_sow-button panel-first-child panel-last-child\" data-index=\"5\" ><div\n\t\t\t\n\t\t\tclass=\"so-widget-sow-button so-widget-sow-button-atom-3b02cffead4f-68\"\n\t\t\t\n\t\t><div class=\"ow-button-base ow-button-align-left\"\n>\n\t\t\t<a\n\t\t\t\t\thref=\"https:\/\/fcmf.org\/fr\/wp-content\/uploads\/2024\/04\/NB-Local-Festival-Contacts-2023-2024.pdf\"\n\t\t\t\t\tclass=\"sowb-button ow-icon-placement-left ow-button-hover\" target=\"_blank\" rel=\"noopener noreferrer\" \t>\n\t\t<span>\n\t\t\t\t\t\t\t<div class=\"sow-icon-image\" style=\"background-image: url(https:\/\/fcmf.org\/fr\/wp-content\/uploads\/2022\/02\/NB-provincial-flag-150x150.png)\"><\/div>\n\t\t\t\t\n\t\t\tFestivals au N-B\t\t<\/span>\n\t\t\t<\/a>\n\t<\/div>\n<\/div><\/div><\/div><div id=\"pgc-68-2-2\"  class=\"panel-grid-cell panel-grid-cell-empty\" ><\/div><div id=\"pgc-68-2-3\"  class=\"panel-grid-cell panel-grid-cell-mobile-last\" ><div id=\"panel-68-2-3-0\" class=\"so-panel widget widget_black-studio-tinymce widget_black_studio_tinymce panel-first-child panel-last-child\" data-index=\"6\" ><div class=\"textwidget\"><p>NOUVEAU-BRUNSWICK<br \/>\nBarbara Long, <a href=\"mailto:info@nbfmf.org\">info@nbfmf.org<\/a><br \/>\n11119 Route 130, Somerville, NB \u00a0E7P 2S4<br \/>\n(506) 245-1689<\/p>\n<\/div><\/div><\/div><div id=\"pgc-68-2-4\"  class=\"panel-grid-cell panel-grid-cell-empty\" ><\/div><\/div><div id=\"pg-68-3\"  class=\"panel-grid panel-no-style\" ><div id=\"pgc-68-3-0\"  class=\"panel-grid-cell panel-grid-cell-empty\" ><\/div><div id=\"pgc-68-3-1\"  class=\"panel-grid-cell\" ><div id=\"panel-68-3-1-0\" class=\"so-panel widget widget_sow-button panel-first-child panel-last-child\" data-index=\"7\" ><div\n\t\t\t\n\t\t\tclass=\"so-widget-sow-button so-widget-sow-button-atom-3b02cffead4f-68\"\n\t\t\t\n\t\t><div class=\"ow-button-base ow-button-align-left\"\n>\n\t\t\t<a\n\t\t\t\t\thref=\"https:\/\/fcmf.org\/fr\/wp-content\/uploads\/2024\/04\/FMFNS-Local-Festival-contact-info-16-Nov.-2023.pdf\"\n\t\t\t\t\tclass=\"sowb-button ow-icon-placement-left ow-button-hover\" target=\"_blank\" rel=\"noopener noreferrer\" \t>\n\t\t<span>\n\t\t\t\t\t\t\t<div class=\"sow-icon-image\" style=\"background-image: url(https:\/\/fcmf.org\/fr\/wp-content\/uploads\/2022\/02\/NS-provincial-flag-150x150.png)\"><\/div>\n\t\t\t\t\n\t\t\tFestivals en N-\u00c9\t\t<\/span>\n\t\t\t<\/a>\n\t<\/div>\n<\/div><\/div><\/div><div id=\"pgc-68-3-2\"  class=\"panel-grid-cell panel-grid-cell-empty\" ><\/div><div id=\"pgc-68-3-3\"  class=\"panel-grid-cell panel-grid-cell-mobile-last\" ><div id=\"panel-68-3-3-0\" class=\"so-panel widget widget_black-studio-tinymce widget_black_studio_tinymce panel-first-child panel-last-child\" data-index=\"8\" ><div class=\"textwidget\"><p>NOUVELLE-\u00c9COSSE<br \/>\nMarion Morecambe, <a href=\"mailto:fmfnsinfo@gmail.com\">fmfnsinfo@gmail.com<\/a><\/p>\n<\/div><\/div><\/div><div id=\"pgc-68-3-4\"  class=\"panel-grid-cell panel-grid-cell-empty\" ><\/div><\/div><div id=\"pg-68-4\"  class=\"panel-grid panel-no-style\" ><div id=\"pgc-68-4-0\"  class=\"panel-grid-cell panel-grid-cell-empty\" ><\/div><div id=\"pgc-68-4-1\"  class=\"panel-grid-cell\" ><div id=\"panel-68-4-1-0\" class=\"so-panel widget widget_sow-button panel-first-child panel-last-child\" data-index=\"9\" ><div\n\t\t\t\n\t\t\tclass=\"so-widget-sow-button so-widget-sow-button-atom-3b02cffead4f-68\"\n\t\t\t\n\t\t><div class=\"ow-button-base ow-button-align-left\"\n>\n\t\t\t<a\n\t\t\t\t\thref=\"https:\/\/fcmf.org\/fr\/wp-content\/uploads\/2024\/04\/PEI-List-of-festivals-and-committees.pdf\"\n\t\t\t\t\tclass=\"sowb-button ow-icon-placement-left ow-button-hover\" target=\"_blank\" rel=\"noopener noreferrer\" \t>\n\t\t<span>\n\t\t\t\t\t\t\t<div class=\"sow-icon-image\" style=\"background-image: url(https:\/\/fcmf.org\/fr\/wp-content\/uploads\/2022\/02\/PEI-Provincial-flag-150x150.png)\"><\/div>\n\t\t\t\t\n\t\t\tFestivals \u00e0 l'\u00ce-P-\u00c9\t\t<\/span>\n\t\t\t<\/a>\n\t<\/div>\n<\/div><\/div><\/div><div id=\"pgc-68-4-2\"  class=\"panel-grid-cell panel-grid-cell-empty\" ><\/div><div id=\"pgc-68-4-3\"  class=\"panel-grid-cell panel-grid-cell-mobile-last\" ><div id=\"panel-68-4-3-0\" class=\"so-panel widget widget_black-studio-tinymce widget_black_studio_tinymce panel-first-child panel-last-child\" data-index=\"10\" ><div class=\"textwidget\"><p>\u00ceLE-DU-PRINCE-\u00c9DOUARD<br \/>\nClaire Arthur, <a href=\"mailto:pei.kiwanismusicfestival@gmail.com\">pei.kiwanismusicfestival@gmail.com<\/a><br \/>\n3069 Murray Harbour Road, Belfast RR3, PE C0A 1A0<br \/>\n(902) 969-7972<\/p>\n<\/div><\/div><\/div><div id=\"pgc-68-4-4\"  class=\"panel-grid-cell panel-grid-cell-empty\" ><\/div><\/div><div id=\"pg-68-5\"  class=\"panel-grid panel-no-style\" ><div id=\"pgc-68-5-0\"  class=\"panel-grid-cell panel-grid-cell-empty\" ><\/div><div id=\"pgc-68-5-1\"  class=\"panel-grid-cell\" ><div id=\"panel-68-5-1-0\" class=\"so-panel widget widget_sow-button panel-first-child panel-last-child\" data-index=\"11\" ><div\n\t\t\t\n\t\t\tclass=\"so-widget-sow-button so-widget-sow-button-atom-3b02cffead4f-68\"\n\t\t\t\n\t\t><div class=\"ow-button-base ow-button-align-left\"\n>\n\t\t\t<a\n\t\t\t\t\thref=\"https:\/\/fcmf.org\/fr\/wp-content\/uploads\/2024\/04\/Newfoundland-and-Labrador-Festivals.pdf\"\n\t\t\t\t\tclass=\"sowb-button ow-icon-placement-left ow-button-hover\" target=\"_blank\" rel=\"noopener noreferrer\" \t>\n\t\t<span>\n\t\t\t\t\t\t\t<div class=\"sow-icon-image\" style=\"background-image: url(https:\/\/fcmf.org\/fr\/wp-content\/uploads\/2022\/02\/NL-provincial-flag-150x150.png)\"><\/div>\n\t\t\t\t\n\t\t\tFestivals \u00e0 T-N-L\t\t<\/span>\n\t\t\t<\/a>\n\t<\/div>\n<\/div><\/div><\/div><div id=\"pgc-68-5-2\"  class=\"panel-grid-cell panel-grid-cell-empty\" ><\/div><div id=\"pgc-68-5-3\"  class=\"panel-grid-cell panel-grid-cell-mobile-last\" ><div id=\"panel-68-5-3-0\" class=\"so-panel widget widget_black-studio-tinymce widget_black_studio_tinymce panel-first-child panel-last-child\" data-index=\"12\" ><div class=\"textwidget\"><p>TERRE-NEUVE-ET-LABRADOR<br \/>\nJoan Woodrow, <a href=\"mailto:joanwoodrow1@gmail.com\">joanwoodrow1@gmail.com<\/a><br \/>\n1 Marigold Place, St. John's, NL \u00a0A1A 3T1<br \/>\n(709) 693-1440<\/p>\n<\/div><\/div><\/div><div id=\"pgc-68-5-4\"  class=\"panel-grid-cell panel-grid-cell-empty\" ><\/div><\/div><\/div>","protected":false},"excerpt":{"rendered":"<p>La F\u00e9d\u00e9ration canadienne des festivals de musique est l&#8217;organisme qui encadre ses festivals provinciaux et r\u00e9gionaux affili\u00e9s. Tous les festivals affili\u00e9s \u00e0 la f\u00e9d\u00e9ration partagent un m\u00eame objectif\u00a0: reconna\u00eetre et encourager les jeunes artistes canadiens \u00e9mergents, et leur offrir des &hellip; <a class=\"kt-excerpt-readmore\" href=\"https:\/\/fcmf.org\/fr\/repertoire\/\" aria-label=\"R\u00e9pertoire des festivals\">Read More<\/a><\/p>\n","protected":false},"author":1,"featured_media":0,"parent":0,"menu_order":0,"comment_status":"closed","ping_status":"closed","template":"page-fullwidth.php","meta":{"footnotes":""},"class_list":["post-68","page","type-page","status-publish","hentry"],"_links":{"self":[{"href":"https:\/\/fcmf.org\/fr\/wp-json\/wp\/v2\/pages\/68","targetHints":{"allow":["GET"]}}],"collection":[{"href":"https:\/\/fcmf.org\/fr\/wp-json\/wp\/v2\/pages"}],"about":[{"href":"https:\/\/fcmf.org\/fr\/wp-json\/wp\/v2\/types\/page"}],"author":[{"embeddable":true,"href":"https:\/\/fcmf.org\/fr\/wp-json\/wp\/v2\/users\/1"}],"replies":[{"embeddable":true,"href":"https:\/\/fcmf.org\/fr\/wp-json\/wp\/v2\/comments?post=68"}],"version-history":[{"count":0,"href":"https:\/\/fcmf.org\/fr\/wp-json\/wp\/v2\/pages\/68\/revisions"}],"wp:attachment":[{"href":"https:\/\/fcmf.org\/fr\/wp-json\/wp\/v2\/media?parent=68"}],"curies":[{"name":"wp","href":"https:\/\/api.w.org\/{rel}","templated":true}]}}