{"id":636,"date":"2016-12-27T13:37:54","date_gmt":"2016-12-27T13:37:54","guid":{"rendered":"http:\/\/www.fcmf.org\/?page_id=636"},"modified":"2025-02-04T18:55:39","modified_gmt":"2025-02-04T22:55:39","slug":"dons-commemoratifs","status":"publish","type":"page","link":"https:\/\/fcmf.org\/fr\/dons-commemoratifs\/","title":{"rendered":"Dons comm\u00e9moratifs"},"content":{"rendered":"<div id=\"pl-636\"  class=\"panel-layout\" ><div id=\"pg-636-0\"  class=\"panel-grid panel-no-style\" ><div id=\"pgc-636-0-0\"  class=\"panel-grid-cell panel-grid-cell-empty\" ><\/div><div id=\"pgc-636-0-1\"  class=\"panel-grid-cell panel-grid-cell-mobile-last\" ><div id=\"panel-636-0-1-0\" class=\"so-panel widget widget_black-studio-tinymce widget_black_studio_tinymce panel-first-child panel-last-child\" data-index=\"0\" ><div class=\"textwidget\"><p>La FCFM vous offre l'occasion de faire un don en m\u00e9moire d'un \u00eatre cher ou pour honorer une personne qui a eu un impact dans votre vie ou au sein de votre communaut\u00e9.<\/p>\n<p>Les membres de la famille ou la personne honor\u00e9e en seront avis\u00e9s. Ces dons sont d\u00e9ductibles d'imp\u00f4t.<\/p>\n<p>Faites-nous parvenir votre dons comm\u00e9moratifs de l'une des fa\u00e7ons suivantes :<br \/>\n\u2022 En ligne en bas de page<br \/>\n\u2022 Par courriel \u00e0 l'adresse <a href=\"mailto:treasurer@fcmf.org\">treasurer@fcmf.org<\/a><br \/>\n\u2022 Par la poste \u00e0 l'attention de Christopher Lane, tr\u00e9sorier de la FCFM, \u00e0 l'adresse Christopher Lane, 239 St. James Street West, Saint John, NB E2M 2E7<\/p>\n<p>Tout paiement peut \u00eatre fait :<br \/>\n\u2022 Par Paypal ou <a href=\"https:\/\/www.canadahelps.org\/fr\/organismesdebienfaisance\/federation-of-canadian-music-festivals\/\">CanaDon<\/a><br \/>\n\u2022 Par transfert \u00e9lectronique \u00e0 l'adresse <a href=\"mailto:treasurer@fcmf.org\">treasurer@fcmf.org<\/a><br \/>\n\u2022 Par ch\u00e8que envoy\u00e9 \u00e0 l'attention de Christopher Lane, tr\u00e9sorier de la FCFM, \u00e0 l'adresse Christopher Lane, 239 St. James Street West, Saint John, NB E2M 2E7<\/p>\n<\/div><\/div><\/div><div id=\"pgc-636-0-2\"  class=\"panel-grid-cell panel-grid-cell-empty\" ><\/div><\/div><div id=\"pg-636-1\"  class=\"panel-grid panel-no-style\" ><div id=\"pgc-636-1-0\"  class=\"panel-grid-cell\" ><div id=\"panel-636-1-0-0\" class=\"so-panel widget widget_wpforms-widget wpforms-widget panel-first-child panel-last-child\" data-index=\"1\" ><h3 class=\"widget-title\">Memorial Donations | Dons comm\u00e9moratifs<\/h3><div class=\"wpforms-container wpforms-container-full\" id=\"wpforms-634\"><form id=\"wpforms-form-634\" class=\"wpforms-validate wpforms-form\" data-formid=\"634\" method=\"post\" enctype=\"multipart\/form-data\" action=\"\/fr\/wp-json\/wp\/v2\/pages\/636\" data-token=\"984e91aadc5aeeb8fec37beedcbef0dc\" data-token-time=\"1776501468\"><noscript class=\"wpforms-error-noscript\">Please enable JavaScript in your browser to complete this form.<\/noscript><div class=\"wpforms-field-container\"><div id=\"wpforms-634-field_2-container\" class=\"wpforms-field wpforms-field-text\" data-field-id=\"2\"><label class=\"wpforms-field-label\" for=\"wpforms-634-field_2\">Name \/ Nom <span class=\"wpforms-required-label\">*<\/span><\/label><input type=\"text\" id=\"wpforms-634-field_2\" class=\"wpforms-field-large wpforms-field-required\" name=\"wpforms[fields][2]\" required><\/div><div id=\"wpforms-634-field_3-container\" class=\"wpforms-field wpforms-field-text\" data-field-id=\"3\"><label class=\"wpforms-field-label\" for=\"wpforms-634-field_3\">Address \/ Adresse <span class=\"wpforms-required-label\">*<\/span><\/label><input type=\"text\" id=\"wpforms-634-field_3\" class=\"wpforms-field-large wpforms-field-required\" name=\"wpforms[fields][3]\" required><\/div><div id=\"wpforms-634-field_4-container\" class=\"wpforms-field wpforms-field-phone wpforms-one-third wpforms-first\" data-field-id=\"4\"><label class=\"wpforms-field-label\" for=\"wpforms-634-field_4\">Phone \/ T\u00e9l. <span class=\"wpforms-required-label\">*<\/span><\/label><input type=\"tel\" id=\"wpforms-634-field_4\" class=\"wpforms-field-large wpforms-field-required wpforms-masked-input\" data-inputmask=\"&#039;mask&#039;: &#039;(999) 999-9999&#039;\" data-rule-us-phone-field=\"true\" data-inputmask-inputmode=\"tel\" name=\"wpforms[fields][4]\" aria-label=\"Phone \/ T\u00e9l.\" required><\/div><div id=\"wpforms-634-field_5-container\" class=\"wpforms-field wpforms-field-text wpforms-two-thirds\" data-field-id=\"5\"><label class=\"wpforms-field-label\" for=\"wpforms-634-field_5\">Email \/ Courriel <span class=\"wpforms-required-label\">*<\/span><\/label><input type=\"text\" id=\"wpforms-634-field_5\" class=\"wpforms-field-large wpforms-field-required\" name=\"wpforms[fields][5]\" required><\/div><div id=\"wpforms-634-field_10-container\" class=\"wpforms-field wpforms-field-payment-single\" data-field-id=\"10\"><label class=\"wpforms-field-label\" for=\"wpforms-634-field_10\">Donation Amount \/ Montant du don <span class=\"wpforms-required-label\">*<\/span><\/label><input type=\"text\" id=\"wpforms-634-field_10\" class=\"wpforms-field-medium wpforms-field-required wpforms-payment-user-input wpforms-payment-price\" data-rule-currency=\"[&quot;$&quot;,false]\" data-rule-required-positive-number=\"1\" name=\"wpforms[fields][10]\" value=\"&#036;0.00\"><\/div><div id=\"wpforms-634-field_7-container\" class=\"wpforms-field wpforms-field-text\" data-field-id=\"7\"><label class=\"wpforms-field-label\" for=\"wpforms-634-field_7\">This donation is in memory of \/ Ce don est fait en m\u00e9moire de :<\/label><input type=\"text\" id=\"wpforms-634-field_7\" class=\"wpforms-field-large\" name=\"wpforms[fields][7]\" ><div class=\"wpforms-field-description\">Name \/ Nom<\/div><\/div><div id=\"wpforms-634-field_19-container\" class=\"wpforms-field wpforms-field-text\" data-field-id=\"19\"><label class=\"wpforms-field-label\" for=\"wpforms-634-field_19\">This donation is in honor of \/ Ce don est fait afin d&#039;honorer  :<\/label><input type=\"text\" id=\"wpforms-634-field_19\" class=\"wpforms-field-large\" name=\"wpforms[fields][19]\" ><div class=\"wpforms-field-description\">Name \/ Nom<\/div><\/div><div id=\"wpforms-634-field_20-container\" class=\"wpforms-field wpforms-field-text\" data-field-id=\"20\"><label class=\"wpforms-field-label\" for=\"wpforms-634-field_20\">Please supply the contact information of the family\/honouree you would like us to notify \/ Veuillez nous fournir les coordonn\u00e9es de la famille ou de la personne que vous d\u00e9sirez honorer pour que nous puissions les contacter. <\/label><input type=\"text\" id=\"wpforms-634-field_20\" class=\"wpforms-field-medium\" name=\"wpforms[fields][20]\" ><div class=\"wpforms-field-description\">Name \/ Nom<\/div><\/div><div id=\"wpforms-634-field_21-container\" class=\"wpforms-field wpforms-field-text\" data-field-id=\"21\"><label class=\"wpforms-field-label wpforms-label-hide\" for=\"wpforms-634-field_21\">Address of Contact<\/label><input type=\"text\" id=\"wpforms-634-field_21\" class=\"wpforms-field-large\" name=\"wpforms[fields][21]\" ><div class=\"wpforms-field-description\">Address \/ Adresse<\/div><\/div><div id=\"wpforms-634-field_22-container\" class=\"wpforms-field wpforms-field-text\" data-field-id=\"22\"><label class=\"wpforms-field-label wpforms-label-hide\" for=\"wpforms-634-field_22\">Phone of person to contact<\/label><input type=\"text\" id=\"wpforms-634-field_22\" class=\"wpforms-field-medium\" name=\"wpforms[fields][22]\" ><div class=\"wpforms-field-description\">Phone \/ T\u00e9l.<\/div><\/div><div id=\"wpforms-634-field_24-container\" class=\"wpforms-field wpforms-field-email\" data-field-id=\"24\"><label class=\"wpforms-field-label wpforms-label-hide\" for=\"wpforms-634-field_24\">Email of person to contact<\/label><input type=\"email\" id=\"wpforms-634-field_24\" class=\"wpforms-field-large\" name=\"wpforms[fields][24]\" spellcheck=\"false\" ><div class=\"wpforms-field-description\">Email \/ Courriel                                                                           <\/div><\/div><div id=\"wpforms-634-field_25-container\" class=\"wpforms-field wpforms-field-textarea\" data-field-id=\"25\"><label class=\"wpforms-field-label\" for=\"wpforms-634-field_25\">If you wish, you may write a message here for us to send to the family\/honouree on your behalf \/ Si vous le d\u00e9sirez, vous pouvez inclure un message que nous ferons parvenir en votre nom \u00e0 la famille ou \u00e0 la personne honor\u00e9e. <\/label><textarea id=\"wpforms-634-field_25\" class=\"wpforms-field-medium\" name=\"wpforms[fields][25]\" ><\/textarea><\/div><div id=\"wpforms-634-field_11-container\" class=\"wpforms-field wpforms-field-payment-total wpforms-field-medium\" data-field-id=\"11\"><label class=\"wpforms-field-label\">Total<\/label><div class=\"wpforms-payment-total\" style=\"\">&#036;0.00<\/div><input type=\"hidden\" id=\"wpforms-634-field_11\" class=\"wpforms-field-medium wpforms-payment-total\" name=\"wpforms[fields][11]\" value=\"0\"><\/div><div id=\"wpforms-634-field_12-container\" class=\"wpforms-field wpforms-field-payment-multiple\" data-field-id=\"12\"><label class=\"wpforms-field-label\">Payment Options <span class=\"wpforms-required-label\">*<\/span><\/label><ul id=\"wpforms-634-field_12\" class=\"wpforms-field-required\"><li class=\"choice-2\"><input type=\"radio\" id=\"wpforms-634-field_12_2\" class=\"wpforms-payment-price\" data-amount=\"0.00\" name=\"wpforms[fields][12]\" value=\"2\" required ><label class=\"wpforms-field-label-inline\" for=\"wpforms-634-field_12_2\">E-Transfer to \/ Transfert \u00e9lectronique \u00e0 treasurer@fcmf.org<\/label><\/li><li class=\"choice-3\"><input type=\"radio\" id=\"wpforms-634-field_12_3\" class=\"wpforms-payment-price\" data-amount=\"0.00\" name=\"wpforms[fields][12]\" value=\"3\" required ><label class=\"wpforms-field-label-inline\" for=\"wpforms-634-field_12_3\">Cheque \/ Ch\u00e8que \u00e0 Christopher Lane, 239 St. James Street West, Saint John, NB E2M 2E7<\/label><\/li><li class=\"choice-1\"><input type=\"radio\" id=\"wpforms-634-field_12_1\" class=\"wpforms-payment-price\" data-amount=\"0.00\" name=\"wpforms[fields][12]\" value=\"1\" required ><label class=\"wpforms-field-label-inline\" for=\"wpforms-634-field_12_1\">PayPal - 4% surcharge to cover costs \/ Un suppl\u00e9ment de 4% sera factur\u00e9 en cas de paiement par PayPal ou par carte de cr\u00e9dit via PayPal.   <\/label><\/li><\/ul><\/div><\/div><!-- .wpforms-field-container --><div class=\"wpforms-field wpforms-field-hp\"><label for=\"wpforms-634-field-hp\" class=\"wpforms-field-label\">Website<\/label><input type=\"text\" name=\"wpforms[hp]\" id=\"wpforms-634-field-hp\" class=\"wpforms-field-medium\"><\/div><div class=\"wpforms-submit-container\" ><input type=\"hidden\" name=\"wpforms[id]\" value=\"634\"><input type=\"hidden\" name=\"page_title\" value=\"\"><input type=\"hidden\" name=\"page_url\" value=\"https:\/\/fcmf.org\/fr\/wp-json\/wp\/v2\/pages\/636\"><input type=\"hidden\" name=\"url_referer\" value=\"\"><button type=\"submit\" name=\"wpforms[submit]\" id=\"wpforms-submit-634\" class=\"wpforms-submit\" data-alt-text=\"Sending...\" data-submit-text=\"Submit\" aria-live=\"assertive\" value=\"wpforms-submit\">Submit<\/button><\/div><\/form><\/div>  <!-- .wpforms-container --><\/div><\/div><\/div><div id=\"pg-636-2\"  class=\"panel-grid panel-no-style\" ><div id=\"pgc-636-2-0\"  class=\"panel-grid-cell panel-grid-cell-empty\" ><\/div><div id=\"pgc-636-2-1\"  class=\"panel-grid-cell panel-grid-cell-mobile-last\" ><div id=\"panel-636-2-1-0\" class=\"so-panel widget widget_black-studio-tinymce widget_black_studio_tinymce panel-first-child panel-last-child\" data-index=\"2\" ><div class=\"textwidget\"><p style=\"text-align: center;\"><strong>Nous vous remercions d'appuyer les jeunes musiciens du Canada \u00e0 travers la FCFM!<\/strong><\/p>\n<p style=\"text-align: center;\">Tous les dons seront mentionn\u00e9s sur le site Web de la FCFM et dans l'ensemble de ses publications.<\/p>\n<p style=\"text-align: center;\">Un re\u00e7u officiel aux fins de l'imp\u00f4t sera remis pour tous les dons. <strong>BN: 118913946RR0002<\/strong><\/p>\n<\/div><\/div><\/div><div id=\"pgc-636-2-2\"  class=\"panel-grid-cell panel-grid-cell-empty\" ><\/div><\/div><\/div>","protected":false},"excerpt":{"rendered":"<p>La FCFM vous offre l&#8217;occasion de faire un don en m\u00e9moire d&#8217;un \u00eatre cher ou pour honorer une personne qui a eu un impact dans votre vie ou au sein de votre communaut\u00e9. Les membres de la famille ou la &hellip; <a class=\"kt-excerpt-readmore\" href=\"https:\/\/fcmf.org\/fr\/dons-commemoratifs\/\" aria-label=\"Dons comm\u00e9moratifs\">Read More<\/a><\/p>\n","protected":false},"author":3,"featured_media":0,"parent":0,"menu_order":0,"comment_status":"closed","ping_status":"closed","template":"page-fullwidth.php","meta":{"footnotes":""},"class_list":["post-636","page","type-page","status-publish","hentry"],"_links":{"self":[{"href":"https:\/\/fcmf.org\/fr\/wp-json\/wp\/v2\/pages\/636","targetHints":{"allow":["GET"]}}],"collection":[{"href":"https:\/\/fcmf.org\/fr\/wp-json\/wp\/v2\/pages"}],"about":[{"href":"https:\/\/fcmf.org\/fr\/wp-json\/wp\/v2\/types\/page"}],"author":[{"embeddable":true,"href":"https:\/\/fcmf.org\/fr\/wp-json\/wp\/v2\/users\/3"}],"replies":[{"embeddable":true,"href":"https:\/\/fcmf.org\/fr\/wp-json\/wp\/v2\/comments?post=636"}],"version-history":[{"count":0,"href":"https:\/\/fcmf.org\/fr\/wp-json\/wp\/v2\/pages\/636\/revisions"}],"wp:attachment":[{"href":"https:\/\/fcmf.org\/fr\/wp-json\/wp\/v2\/media?parent=636"}],"curies":[{"name":"wp","href":"https:\/\/api.w.org\/{rel}","templated":true}]}}