{"id":6235,"date":"2022-02-02T18:09:51","date_gmt":"2022-02-02T22:09:51","guid":{"rendered":"https:\/\/fcmf.org\/fr\/?page_id=6235"},"modified":"2026-03-02T18:50:59","modified_gmt":"2026-03-02T22:50:59","slug":"vqr-inscription","status":"publish","type":"page","link":"https:\/\/fcmf.org\/fr\/vqr-inscription\/","title":{"rendered":"Volet de qualification r\u00e9gional &#8211; Inscription"},"content":{"rendered":"<div id=\"pl-6235\"  class=\"panel-layout\" ><div id=\"pg-6235-0\"  class=\"panel-grid panel-no-style\" ><div id=\"pgc-6235-0-0\"  class=\"panel-grid-cell panel-grid-cell-empty\" ><\/div><div id=\"pgc-6235-0-1\"  class=\"panel-grid-cell panel-grid-cell-mobile-last\" ><div id=\"panel-6235-0-1-0\" class=\"so-panel widget widget_black-studio-tinymce widget_black_studio_tinymce panel-first-child panel-last-child\" data-index=\"0\" ><div class=\"textwidget\"><h4><strong>Bienvenue \u00e0 l'inscription en ligne pour le Volet de qualification r\u00e9gional virtuel 2026 de la FCFM<\/strong><\/h4>\n<p><strong>Date limite d'inscription et de soumission - le 2 juin 2026<\/strong><\/p>\n<p>Les personnes inscrites doivent \u00eatre recommand\u00e9es par un juge d'un festival de musique r\u00e9gional affili\u00e9.<\/p>\n<\/div><\/div><\/div><div id=\"pgc-6235-0-2\"  class=\"panel-grid-cell panel-grid-cell-empty\" ><\/div><\/div><div id=\"pg-6235-1\"  class=\"panel-grid panel-no-style\" ><div id=\"pgc-6235-1-0\"  class=\"panel-grid-cell\" ><div id=\"panel-6235-1-0-0\" class=\"so-panel widget widget_sow-button panel-first-child panel-last-child\" data-index=\"1\" ><div\n\t\t\t\n\t\t\tclass=\"so-widget-sow-button so-widget-sow-button-atom-99b3c6c9ae6d-6235\"\n\t\t\t\n\t\t><div class=\"ow-button-base ow-button-align-center\"\n>\n\t\t\t<a\n\t\t\t\t\thref=\"https:\/\/fcmf.org\/lsqr-solo-registration-inscription-de-solo-vqr\/\"\n\t\t\t\t\tclass=\"sowb-button ow-icon-placement-left\" target=\"_blank\" rel=\"noopener noreferrer\" \t>\n\t\t<span>\n\t\t\t\n\t\t\tInscription - Solo\t\t<\/span>\n\t\t\t<\/a>\n\t<\/div>\n<\/div><\/div><\/div><div id=\"pgc-6235-1-1\"  class=\"panel-grid-cell\" ><div id=\"panel-6235-1-1-0\" class=\"so-panel widget widget_sow-button panel-first-child panel-last-child\" data-index=\"2\" ><div\n\t\t\t\n\t\t\tclass=\"so-widget-sow-button so-widget-sow-button-atom-746e4d22bcb2-6235\"\n\t\t\t\n\t\t><div class=\"ow-button-base ow-button-align-center\"\n>\n\t\t\t<a\n\t\t\t\t\thref=\"https:\/\/fcmf.org\/lsqr-composition-registration-inscription-de-composition-vqr\/\"\n\t\t\t\t\tclass=\"sowb-button ow-icon-placement-left\" target=\"_blank\" rel=\"noopener noreferrer\" \t>\n\t\t<span>\n\t\t\t\n\t\t\tInscription - Composition\t\t<\/span>\n\t\t\t<\/a>\n\t<\/div>\n<\/div><\/div><\/div><div id=\"pgc-6235-1-2\"  class=\"panel-grid-cell\" ><div id=\"panel-6235-1-2-0\" class=\"so-panel widget widget_sow-button panel-first-child panel-last-child\" data-index=\"3\" ><div\n\t\t\t\n\t\t\tclass=\"so-widget-sow-button so-widget-sow-button-atom-746e4d22bcb2-6235\"\n\t\t\t\n\t\t><div class=\"ow-button-base ow-button-align-center\"\n>\n\t\t\t<a\n\t\t\t\t\thref=\"https:\/\/fcmf.org\/lsqr-chamber-registration-inscription-chambre-vqr\/\"\n\t\t\t\t\tclass=\"sowb-button ow-icon-placement-left\" target=\"_blank\" rel=\"noopener noreferrer\" \t>\n\t\t<span>\n\t\t\t\n\t\t\tInscription - Ensemble de chambre\t\t<\/span>\n\t\t\t<\/a>\n\t<\/div>\n<\/div><\/div><\/div><div id=\"pgc-6235-1-3\"  class=\"panel-grid-cell\" ><div id=\"panel-6235-1-3-0\" class=\"so-panel widget widget_sow-button panel-first-child panel-last-child\" data-index=\"4\" ><div\n\t\t\t\n\t\t\tclass=\"so-widget-sow-button so-widget-sow-button-atom-746e4d22bcb2-6235\"\n\t\t\t\n\t\t><div class=\"ow-button-base ow-button-align-center\"\n>\n\t\t\t<a\n\t\t\t\t\thref=\"https:\/\/fcmf.org\/lsqr-registration-large-ensemble-inscription-vqr-grand-ensemble\/\"\n\t\t\t\t\tclass=\"sowb-button ow-icon-placement-left\" target=\"_blank\" rel=\"noopener noreferrer\" \t>\n\t\t<span>\n\t\t\t\n\t\t\tInscription - Grands ensembles\t\t<\/span>\n\t\t\t<\/a>\n\t<\/div>\n<\/div><\/div><\/div><\/div><div id=\"pg-6235-2\"  class=\"panel-grid panel-no-style\" ><div id=\"pgc-6235-2-0\"  class=\"panel-grid-cell panel-grid-cell-empty\" ><\/div><div id=\"pgc-6235-2-1\"  class=\"panel-grid-cell panel-grid-cell-mobile-last\" ><div id=\"panel-6235-2-1-0\" class=\"so-panel widget widget_black-studio-tinymce widget_black_studio_tinymce panel-first-child panel-last-child\" data-index=\"5\" ><div class=\"textwidget\"><p>Pour plus de renseignements, contactez <a href=\"info@fcmf.org\">Barbara Long.<\/a><\/p>\n<p><a href=\"https:\/\/fcmf.org\/wp-content\/uploads\/2021\/05\/FCFM-Directives-pour-lenrgistrement-de-votre-interpretation_VQR.pdf\">Directives pour l'enregistrement de votre interpr\u00e9tation\u00a0<\/a><\/p>\n<p><a href=\"https:\/\/fcmf.org\/wp-content\/uploads\/2021\/05\/FCFM-Directives-pour-la-preparation-de-votre-partition_VQR.pdf\">Directives pour la pr\u00e9paration de votre partition<\/a><\/p>\n<p>Si vous avez de la difficult\u00e9 \u00e0 vous inscrire au festival, veuillez communiquer avec Barbara Long \u00e0 l'adresse<a href=\"mailto:info@fcmf.org\"> info@fcmf.org<\/a><\/p>\n<p>Pour faciliter l'\u00e9laboration et l'homog\u00e9n\u00e9it\u00e9 de la mise en page du programme, prenez soin de bien entrer les informations concernant le r\u00e9pertoire en respectant les conventions d'appellation illustr\u00e9es dans les exemples ci-dessous.<\/p>\n<ul>\n<li>Veuillez indiquer le pr\u00e9nom et le nom de chacun des compositeurs.<\/li>\n<li>Veuillez fournir la tonalit\u00e9 et le num\u00e9ro d'opus en respectant les lettres majuscules, les espaces et la ponctuation ci-dessous.<\/li>\n<li>S'il s'agit d'un extrait ou d'un mouvement provenant d'une \u0153uvre plus importante, veuillez nommer l'\u0153uvre dont il est tir\u00e9.<\/li>\n<\/ul>\n<\/div><\/div><\/div><div id=\"pgc-6235-2-2\"  class=\"panel-grid-cell panel-grid-cell-empty\" ><\/div><\/div><div id=\"pg-6235-3\"  class=\"panel-grid panel-no-style\" ><div id=\"pgc-6235-3-0\"  class=\"panel-grid-cell panel-grid-cell-empty\" ><\/div><div id=\"pgc-6235-3-1\"  class=\"panel-grid-cell panel-grid-cell-mobile-last\" ><div id=\"panel-6235-3-1-0\" class=\"so-panel widget widget_black-studio-tinymce widget_black_studio_tinymce panel-first-child panel-last-child\" data-index=\"6\" ><div class=\"textwidget\"><table>\n<tbody>\n<tr>\n<td colspan=\"4\"><strong>Sample for Sonatinas, Sonatas, Concertos and other multi-movement pieces or song cycles. | Exemple pour les sonatines, les sonates, les concertos et autres cycles ou morceaux multi-mouvements.\u00a0<\/strong><\/td>\n<\/tr>\n<tr>\n<td colspan=\"2\"><strong>Title | Titre\u00a0<\/strong><\/td>\n<td colspan=\"2\"><strong>Movements or Source | Mouvements ou source<\/strong><\/td>\n<\/tr>\n<tr>\n<td colspan=\"2\">Sonata in G Major, Op. 46 No. 2<\/td>\n<td colspan=\"2\">I. Allegro II. Andante III. Presto<\/td>\n<\/tr>\n<tr>\n<td><strong>Composer\u00a0 | Compositeur\u00a0 \u00a0 \u00a0 \u00a0 \u00a0 \u00a0 \u00a0 \u00a0 \u00a0 \u00a0<\/strong><\/td>\n<td><\/td>\n<td><strong>Time\u00a0 \/ Dur\u00e9e<\/strong><\/td>\n<td><\/td>\n<\/tr>\n<tr>\n<td>Ludwig van Beethoven<\/td>\n<td><\/td>\n<td>6:30<\/td>\n<td><\/td>\n<\/tr>\n<\/tbody>\n<\/table>\n<table>\n<tbody>\n<tr>\n<td colspan=\"4\"><strong>Sample for piece that is from a major work such as an Opera, Oratorio, musical or Well-Tempered Clavier. \/ Exemple pour les morceaux tir\u00e9s d'une \u0153uvre plus grande comme un op\u00e9ra, un oratorio, une com\u00e9die musicale ou le Clavier bien temp\u00e9r\u00e9.\u00a0<\/strong><\/td>\n<\/tr>\n<tr>\n<td colspan=\"2\"><strong>Title \/ Titre<\/strong><\/td>\n<td colspan=\"2\">\u00a0<strong>Movements or Source | Mouvements ou source<\/strong><\/td>\n<\/tr>\n<tr>\n<td colspan=\"2\">I\u2019m Not Afraid of Anything<\/td>\n<td colspan=\"2\">Songs for a New World<\/td>\n<\/tr>\n<tr>\n<td><strong>Composer \/ Compositeur<\/strong><\/td>\n<td><\/td>\n<td><strong>Time \/ Dur\u00e9e<\/strong><\/td>\n<td><\/td>\n<\/tr>\n<tr>\n<td>Jason Robert Brown<\/td>\n<td><\/td>\n<td>3:00<\/td>\n<td><\/td>\n<\/tr>\n<\/tbody>\n<\/table>\n<\/div><\/div><\/div><div id=\"pgc-6235-3-2\"  class=\"panel-grid-cell panel-grid-cell-empty\" ><\/div><\/div><\/div>","protected":false},"excerpt":{"rendered":"<p>Bienvenue \u00e0 l&#8217;inscription en ligne pour le Volet de qualification r\u00e9gional virtuel 2026 de la FCFM Date limite d&#8217;inscription et de soumission &#8211; le 2 juin 2026 Les personnes inscrites doivent \u00eatre recommand\u00e9es par un juge d&#8217;un festival de musique &hellip; <a class=\"kt-excerpt-readmore\" href=\"https:\/\/fcmf.org\/fr\/vqr-inscription\/\" aria-label=\"Volet de qualification r\u00e9gional &#8211; Inscription\">Read More<\/a><\/p>\n","protected":false},"author":3,"featured_media":0,"parent":0,"menu_order":0,"comment_status":"closed","ping_status":"closed","template":"page-fullwidth.php","meta":{"footnotes":""},"class_list":["post-6235","page","type-page","status-publish","hentry"],"_links":{"self":[{"href":"https:\/\/fcmf.org\/fr\/wp-json\/wp\/v2\/pages\/6235","targetHints":{"allow":["GET"]}}],"collection":[{"href":"https:\/\/fcmf.org\/fr\/wp-json\/wp\/v2\/pages"}],"about":[{"href":"https:\/\/fcmf.org\/fr\/wp-json\/wp\/v2\/types\/page"}],"author":[{"embeddable":true,"href":"https:\/\/fcmf.org\/fr\/wp-json\/wp\/v2\/users\/3"}],"replies":[{"embeddable":true,"href":"https:\/\/fcmf.org\/fr\/wp-json\/wp\/v2\/comments?post=6235"}],"version-history":[{"count":4,"href":"https:\/\/fcmf.org\/fr\/wp-json\/wp\/v2\/pages\/6235\/revisions"}],"predecessor-version":[{"id":7987,"href":"https:\/\/fcmf.org\/fr\/wp-json\/wp\/v2\/pages\/6235\/revisions\/7987"}],"wp:attachment":[{"href":"https:\/\/fcmf.org\/fr\/wp-json\/wp\/v2\/media?parent=6235"}],"curies":[{"name":"wp","href":"https:\/\/api.w.org\/{rel}","templated":true}]}}