{"id":6,"date":"2016-10-21T17:08:07","date_gmt":"2016-10-21T17:08:07","guid":{"rendered":"http:\/\/fcmf.org\/wp\/?page_id=6"},"modified":"2025-11-10T12:34:44","modified_gmt":"2025-11-10T16:34:44","slug":"home","status":"publish","type":"page","link":"https:\/\/fcmf.org\/fr\/","title":{"rendered":"Bienvenue"},"content":{"rendered":"<div id=\"pl-6\"  class=\"panel-layout\" ><div id=\"pg-6-0\"  class=\"panel-grid panel-no-style\" ><div id=\"pgc-6-0-0\"  class=\"panel-grid-cell panel-grid-cell-empty\" ><\/div><div id=\"pgc-6-0-1\"  class=\"panel-grid-cell\" ><div id=\"panel-6-0-1-0\" class=\"so-panel widget widget_black-studio-tinymce widget_black_studio_tinymce panel-first-child\" data-index=\"0\" ><div class=\"textwidget\"><p>La F\u00e9d\u00e9ration canadienne des festivals de musique (FCFM) est un organisme enregistr\u00e9 de services nationaux dans le domaine des arts. Depuis plus de 100 ans, notre r\u00e9seau culturel a d\u00e9couvert, soutenu et d\u00e9velopp\u00e9 des musiciens amateurs en qu\u00eate d'excellence par l'entremise de son syst\u00e8me de festivals r\u00e9partis sur trois niveaux\u00a0: local, provincial et national.<\/p>\n<p>Nous sommes un mouvement de festivals pr\u00e9sents partout au Canada,organis\u00e9s principalement par des b\u00e9n\u00e9voles. Chaque ann\u00e9e, nous attirons des centaines de milliers de participants, qu'ils soient concurrents, b\u00e9n\u00e9voles, m\u00e9lomanes, commanditaires ou spectateurs de diff\u00e9rents niveaux.<\/p>\n<p style=\"text-align: center;\"><strong>\u00c9nonc\u00e9 de vision<\/strong><\/p>\n<p style=\"text-align: center;\">Un paysage artistique et culturel canadien enrichi par le succ\u00e8s et la contribution de jeunes musiciens<br \/>\n\u00e0 qui l'on donne toutes les occasions possibles de r\u00e9aliser leur plein potentiel<\/p>\n<p style=\"text-align: center;\"><strong>\u00c9nonc\u00e9 de mission<\/strong><\/p>\n<p style=\"text-align: center;\">La FCFM d\u00e9couvre, soutient et d\u00e9veloppe des jeunes musiciens partout au Canada gr\u00e2ce \u00e0 son syst\u00e8me de festivals.<\/p>\n<p style=\"text-align: center;\"><strong>Valuers<\/strong><\/p>\n<p style=\"text-align: center;\">QUALIT\u00c9 \u2014 La FCFM s'engage \u00e0 respecter des normes \u00e9lev\u00e9es dans tout ce qu'elle fait.<\/p>\n<p style=\"text-align: center;\">\u00c9QUIT\u00c9 \u2014 Nous nous engageons \u00e0 faire vivre des exp\u00e9riences positives \u00e0 tous et nous pr\u00f4nons le dialogue ouvert, la diversit\u00e9, l'\u00e9quit\u00e9 et l'inclusion.<\/p>\n<p style=\"text-align: center;\">OCCASIONS \u2014 Nous cr\u00e9ons des occasions visant \u00e0 encourager et c\u00e9l\u00e9brer la croissance et les r\u00e9alisations personnelles.<\/p>\n<p style=\"text-align: center;\">COMMUNAUT\u00c9 \u2014 Nous mettons en relation des personnes qui partagent le m\u00eame objectif, celui de soutenir<br \/>\nla jeune g\u00e9n\u00e9ration de musiciens sur la voie du succ\u00e8s.<\/p>\n<p style=\"text-align: center;\">R\u00c9SEAUTAGE - Nous soutenons le r\u00e9seau des festivals d'un bout \u00e0 l'autre du Canada en encourageant les partenaires<br \/>\n\u00e0 travailler ensemble pour cr\u00e9er des occasions o\u00f9 se produire, \u00e9duquer et c\u00e9l\u00e9brer les arts.<\/p>\n<\/div><\/div><div id=\"panel-6-0-1-1\" class=\"so-panel widget widget_sow-button\" data-index=\"1\" ><div\n\t\t\t\n\t\t\tclass=\"so-widget-sow-button so-widget-sow-button-flat-10268f75c5e3-6\"\n\t\t\t\n\t\t><div class=\"ow-button-base ow-button-align-center\"\n>\n\t\t\t<a\n\t\t\t\t\thref=\"https:\/\/fcmf.org\/adjudicator-call-appel-juges\/\"\n\t\t\t\t\tclass=\"sowb-button ow-icon-placement-left ow-button-hover\" target=\"_blank\" rel=\"noopener noreferrer\" \t>\n\t\t<span>\n\t\t\t\n\t\t\tAppel de candidatures de juges\t\t<\/span>\n\t\t\t<\/a>\n\t<\/div>\n<\/div><\/div><div id=\"panel-6-0-1-2\" class=\"so-panel widget widget_sow-button\" data-index=\"2\" ><div\n\t\t\t\n\t\t\tclass=\"so-widget-sow-button so-widget-sow-button-flat-f9e38858af9f-6\"\n\t\t\t\n\t\t><div class=\"ow-button-base ow-button-align-center\"\n>\n\t\t\t<a\n\t\t\t\t\thref=\"https:\/\/fcmf.org\/fr\/fmn-volets-de-programme\/\"\n\t\t\t\t\tclass=\"sowb-button ow-icon-placement-left ow-button-hover\" target=\"_blank\" rel=\"noopener noreferrer\" \t>\n\t\t<span>\n\t\t\t\n\t\t\tPour en savoir plus sur la programmation du Festival de musique national de la FCFM, cliquez ici !\t\t<\/span>\n\t\t\t<\/a>\n\t<\/div>\n<\/div><\/div><div id=\"panel-6-0-1-3\" class=\"so-panel widget widget_sow-button\" data-index=\"3\" ><div\n\t\t\t\n\t\t\tclass=\"so-widget-sow-button so-widget-sow-button-flat-f9e38858af9f-6\"\n\t\t\t\n\t\t><div class=\"ow-button-base ow-button-align-center\"\n>\n\t\t\t<a\n\t\t\t\t\thref=\"https:\/\/fcmf.org\/fr\/volet-regional-dadhesion\/\"\n\t\t\t\t\tclass=\"sowb-button ow-icon-placement-left ow-button-hover\" target=\"_blank\" rel=\"noopener noreferrer\" \t>\n\t\t<span>\n\t\t\t\n\t\t\tVous n'\u00eates pas encore affili\u00e9 \u00e0 la FCFM?  Apprenez-en plus ici!\t\t<\/span>\n\t\t\t<\/a>\n\t<\/div>\n<\/div><\/div><div id=\"panel-6-0-1-4\" class=\"so-panel widget widget_media_video panel-last-child\" data-index=\"4\" ><div class=\"panel-widget-style panel-widget-style-for-6-0-1-4\" ><h3 class=\"widget-title\">\u00c9coutez ce que nos anciens ont \u00e0 dire sur l&#8217;importance du Festival de musique national de la FCFM<\/h3><div style=\"width:100%;\" class=\"wp-video\"><video class=\"wp-video-shortcode\" id=\"video-6-1\" preload=\"metadata\" controls=\"controls\"><source type=\"video\/youtube\" src=\"https:\/\/youtu.be\/zR2q_cLIBHk?_=1\" \/><a href=\"https:\/\/youtu.be\/zR2q_cLIBHk\">https:\/\/youtu.be\/zR2q_cLIBHk<\/a><\/video><\/div><\/div><\/div><\/div><div id=\"pgc-6-0-2\"  class=\"panel-grid-cell\" ><div id=\"panel-6-0-2-0\" class=\"so-panel widget widget_virtue_about_with_image virtue_about_with_image panel-first-child\" data-index=\"5\" ><div class=\"kad_img_upload_widget kt-shape-type-kt-image-shape-standard kt-image-align-center kt-image-widget-widget-0-2-0\"><a href=\"https:\/\/www.canadahelps.org\/fr\/dn\/122177\" target=\"_blank\"><div class=\"kt-image-contain kt-image-shadow-none kt-image-shape-standard\"><div class=\"kt-image-inner-contain\"><img loading=\"lazy\" decoding=\"async\" width=\"231\" height=\"120\" src=\"https:\/\/fcmf.org\/fr\/wp-content\/uploads\/2022\/01\/canadon_logo-4.png\" class=\"attachment-medium size-medium\" alt=\"\t\t\t\t\t\t\t\t \t\t\t\t\t\t\t\t \t\t\t\t\" \/><\/div><\/div><\/a><div class=\"virtue_image_widget_caption kadence_image_widget_caption\">\t\t\t\t\t\t\t\t \t\t\t\t\t\t\t\t \t\t\t\t<\/div><\/div><\/div><div id=\"panel-6-0-2-1\" class=\"so-panel widget widget_black-studio-tinymce widget_black_studio_tinymce\" data-index=\"6\" ><div class=\"textwidget\"><h5 style=\"text-align: center;\"><strong>Associations musicales provinciales<\/strong><\/h5>\n<\/div><\/div><div id=\"panel-6-0-2-2\" class=\"so-panel widget widget_virtue_about_with_image virtue_about_with_image\" data-index=\"7\" ><div class=\"kad_img_upload_widget kt-shape-type-kt-image-shape-standard kt-image-align-center kt-image-widget-widget-0-2-2\"><a href=\"https:\/\/fcmf.org\/quebec-festival-concours-de-musique\/\" target=\"_blank\"><div class=\"kt-image-contain kt-image-shadow-none kt-image-shape-standard\"><div class=\"kt-image-inner-contain\"><img loading=\"lazy\" decoding=\"async\" src=\"https:\/\/fcmf.org\/fr\/wp-content\/uploads\/2022\/02\/1200px-Flag_of_Quebec.svg_-150x100.png\" width=\"150\" height=\"100\" srcset=\"https:\/\/fcmf.org\/fr\/wp-content\/uploads\/2022\/02\/1200px-Flag_of_Quebec.svg_-150x100.png 150w, https:\/\/fcmf.org\/fr\/wp-content\/uploads\/2022\/02\/1200px-Flag_of_Quebec.svg_-300x200.png 300w, https:\/\/fcmf.org\/fr\/wp-content\/uploads\/2022\/02\/1200px-Flag_of_Quebec.svg_-1024x683.png 1024w, https:\/\/fcmf.org\/fr\/wp-content\/uploads\/2022\/02\/1200px-Flag_of_Quebec.svg_-768x512.png 768w, https:\/\/fcmf.org\/fr\/wp-content\/uploads\/2022\/02\/1200px-Flag_of_Quebec.svg_-272x182.png 272w, https:\/\/fcmf.org\/fr\/wp-content\/uploads\/2022\/02\/1200px-Flag_of_Quebec.svg_.png 1200w\" sizes=\"auto, (max-width: 150px) 100vw, 150px\" class=\"\" itemprop=\"contentUrl\" alt=\"\"><\/div><\/div><\/a><div class=\"virtue_image_widget_caption kadence_image_widget_caption\">\t\t\t\t\t\t\t\t \t\t<\/div><\/div><\/div><div id=\"panel-6-0-2-3\" class=\"so-panel widget widget_virtue_about_with_image virtue_about_with_image\" data-index=\"8\" ><div class=\"kad_img_upload_widget kt-shape-type-kt-image-shape-standard kt-image-align-center kt-image-widget-widget-0-2-3\"><a href=\"https:\/\/www.nbfmf.org\/provincial\/\" target=\"_blank\"><div class=\"kt-image-contain kt-image-shadow-none kt-image-shape-standard\"><div class=\"kt-image-inner-contain\"><img loading=\"lazy\" decoding=\"async\" src=\"https:\/\/fcmf.org\/fr\/wp-content\/uploads\/2022\/02\/NB-provincial-flag-150x100.png\" width=\"150\" height=\"100\"  class=\"\" itemprop=\"contentUrl\" alt=\"\"><\/div><\/div><\/a><div class=\"virtue_image_widget_caption kadence_image_widget_caption\">\t\t\t\t\t\t\t\t \t\t\t\t\t\t\t\t \t\t\t\t\t\t\t\t \t\t\t\t\t\t<\/div><\/div><\/div><div id=\"panel-6-0-2-4\" class=\"so-panel widget widget_virtue_about_with_image virtue_about_with_image\" data-index=\"9\" ><div class=\"kad_img_upload_widget kt-shape-type-kt-image-shape-standard kt-image-align-center kt-image-widget-widget-0-2-4\"><a href=\"https:\/\/fcmf.org\/nova-scotia-provincial-music-festival\/\" target=\"_blank\"><div class=\"kt-image-contain kt-image-shadow-none kt-image-shape-standard\"><div class=\"kt-image-inner-contain\"><img loading=\"lazy\" decoding=\"async\" src=\"https:\/\/fcmf.org\/fr\/wp-content\/uploads\/2022\/02\/NS-provincial-flag-150x100.png\" width=\"150\" height=\"100\"  class=\"\" itemprop=\"contentUrl\" alt=\"\"><\/div><\/div><\/a><div class=\"virtue_image_widget_caption kadence_image_widget_caption\">\t\t\t\t\t\t\t\t \t\t\t\t\t\t\t\t \t\t\t\t<\/div><\/div><\/div><div id=\"panel-6-0-2-5\" class=\"so-panel widget widget_virtue_about_with_image virtue_about_with_image\" data-index=\"10\" ><div class=\"kad_img_upload_widget kt-shape-type-kt-image-shape-standard kt-image-align-center kt-image-widget-widget-0-2-5\"><a href=\"https:\/\/www.peikmfa.ca\/\" target=\"_blank\"><div class=\"kt-image-contain kt-image-shadow-none kt-image-shape-standard\"><div class=\"kt-image-inner-contain\"><img loading=\"lazy\" decoding=\"async\" src=\"https:\/\/fcmf.org\/fr\/wp-content\/uploads\/2022\/02\/PEI-Provincial-flag-150x100.png\" width=\"150\" height=\"100\"  class=\"\" itemprop=\"contentUrl\" alt=\"\"><\/div><\/div><\/a><div class=\"virtue_image_widget_caption kadence_image_widget_caption\">\t\t\t\t\t\t\t\t \t\t\t\t\t\t\t\t \t\t\t\t\t\t\t\t \t\t\t\t\t\t\t\t \t\t\t\t\t\t\t\t<\/div><\/div><\/div><div id=\"panel-6-0-2-6\" class=\"so-panel widget widget_virtue_about_with_image virtue_about_with_image\" data-index=\"11\" ><div class=\"kad_img_upload_widget kt-shape-type-kt-image-shape-standard kt-image-align-center kt-image-widget-widget-0-2-6\"><a href=\"https:\/\/fcmf.org\/nl-provincial-music-festival\/\" target=\"_blank\"><div class=\"kt-image-contain kt-image-shadow-none kt-image-shape-standard\"><div class=\"kt-image-inner-contain\"><img loading=\"lazy\" decoding=\"async\" src=\"https:\/\/fcmf.org\/fr\/wp-content\/uploads\/2022\/02\/NL-provincial-flag-150x100.png\" width=\"150\" height=\"100\"  class=\"\" itemprop=\"contentUrl\" alt=\"\"><\/div><\/div><\/a><div class=\"virtue_image_widget_caption kadence_image_widget_caption\">\t\t\t\t\t\t\t\t \t\t\t\t\t\t\t\t \t\t\t\t\t\t\t\t \t\t\t\t\t\t\t\t \t\t\t\t\t\t\t\t<\/div><\/div><\/div><div id=\"panel-6-0-2-7\" class=\"so-panel widget widget_virtue_about_with_image virtue_about_with_image panel-last-child\" data-index=\"12\" ><div class=\"kad_img_upload_widget kt-shape-type-kt-image-shape-standard kt-image-align-center kt-image-widget-widget-0-2-7\"><a href=\"https:\/\/fcmf.org\/fr\/volet-regional-dadhesion\/\" target=\"_blank\"><div class=\"kt-image-contain kt-image-shadow-none kt-image-shape-standard\"><div class=\"kt-image-inner-contain\"><img loading=\"lazy\" decoding=\"async\" src=\"https:\/\/fcmf.org\/fr\/wp-content\/uploads\/2023\/11\/Volet-dadhesion-regional-150x100.png\" width=\"150\" height=\"100\" srcset=\"https:\/\/fcmf.org\/fr\/wp-content\/uploads\/2023\/11\/Volet-dadhesion-regional-150x100.png 150w, https:\/\/fcmf.org\/fr\/wp-content\/uploads\/2023\/11\/Volet-dadhesion-regional-272x182.png 272w, https:\/\/fcmf.org\/fr\/wp-content\/uploads\/2023\/11\/Volet-dadhesion-regional-300x200.png 300w\" sizes=\"auto, (max-width: 150px) 100vw, 150px\" class=\"\" itemprop=\"contentUrl\" alt=\"\"><\/div><\/div><\/a><div class=\"virtue_image_widget_caption kadence_image_widget_caption\">\t\t\t\t\t\t\t\t \t\t\t\t\t\t\t\t \t\t\t\t\t\t\t\t \t\t\t\t\t\t\t\t \t\t\t\t\t\t\t\t \t\t\t\t\t\t\t\t\t\t<\/div><\/div><\/div><\/div><\/div><div id=\"pg-6-1\"  class=\"panel-grid panel-no-style\" ><div id=\"pgc-6-1-0\"  class=\"panel-grid-cell panel-grid-cell-empty\" ><\/div><div id=\"pgc-6-1-1\"  class=\"panel-grid-cell\" ><div id=\"panel-6-1-1-0\" class=\"so-panel widget widget_media_video panel-first-child panel-last-child\" data-index=\"13\" ><h3 class=\"widget-title\">Les laur\u00e9ats du Festival de musique du centenaire de 1967 partagent l&#8217;influence que celui-ci a eu sur leur vie.<\/h3><div style=\"width:100%;\" class=\"wp-video\"><video class=\"wp-video-shortcode\" id=\"video-6-2\" preload=\"metadata\" controls=\"controls\"><source type=\"video\/youtube\" src=\"https:\/\/youtu.be\/GJ0-meewpMg?_=2\" \/><a href=\"https:\/\/youtu.be\/GJ0-meewpMg\">https:\/\/youtu.be\/GJ0-meewpMg<\/a><\/video><\/div><\/div><\/div><div id=\"pgc-6-1-2\"  class=\"panel-grid-cell\" ><div id=\"panel-6-1-2-0\" class=\"so-panel widget widget_black-studio-tinymce widget_black_studio_tinymce panel-first-child panel-last-child\" data-index=\"14\" ><div class=\"textwidget\"><p>&nbsp;<\/p>\n<p>&nbsp;<\/p>\n<p>&nbsp;<\/p>\n<p>En 1967, le Festival de musique du centenaire prenait place dans le cadre des c\u00e9l\u00e9brations du centenaire du Canada.\u00a0 Depuis 1972, la F\u00e9d\u00e9ration canadienne des festivals de musique [FCFM] pr\u00e9sente un festival de musique national annuel.\u00a0 Afin de souligner le 50e anniversaire du Festival de musique national de la FCFM, nous avons fait appel aux laur\u00e9ats du Festival de musique du centenaire.\u00a0 John Rapson [laur\u00e9at du 1er prix Bois\/cuivres de niveau avanc\u00e9 et laur\u00e9at du Grand prix], Constance Newland [laur\u00e9ate du 1er prix en Chant de niveau avanc\u00e9], Denis Brott [laur\u00e9at du 1er prix Instruments \u00e0 cordes de niveau avanc\u00e9] avaient tous des souvenirs inoubliables \u00e0 partager sur leur participation au Festival de musique du centenaire.\u00a0 Cette vid\u00e9o t\u00e9moigne de l'influence que leur participation a eu sur leur carri\u00e8re et de leur soutien \u00e0 l'endroit du mouvement continu des festivals au Canada.<\/p>\n<\/div><\/div><\/div><\/div><div id=\"pg-6-2\"  class=\"panel-grid panel-has-style\" ><div class=\"panel-widget-style panel-row-style panel-row-style-for-6-2\" ><div id=\"pgc-6-2-0\"  class=\"panel-grid-cell panel-grid-cell-empty\" ><\/div><div id=\"pgc-6-2-1\"  class=\"panel-grid-cell panel-grid-cell-empty panel-grid-cell-mobile-last\" ><\/div><div id=\"pgc-6-2-2\"  class=\"panel-grid-cell panel-grid-cell-empty\" ><\/div><\/div><\/div><div id=\"pg-6-3\"  class=\"panel-grid panel-no-style\" ><div id=\"pgc-6-3-0\"  class=\"panel-grid-cell panel-grid-cell-empty\" ><\/div><div id=\"pgc-6-3-1\"  class=\"panel-grid-cell panel-grid-cell-mobile-last\" ><div id=\"panel-6-3-1-0\" class=\"so-panel widget widget_black-studio-tinymce widget_black_studio_tinymce panel-first-child panel-last-child\" data-index=\"15\" ><div class=\"textwidget\"><p style=\"text-align: left;\"><strong>La F\u00e9d\u00e9ration canadienne des festivals de musique est engag\u00e9e \u00e0 traiter toutes les personnes avec respect, sans \u00e9gard \u00e0 l'\u00e2ge, au sexe, \u00e0 la race, \u00e0 l'ethnicit\u00e9, \u00e0 la nationalit\u00e9, \u00e0 la langue, \u00e0 la religion ou \u00e0 l'orientation sexuelle.<\/strong><\/p>\n<\/div><\/div><\/div><div id=\"pgc-6-3-2\"  class=\"panel-grid-cell panel-grid-cell-empty\" ><\/div><\/div><\/div>","protected":false},"excerpt":{"rendered":"<p>La F\u00e9d\u00e9ration canadienne des festivals de musique (FCFM) est un organisme enregistr\u00e9 de services nationaux dans le domaine des arts. Depuis plus de 100 ans, notre r\u00e9seau culturel a d\u00e9couvert, soutenu et d\u00e9velopp\u00e9 des musiciens amateurs en qu\u00eate d&#8217;excellence par &hellip; <a class=\"kt-excerpt-readmore\" href=\"https:\/\/fcmf.org\/fr\/\" aria-label=\"Bienvenue\">Read More<\/a><\/p>\n","protected":false},"author":1,"featured_media":0,"parent":0,"menu_order":0,"comment_status":"closed","ping_status":"closed","template":"page-fullwidth.php","meta":{"footnotes":""},"class_list":["post-6","page","type-page","status-publish","hentry"],"_links":{"self":[{"href":"https:\/\/fcmf.org\/fr\/wp-json\/wp\/v2\/pages\/6","targetHints":{"allow":["GET"]}}],"collection":[{"href":"https:\/\/fcmf.org\/fr\/wp-json\/wp\/v2\/pages"}],"about":[{"href":"https:\/\/fcmf.org\/fr\/wp-json\/wp\/v2\/types\/page"}],"author":[{"embeddable":true,"href":"https:\/\/fcmf.org\/fr\/wp-json\/wp\/v2\/users\/1"}],"replies":[{"embeddable":true,"href":"https:\/\/fcmf.org\/fr\/wp-json\/wp\/v2\/comments?post=6"}],"version-history":[{"count":0,"href":"https:\/\/fcmf.org\/fr\/wp-json\/wp\/v2\/pages\/6\/revisions"}],"wp:attachment":[{"href":"https:\/\/fcmf.org\/fr\/wp-json\/wp\/v2\/media?parent=6"}],"curies":[{"name":"wp","href":"https:\/\/api.w.org\/{rel}","templated":true}]}}