{"id":5867,"date":"2021-10-29T11:48:17","date_gmt":"2021-10-29T14:48:17","guid":{"rendered":"https:\/\/fcmf.org\/?page_id=5867"},"modified":"2024-08-08T20:24:55","modified_gmt":"2024-08-08T23:24:55","slug":"fmn","status":"publish","type":"page","link":"https:\/\/fcmf.org\/fr\/fmn\/","title":{"rendered":"Festival de musique national 2022"},"content":{"rendered":"<div id=\"pl-5867\"  class=\"panel-layout\" ><div id=\"pg-5867-0\"  class=\"panel-grid panel-no-style\" ><div id=\"pgc-5867-0-0\"  class=\"panel-grid-cell panel-grid-cell-empty\" ><\/div><div id=\"pgc-5867-0-1\"  class=\"panel-grid-cell\" ><div id=\"panel-5867-0-1-0\" class=\"so-panel widget widget_black-studio-tinymce widget_black_studio_tinymce panel-first-child panel-last-child\" data-index=\"0\" ><div class=\"textwidget\"><h5 style=\"text-align: center;\"><strong>Festival de musique national 2022 de la FCFM\u00a0<\/strong><\/h5>\n<h5 style=\"text-align: center;\"><strong>6-13 ao\u00fbt 2022<\/strong><\/h5>\n<h5 style=\"text-align: center;\">\u00a0 <a href=\"https:\/\/fcmf.org\/fr\/wp-content\/uploads\/2022\/08\/2022-Le-Programme-du-concours-Festival-de-musique-national-de-la-FCFM_FINAL.pdf\">Le Programme du concours<\/a>\u00a0 \u00a0 \u00a0 \u00a0<a href=\"https:\/\/fcmf.org\/fr\/wp-content\/uploads\/2022\/08\/2022-Le-Programme-du-Concours-du-Grand-Prix.pdf\">Le Programme du Concours du Grand Prix<\/a><\/h5>\n<h5 style=\"text-align: center;\"><a href=\"https:\/\/fcmf.smugmug.com\/2022-Virtual\">Photos\u00a0<\/a> \u00a0\u00a0<a href=\"https:\/\/fcmf.org\/fr\/wp-content\/uploads\/2022\/08\/Resultats-du-Festival-de-musique-national-2022_Communique-de-presse_.pdf\">Communiqu\u00e9 de press - R\u00e9sultats du Festival de musique national<\/a><\/h5>\n<\/div><\/div><\/div><div id=\"pgc-5867-0-2\"  class=\"panel-grid-cell\" ><div id=\"panel-5867-0-2-0\" class=\"so-panel widget widget_virtue_about_with_image virtue_about_with_image panel-first-child panel-last-child\" data-index=\"1\" ><div class=\"kad_img_upload_widget kt-shape-type-kt-image-shape-standard kt-image-align-center kt-image-widget-widget-0-2-0\"><a href=\"https:\/\/www.canadahelps.org\/fr\/dn\/6948\" target=\"_blank\"><div class=\"kt-image-contain kt-image-shadow-none kt-image-shape-standard\"><div class=\"kt-image-inner-contain\"><img loading=\"lazy\" decoding=\"async\" width=\"231\" height=\"120\" src=\"https:\/\/fcmf.org\/fr\/wp-content\/uploads\/2022\/01\/canadon_logo-4.png\" class=\"attachment-medium size-medium\" alt=\"\t\t\t\t\t\t\t\t \t\t\" \/><\/div><\/div><\/a><div class=\"virtue_image_widget_caption kadence_image_widget_caption\">\t\t\t\t\t\t\t\t \t\t<\/div><\/div><\/div><\/div><\/div><div id=\"pg-5867-1\"  class=\"panel-grid panel-no-style\" ><div id=\"pgc-5867-1-0\"  class=\"panel-grid-cell panel-grid-cell-empty\" ><\/div><div id=\"pgc-5867-1-1\"  class=\"panel-grid-cell\" ><div id=\"panel-5867-1-1-0\" class=\"so-panel widget widget_media_video panel-first-child panel-last-child\" data-index=\"2\" ><div style=\"width:100%;\" class=\"wp-video\"><video class=\"wp-video-shortcode\" id=\"video-5867-1\" preload=\"metadata\" controls=\"controls\"><source type=\"video\/youtube\" src=\"https:\/\/www.youtube.com\/watch?v=cJfZuWZZ2gc&#038;_=1\" \/><a href=\"https:\/\/www.youtube.com\/watch?v=cJfZuWZZ2gc\">https:\/\/www.youtube.com\/watch?v=cJfZuWZZ2gc<\/a><\/video><\/div><\/div><\/div><div id=\"pgc-5867-1-2\"  class=\"panel-grid-cell panel-grid-cell-empty\" ><\/div><div id=\"pgc-5867-1-3\"  class=\"panel-grid-cell panel-grid-cell-mobile-last\" ><div id=\"panel-5867-1-3-0\" class=\"so-panel widget widget_media_video panel-first-child panel-last-child\" data-index=\"3\" ><div style=\"width:100%;\" class=\"wp-video\"><video class=\"wp-video-shortcode\" id=\"video-5867-2\" preload=\"metadata\" controls=\"controls\"><source type=\"video\/youtube\" src=\"https:\/\/youtu.be\/u4eMWADzz-4?_=2\" \/><a href=\"https:\/\/youtu.be\/u4eMWADzz-4\">https:\/\/youtu.be\/u4eMWADzz-4<\/a><\/video><\/div><\/div><\/div><div id=\"pgc-5867-1-4\"  class=\"panel-grid-cell panel-grid-cell-empty\" ><\/div><\/div><div id=\"pg-5867-2\"  class=\"panel-grid panel-no-style\" ><div id=\"pgc-5867-2-0\"  class=\"panel-grid-cell panel-grid-cell-mobile-last\" ><div id=\"panel-5867-2-0-0\" class=\"so-panel widget widget_black-studio-tinymce widget_black_studio_tinymce panel-first-child panel-last-child\" data-index=\"4\" ><div class=\"textwidget\"><h5 style=\"text-align: center;\"><strong>Prix<\/strong><\/h5>\n<p>Le laur\u00e9at du\u00a0<strong>Grand Prix de 5\u00a0000\u00a0$ de la fondation NRS<\/strong>\u00a0sera s\u00e9lectionn\u00e9 parmi les laur\u00e9ats des premiers prix du volet Artiste \u00e9mergent dans chacune des huit disciplines - voix, piano, cordes, guitare classique, bois, cuivres, percussion et th\u00e9\u00e2tre musical.<\/p>\n<p><strong>Volet Artiste \u00e9mergent<\/strong>\u00a0\u2013 Les 1er et 2e prix en voix, piano, cordes, guitare classique, bois, cuivres, percussion et th\u00e9\u00e2tre musical \u2013 2\u00a0000\u00a0$ et 1\u00a0500\u00a0$, respectivement.<\/p>\n<p><strong>Volet Artiste en d\u00e9veloppement<\/strong>\u2013 Les 1er et 2e prix en voix, piano, cordes, guitare classique, bois, cuivres, percussion et th\u00e9\u00e2tre musical \u2013\u00a0 500 $ et 250\u00a0$, respectivement.<\/p>\n<p><strong>Volet Enregistr\u00e9<\/strong>\u00a0\u2013 Les 1<sup>er<\/sup>\u00a0prix de la cat\u00e9gorie Ensemble de musique de chambre des niveaux d\u00e9butant, interm\u00e9diaire et avanc\u00e9 \u2013 500\u00a0$<\/p>\n<p><em>Veuillez noter : les cat\u00e9gories de choral, d'harmonie et d'orchestre n'ont pas \u00e9t\u00e9 offertes en 2022 en raison de l'impact des restrictions sanitaires de la COVID-19 sur la capacit\u00e9 des groupes \u00e0 se r\u00e9unir et \u00e0 se pr\u00e9prer.<\/em><\/p>\n<\/div><\/div><\/div><div id=\"pgc-5867-2-1\"  class=\"panel-grid-cell panel-grid-cell-empty\" ><\/div><\/div><div id=\"pg-5867-3\"  class=\"panel-grid panel-no-style\" ><div id=\"pgc-5867-3-0\"  class=\"panel-grid-cell panel-grid-cell-empty\" ><\/div><div id=\"pgc-5867-3-1\"  class=\"panel-grid-cell panel-grid-cell-mobile-last\" ><div id=\"panel-5867-3-1-0\" class=\"so-panel widget widget_black-studio-tinymce widget_black_studio_tinymce panel-first-child panel-last-child\" data-index=\"5\" ><div class=\"textwidget\"><h5 style=\"text-align: center;\"><strong>Webinaires de perfectionnement professionnel<\/strong><\/h5>\n<p style=\"text-align: center;\">Commandit\u00e9 en partie par Wade Wealth Management Group of RBC Dominion Securities<\/p>\n<p style=\"text-align: center;\"><a href=\"https:\/\/fcmf.org\/fr\/wp-content\/uploads\/2022\/08\/Wade-Wealth-logo-2019.jpg\"><img loading=\"lazy\" decoding=\"async\" class=\"size-full wp-image-6767 aligncenter\" src=\"https:\/\/fcmf.org\/fr\/wp-content\/uploads\/2022\/08\/Wade-Wealth-logo-2019.jpg\" alt=\"\" width=\"663\" height=\"94\" srcset=\"https:\/\/fcmf.org\/fr\/wp-content\/uploads\/2022\/08\/Wade-Wealth-logo-2019.jpg 663w, https:\/\/fcmf.org\/fr\/wp-content\/uploads\/2022\/08\/Wade-Wealth-logo-2019-300x43.jpg 300w\" sizes=\"auto, (max-width: 663px) 100vw, 663px\" \/><\/a><\/p>\n<\/div><\/div><\/div><div id=\"pgc-5867-3-2\"  class=\"panel-grid-cell panel-grid-cell-empty\" ><\/div><\/div><div id=\"pg-5867-4\"  class=\"panel-grid panel-no-style\" ><div id=\"pgc-5867-4-0\"  class=\"panel-grid-cell\" ><div id=\"panel-5867-4-0-0\" class=\"so-panel widget widget_media_image panel-first-child\" data-index=\"6\" ><img loading=\"lazy\" decoding=\"async\" width=\"300\" height=\"200\" src=\"https:\/\/fcmf.org\/fr\/wp-content\/uploads\/2022\/07\/Lara-Deutsch-Brent-Calis-Photography-2018-300x200.jpg\" class=\"image wp-image-6689  attachment-medium size-medium\" alt=\"\" style=\"max-width: 100%; height: auto;\" srcset=\"https:\/\/fcmf.org\/fr\/wp-content\/uploads\/2022\/07\/Lara-Deutsch-Brent-Calis-Photography-2018-300x200.jpg 300w, https:\/\/fcmf.org\/fr\/wp-content\/uploads\/2022\/07\/Lara-Deutsch-Brent-Calis-Photography-2018-1024x683.jpg 1024w, https:\/\/fcmf.org\/fr\/wp-content\/uploads\/2022\/07\/Lara-Deutsch-Brent-Calis-Photography-2018-768x512.jpg 768w, https:\/\/fcmf.org\/fr\/wp-content\/uploads\/2022\/07\/Lara-Deutsch-Brent-Calis-Photography-2018-1536x1024.jpg 1536w, https:\/\/fcmf.org\/fr\/wp-content\/uploads\/2022\/07\/Lara-Deutsch-Brent-Calis-Photography-2018-2048x1365.jpg 2048w, https:\/\/fcmf.org\/fr\/wp-content\/uploads\/2022\/07\/Lara-Deutsch-Brent-Calis-Photography-2018-272x182.jpg 272w\" sizes=\"auto, (max-width: 300px) 100vw, 300px\" \/><\/div><div id=\"panel-5867-4-0-1\" class=\"so-panel widget widget_black-studio-tinymce widget_black_studio_tinymce panel-last-child\" data-index=\"7\" ><div class=\"textwidget\"><h5 style=\"text-align: center;\"><a href=\"https:\/\/fcmf.org\/fr\/wp-content\/uploads\/2022\/07\/Lara-Deutsch-Biographie_FR.pdf\">Biographie de Lara Deutsch<\/a><\/h5>\n<\/div><\/div><\/div><div id=\"pgc-5867-4-1\"  class=\"panel-grid-cell\" ><div id=\"panel-5867-4-1-0\" class=\"so-panel widget widget_black-studio-tinymce widget_black_studio_tinymce panel-first-child panel-last-child\" data-index=\"8\" ><div class=\"textwidget\"><h4><strong>COMMENT J'AI APPRIS \u00c0 R\u00c9FL\u00c9CHIR ET \u00c0 M'ENTRA\u00ceNER COMME UN ATHL\u00c8TE OLYMPIQUE\u00a0:<br \/>\n<em>L'importance des habilet\u00e9s mentales pour les musiciens<\/em><\/strong><\/h4>\n<p><strong>Sommaire g\u00e9n\u00e9ral\u00a0:<\/strong><\/p>\n<p>Tout comme les athl\u00e8tes qui passent leur vie \u00e0 s'entra\u00eener en vue d'une course olympique, les musiciens passent des ann\u00e9es \u00e0 pratiquer pour des auditions qui ne durent parfois que quelques minutes. Toutefois, la majorit\u00e9 d'entre nous nous consacrons enti\u00e8rement \u00e0 notre pr\u00e9paration musicale pour ces occasions alors que notre capacit\u00e9 \u00e0 donner le meilleur de nous-m\u00eames, quand les enjeux sont importants, repose en grande partie sur notre force mentale. Dans cet atelier de 60 minutes, je partage les le\u00e7ons que j'ai apprises aupr\u00e8s du pr\u00e9parateur mental d'athl\u00e8tes olympiques <a href=\"http:\/\/www.kambioperformance.com\/\">Jean-Fran\u00e7ois M\u00e9nard<\/a> qui me permettent d'optimiser mes prestations. Ce travail a r\u00e9volutionn\u00e9 ma vie et c'est pour cette raison que je pr\u00f4ne avec passion la pr\u00e9paration et les habilet\u00e9s mentales comme allant de pair avec la formation de tous les arts de la sc\u00e8ne.<\/p>\n<p><strong>Sujets abord\u00e9s\u00a0:<\/strong><\/p>\n<ul>\n<li>L'impact subconscient du langage sur notre dialogue int\u00e9rieur<\/li>\n<li>Optimisation de la pr\u00e9paration<\/li>\n<li>Routines pr\u00e9c\u00e9dant une prestation<\/li>\n<\/ul>\n<\/div><\/div><\/div><\/div><div id=\"pg-5867-5\"  class=\"panel-grid panel-no-style\" ><div id=\"pgc-5867-5-0\"  class=\"panel-grid-cell\" ><div id=\"panel-5867-5-0-0\" class=\"so-panel widget widget_media_image panel-first-child\" data-index=\"9\" ><img loading=\"lazy\" decoding=\"async\" width=\"300\" height=\"200\" src=\"https:\/\/fcmf.org\/fr\/wp-content\/uploads\/2022\/07\/Don.Hlus_.1-300x200.jpg\" class=\"image wp-image-6690  attachment-medium size-medium\" alt=\"\" style=\"max-width: 100%; height: auto;\" srcset=\"https:\/\/fcmf.org\/fr\/wp-content\/uploads\/2022\/07\/Don.Hlus_.1-300x200.jpg 300w, https:\/\/fcmf.org\/fr\/wp-content\/uploads\/2022\/07\/Don.Hlus_.1-1024x683.jpg 1024w, https:\/\/fcmf.org\/fr\/wp-content\/uploads\/2022\/07\/Don.Hlus_.1-768x512.jpg 768w, https:\/\/fcmf.org\/fr\/wp-content\/uploads\/2022\/07\/Don.Hlus_.1-1536x1024.jpg 1536w, https:\/\/fcmf.org\/fr\/wp-content\/uploads\/2022\/07\/Don.Hlus_.1-2048x1365.jpg 2048w, https:\/\/fcmf.org\/fr\/wp-content\/uploads\/2022\/07\/Don.Hlus_.1-272x182.jpg 272w\" sizes=\"auto, (max-width: 300px) 100vw, 300px\" \/><\/div><div id=\"panel-5867-5-0-1\" class=\"so-panel widget widget_black-studio-tinymce widget_black_studio_tinymce panel-last-child\" data-index=\"10\" ><div class=\"textwidget\"><h5 style=\"text-align: center;\"><a href=\"https:\/\/fcmf.org\/fr\/wp-content\/uploads\/2022\/07\/Don-Hlus-Short-Bio-2022.04.11_FR.pdf\">Biographie de Don Hlus<\/a><\/h5>\n<\/div><\/div><\/div><div id=\"pgc-5867-5-1\"  class=\"panel-grid-cell\" ><div id=\"panel-5867-5-1-0\" class=\"so-panel widget widget_black-studio-tinymce widget_black_studio_tinymce panel-first-child panel-last-child\" data-index=\"11\" ><div class=\"textwidget\"><h4><strong>La vie cr\u00e9ative\u00a0: parler affaires<\/strong><\/h4>\n<p>Les musiciens de la jeune g\u00e9n\u00e9ration croient \u00e0 tort que s'ils \u00e9tudient aupr\u00e8s du bon professeur, pratiquent tr\u00e8s, TR\u00c8S fort, sont accept\u00e9s dans une \u00e9cole de musique r\u00e9put\u00e9e, obtiennent un dipl\u00f4me d'\u00e9tudes sup\u00e9rieures et remportent un ou plusieurs concours importants, que leur emploi\/carri\u00e8re de r\u00eave tombera automatiquement du ciel. Malheureusement, cette illusion rend les jeunes artistes complaisants \u2013voire ignorants\u2013 quant aux aspects pratiques et r\u00e9els de ce qu'implique une carri\u00e8re musicale professionnelle. Cet atelier\/webinaire explorera l'importance de d\u00e9velopper le c\u00f4t\u00e9 administratif de votre carri\u00e8re musicale en appui \u00e0 vos projets artistiques.<\/p>\n<\/div><\/div><\/div><\/div><div id=\"pg-5867-6\"  class=\"panel-grid panel-no-style\" ><div id=\"pgc-5867-6-0\"  class=\"panel-grid-cell panel-grid-cell-empty\" ><\/div><div id=\"pgc-5867-6-1\"  class=\"panel-grid-cell panel-grid-cell-mobile-last\" ><div id=\"panel-5867-6-1-0\" class=\"so-panel widget widget_black-studio-tinymce widget_black_studio_tinymce panel-first-child panel-last-child\" data-index=\"12\" ><div class=\"textwidget\"><h5 style=\"text-align: center;\"><a href=\"https:\/\/fcmf.org\/fr\/wp-content\/uploads\/2022\/01\/Sommaire-de-la-programmation-2022-des-volets-du-Festival-de-musique-national-de-la-FCFM.pdf\">Sommaire de la programmation 2022 des volets du Festival de musique national de la FCFM<\/a><\/h5>\n<\/div><\/div><\/div><div id=\"pgc-5867-6-2\"  class=\"panel-grid-cell panel-grid-cell-empty\" ><\/div><\/div><div id=\"pg-5867-7\"  class=\"panel-grid panel-has-style\" ><div class=\"panel-widget-style panel-row-style panel-row-style-for-5867-7\" ><div id=\"pgc-5867-7-0\"  class=\"panel-grid-cell panel-grid-cell-empty\" ><\/div><div id=\"pgc-5867-7-1\"  class=\"panel-grid-cell panel-grid-cell-mobile-last\" ><div id=\"panel-5867-7-1-0\" class=\"so-panel widget widget_black-studio-tinymce widget_black_studio_tinymce panel-first-child panel-last-child\" data-index=\"13\" ><div class=\"textwidget\"><p><span style=\"color: #ff0000;\"><strong>VOLETS R\u00c9GIONAUX D'ADH\u00c9SION ET DE QUALIFICATION<\/strong><\/span><\/p>\n<p>La F\u00e9d\u00e9ration canadienne des festivals de musique [FCFM] offre aux festivals de musique r\u00e9gionaux des provinces non affili\u00e9es la possibilit\u00e9 de s'affilier directement \u00e0 la FCFM!<\/p>\n<p>L'affiliation par l'interm\u00e9diaire de ce volet r\u00e9gional d'adh\u00e9sion permet aux \u00e9l\u00e8ves qui ne sont pas admissibles actuellement de prendre part \u00e0 notre nouveau volet de qualification r\u00e9gional en vue du Festival de musique national de la FCFM!<\/p>\n<p>Ce concours virtuel sera pr\u00e9sent\u00e9 par la FCFM.\u00a0 Les \u00e9l\u00e8ves recommand\u00e9s par un juge r\u00e9gional sont dor\u00e9navant admissibles et peuvent b\u00e9n\u00e9ficier d'une recommandation en vue du Festival de musique national de la FCFM.<\/p>\n<p>Cette cat\u00e9gorie d'adh\u00e9sion et ce volet r\u00e9gional de qualification garantissent que les jeunes musiciens amateurs du Canada, d'un oc\u00e9an \u00e0 l'autre, peuvent prendre part \u00e0 un concours sur une sc\u00e8ne nationale.<\/p>\n<p><strong>Pour de plus amples renseignements sur comment devenir membre en tant que festival de musique r\u00e9gional, communiquez avec Barbara \u00e0 l'adresse <\/strong><a href=\"mailto:info@fcmf.org\"><strong>info@fcmf.org<\/strong><\/a><\/p>\n<p style=\"text-align: left;\">\n<\/div><\/div><\/div><div id=\"pgc-5867-7-2\"  class=\"panel-grid-cell panel-grid-cell-empty\" ><\/div><\/div><\/div><div id=\"pg-5867-8\"  class=\"panel-grid panel-no-style\" ><div id=\"pgc-5867-8-0\"  class=\"panel-grid-cell panel-grid-cell-empty\" ><\/div><div id=\"pgc-5867-8-1\"  class=\"panel-grid-cell panel-grid-cell-mobile-last\" ><div id=\"panel-5867-8-1-0\" class=\"so-panel widget widget_media_video panel-first-child panel-last-child\" data-index=\"14\" ><div class=\"panel-widget-style panel-widget-style-for-5867-8-1-0\" ><h3 class=\"widget-title\">\u00c9coutez ce que nos anciens ont \u00e0 dire sur l&#8217;importance du Festival de musique national de la FCFM<\/h3><div style=\"width:100%;\" class=\"wp-video\"><video class=\"wp-video-shortcode\" id=\"video-5867-3\" preload=\"metadata\" controls=\"controls\"><source type=\"video\/youtube\" src=\"https:\/\/youtu.be\/zR2q_cLIBHk?_=3\" \/><a href=\"https:\/\/youtu.be\/zR2q_cLIBHk\">https:\/\/youtu.be\/zR2q_cLIBHk<\/a><\/video><\/div><\/div><\/div><\/div><div id=\"pgc-5867-8-2\"  class=\"panel-grid-cell panel-grid-cell-empty\" ><\/div><\/div><div id=\"pg-5867-9\"  class=\"panel-grid panel-no-style\" ><div id=\"pgc-5867-9-0\"  class=\"panel-grid-cell panel-grid-cell-empty\" ><\/div><div id=\"pgc-5867-9-1\"  class=\"panel-grid-cell panel-grid-cell-mobile-last\" ><div id=\"panel-5867-9-1-0\" class=\"so-panel widget widget_black-studio-tinymce widget_black_studio_tinymce panel-first-child panel-last-child\" data-index=\"15\" ><div class=\"textwidget\"><p style=\"text-align: left;\"><strong>La F\u00e9d\u00e9ration canadienne des festivals de musique est engag\u00e9e \u00e0 traiter toutes les personnes avec respect, sans \u00e9gard \u00e0 l'\u00e2ge, au sexe, \u00e0 la race, \u00e0 l'ethnicit\u00e9, \u00e0 la nationalit\u00e9, \u00e0 la langue, \u00e0 la religion ou \u00e0 l'orientation sexuelle.<\/strong><\/p>\n<\/div><\/div><\/div><div id=\"pgc-5867-9-2\"  class=\"panel-grid-cell panel-grid-cell-empty\" ><\/div><\/div><\/div>","protected":false},"excerpt":{"rendered":"<p>Festival de musique national 2022 de la FCFM\u00a0 6-13 ao\u00fbt 2022 \u00a0 Le Programme du concours\u00a0 \u00a0 \u00a0 \u00a0Le Programme du Concours du Grand Prix Photos\u00a0 \u00a0\u00a0Communiqu\u00e9 de press &#8211; R\u00e9sultats du Festival de musique national<\/p>\n","protected":false},"author":3,"featured_media":0,"parent":0,"menu_order":0,"comment_status":"closed","ping_status":"closed","template":"page-fullwidth.php","meta":{"footnotes":""},"class_list":["post-5867","page","type-page","status-publish","hentry"],"_links":{"self":[{"href":"https:\/\/fcmf.org\/fr\/wp-json\/wp\/v2\/pages\/5867","targetHints":{"allow":["GET"]}}],"collection":[{"href":"https:\/\/fcmf.org\/fr\/wp-json\/wp\/v2\/pages"}],"about":[{"href":"https:\/\/fcmf.org\/fr\/wp-json\/wp\/v2\/types\/page"}],"author":[{"embeddable":true,"href":"https:\/\/fcmf.org\/fr\/wp-json\/wp\/v2\/users\/3"}],"replies":[{"embeddable":true,"href":"https:\/\/fcmf.org\/fr\/wp-json\/wp\/v2\/comments?post=5867"}],"version-history":[{"count":0,"href":"https:\/\/fcmf.org\/fr\/wp-json\/wp\/v2\/pages\/5867\/revisions"}],"wp:attachment":[{"href":"https:\/\/fcmf.org\/fr\/wp-json\/wp\/v2\/media?parent=5867"}],"curies":[{"name":"wp","href":"https:\/\/api.w.org\/{rel}","templated":true}]}}