{"id":502,"date":"2016-12-03T17:31:03","date_gmt":"2016-12-03T17:31:03","guid":{"rendered":"http:\/\/www.fcmf.org\/?page_id=502"},"modified":"2026-01-29T12:12:59","modified_gmt":"2026-01-29T16:12:59","slug":"affiches-publicitaires","status":"publish","type":"page","link":"https:\/\/fcmf.org\/fr\/affiches-publicitaires\/","title":{"rendered":"Affiches publicitaires de la FCFM"},"content":{"rendered":"<div id=\"pl-502\"  class=\"panel-layout\" ><div id=\"pg-502-0\"  class=\"panel-grid panel-no-style\" ><div id=\"pgc-502-0-0\"  class=\"panel-grid-cell panel-grid-cell-empty\" ><\/div><div id=\"pgc-502-0-1\"  class=\"panel-grid-cell panel-grid-cell-mobile-last\" ><div id=\"panel-502-0-1-0\" class=\"so-panel widget widget_black-studio-tinymce widget_black_studio_tinymce panel-first-child panel-last-child\" data-index=\"0\" ><div class=\"textwidget\">La publicit\u00e9 suivante a \u00e9t\u00e9 pr\u00e9par\u00e9e afin d'\u00eatre utilis\u00e9e par les festivals locaux et provinciaux affili\u00e9s pour leur permettre d'annoncer le Festival de musique national de la FCFM qui aura lieu du 9 au 29 ao\u00fbt 2026. Nous vous invitons \u00e0 l'inclure dans vos programmes. Merci!<\/div><\/div><\/div><div id=\"pgc-502-0-2\"  class=\"panel-grid-cell panel-grid-cell-empty\" ><\/div><\/div><div id=\"pg-502-1\"  class=\"panel-grid panel-no-style\" ><div id=\"pgc-502-1-0\"  class=\"panel-grid-cell panel-grid-cell-empty\" ><\/div><div id=\"pgc-502-1-1\"  class=\"panel-grid-cell\" ><div id=\"panel-502-1-1-0\" class=\"so-panel widget widget_black-studio-tinymce widget_black_studio_tinymce panel-first-child panel-last-child\" data-index=\"1\" ><div class=\"textwidget\"><p><strong>Horizontale - fran\u00e7ais\u00a0<\/strong><\/p>\n<p style=\"padding-left: 40px;\">5\"x4\"\u00a0 \u00a0 \u00a0 <a href=\"https:\/\/drive.google.com\/file\/d\/16OXi-5eTFVHIVod67EoqzdFYuJfN6HEL\/view?usp=drive_link\">jpg<\/a>\u00a0 \u00a0 \u00a0<a href=\"https:\/\/drive.google.com\/file\/d\/1uj1UM0l2G0AIVgPvf5MvhdBvzAbzgk-S\/view?usp=drive_link\">pdf<\/a><\/p>\n<p style=\"padding-left: 40px;\">8\"x5\"\u00a0 \u00a0 \u00a0 <a href=\"https:\/\/drive.google.com\/file\/d\/1qp5-4YClN3gfp4fOLsMKU0Bcocok25-D\/view?usp=drive_link\">jpg<\/a>\u00a0 \u00a0 \u00a0<a href=\"https:\/\/drive.google.com\/file\/d\/15a9y7Cvt96yfp5djuZ4mlcrm38_x2z4M\/view?usp=drive_link\">pdf<\/a><\/p>\n<\/div><\/div><\/div><div id=\"pgc-502-1-2\"  class=\"panel-grid-cell panel-grid-cell-mobile-last\" ><div id=\"panel-502-1-2-0\" class=\"so-panel widget widget_black-studio-tinymce widget_black_studio_tinymce panel-first-child panel-last-child\" data-index=\"2\" ><div class=\"textwidget\"><p><strong>Verticale - Bilingue - fran\u00e7ais en premier<\/strong><\/p>\n<p style=\"padding-left: 40px;\">5\"x8\"\u00a0 \u00a0 \u00a0<a href=\"https:\/\/drive.google.com\/file\/d\/1hqGJ4-0hyCBfi-EjKAeWe15jOFE1XtuP\/view?usp=drive_link\"> jpg<\/a>\u00a0 \u00a0 \u00a0<a href=\"https:\/\/drive.google.com\/file\/d\/1kvsUvwQpzvw9gzd4e8CLRM-K4a0Sx5zF\/view?usp=drive_link\">pdf<\/a><\/p>\n<p style=\"padding-left: 40px;\">8\"x11\"\u00a0 \u00a0 <a href=\"https:\/\/drive.google.com\/file\/d\/1HBfZuLNbW62GZQLpMbVHXEMuqYlci5GZ\/view?usp=drive_link\">jpg<\/a>\u00a0 \u00a0 \u00a0<a href=\"https:\/\/drive.google.com\/file\/d\/19vpY_QZVMRN5XZEyTAUN_yZ6FGasb471\/view?usp=drive_link\">pdf<\/a><\/p>\n<\/div><\/div><\/div><div id=\"pgc-502-1-3\"  class=\"panel-grid-cell panel-grid-cell-empty\" ><\/div><\/div><div id=\"pg-502-2\"  class=\"panel-grid panel-no-style\" ><div id=\"pgc-502-2-0\"  class=\"panel-grid-cell panel-grid-cell-empty\" ><\/div><div id=\"pgc-502-2-1\"  class=\"panel-grid-cell\" ><div id=\"panel-502-2-1-0\" class=\"so-panel widget widget_virtue_about_with_image virtue_about_with_image panel-first-child panel-last-child\" data-index=\"3\" ><div class=\"kad_img_upload_widget kt-shape-type-kt-image-shape-standard kt-image-align-center kt-image-widget-widget-2-1-0\"><a href=\"https:\/\/fcmf.org\/fr\/wp-content\/uploads\/2025\/12\/5x4-FR-1.jpg\" rel=\"lightbox\"><div class=\"kt-image-contain kt-image-shadow-none kt-image-shape-standard\"><div class=\"kt-image-inner-contain\"><img loading=\"lazy\" decoding=\"async\" width=\"768\" height=\"614\" src=\"https:\/\/fcmf.org\/fr\/wp-content\/uploads\/2025\/12\/5x4-FR-1-768x614.jpg\" class=\"attachment-medium_large size-medium_large\" alt=\"\t\t\t\t\t\t\t\t \t\t\t\t\t\t\t\t \t\t\t\t\t\t\t\t \t\t\t\t\t\t\t\t \t\t\t\t\t\t\t\t \t\t\t\t\t\t\t\t \t\t\t\t\t\t\t\t\t\t\t\t\" srcset=\"https:\/\/fcmf.org\/fr\/wp-content\/uploads\/2025\/12\/5x4-FR-1-768x614.jpg 768w, https:\/\/fcmf.org\/fr\/wp-content\/uploads\/2025\/12\/5x4-FR-1-300x240.jpg 300w, https:\/\/fcmf.org\/fr\/wp-content\/uploads\/2025\/12\/5x4-FR-1-1024x819.jpg 1024w, https:\/\/fcmf.org\/fr\/wp-content\/uploads\/2025\/12\/5x4-FR-1.jpg 1500w\" sizes=\"auto, (max-width: 768px) 100vw, 768px\" \/><\/div><\/div><\/a><div class=\"virtue_image_widget_caption kadence_image_widget_caption\">\t\t\t\t\t\t\t\t \t\t\t\t\t\t\t\t \t\t\t\t\t\t\t\t \t\t\t\t\t\t\t\t \t\t\t\t\t\t\t\t \t\t\t\t\t\t\t\t \t\t\t\t\t\t\t\t\t\t\t\t<\/div><\/div><\/div><\/div><div id=\"pgc-502-2-2\"  class=\"panel-grid-cell panel-grid-cell-mobile-last\" ><div id=\"panel-502-2-2-0\" class=\"so-panel widget widget_virtue_about_with_image virtue_about_with_image panel-first-child panel-last-child\" data-index=\"4\" ><div class=\"kad_img_upload_widget kt-shape-type-kt-image-shape-standard kt-image-align-center kt-image-widget-widget-2-2-0\"><a href=\"https:\/\/fcmf.org\/fr\/wp-content\/uploads\/2025\/12\/2026-8x11-Vertical-French-English-1.jpg\" rel=\"lightbox\"><div class=\"kt-image-contain kt-image-shadow-none kt-image-shape-standard\"><div class=\"kt-image-inner-contain\"><img loading=\"lazy\" decoding=\"async\" width=\"768\" height=\"1056\" src=\"https:\/\/fcmf.org\/fr\/wp-content\/uploads\/2025\/12\/2026-8x11-Vertical-French-English-1-768x1056.jpg\" class=\"attachment-medium_large size-medium_large\" alt=\"\t\t\t\t\t\t\t\t \t\t\t\t\t\t\t\t \t\t\t\t\t\t\t\t \t\t\t\t\t\t\t\t \t\t\t\t\t\t\t\t \t\t\t\t\t\t\t\t \t\t\t\t\t\t\t\t\t\t\t\t\" srcset=\"https:\/\/fcmf.org\/fr\/wp-content\/uploads\/2025\/12\/2026-8x11-Vertical-French-English-1-768x1056.jpg 768w, https:\/\/fcmf.org\/fr\/wp-content\/uploads\/2025\/12\/2026-8x11-Vertical-French-English-1-218x300.jpg 218w, https:\/\/fcmf.org\/fr\/wp-content\/uploads\/2025\/12\/2026-8x11-Vertical-French-English-1-744x1024.jpg 744w, https:\/\/fcmf.org\/fr\/wp-content\/uploads\/2025\/12\/2026-8x11-Vertical-French-English-1-1117x1536.jpg 1117w, https:\/\/fcmf.org\/fr\/wp-content\/uploads\/2025\/12\/2026-8x11-Vertical-French-English-1.jpg 1454w\" sizes=\"auto, (max-width: 768px) 100vw, 768px\" \/><\/div><\/div><\/a><div class=\"virtue_image_widget_caption kadence_image_widget_caption\">\t\t\t\t\t\t\t\t \t\t\t\t\t\t\t\t \t\t\t\t\t\t\t\t \t\t\t\t\t\t\t\t \t\t\t\t\t\t\t\t \t\t\t\t\t\t\t\t \t\t\t\t\t\t\t\t\t\t\t\t<\/div><\/div><\/div><\/div><div id=\"pgc-502-2-3\"  class=\"panel-grid-cell panel-grid-cell-empty\" ><\/div><\/div><\/div>","protected":false},"excerpt":{"rendered":"<p>La publicit\u00e9 suivante a \u00e9t\u00e9 pr\u00e9par\u00e9e afin d&#8217;\u00eatre utilis\u00e9e par les festivals locaux et provinciaux affili\u00e9s pour leur permettre d&#8217;annoncer le Festival de musique national de la FCFM qui aura lieu du 9 au 29 ao\u00fbt 2026. Nous vous invitons &hellip; <a class=\"kt-excerpt-readmore\" href=\"https:\/\/fcmf.org\/fr\/affiches-publicitaires\/\" aria-label=\"Affiches publicitaires de la FCFM\">Read More<\/a><\/p>\n","protected":false},"author":3,"featured_media":0,"parent":0,"menu_order":0,"comment_status":"closed","ping_status":"closed","template":"page-fullwidth.php","meta":{"footnotes":""},"class_list":["post-502","page","type-page","status-publish","hentry"],"_links":{"self":[{"href":"https:\/\/fcmf.org\/fr\/wp-json\/wp\/v2\/pages\/502","targetHints":{"allow":["GET"]}}],"collection":[{"href":"https:\/\/fcmf.org\/fr\/wp-json\/wp\/v2\/pages"}],"about":[{"href":"https:\/\/fcmf.org\/fr\/wp-json\/wp\/v2\/types\/page"}],"author":[{"embeddable":true,"href":"https:\/\/fcmf.org\/fr\/wp-json\/wp\/v2\/users\/3"}],"replies":[{"embeddable":true,"href":"https:\/\/fcmf.org\/fr\/wp-json\/wp\/v2\/comments?post=502"}],"version-history":[{"count":0,"href":"https:\/\/fcmf.org\/fr\/wp-json\/wp\/v2\/pages\/502\/revisions"}],"wp:attachment":[{"href":"https:\/\/fcmf.org\/fr\/wp-json\/wp\/v2\/media?parent=502"}],"curies":[{"name":"wp","href":"https:\/\/api.w.org\/{rel}","templated":true}]}}