{"id":4964,"date":"2021-04-25T15:57:18","date_gmt":"2021-04-25T18:57:18","guid":{"rendered":"https:\/\/www.fcmf.org\/?page_id=4964"},"modified":"2024-08-08T19:54:35","modified_gmt":"2024-08-08T22:54:35","slug":"fmn2021","status":"publish","type":"page","link":"https:\/\/fcmf.org\/fr\/fmn2021\/","title":{"rendered":"50e Festival de musique national 2021"},"content":{"rendered":"<div id=\"pl-4964\"  class=\"panel-layout\" ><div id=\"pg-4964-0\"  class=\"panel-grid panel-no-style\" ><div id=\"pgc-4964-0-0\"  class=\"panel-grid-cell\" ><div id=\"panel-4964-0-0-0\" class=\"so-panel widget widget_black-studio-tinymce widget_black_studio_tinymce panel-first-child panel-last-child\" data-index=\"0\" ><div class=\"textwidget\"><h5 style=\"text-align: center;\"><strong>Festival de musique national 2021<\/strong><\/h5>\n<h5 style=\"text-align: center;\"><strong>6-14 ao\u00fbt 2021\u00a0 \u00a0|\u00a0 \u00a0Virtuel<\/strong><\/h5>\n<\/div><\/div><\/div><\/div><div id=\"pg-4964-1\"  class=\"panel-grid panel-no-style\" ><div id=\"pgc-4964-1-0\"  class=\"panel-grid-cell\" ><div id=\"panel-4964-1-0-0\" class=\"so-panel widget widget_virtue_about_with_image virtue_about_with_image panel-first-child panel-last-child\" data-index=\"1\" ><div class=\"kad_img_upload_widget kt-shape-type-kt-image-shape-standard kt-image-align-center kt-image-widget-widget-1-0-0\"><a href=\"https:\/\/fcmf.org\/fr\/wp-content\/uploads\/2022\/02\/LSQR-GrandAwardWinner_Slide.png\" rel=\"lightbox\"><div class=\"kt-image-contain kt-image-shadow-none kt-image-shape-standard\"><div class=\"kt-image-inner-contain\"><img loading=\"lazy\" decoding=\"async\" width=\"768\" height=\"432\" src=\"https:\/\/fcmf.org\/fr\/wp-content\/uploads\/2022\/02\/LSQR-GrandAwardWinner_Slide-768x432.png\" class=\"attachment-medium_large size-medium_large\" alt=\"\t\t\t\t\t\t\t\t \t\t\t\t\t\t\t\t \t\t\t\t\t\t\t\t \t\t\t\t\t\t\t\t \t\t\t\t\t\t\t\t \t\t\t\t\t\t\t\t \t\t\t\t\t\t\t\t \t\t\t\t\t\t\t\t\t\t\t\t\t\t\" srcset=\"https:\/\/fcmf.org\/fr\/wp-content\/uploads\/2022\/02\/LSQR-GrandAwardWinner_Slide-768x432.png 768w, https:\/\/fcmf.org\/fr\/wp-content\/uploads\/2022\/02\/LSQR-GrandAwardWinner_Slide-300x169.png 300w, https:\/\/fcmf.org\/fr\/wp-content\/uploads\/2022\/02\/LSQR-GrandAwardWinner_Slide-1024x576.png 1024w, https:\/\/fcmf.org\/fr\/wp-content\/uploads\/2022\/02\/LSQR-GrandAwardWinner_Slide-1536x864.png 1536w, https:\/\/fcmf.org\/fr\/wp-content\/uploads\/2022\/02\/LSQR-GrandAwardWinner_Slide.png 1920w\" sizes=\"auto, (max-width: 768px) 100vw, 768px\" \/><\/div><\/div><\/a><div class=\"virtue_image_widget_caption kadence_image_widget_caption\">\t\t\t\t\t\t\t\t \t\t\t\t\t\t\t\t \t\t\t\t\t\t\t\t \t\t\t\t\t\t\t\t \t\t\t\t\t\t\t\t \t\t\t\t\t\t\t\t \t\t\t\t\t\t\t\t \t\t\t\t\t\t\t\t\t\t\t\t\t\t<\/div><\/div><\/div><\/div><\/div><div id=\"pg-4964-2\"  class=\"panel-grid panel-no-style\" ><div id=\"pgc-4964-2-0\"  class=\"panel-grid-cell\" ><div id=\"panel-4964-2-0-0\" class=\"so-panel widget widget_black-studio-tinymce widget_black_studio_tinymce panel-first-child panel-last-child\" data-index=\"2\" ><div class=\"textwidget\"><h5 style=\"text-align: center;\"><strong><a href=\"https:\/\/fcmf.org\/wp-content\/uploads\/2021\/08\/Communique-de-presse_Festival-de-musique-national_2021-Resultats.pdf\">Communiqu\u00e9 de presse - R\u00e9sultats<\/a><\/strong><\/h5>\n<h5 style=\"text-align: center;\"><strong><a href=\"https:\/\/fcmf.smugmug.com\/Virtual-2021\">Photos<\/a><\/strong><\/h5>\n<h5 style=\"text-align: center;\"><strong><a href=\"https:\/\/fcmf.org\/wp-content\/uploads\/2021\/08\/2021-Grand-Award-Competition-Program_separate-pages.pdf\">Concours du Grand prix - Programme<\/a><\/strong><\/h5>\n<h5 style=\"text-align: center;\"><strong><a href=\"https:\/\/fcmf.org\/wp-content\/uploads\/2021\/08\/2021-National-Music-Festival-Program_FINAL_low-res-with-cover.pdf\">Programme\u00a0<\/a><\/strong><\/h5>\n<p style=\"text-align: center;\"><strong>Pour de plus amples renseignements, communiquez avec Barbara \u00e0 <\/strong><a href=\"mailto:info@fcmf.org\"><strong>info@fcmf.org<\/strong><\/a><\/p>\n<\/div><\/div><\/div><\/div><div id=\"pg-4964-3\"  class=\"panel-grid panel-no-style\" ><div id=\"pgc-4964-3-0\"  class=\"panel-grid-cell panel-grid-cell-empty\" ><\/div><div id=\"pgc-4964-3-1\"  class=\"panel-grid-cell panel-grid-cell-mobile-last\" ><div id=\"panel-4964-3-1-0\" class=\"so-panel widget widget_black-studio-tinymce widget_black_studio_tinymce panel-first-child panel-last-child\" data-index=\"3\" ><div class=\"textwidget\"><p style=\"text-align: center;\"><strong>Vid\u00e9o du concours du Grand prix du Festival de musique national 2021 de la FCFM<\/strong><\/p>\n<p>Cette ann\u00e9e, le concours du Grand prix avait lieu sous forme virtuelle.\u00a0 Cliquez ici\u00a0<a href=\"https:\/\/youtu.be\/QrQycgeLeYA\">https:\/\/youtu.be\/QrQycgeLeYA\u00a0<\/a>\u00a0pour visionner les prestations de nos laur\u00e9ats de premiers prix dans chacune des disciplines alors qu'ils s'affrontaient afin de remporter le lot\u00a0 du Grand prix \u2014 un prix en argent de 5\u00a0000\u00a0$ offert par la NRS Foundation par l'entremise de la Victoria Foundation et l'occasion de se produire sur sc\u00e8ne avec l'orchestre Symphonie Nouveau-Brunswick.<\/p>\n<p>La vid\u00e9o inclut les salutations de la pr\u00e9sidente de la FCFM et des gagnants du premier festival national, le Festival de musique du centenaire, qui a pris place en 1967.\u00a0 Les juges annoncent les concurrents qui se sont class\u00e9s troisi\u00e8mes et deuxi\u00e8mes avant la prestation des laur\u00e9ats de premier prix.<\/p>\n<p>Un juge porte-parole annonce les laur\u00e9ats des troisi\u00e8me, deuxi\u00e8me et premier prix de la cat\u00e9gorie instrumentale \u2013 choisis parmi les prestations en guitare, bois, cuivres et percussions \u2013 puis le laur\u00e9at du Grand prix, choisi parmi l'ensemble des disciplines.<\/p>\n<p>Vous trouverez le programme du concours du Grand prix \u00e0 l'adresse\u00a0<a href=\"https:\/\/fcmf.org\/wp-content\/uploads\/2021\/08\/2021-Grand-Award-Competition-Program_separate-pages.pdf\">https:\/\/fcmf.org\/wp-content\/uploads\/2021\/08\/2021-Grand-Award-Competition-Program_separate-pages.pdf<\/a>.<\/p>\n<\/div><\/div><\/div><div id=\"pgc-4964-3-2\"  class=\"panel-grid-cell panel-grid-cell-empty\" ><\/div><\/div><div id=\"pg-4964-4\"  class=\"panel-grid panel-no-style\" ><div id=\"pgc-4964-4-0\"  class=\"panel-grid-cell panel-grid-cell-empty\" ><\/div><div id=\"pgc-4964-4-1\"  class=\"panel-grid-cell panel-grid-cell-mobile-last\" ><div id=\"panel-4964-4-1-0\" class=\"so-panel widget widget_media_video panel-first-child panel-last-child\" data-index=\"4\" ><div style=\"width:100%;\" class=\"wp-video\"><video class=\"wp-video-shortcode\" id=\"video-4964-1\" preload=\"metadata\" controls=\"controls\"><source type=\"video\/youtube\" src=\"https:\/\/youtu.be\/QrQycgeLeYA?_=1\" \/><a href=\"https:\/\/youtu.be\/QrQycgeLeYA\">https:\/\/youtu.be\/QrQycgeLeYA<\/a><\/video><\/div><\/div><\/div><div id=\"pgc-4964-4-2\"  class=\"panel-grid-cell panel-grid-cell-empty\" ><\/div><\/div><div id=\"pg-4964-5\"  class=\"panel-grid panel-no-style\" ><div id=\"pgc-4964-5-0\"  class=\"panel-grid-cell\" ><div id=\"panel-4964-5-0-0\" class=\"so-panel widget widget_black-studio-tinymce widget_black_studio_tinymce panel-first-child panel-last-child\" data-index=\"5\" ><div class=\"textwidget\"><h5 style=\"text-align: center;\"><strong>Webinaires de perfectionnement professionnel<\/strong><\/h5>\n<h5 style=\"text-align: center;\"><strong>Commandit\u00e9 par<\/strong><\/h5>\n<p style=\"text-align: center;\"><a href=\"https:\/\/fcmf.org\/wp-content\/uploads\/2021\/08\/Wade-Wealth-logo-2019_2.jpg\"><img loading=\"lazy\" decoding=\"async\" class=\"size-full wp-image-5462 aligncenter\" src=\"https:\/\/fcmf.org\/wp-content\/uploads\/2021\/08\/Wade-Wealth-logo-2019_2.jpg\" alt=\"\" width=\"663\" height=\"94\" srcset=\"https:\/\/fcmf.org\/fr\/wp-content\/uploads\/2021\/08\/Wade-Wealth-logo-2019_2.jpg 663w, https:\/\/fcmf.org\/fr\/wp-content\/uploads\/2021\/08\/Wade-Wealth-logo-2019_2-300x43.jpg 300w\" sizes=\"auto, (max-width: 663px) 100vw, 663px\" \/><\/a><\/p>\n<\/div><\/div><\/div><\/div><\/div>","protected":false},"excerpt":{"rendered":"<p>Festival de musique national 2021 6-14 ao\u00fbt 2021\u00a0 \u00a0|\u00a0 \u00a0Virtuel<\/p>\n","protected":false},"author":3,"featured_media":0,"parent":0,"menu_order":0,"comment_status":"closed","ping_status":"closed","template":"page-fullwidth.php","meta":{"footnotes":""},"class_list":["post-4964","page","type-page","status-publish","hentry"],"_links":{"self":[{"href":"https:\/\/fcmf.org\/fr\/wp-json\/wp\/v2\/pages\/4964","targetHints":{"allow":["GET"]}}],"collection":[{"href":"https:\/\/fcmf.org\/fr\/wp-json\/wp\/v2\/pages"}],"about":[{"href":"https:\/\/fcmf.org\/fr\/wp-json\/wp\/v2\/types\/page"}],"author":[{"embeddable":true,"href":"https:\/\/fcmf.org\/fr\/wp-json\/wp\/v2\/users\/3"}],"replies":[{"embeddable":true,"href":"https:\/\/fcmf.org\/fr\/wp-json\/wp\/v2\/comments?post=4964"}],"version-history":[{"count":0,"href":"https:\/\/fcmf.org\/fr\/wp-json\/wp\/v2\/pages\/4964\/revisions"}],"wp:attachment":[{"href":"https:\/\/fcmf.org\/fr\/wp-json\/wp\/v2\/media?parent=4964"}],"curies":[{"name":"wp","href":"https:\/\/api.w.org\/{rel}","templated":true}]}}