{"id":4696,"date":"2021-02-17T16:59:34","date_gmt":"2021-02-17T20:59:34","guid":{"rendered":"https:\/\/www.fcmf.org\/?page_id=4696"},"modified":"2025-02-04T18:54:57","modified_gmt":"2025-02-04T22:54:57","slug":"assurance-vie","status":"publish","type":"page","link":"https:\/\/fcmf.org\/fr\/assurance-vie\/","title":{"rendered":"Assurance vie"},"content":{"rendered":"<div id=\"pl-4696\"  class=\"panel-layout\" ><div id=\"pg-4696-0\"  class=\"panel-grid panel-no-style\" ><div id=\"pgc-4696-0-0\"  class=\"panel-grid-cell panel-grid-cell-empty\" ><\/div><div id=\"pgc-4696-0-1\"  class=\"panel-grid-cell panel-grid-cell-mobile-last\" ><div id=\"panel-4696-0-1-0\" class=\"so-panel widget widget_black-studio-tinymce widget_black_studio_tinymce panel-first-child panel-last-child\" data-index=\"0\" ><div class=\"textwidget\"><h5><strong>Saviez-vous que l'assurance vie est un moyen efficace d'aider la FCFM\/FCMF \u00e0 atteindre ses objectifs \u00e0 long terme?<\/strong><\/h5>\n<p>En plus des \u00e9conomies fiscales, les avantages du don d'une police d'assurance vie incluent de choisir le type de police et le montant de la prime \u00e0 verser. Votre don ne peut \u00eatre contest\u00e9 juridiquement parce qu'une assurance vie est consid\u00e9r\u00e9e comme s\u00e9par\u00e9e du reste de votre patrimoine.<\/p>\n<p>Le don d'une police d'assurance vie n'est pas imposable, n'implique pas de frais d'homologation ou de succession, et vous pouvez contribuer de mani\u00e8re substantielle par le biais de petits paiements mensuels ou annuels. Par ailleurs, votre don sera aussi r\u00e9compens\u00e9 en vous donnant droit \u00e0 des re\u00e7us officiels pour dons de bienfaisance. Les primes associ\u00e9es \u00e0 une police d'assurance vie de 25\u00a0000\u00a0$ repr\u00e9sentent un total de loin inf\u00e9rieur dans le temps au montant du versement, et quand s'y ajoute vos r\u00e9ductions d'imp\u00f4t, vous finissez au bout du compte par payer un montant encore moindre en \u00e9change d'un don consid\u00e9rable.<\/p>\n<p>Voici trois fa\u00e7ons de faire don d'une police d'assurance vie \u00e0 la FCFM\/FCMF\u00a0:<\/p>\n<ol>\n<li><strong>Souscrire une nouvelle police au nom de la F\u00e9d\u00e9ration canadienne des festivals de musique<\/strong>. Vous recevrez un re\u00e7u officiel pour don de bienfaisance qui \u00e9quivaut \u00e0 la valeur mon\u00e9taire de la police et pour toute prime pay\u00e9e.<\/li>\n<li><strong>Nommer la F\u00e9d\u00e9ration canadienne des festivals de musique comme b\u00e9n\u00e9ficiaire d'une police existante<\/strong>. Il s'agit d'une bonne option si vous d\u00e9tenez d\u00e9j\u00e0 une police dont votre famille n'a plus besoin pour assurer sa stabilit\u00e9 financi\u00e8re. Au moment de votre d\u00e9c\u00e8s, la FCFM recevra la somme vers\u00e9e par l'assureur et votre succession b\u00e9n\u00e9ficiera d'avantages fiscaux.<\/li>\n<li><strong>Transf\u00e9rer la propri\u00e9t\u00e9 d'une police existante \u00e0 la F\u00e9d\u00e9ration canadienne des festivals de musique<\/strong>\u00a0et recevoir un re\u00e7u officiel pour la valeur mon\u00e9taire de la police. Si vous devez des cotisations annuelles sur une police, vous devrez les payer, mais vous recevrez aussi des re\u00e7us officiels repr\u00e9sentant la valeur totale de vos paiements.<\/li>\n<\/ol>\n<p>Veuillez envoyer toute correspondance \u00e0 Christopher Lane, tr\u00e9sorier de la FCFM \u00e0 <strong><a href=\"mailto:treasurer@fcmf.org\">treasurer@fcmf.org<\/a><\/strong><\/p>\n<\/div><\/div><\/div><div id=\"pgc-4696-0-2\"  class=\"panel-grid-cell panel-grid-cell-empty\" ><\/div><\/div><div id=\"pg-4696-1\"  class=\"panel-grid panel-no-style\" ><div id=\"pgc-4696-1-0\"  class=\"panel-grid-cell panel-grid-cell-empty\" ><\/div><div id=\"pgc-4696-1-1\"  class=\"panel-grid-cell panel-grid-cell-mobile-last\" ><div id=\"panel-4696-1-1-0\" class=\"so-panel widget widget_black-studio-tinymce widget_black_studio_tinymce panel-first-child panel-last-child\" data-index=\"1\" ><div class=\"textwidget\"><p style=\"text-align: center;\"><strong>Nous vous remercions d'appuyer les jeunes musiciens du Canada \u00e0 travers la FCFM!<\/strong><\/p>\n<p style=\"text-align: center;\">Tous les dons seront mentionn\u00e9s sur le site Web de la FCFM et dans l'ensemble de ses publications.<\/p>\n<p style=\"text-align: center;\">Un re\u00e7u officiel aux fins de l'imp\u00f4t sera remis pour tous les dons. <strong>BN: 118913946RR0002<\/strong><\/p>\n<\/div><\/div><\/div><div id=\"pgc-4696-1-2\"  class=\"panel-grid-cell panel-grid-cell-empty\" ><\/div><\/div><\/div>","protected":false},"excerpt":{"rendered":"<p>Saviez-vous que l&#8217;assurance vie est un moyen efficace d&#8217;aider la FCFM\/FCMF \u00e0 atteindre ses objectifs \u00e0 long terme? En plus des \u00e9conomies fiscales, les avantages du don d&#8217;une police d&#8217;assurance vie incluent de choisir le type de police et le &hellip; <a class=\"kt-excerpt-readmore\" href=\"https:\/\/fcmf.org\/fr\/assurance-vie\/\" aria-label=\"Assurance vie\">Read More<\/a><\/p>\n","protected":false},"author":3,"featured_media":0,"parent":0,"menu_order":0,"comment_status":"closed","ping_status":"closed","template":"page-fullwidth.php","meta":{"footnotes":""},"class_list":["post-4696","page","type-page","status-publish","hentry"],"_links":{"self":[{"href":"https:\/\/fcmf.org\/fr\/wp-json\/wp\/v2\/pages\/4696","targetHints":{"allow":["GET"]}}],"collection":[{"href":"https:\/\/fcmf.org\/fr\/wp-json\/wp\/v2\/pages"}],"about":[{"href":"https:\/\/fcmf.org\/fr\/wp-json\/wp\/v2\/types\/page"}],"author":[{"embeddable":true,"href":"https:\/\/fcmf.org\/fr\/wp-json\/wp\/v2\/users\/3"}],"replies":[{"embeddable":true,"href":"https:\/\/fcmf.org\/fr\/wp-json\/wp\/v2\/comments?post=4696"}],"version-history":[{"count":0,"href":"https:\/\/fcmf.org\/fr\/wp-json\/wp\/v2\/pages\/4696\/revisions"}],"wp:attachment":[{"href":"https:\/\/fcmf.org\/fr\/wp-json\/wp\/v2\/media?parent=4696"}],"curies":[{"name":"wp","href":"https:\/\/api.w.org\/{rel}","templated":true}]}}