{"id":4657,"date":"2021-02-08T15:23:33","date_gmt":"2021-02-08T19:23:33","guid":{"rendered":"https:\/\/www.fcmf.org\/?page_id=4657"},"modified":"2024-08-15T09:31:19","modified_gmt":"2024-08-15T12:31:19","slug":"vqr-2022","status":"publish","type":"page","link":"https:\/\/fcmf.org\/fr\/vqr-2022\/","title":{"rendered":"Volet de qualification r\u00e9gional 2022"},"content":{"rendered":"<div id=\"pl-4657\"  class=\"panel-layout\" ><div id=\"pg-4657-0\"  class=\"panel-grid panel-has-style\" ><div class=\"panel-widget-style panel-row-style panel-row-style-for-4657-0\" style=\"border-top: 0px solid; border-bottom: 0px solid; \" ><div id=\"pgc-4657-0-0\"  class=\"panel-grid-cell panel-grid-cell-empty\" ><\/div><div id=\"pgc-4657-0-1\"  class=\"panel-grid-cell\" ><div id=\"panel-4657-0-1-0\" class=\"so-panel widget widget_black-studio-tinymce widget_black_studio_tinymce panel-first-child panel-last-child\" data-index=\"0\" ><div class=\"textwidget\"><h5 style=\"text-align: center;\">Faits saillants de 2022<\/h5>\n<h5 style=\"text-align: center;\"><a href=\"https:\/\/fcmf.org\/wp-content\/uploads\/2022\/06\/2022-LSQR-Adjudicator-Bios-for-website.pdf\">Biographies des juges<\/a>\u00a0 \u00a0 \u00a0\u00a0<a href=\"https:\/\/fcmf.org\/wp-content\/uploads\/2022\/06\/LSQR-Results-Press-Release_Communique-de-presse-resultats-VQR-2022_Final.pdf\">R\u00e9sultats du concours<\/a><\/h5>\n<h5 style=\"text-align: center;\"><a href=\"https:\/\/fcmf.smugmug.com\/2022-Virtual\/2022-LSQR\">Photos<\/a><\/h5>\n<\/div><\/div><\/div><div id=\"pgc-4657-0-2\"  class=\"panel-grid-cell\" ><div id=\"panel-4657-0-2-0\" class=\"so-panel widget widget_virtue_about_with_image virtue_about_with_image panel-first-child panel-last-child\" data-index=\"1\" ><div class=\"kad_img_upload_widget kt-shape-type-kt-image-shape-standard kt-image-align-center kt-image-widget-widget-0-2-0\"><a href=\"https:\/\/www.canadahelps.org\/fr\/dn\/6948\" target=\"_blank\"><div class=\"kt-image-contain kt-image-shadow-none kt-image-shape-standard\"><div class=\"kt-image-inner-contain\"><img loading=\"lazy\" decoding=\"async\" width=\"231\" height=\"120\" src=\"https:\/\/fcmf.org\/fr\/wp-content\/uploads\/2022\/01\/canadon_logo-4.png\" class=\"attachment-medium size-medium\" alt=\"\t\t\t\t\t\t\t\t \t\t\t\t\t\t\t\t \t\t\t\t\" \/><\/div><\/div><\/a><div class=\"virtue_image_widget_caption kadence_image_widget_caption\">\t\t\t\t\t\t\t\t \t\t\t\t\t\t\t\t \t\t\t\t<\/div><\/div><\/div><\/div><\/div><\/div><div id=\"pg-4657-1\"  class=\"panel-grid panel-no-style\" ><div id=\"pgc-4657-1-0\"  class=\"panel-grid-cell panel-grid-cell-empty\" ><\/div><div id=\"pgc-4657-1-1\"  class=\"panel-grid-cell panel-grid-cell-mobile-last\" ><div id=\"panel-4657-1-1-0\" class=\"so-panel widget widget_media_video panel-first-child panel-last-child\" data-index=\"2\" ><h3 class=\"widget-title\">Vitrine des gagnants du VQR 2022<\/h3><div style=\"width:100%;\" class=\"wp-video\"><video class=\"wp-video-shortcode\" id=\"video-4657-1\" preload=\"metadata\" controls=\"controls\"><source type=\"video\/youtube\" src=\"https:\/\/youtu.be\/mCM74o4sk04?_=1\" \/><a href=\"https:\/\/youtu.be\/mCM74o4sk04\">https:\/\/youtu.be\/mCM74o4sk04<\/a><\/video><\/div><\/div><\/div><div id=\"pgc-4657-1-2\"  class=\"panel-grid-cell panel-grid-cell-empty\" ><\/div><\/div><div id=\"pg-4657-2\"  class=\"panel-grid panel-no-style\" ><div id=\"pgc-4657-2-0\"  class=\"panel-grid-cell panel-grid-cell-empty\" ><\/div><div id=\"pgc-4657-2-1\"  class=\"panel-grid-cell panel-grid-cell-mobile-last\" ><div id=\"panel-4657-2-1-0\" class=\"so-panel widget widget_black-studio-tinymce widget_black_studio_tinymce panel-first-child panel-last-child\" data-index=\"3\" ><div class=\"textwidget\"><p style=\"text-align: center;\"><span style=\"text-align: center;\">Pour plus de renseignements:<\/span><br \/>\nBarbara Long (506) 245-1689<br \/>\n<a href=\"mailto:info@fcmf.org\">info@fcmf.org<\/a><\/p>\n<\/div><\/div><\/div><div id=\"pgc-4657-2-2\"  class=\"panel-grid-cell panel-grid-cell-empty\" ><\/div><\/div><div id=\"pg-4657-3\"  class=\"panel-grid panel-has-style\" ><div class=\"panel-widget-style panel-row-style panel-row-style-for-4657-3\" style=\"border-top: 0px solid; border-bottom: 0px solid; \" ><div id=\"pgc-4657-3-0\"  class=\"panel-grid-cell panel-grid-cell-empty\" ><\/div><div id=\"pgc-4657-3-1\"  class=\"panel-grid-cell panel-grid-cell-mobile-last\" ><div id=\"panel-4657-3-1-0\" class=\"so-panel widget widget_black-studio-tinymce widget_black_studio_tinymce panel-first-child panel-last-child\" data-index=\"4\" ><div class=\"textwidget\"><\/div><\/div><\/div><div id=\"pgc-4657-3-2\"  class=\"panel-grid-cell panel-grid-cell-empty\" ><\/div><\/div><\/div><div id=\"pg-4657-4\"  class=\"panel-grid panel-has-style\" ><div class=\"panel-widget-style panel-row-style panel-row-style-for-4657-4\" style=\"border-top: 0px solid; border-bottom: 0px solid; \" ><div id=\"pgc-4657-4-0\"  class=\"panel-grid-cell panel-grid-cell-empty\" ><\/div><div id=\"pgc-4657-4-1\"  class=\"panel-grid-cell panel-grid-cell-mobile-last\" ><div id=\"panel-4657-4-1-0\" class=\"so-panel widget widget_black-studio-tinymce widget_black_studio_tinymce panel-first-child panel-last-child\" data-index=\"5\" ><div class=\"textwidget\"><h5>VOLETS R\u00c9GIONAUX D'ADH\u00c9SION ET DE QUALIFICATION<\/h5>\n<p>La F\u00e9d\u00e9ration canadienne des festivals de musique [FCFM] offre aux festivals de musique r\u00e9gionaux des provinces non affili\u00e9es la possibilit\u00e9 de s'affilier directement \u00e0 la FCFM!<\/p>\n<p>L'affiliation par l'interm\u00e9diaire de ce volet r\u00e9gional d'adh\u00e9sion permet aux \u00e9l\u00e8ves qui ne sont pas admissibles actuellement de prendre part \u00e0 notre nouveau volet de qualification r\u00e9gional en vue du Festival de musique national de la FCFM!<\/p>\n<p>Ce concours virtuel sera pr\u00e9sent\u00e9 par la FCFM.\u00a0 Les \u00e9l\u00e8ves recommand\u00e9s par un juge r\u00e9gional sont dor\u00e9navant admissibles et peuvent b\u00e9n\u00e9ficier d'une recommandation en vue du Festival de musique national de la FCFM.<\/p>\n<p>Cette cat\u00e9gorie d'adh\u00e9sion et ce volet r\u00e9gional de qualification garantissent que les jeunes musiciens amateurs du Canada, d'un oc\u00e9an \u00e0 l'autre, peuvent prendre part \u00e0 un concours sur une sc\u00e8ne nationale.<\/p>\n<p><strong>Pour de plus amples renseignements sur comment devenir membre en tant que festival de musique r\u00e9gional, communiquez avec Barbara \u00e0 l'adresse <\/strong><a href=\"mailto:info@fcmf.org\"><strong>info@fcmf.org<\/strong><\/a><\/p>\n<\/div><\/div><\/div><div id=\"pgc-4657-4-2\"  class=\"panel-grid-cell panel-grid-cell-empty\" ><\/div><\/div><\/div><div id=\"pg-4657-5\"  class=\"panel-grid panel-has-style\" ><div class=\"panel-widget-style panel-row-style panel-row-style-for-4657-5\" style=\"border-top: 0px solid; border-bottom: 0px solid; \" ><div id=\"pgc-4657-5-0\"  class=\"panel-grid-cell panel-grid-cell-empty\" ><\/div><div id=\"pgc-4657-5-1\"  class=\"panel-grid-cell panel-grid-cell-mobile-last\" ><div id=\"panel-4657-5-1-0\" class=\"so-panel widget widget_virtue_about_with_image virtue_about_with_image panel-first-child panel-last-child\" data-index=\"6\" ><div class=\"kad_img_upload_widget kt-shape-type-kt-image-shape-standard kt-image-align-center kt-image-widget-widget-5-1-0\"><a href=\"https:\/\/fcmf.org\/fr\/wp-content\/uploads\/2022\/02\/French-Local-Stream-Options-Dec-2021_cropped.png\" rel=\"lightbox\"><div class=\"kt-image-contain kt-image-shadow-none kt-image-shape-standard\"><div class=\"kt-image-inner-contain\"><img loading=\"lazy\" decoding=\"async\" width=\"935\" height=\"550\" src=\"https:\/\/fcmf.org\/fr\/wp-content\/uploads\/2022\/02\/French-Local-Stream-Options-Dec-2021_cropped.png\" class=\"attachment-full size-full\" alt=\"\t\t\t\t\t\t\t\t \t\t\t\t\t\t\t\t \t\t\t\t\" srcset=\"https:\/\/fcmf.org\/fr\/wp-content\/uploads\/2022\/02\/French-Local-Stream-Options-Dec-2021_cropped.png 935w, https:\/\/fcmf.org\/fr\/wp-content\/uploads\/2022\/02\/French-Local-Stream-Options-Dec-2021_cropped-300x176.png 300w, https:\/\/fcmf.org\/fr\/wp-content\/uploads\/2022\/02\/French-Local-Stream-Options-Dec-2021_cropped-768x452.png 768w\" sizes=\"auto, (max-width: 935px) 100vw, 935px\" \/><\/div><\/div><\/a><div class=\"virtue_image_widget_caption kadence_image_widget_caption\">\t\t\t\t\t\t\t\t \t\t\t\t\t\t\t\t \t\t\t\t<\/div><\/div><\/div><\/div><div id=\"pgc-4657-5-2\"  class=\"panel-grid-cell panel-grid-cell-empty\" ><\/div><\/div><\/div><\/div>","protected":false},"excerpt":{"rendered":"<p>Faits saillants de 2022 Biographies des juges\u00a0 \u00a0 \u00a0\u00a0R\u00e9sultats du concours Photos<\/p>\n","protected":false},"author":3,"featured_media":0,"parent":0,"menu_order":0,"comment_status":"closed","ping_status":"closed","template":"page-fullwidth.php","meta":{"footnotes":""},"class_list":["post-4657","page","type-page","status-publish","hentry"],"_links":{"self":[{"href":"https:\/\/fcmf.org\/fr\/wp-json\/wp\/v2\/pages\/4657","targetHints":{"allow":["GET"]}}],"collection":[{"href":"https:\/\/fcmf.org\/fr\/wp-json\/wp\/v2\/pages"}],"about":[{"href":"https:\/\/fcmf.org\/fr\/wp-json\/wp\/v2\/types\/page"}],"author":[{"embeddable":true,"href":"https:\/\/fcmf.org\/fr\/wp-json\/wp\/v2\/users\/3"}],"replies":[{"embeddable":true,"href":"https:\/\/fcmf.org\/fr\/wp-json\/wp\/v2\/comments?post=4657"}],"version-history":[{"count":0,"href":"https:\/\/fcmf.org\/fr\/wp-json\/wp\/v2\/pages\/4657\/revisions"}],"wp:attachment":[{"href":"https:\/\/fcmf.org\/fr\/wp-json\/wp\/v2\/media?parent=4657"}],"curies":[{"name":"wp","href":"https:\/\/api.w.org\/{rel}","templated":true}]}}