{"id":4520,"date":"2020-11-05T10:19:20","date_gmt":"2020-11-05T14:19:20","guid":{"rendered":"https:\/\/www.fcmf.org\/?page_id=4520"},"modified":"2022-02-14T11:58:13","modified_gmt":"2022-02-14T15:58:13","slug":"ressources-pour-festivals","status":"publish","type":"page","link":"https:\/\/fcmf.org\/fr\/ressources-pour-festivals\/","title":{"rendered":"Ressources pour festivals"},"content":{"rendered":"<div id=\"pl-4520\"  class=\"panel-layout\" ><div id=\"pg-4520-0\"  class=\"panel-grid panel-no-style\" ><div id=\"pgc-4520-0-0\"  class=\"panel-grid-cell panel-grid-cell-empty\" ><\/div><div id=\"pgc-4520-0-1\"  class=\"panel-grid-cell\" ><div id=\"panel-4520-0-1-0\" class=\"so-panel widget widget_black-studio-tinymce widget_black_studio_tinymce panel-first-child panel-last-child\" data-index=\"0\" ><div class=\"textwidget\"><h5>Fichiers \u00e0 t\u00e9l\u00e9charger<\/h5>\n<p>*<strong><em>Versions fran\u00e7aises disponibles bient\u00f4t<\/em><\/strong><\/p>\n<p>Planning Your Music Festival - Virtual or Live?<\/p>\n<p><a href=\"https:\/\/fcmf.org\/wp-content\/uploads\/2020\/11\/Planning-Your-Music-Festival-for-2021-Virtual-or-Live.pdf\">PDF<\/a>\u00a0 \u00a0<a href=\"https:\/\/fcmf.org\/wp-content\/uploads\/2020\/11\/Planning-Your-Music-Festival-for-2021-Virtual-or-Live.pptx\">Pr\u00e9sentation PowerPoint<\/a><\/p>\n<p>Virtual Festival Models\u00a0 \u00a0 \u00a0<a href=\"https:\/\/fcmf.org\/wp-content\/uploads\/2020\/11\/Virtual-Music-Festival-Models.pdf\">PDF<\/a>\u00a0 \u00a0 \u00a0<a href=\"https:\/\/fcmf.org\/wp-content\/uploads\/2020\/11\/Virtual-Music-Festival-Models.pptx\">Pr\u00e9sentation PowerPoint<\/a><\/p>\n<p>How to Successfully Run Your Virtual Music Festival<\/p>\n<p><a href=\"https:\/\/fcmf.org\/wp-content\/uploads\/2020\/11\/How-to-Successfully-Run-Your-Virtual-Music-Festival.pdf\">PDF<\/a>\u00a0 \u00a0 <a href=\"https:\/\/fcmf.org\/wp-content\/uploads\/2020\/11\/How-to-Successfully-Run-Your-Virtual-Music-Festival.pptx\">\u00a0Pr\u00e9sentation PowerPoint<\/a><\/p>\n<p>Festival Finance Presentation\u00a0 \u00a0<a href=\"https:\/\/fcmf.org\/wp-content\/uploads\/2021\/08\/Financial-Workshop-for-2021-FCMF-AGM.pdf\">PDF<\/a><\/p>\n<p>&nbsp;<\/p>\n<h5>Mod\u00e8les - <em>Plus tr\u00e8s bient\u00f4t!<\/em><\/h5>\n<p>*<strong><em>Versions fran\u00e7aises disponibles bient\u00f4t<\/em><\/strong><\/p>\n<p>Formula for Determining Adjudicator Fees and Entry Fees\u00a0 \u00a0 \u00a0<a href=\"https:\/\/fcmf.org\/wp-content\/uploads\/2020\/11\/Projected-Costs-for-hosting-a-Music-Festival_Virtual_Nov-2020.pdf\">PDF<\/a><\/p>\n<p>Adjudicator Contract_Local Template for virtual festival_per day\u00a0 \u00a0 \u00a0<a href=\"https:\/\/fcmf.org\/wp-content\/uploads\/2020\/12\/Adjudicator_Contract__Local_template-for-vitual-festival_per-day.docx\">Word<\/a><\/p>\n<p>Adjudicator Contract_Local Template for virtual festival_per entry \u00a0 \u00a0\u00a0<a href=\"https:\/\/fcmf.org\/wp-content\/uploads\/2020\/12\/Adjudicator_Contract__Local_template-for-vitual-festival_per-entry.docx\">Word<\/a><\/p>\n<p>Lettre aux concurrents - Mod\u00e8le r\u00e9gional - Festival virtuel\u00a0 <a href=\"https:\/\/fcmf.org\/wp-content\/uploads\/2021\/02\/Letter-to-Registered-Participants_Local-level_Virtual-Festival_Final_FR.doc\">Fran\u00e7ais<\/a>\u00a0 \u00a0<a href=\"https:\/\/fcmf.org\/wp-content\/uploads\/2021\/02\/Letter-to-Registered-Participants_Local-Template-Virtual-Festival.docx\">English\u00a0<\/a><\/p>\n<p>&nbsp;<\/p>\n<p>&nbsp;<\/p>\n<\/div><\/div><\/div><div id=\"pgc-4520-0-2\"  class=\"panel-grid-cell panel-grid-cell-empty\" ><\/div><div id=\"pgc-4520-0-3\"  class=\"panel-grid-cell panel-grid-cell-mobile-last\" ><div id=\"panel-4520-0-3-0\" class=\"so-panel widget widget_black-studio-tinymce widget_black_studio_tinymce panel-first-child panel-last-child\" data-index=\"1\" ><div class=\"textwidget\"><h5>Liens<\/h5>\n<p class=\"widget-title\">Documents pour les festivals r\u00e9gionaux<\/p>\n<div class=\"textwidget\">\n<p>La F\u00e9d\u00e9ration des festivals de musique du Nouveau-Brunswick a pr\u00e9par\u00e9 ces documents pour ses nouveaux festivals r\u00e9gionaux. Ils sont mis \u00e0 la disposition de tous. Sentez-vous libres de les modifier selon les besoins de votre propre festival r\u00e9gional. <a href=\"https:\/\/www.nbfmf.org\/localregionaux\/\">Cliquez ici<\/a><\/div>\n<p><em>Documents in English <a href=\"https:\/\/www.nbfmf.org\/localregionaux\/\">Click here<\/a><\/em><\/p>\n<div class=\"textwidget\">\n<p>&nbsp;<\/p>\n<p>Liens vers l'application de gestion de festivals<\/p><\/div>\n<p><a href=\"https:\/\/solutions.solarislive.com\/\">Solarislive<\/a><a href=\"https:\/\/www.musicfestivalsuite.com\/\">Music Festival Suite<\/a><\/p>\n<p>&nbsp;<\/p>\n<p>Liens vers les plateformes acad\u00e9miques d'h\u00e9bergement et de visionnement de vid\u00e9os<\/p>\n<p><a href=\"https:\/\/wevu.video\/how-wevu-works\/\">WeVu<\/a><\/p>\n<div class=\"textwidget\">\n<p>&nbsp;<\/p><\/div>\n<\/div><\/div><\/div><div id=\"pgc-4520-0-4\"  class=\"panel-grid-cell panel-grid-cell-empty\" ><\/div><\/div><div id=\"pg-4520-1\"  class=\"panel-grid panel-no-style\" ><div id=\"pgc-4520-1-0\"  class=\"panel-grid-cell panel-grid-cell-empty\" ><\/div><div id=\"pgc-4520-1-1\"  class=\"panel-grid-cell\" ><div id=\"panel-4520-1-1-0\" class=\"so-panel widget widget_black-studio-tinymce widget_black_studio_tinymce panel-first-child panel-last-child\" data-index=\"2\" ><div class=\"textwidget\"><p><a href=\"https:\/\/get.adobe.com\/reader\/\"><img loading=\"lazy\" decoding=\"async\" class=\"aligncenter wp-image-129\" src=\"http:\/\/fcmf.org\/wp\/wp-content\/uploads\/2016\/10\/Adobe-PDF-Reader-300x120.png\" alt=\"adobe-pdf-reader\" width=\"175\" height=\"70\" srcset=\"https:\/\/fcmf.org\/fr\/wp-content\/uploads\/2016\/10\/Adobe-PDF-Reader-300x120.png 300w, https:\/\/fcmf.org\/fr\/wp-content\/uploads\/2016\/10\/Adobe-PDF-Reader-768x308.png 768w, https:\/\/fcmf.org\/fr\/wp-content\/uploads\/2016\/10\/Adobe-PDF-Reader-1024x411.png 1024w, https:\/\/fcmf.org\/fr\/wp-content\/uploads\/2016\/10\/Adobe-PDF-Reader.png 1783w\" sizes=\"auto, (max-width: 175px) 100vw, 175px\" \/><\/a><\/p>\n<p>* These documents are in Adobe PDF format. If you do not have the free Adobe Acrobat Reader software please <a href=\"https:\/\/get.adobe.com\/reader\/\" target=\"_blank\" rel=\"noopener\">click here<\/a> to download it.<\/p>\n<\/div><\/div><\/div><div id=\"pgc-4520-1-2\"  class=\"panel-grid-cell panel-grid-cell-empty\" ><\/div><div id=\"pgc-4520-1-3\"  class=\"panel-grid-cell panel-grid-cell-mobile-last\" ><div id=\"panel-4520-1-3-0\" class=\"so-panel widget widget_black-studio-tinymce widget_black_studio_tinymce panel-first-child panel-last-child\" data-index=\"3\" ><div class=\"textwidget\"><p><a href=\"https:\/\/get.adobe.com\/reader\/\"><img loading=\"lazy\" decoding=\"async\" class=\"aligncenter wp-image-129\" src=\"http:\/\/fcmf.org\/wp\/wp-content\/uploads\/2016\/10\/Adobe-PDF-Reader-300x120.png\" alt=\"adobe-pdf-reader\" width=\"175\" height=\"70\" srcset=\"https:\/\/fcmf.org\/fr\/wp-content\/uploads\/2016\/10\/Adobe-PDF-Reader-300x120.png 300w, https:\/\/fcmf.org\/fr\/wp-content\/uploads\/2016\/10\/Adobe-PDF-Reader-768x308.png 768w, https:\/\/fcmf.org\/fr\/wp-content\/uploads\/2016\/10\/Adobe-PDF-Reader-1024x411.png 1024w, https:\/\/fcmf.org\/fr\/wp-content\/uploads\/2016\/10\/Adobe-PDF-Reader.png 1783w\" sizes=\"auto, (max-width: 175px) 100vw, 175px\" \/><\/a><\/p>\n<p>*Ces documents sont au format Adobe PDF. Si vous ne disposez pas du logiciel gratuit Adobe Acrobat Reader s'il vous pla\u00eet <a href=\"https:\/\/get.adobe.com\/reader\/\" target=\"_blank\" rel=\"noopener\">cliquez ici<\/a> pour le t\u00e9l\u00e9charger .<\/p>\n<\/div><\/div><\/div><div id=\"pgc-4520-1-4\"  class=\"panel-grid-cell panel-grid-cell-empty\" ><\/div><\/div><\/div>","protected":false},"excerpt":{"rendered":"<p>Fichiers \u00e0 t\u00e9l\u00e9charger *Versions fran\u00e7aises disponibles bient\u00f4t Planning Your Music Festival &#8211; Virtual or Live? PDF\u00a0 \u00a0Pr\u00e9sentation PowerPoint Virtual Festival Models\u00a0 \u00a0 \u00a0PDF\u00a0 \u00a0 \u00a0Pr\u00e9sentation PowerPoint How to Successfully Run Your Virtual Music Festival PDF\u00a0 \u00a0 \u00a0Pr\u00e9sentation PowerPoint Festival Finance &hellip; <a class=\"kt-excerpt-readmore\" href=\"https:\/\/fcmf.org\/fr\/ressources-pour-festivals\/\" aria-label=\"Ressources pour festivals\">Read More<\/a><\/p>\n","protected":false},"author":3,"featured_media":0,"parent":0,"menu_order":0,"comment_status":"closed","ping_status":"closed","template":"page-fullwidth.php","meta":{"footnotes":""},"class_list":["post-4520","page","type-page","status-publish","hentry"],"_links":{"self":[{"href":"https:\/\/fcmf.org\/fr\/wp-json\/wp\/v2\/pages\/4520","targetHints":{"allow":["GET"]}}],"collection":[{"href":"https:\/\/fcmf.org\/fr\/wp-json\/wp\/v2\/pages"}],"about":[{"href":"https:\/\/fcmf.org\/fr\/wp-json\/wp\/v2\/types\/page"}],"author":[{"embeddable":true,"href":"https:\/\/fcmf.org\/fr\/wp-json\/wp\/v2\/users\/3"}],"replies":[{"embeddable":true,"href":"https:\/\/fcmf.org\/fr\/wp-json\/wp\/v2\/comments?post=4520"}],"version-history":[{"count":0,"href":"https:\/\/fcmf.org\/fr\/wp-json\/wp\/v2\/pages\/4520\/revisions"}],"wp:attachment":[{"href":"https:\/\/fcmf.org\/fr\/wp-json\/wp\/v2\/media?parent=4520"}],"curies":[{"name":"wp","href":"https:\/\/api.w.org\/{rel}","templated":true}]}}