{"id":40,"date":"2016-10-21T17:13:26","date_gmt":"2016-10-21T17:13:26","guid":{"rendered":"http:\/\/fcmf.org\/wp\/?page_id=40"},"modified":"2022-02-10T10:21:06","modified_gmt":"2022-02-10T14:21:06","slug":"liens","status":"publish","type":"page","link":"https:\/\/fcmf.org\/fr\/liens\/","title":{"rendered":"Liens"},"content":{"rendered":"<div id=\"pl-40\"  class=\"panel-layout\" ><div id=\"pg-40-0\"  class=\"panel-grid panel-no-style\" ><div id=\"pgc-40-0-0\"  class=\"panel-grid-cell panel-grid-cell-empty\" ><\/div><div id=\"pgc-40-0-1\"  class=\"panel-grid-cell panel-grid-cell-mobile-last\" ><div id=\"panel-40-0-1-0\" class=\"so-panel widget widget_black-studio-tinymce widget_black_studio_tinymce panel-first-child panel-last-child\" data-index=\"0\" ><div class=\"textwidget\"><ul>\n<li><a href=\"http:\/\/cmfaa.ca\/\" target=\"_blank\" rel=\"noopener\">Canadian Music Festival Adjudicators\u2019 Association<\/a><\/li>\n<li><a href=\"http:\/\/cfmta.org\/\">F\u00e9d\u00e9ration canadienne des associations des professeurs de musique<\/a><\/li>\n<li><a href=\"http:\/\/www.conservatorycanada.ca\/\" target=\"_blank\" rel=\"noopener\">Conservatory Canada<\/a><\/li>\n<li><a href=\"http:\/\/www.nbfmf.org\/\">F\u00e9d\u00e9ration des festivals de musique du Nouveau-Brunswick<\/a><\/li>\n<li><a href=\"http:\/\/www.peikiwanismusicfestival.ca\/\" target=\"_blank\" rel=\"noopener\">PEI Kiwanis Music Festival Association<\/a><\/li>\n<li><a href=\"https:\/\/www.fmfns.ca\/#:~:targetText=The%20mission%20of%20the%20Federation,forms%20and%20styles%20of%20music.\">Federation of Music Festivals of Nova Scotia<\/a><\/li>\n<li><a href=\"https:\/\/www.rcmusic.com\/\">Royal Conservatory of Music<\/a><\/li>\n<li><a href=\"https:\/\/www.emvi.qc.ca\/\">Vincent d'Indy<\/a><\/li>\n<\/ul>\n<\/div><\/div><\/div><div id=\"pgc-40-0-2\"  class=\"panel-grid-cell panel-grid-cell-empty\" ><\/div><\/div><\/div>","protected":false},"excerpt":{"rendered":"<p>Canadian Music Festival Adjudicators\u2019 Association F\u00e9d\u00e9ration canadienne des associations des professeurs de musique Conservatory Canada F\u00e9d\u00e9ration des festivals de musique du Nouveau-Brunswick PEI Kiwanis Music Festival Association Federation of Music Festivals of Nova Scotia Royal Conservatory of Music Vincent d&#8217;Indy<\/p>\n","protected":false},"author":1,"featured_media":0,"parent":0,"menu_order":0,"comment_status":"closed","ping_status":"closed","template":"page-fullwidth.php","meta":{"footnotes":""},"class_list":["post-40","page","type-page","status-publish","hentry"],"_links":{"self":[{"href":"https:\/\/fcmf.org\/fr\/wp-json\/wp\/v2\/pages\/40","targetHints":{"allow":["GET"]}}],"collection":[{"href":"https:\/\/fcmf.org\/fr\/wp-json\/wp\/v2\/pages"}],"about":[{"href":"https:\/\/fcmf.org\/fr\/wp-json\/wp\/v2\/types\/page"}],"author":[{"embeddable":true,"href":"https:\/\/fcmf.org\/fr\/wp-json\/wp\/v2\/users\/1"}],"replies":[{"embeddable":true,"href":"https:\/\/fcmf.org\/fr\/wp-json\/wp\/v2\/comments?post=40"}],"version-history":[{"count":0,"href":"https:\/\/fcmf.org\/fr\/wp-json\/wp\/v2\/pages\/40\/revisions"}],"wp:attachment":[{"href":"https:\/\/fcmf.org\/fr\/wp-json\/wp\/v2\/media?parent=40"}],"curies":[{"name":"wp","href":"https:\/\/api.w.org\/{rel}","templated":true}]}}