{"id":3839,"date":"2020-05-05T19:39:58","date_gmt":"2020-05-05T19:39:58","guid":{"rendered":"https:\/\/www.fcmf.org\/?page_id=3839"},"modified":"2022-02-16T11:16:47","modified_gmt":"2022-02-16T15:16:47","slug":"festival-virtuel-anciens-2020","status":"publish","type":"page","link":"https:\/\/fcmf.org\/fr\/festival-virtuel-anciens-2020\/","title":{"rendered":"Festival virtuel des anciens 2020"},"content":{"rendered":"<div id=\"pl-3839\"  class=\"panel-layout\" ><div id=\"pg-3839-0\"  class=\"panel-grid panel-has-style\" ><div class=\"panel-widget-style panel-row-style panel-row-style-for-3839-0\" style=\"border-bottom: 0px solid; \" ><div id=\"pgc-3839-0-0\"  class=\"panel-grid-cell panel-grid-cell-empty\" ><\/div><div id=\"pgc-3839-0-1\"  class=\"panel-grid-cell panel-grid-cell-mobile-last\" ><div id=\"panel-3839-0-1-0\" class=\"so-panel widget widget_black-studio-tinymce widget_black_studio_tinymce panel-first-child\" data-index=\"0\" ><div class=\"textwidget\"><p><a href=\"https:\/\/fcmf.org\/wp-content\/uploads\/2020\/08\/AVF-Merci.png\"><img loading=\"lazy\" decoding=\"async\" class=\"size-medium wp-image-4342 aligncenter\" src=\"https:\/\/fcmf.org\/wp-content\/uploads\/2020\/08\/AVF-Merci-300x251.png\" alt=\"\" width=\"300\" height=\"251\" srcset=\"https:\/\/fcmf.org\/fr\/wp-content\/uploads\/2020\/08\/AVF-Merci-300x251.png 300w, https:\/\/fcmf.org\/fr\/wp-content\/uploads\/2020\/08\/AVF-Merci-768x644.png 768w, https:\/\/fcmf.org\/fr\/wp-content\/uploads\/2020\/08\/AVF-Merci.png 940w\" sizes=\"auto, (max-width: 300px) 100vw, 300px\" \/><\/a><\/p>\n<\/div><\/div><div id=\"panel-3839-0-1-1\" class=\"so-panel widget widget_black-studio-tinymce widget_black_studio_tinymce panel-last-child\" data-index=\"1\" ><div class=\"panel-widget-style panel-widget-style-for-3839-0-1-1\" ><div class=\"textwidget\"><p style=\"text-align: center;\"><strong>Le Festival virtuel des anciens 2020 a \u00e9t\u00e9 un succ\u00e8s!<\/strong><\/p>\n<p style=\"text-align: center;\">Cet \u00e9t\u00e9, notre campagne de financement a permis d'amasser <strong>7 144 $ !!!<\/strong><\/p>\n<p style=\"text-align: center;\"><strong>Toutes nos f\u00e9licitations \u00e0 Spencer Klymyshyn<\/strong><\/p>\n<p style=\"text-align: center;\">qui a recueilli le plus de fonds et remport\u00e9 le prix de 1 000 $ apr\u00e8s avoir amass\u00e9 1 621.84 $ !<\/p>\n<p style=\"text-align: center;\"><strong>Un GRAND merci \u00e0 tous nos anciens qui ont particip\u00e9:<\/strong><\/p>\n<\/div><\/div><\/div><\/div><div id=\"pgc-3839-0-2\"  class=\"panel-grid-cell panel-grid-cell-empty\" ><\/div><\/div><\/div><div id=\"pg-3839-1\"  class=\"panel-grid panel-has-style\" ><div class=\"panel-widget-style panel-row-style panel-row-style-for-3839-1\" style=\"border-top: 0px solid; border-bottom: 0px solid; \" ><div id=\"pgc-3839-1-0\"  class=\"panel-grid-cell panel-grid-cell-empty\" ><\/div><div id=\"pgc-3839-1-1\"  class=\"panel-grid-cell panel-grid-cell-mobile-last\" ><div id=\"panel-3839-1-1-0\" class=\"so-panel widget widget_black-studio-tinymce widget_black_studio_tinymce panel-first-child panel-last-child\" data-index=\"2\" ><div class=\"textwidget\"><p>&nbsp;<\/p>\n<p style=\"text-align: center;\">Maureen Batt, Michael Bemmels, Anna Bond, Eric Brisson, Skylar Cameron, Phillip Cho, Jaeyoung Chong, M\u00e1iri Demings, Ben Diamond, Spencer Klymyshyn,<\/p>\n<p style=\"text-align: center;\">Julien LeBlanc,Rebecca McIntosh, Andrea Pedro, David Liam Roberts, Nicole Ross, Loureen Sazon, Dakota Scott-Digout, Gerald Weber, Chloe Weir<\/p>\n<p>&nbsp;<\/p>\n<\/div><\/div><\/div><div id=\"pgc-3839-1-2\"  class=\"panel-grid-cell panel-grid-cell-empty\" ><\/div><\/div><\/div><div id=\"pg-3839-2\"  class=\"panel-grid panel-no-style\" ><div id=\"pgc-3839-2-0\"  class=\"panel-grid-cell panel-grid-cell-empty\" ><\/div><div id=\"pgc-3839-2-1\"  class=\"panel-grid-cell panel-grid-cell-mobile-last\" ><div id=\"panel-3839-2-1-0\" class=\"so-panel widget widget_black-studio-tinymce widget_black_studio_tinymce panel-first-child panel-last-child\" data-index=\"3\" ><div class=\"textwidget\"><p><strong>Un GRAND merci<\/strong> \u00e0 tous ceux qui ont fait un don \u00e0 la F\u00e9d\u00e9ration canadienne des festivals de musique par l'entremise du Festival virtuel des anciens\u00a0:<\/p>\n<\/div><\/div><\/div><div id=\"pgc-3839-2-2\"  class=\"panel-grid-cell panel-grid-cell-empty\" ><\/div><\/div><div id=\"pg-3839-3\"  class=\"panel-grid panel-no-style\" ><div id=\"pgc-3839-3-0\"  class=\"panel-grid-cell panel-grid-cell-empty\" ><\/div><div id=\"pgc-3839-3-1\"  class=\"panel-grid-cell\" ><div id=\"panel-3839-3-1-0\" class=\"so-panel widget widget_black-studio-tinymce widget_black_studio_tinymce panel-first-child panel-last-child\" data-index=\"4\" ><div class=\"textwidget\"><p>Mitchell Anderson, SK<br \/>\nPatricia Ashbury, ON<br \/>\nLarry and Elaine Batt, NS<br \/>\nDawn Beirnes, MB<br \/>\nBrian Bemmels, BC<br \/>\nJordan Bemmels, ON<br \/>\nMarcia Bemmels, BC<br \/>\nMichael Bemmels, BC<br \/>\nLaurie Blackwell, ON<br \/>\nRobin Brown, ON<br \/>\nRichard Burton &amp; Joy McFarlane-Burton, SK<br \/>\nCorinne Cameron, NS<br \/>\nSkylar Cameron, NS<br \/>\nFaith Choi, WA<br \/>\nJaeyoung Chong, NB<br \/>\nMichele Cimon, ON<br \/>\nSteven Cowan, QC<br \/>\nThomas Davidson, QC<br \/>\nParke Davis, ON<br \/>\nCarolyn Demings, NS<br \/>\nJeremy Demings, NS<br \/>\nM\u00e1iri Demings, ON<br \/>\nBen Diamond, NL<br \/>\nSherry Diamond, NL<br \/>\nKristopher Dixon, ON<br \/>\nDiane Dodds, SK<br \/>\nDoris Brisson, QC<br \/>\nSuzanne Dugas, NB<br \/>\nJason Eastman, NS<br \/>\nOwen Edwards, Manchester, England<br \/>\nKim Ells, NS<br \/>\nPhyllis Forsyth, ON<\/p>\n<\/div><\/div><\/div><div id=\"pgc-3839-3-2\"  class=\"panel-grid-cell panel-grid-cell-empty\" ><\/div><div id=\"pgc-3839-3-3\"  class=\"panel-grid-cell\" ><div id=\"panel-3839-3-3-0\" class=\"so-panel widget widget_black-studio-tinymce widget_black_studio_tinymce panel-first-child panel-last-child\" data-index=\"5\" ><div class=\"textwidget\"><p>Normand Girard, NS<br \/>\nMavis Gray, MB<br \/>\nZhanna Gumenyuk, ON<br \/>\nMegaria Halim, ON<br \/>\nCatherine Harrison-Smith, NS<br \/>\nPierre Harvey, QC<br \/>\nJeanne Hayden, CA<br \/>\nJane Hayes, BC<br \/>\nJim Horne, NS<br \/>\nLynn Johnson, NB<br \/>\nBrandon Johnston, MB<br \/>\nTony Jones, BC<br \/>\nPenny and Garry Joynt, SK<br \/>\nRuth Junge, ON<br \/>\nStephen Kelly, ON<br \/>\nMichael Kim, CA<br \/>\nMoojang Kim, QC<br \/>\nDave and Sherry Klymyshyn, SK<br \/>\nDoug and Allison Klymyshyn, ON<br \/>\nVictor and Maryanne Klymyshyn, SK<br \/>\nCecile LeBlanc, NB<br \/>\nWayne and Barbara Long, NB<br \/>\nNancy Lynch, NB<br \/>\nDarlene McConnel, ON<br \/>\nMyles McIntosh, AB<br \/>\nDwight McIntosh, AB<br \/>\nTerri-Lynn McNichol, NB<br \/>\nJean and Jim Meenaghan, AZ<br \/>\nIvan and Janice Millen, NS<br \/>\nLuisa Miarbelli, ON<br \/>\nSaeideh Mirzaei, MB<br \/>\nSharon Moraru, ON<\/p>\n<\/div><\/div><\/div><div id=\"pgc-3839-3-4\"  class=\"panel-grid-cell panel-grid-cell-empty\" ><\/div><div id=\"pgc-3839-3-5\"  class=\"panel-grid-cell panel-grid-cell-mobile-last\" ><div id=\"panel-3839-3-5-0\" class=\"so-panel widget widget_black-studio-tinymce widget_black_studio_tinymce panel-first-child panel-last-child\" data-index=\"6\" ><div class=\"textwidget\"><p>Michael Morimoto, BC<br \/>\nGizele Neduzak, MB<br \/>\nDorothy Pidruchney, AB<br \/>\nJo-Anne Psiuk-Rodgers, ON<br \/>\nGerald Punke, NS<br \/>\nDavid Liam Roberts, MB<br \/>\nApril Ross, NS<br \/>\nJeri Ryba, SK<br \/>\nHoma Samiei, ON<br \/>\nMargaret Sawatzky, MB<br \/>\nSierra Scott-Digout, NS<br \/>\nIan Seddon, ON<br \/>\nLynda Sharpe, PE<br \/>\nDiane Smith, ON<br \/>\nZain Solinski, AB<br \/>\nLinda Sprague, NB<br \/>\nDonald Strangway, BC<br \/>\nSarah Suchan, SK<br \/>\nDylan Thompson-Mackay, NS<br \/>\nPaul Trudel, MB<br \/>\nMark Turner, SK<br \/>\nCheryl Vance, ON<br \/>\nDiane Wagg, NS<br \/>\nMegan Watt, ON<br \/>\nMaureen Weber, SK<br \/>\nTaffy Weir, ON<br \/>\nDavid Wenn, ON<br \/>\nArchie Wright, ON<br \/>\nAnonymous, ON<br \/>\nAnonymous, NS<br \/>\nAnonymous<\/p>\n<\/div><\/div><\/div><div id=\"pgc-3839-3-6\"  class=\"panel-grid-cell panel-grid-cell-empty\" ><\/div><\/div><div id=\"pg-3839-4\"  class=\"panel-grid panel-no-style\" ><div id=\"pgc-3839-4-0\"  class=\"panel-grid-cell panel-grid-cell-empty\" ><\/div><div id=\"pgc-3839-4-1\"  class=\"panel-grid-cell panel-grid-cell-mobile-last\" ><div id=\"panel-3839-4-1-0\" class=\"so-panel widget widget_black-studio-tinymce widget_black_studio_tinymce panel-first-child panel-last-child\" data-index=\"7\" ><div class=\"textwidget\"><h5><strong>Le Festival de musique national ne serait pas possible sans tous nos donateurs.<\/strong><\/h5>\n<\/div><\/div><\/div><div id=\"pgc-3839-4-2\"  class=\"panel-grid-cell panel-grid-cell-empty\" ><\/div><\/div><\/div>","protected":false},"excerpt":{"rendered":"<p>Le Festival virtuel des anciens 2020 a \u00e9t\u00e9 un succ\u00e8s! Cet \u00e9t\u00e9, notre campagne de financement a permis d&#8217;amasser 7 144 $ !!! Toutes nos f\u00e9licitations \u00e0 Spencer Klymyshyn qui a recueilli le plus de fonds et remport\u00e9 le prix &hellip; <a class=\"kt-excerpt-readmore\" href=\"https:\/\/fcmf.org\/fr\/festival-virtuel-anciens-2020\/\" aria-label=\"Festival virtuel des anciens 2020\">Read More<\/a><\/p>\n","protected":false},"author":3,"featured_media":0,"parent":0,"menu_order":0,"comment_status":"closed","ping_status":"closed","template":"page-fullwidth.php","meta":{"footnotes":""},"class_list":["post-3839","page","type-page","status-publish","hentry"],"_links":{"self":[{"href":"https:\/\/fcmf.org\/fr\/wp-json\/wp\/v2\/pages\/3839","targetHints":{"allow":["GET"]}}],"collection":[{"href":"https:\/\/fcmf.org\/fr\/wp-json\/wp\/v2\/pages"}],"about":[{"href":"https:\/\/fcmf.org\/fr\/wp-json\/wp\/v2\/types\/page"}],"author":[{"embeddable":true,"href":"https:\/\/fcmf.org\/fr\/wp-json\/wp\/v2\/users\/3"}],"replies":[{"embeddable":true,"href":"https:\/\/fcmf.org\/fr\/wp-json\/wp\/v2\/comments?post=3839"}],"version-history":[{"count":0,"href":"https:\/\/fcmf.org\/fr\/wp-json\/wp\/v2\/pages\/3839\/revisions"}],"wp:attachment":[{"href":"https:\/\/fcmf.org\/fr\/wp-json\/wp\/v2\/media?parent=3839"}],"curies":[{"name":"wp","href":"https:\/\/api.w.org\/{rel}","templated":true}]}}