{"id":38,"date":"2020-11-01T11:13:10","date_gmt":"2020-11-01T15:13:10","guid":{"rendered":"http:\/\/fcmf.org\/wp\/?page_id=38"},"modified":"2025-12-18T17:10:29","modified_gmt":"2025-12-18T21:10:29","slug":"reglements-officiels","status":"publish","type":"page","link":"https:\/\/fcmf.org\/fr\/reglements-officiels\/","title":{"rendered":"Les r\u00e8glements officiels"},"content":{"rendered":"<div id=\"pl-38\"  class=\"panel-layout\" ><div id=\"pg-38-0\"  class=\"panel-grid panel-no-style\" ><div id=\"pgc-38-0-0\"  class=\"panel-grid-cell panel-grid-cell-empty\" ><\/div><div id=\"pgc-38-0-1\"  class=\"panel-grid-cell panel-grid-cell-mobile-last\" ><div id=\"panel-38-0-1-0\" class=\"so-panel widget widget_black-studio-tinymce widget_black_studio_tinymce panel-first-child panel-last-child\" data-index=\"0\" ><div class=\"textwidget\"><h5 style=\"text-align: center;\"><a href=\"https:\/\/fcmf.org\/fr\/wp-content\/uploads\/2025\/11\/Le-programme-et-les-reglements-officiels-2026-Festival-de-musique-national.pdf\"><strong>Festival de musique national - Le programme et les r\u00e8glements officiels 2026<\/strong><\/a><\/h5>\n<h5 style=\"text-align: center;\"><a href=\"https:\/\/fcmf.org\/fr\/wp-content\/uploads\/2025\/11\/Le-Programme-et-les-reglements-officiels-du-VQR-2026.pdf\"><strong>Volet de qualification r\u00e9gional - Le programme et les r\u00e8glements officiels 2026<\/strong><\/a><\/h5>\n<h6 style=\"text-align: center;\"><a href=\"https:\/\/drive.google.com\/file\/d\/1y0_QNvHfeUHLdTDnfo7EqACf1F-hNsH5\/view?usp=sharing\">Musique de compositeurs canadiens et autochtones<\/a><\/h6>\n<p style=\"text-align: center;\">\n<\/div><\/div><\/div><div id=\"pgc-38-0-2\"  class=\"panel-grid-cell panel-grid-cell-empty\" ><\/div><\/div><div id=\"pg-38-1\"  class=\"panel-grid panel-no-style\" ><div id=\"pgc-38-1-0\"  class=\"panel-grid-cell panel-grid-cell-empty\" ><\/div><div id=\"pgc-38-1-1\"  class=\"panel-grid-cell panel-grid-cell-mobile-last\" ><div id=\"panel-38-1-1-0\" class=\"so-panel widget widget_black-studio-tinymce widget_black_studio_tinymce panel-first-child panel-last-child\" data-index=\"1\" ><div class=\"textwidget\"><p><a href=\"https:\/\/get.adobe.com\/reader\/\"><img loading=\"lazy\" decoding=\"async\" class=\"aligncenter wp-image-129\" src=\"http:\/\/fcmf.org\/wp\/wp-content\/uploads\/2016\/10\/Adobe-PDF-Reader-300x120.png\" alt=\"adobe-pdf-reader\" width=\"175\" height=\"70\" srcset=\"https:\/\/fcmf.org\/fr\/wp-content\/uploads\/2016\/10\/Adobe-PDF-Reader-300x120.png 300w, https:\/\/fcmf.org\/fr\/wp-content\/uploads\/2016\/10\/Adobe-PDF-Reader-768x308.png 768w, https:\/\/fcmf.org\/fr\/wp-content\/uploads\/2016\/10\/Adobe-PDF-Reader-1024x411.png 1024w, https:\/\/fcmf.org\/fr\/wp-content\/uploads\/2016\/10\/Adobe-PDF-Reader.png 1783w\" sizes=\"auto, (max-width: 175px) 100vw, 175px\" \/><\/a><\/p>\n<p>*Ces documents sont au format Adobe PDF. Si vous ne disposez pas du logiciel gratuit Adobe Acrobat Reader s'il vous pla\u00eet <a href=\"https:\/\/get.adobe.com\/reader\/\" target=\"_blank\" rel=\"noopener\">cliquez ici<\/a> pour le t\u00e9l\u00e9charger .<\/p>\n<\/div><\/div><\/div><div id=\"pgc-38-1-2\"  class=\"panel-grid-cell panel-grid-cell-empty\" ><\/div><\/div><\/div>","protected":false},"excerpt":{"rendered":"<p>Festival de musique national &#8211; Le programme et les r\u00e8glements officiels 2026 Volet de qualification r\u00e9gional &#8211; Le programme et les r\u00e8glements officiels 2026 Musique de compositeurs canadiens et autochtones *Ces documents sont au format Adobe PDF. Si vous ne &hellip; <a class=\"kt-excerpt-readmore\" href=\"https:\/\/fcmf.org\/fr\/reglements-officiels\/\" aria-label=\"Les r\u00e8glements officiels\">Read More<\/a><\/p>\n","protected":false},"author":1,"featured_media":0,"parent":0,"menu_order":0,"comment_status":"closed","ping_status":"closed","template":"page-fullwidth.php","meta":{"footnotes":""},"class_list":["post-38","page","type-page","status-publish","hentry"],"_links":{"self":[{"href":"https:\/\/fcmf.org\/fr\/wp-json\/wp\/v2\/pages\/38","targetHints":{"allow":["GET"]}}],"collection":[{"href":"https:\/\/fcmf.org\/fr\/wp-json\/wp\/v2\/pages"}],"about":[{"href":"https:\/\/fcmf.org\/fr\/wp-json\/wp\/v2\/types\/page"}],"author":[{"embeddable":true,"href":"https:\/\/fcmf.org\/fr\/wp-json\/wp\/v2\/users\/1"}],"replies":[{"embeddable":true,"href":"https:\/\/fcmf.org\/fr\/wp-json\/wp\/v2\/comments?post=38"}],"version-history":[{"count":0,"href":"https:\/\/fcmf.org\/fr\/wp-json\/wp\/v2\/pages\/38\/revisions"}],"wp:attachment":[{"href":"https:\/\/fcmf.org\/fr\/wp-json\/wp\/v2\/media?parent=38"}],"curies":[{"name":"wp","href":"https:\/\/api.w.org\/{rel}","templated":true}]}}