{"id":314,"date":"2016-11-05T03:48:09","date_gmt":"2016-11-05T03:48:09","guid":{"rendered":"http:\/\/fcmf.org\/wp\/?page_id=314"},"modified":"2022-02-09T19:08:30","modified_gmt":"2022-02-09T23:08:30","slug":"galerie","status":"publish","type":"page","link":"https:\/\/fcmf.org\/fr\/galerie\/","title":{"rendered":"Galerie de photos"},"content":{"rendered":"<div id=\"pl-314\"  class=\"panel-layout\" ><div id=\"pg-314-0\"  class=\"panel-grid panel-no-style\" ><div id=\"pgc-314-0-0\"  class=\"panel-grid-cell panel-grid-cell-empty\" ><\/div><div id=\"pgc-314-0-1\"  class=\"panel-grid-cell panel-grid-cell-mobile-last\" ><div id=\"panel-314-0-1-0\" class=\"so-panel widget widget_black-studio-tinymce widget_black_studio_tinymce panel-first-child panel-last-child\" data-index=\"0\" ><div class=\"textwidget\"><p>Les photos peuvent \u00eatre t\u00e9l\u00e9charg\u00e9es depuis notre site Web de photos \u2013 <a href=\"https:\/\/fcmf.smugmug.com\/\">cliquez ici pour le visiter<\/a><\/p>\n<\/div><\/div><\/div><div id=\"pgc-314-0-2\"  class=\"panel-grid-cell panel-grid-cell-empty\" ><\/div><\/div><\/div>","protected":false},"excerpt":{"rendered":"<p>Les photos peuvent \u00eatre t\u00e9l\u00e9charg\u00e9es depuis notre site Web de photos \u2013 cliquez ici pour le visiter<\/p>\n","protected":false},"author":1,"featured_media":0,"parent":0,"menu_order":0,"comment_status":"closed","ping_status":"closed","template":"page-fullwidth.php","meta":{"footnotes":""},"class_list":["post-314","page","type-page","status-publish","hentry"],"_links":{"self":[{"href":"https:\/\/fcmf.org\/fr\/wp-json\/wp\/v2\/pages\/314","targetHints":{"allow":["GET"]}}],"collection":[{"href":"https:\/\/fcmf.org\/fr\/wp-json\/wp\/v2\/pages"}],"about":[{"href":"https:\/\/fcmf.org\/fr\/wp-json\/wp\/v2\/types\/page"}],"author":[{"embeddable":true,"href":"https:\/\/fcmf.org\/fr\/wp-json\/wp\/v2\/users\/1"}],"replies":[{"embeddable":true,"href":"https:\/\/fcmf.org\/fr\/wp-json\/wp\/v2\/comments?post=314"}],"version-history":[{"count":0,"href":"https:\/\/fcmf.org\/fr\/wp-json\/wp\/v2\/pages\/314\/revisions"}],"wp:attachment":[{"href":"https:\/\/fcmf.org\/fr\/wp-json\/wp\/v2\/media?parent=314"}],"curies":[{"name":"wp","href":"https:\/\/api.w.org\/{rel}","templated":true}]}}