{"id":28,"date":"2016-10-21T17:11:25","date_gmt":"2016-10-21T17:11:25","guid":{"rendered":"http:\/\/fcmf.org\/wp\/?page_id=28"},"modified":"2025-12-17T10:26:53","modified_gmt":"2025-12-17T14:26:53","slug":"infolettre-piu-mosso","status":"publish","type":"page","link":"https:\/\/fcmf.org\/fr\/infolettre-piu-mosso\/","title":{"rendered":"Infolettre Pi\u00f9 Mosso"},"content":{"rendered":"<div id=\"pl-28\"  class=\"panel-layout\" ><div id=\"pg-28-0\"  class=\"panel-grid panel-no-style\" ><div id=\"pgc-28-0-0\"  class=\"panel-grid-cell panel-grid-cell-empty\" ><\/div><div id=\"pgc-28-0-1\"  class=\"panel-grid-cell panel-grid-cell-mobile-last\" ><div id=\"panel-28-0-1-0\" class=\"so-panel widget widget_black-studio-tinymce widget_black_studio_tinymce panel-first-child panel-last-child\" data-index=\"0\" ><div class=\"textwidget\"><p>Infolettre Pi\u00f9 Mosso de la FCFM<\/p>\n<ul>\n<li><a href=\"https:\/\/mailchi.mp\/fcmf.org\/bulletin-dinformations-de-la-fcfm-decembre-10344515\">Bulletin d'informations - d\u00e9cembre 2025<\/a><\/li>\n<li><a href=\"https:\/\/mailchi.mp\/fcmf.org\/bulletin-dinformations-de-la-fcfm-fevrier-10343974\">Bulletin d'informations - automne 2025<\/a><\/li>\n<li><a href=\"https:\/\/mailchi.mp\/fcmf.org\/bulletin-dinformations-de-la-fcfm-aout-10341623\">Bulletin - R\u00e9sultats - ao\u00fbt 2025<\/a><\/li>\n<li><a href=\"https:\/\/mailchi.mp\/fcmf.org\/news-from-the-federation-of-canadian-music-festivals-10340656\">Bulletin d'informations - juin 2025<\/a><\/li>\n<li><a href=\"https:\/\/mailchi.mp\/fcmf.org\/news-from-the-federation-of-canadian-music-festivals-10338257\">Bulletin d'informations - mars 2025<\/a><\/li>\n<li><a href=\"https:\/\/mailchi.mp\/fcmf.org\/bulletin-dinformations-de-la-fcfm-decembre-10335758\">Bulletin d'informations - d\u00e9cembre 2024<\/a><\/li>\n<li><a href=\"https:\/\/mailchi.mp\/fcmf.org\/bulletin-dinformations-de-la-fcfm-fevrier-10335150\">Bulletin d'informations - automne 2024<\/a><\/li>\n<li><a href=\"https:\/\/mailchi.mp\/fcmf.org\/bulletin-dinformations-de-la-fcfm-aout-10332116\">Bulletin - R\u00e9sultats - ao\u00fbt 2024<\/a><\/li>\n<li><a href=\"https:\/\/mailchi.mp\/fcmf.org\/news-from-the-federation-of-canadian-music-festivals-10329705\">Bulletin d'informations - juillet 2024\u00a0<\/a><\/li>\n<li><a href=\"https:\/\/mailchi.mp\/fcmf.org\/news-from-the-federation-of-canadian-music-festivals-10329357\">Bulletin d'informations - juin 2024<\/a><\/li>\n<li><a href=\"https:\/\/mailchi.mp\/fcmf.org\/news-from-the-federation-of-canadian-music-festivals-10285334\">Bulletin d'informations - mars 2024<\/a><\/li>\n<li><a href=\"https:\/\/mailchi.mp\/fcmf.org\/bulletin-dinformations-de-la-fcfm-decembre-9401714\">Bulletin d'informations - d\u00e9cembre 2023<\/a><\/li>\n<li><a href=\"https:\/\/mailchi.mp\/fcmf.org\/bulletin-dinformations-de-la-fcfm-fevrier-9393870\">Bulletin d'informations - automne 2023<\/a><\/li>\n<li><a href=\"https:\/\/mailchi.mp\/fcmf.org\/bulletin-dinformations-de-la-fcfm-aout-9376162\">Bulletin - R\u00e9sultats - ao\u00fbt 2023<\/a><\/li>\n<li><a href=\"https:\/\/mailchi.mp\/fcmf.org\/bulletin-dinformations-de-la-fcfm-fevrier-9335125\">Bulletin d'informations - f\u00e9vrier 2023<\/a><\/li>\n<li><a href=\"https:\/\/mailchi.mp\/fcmf.org\/bulletin-dinformations-de-la-fcfm-decembre-9320665\">Bulletin d'informations - decembre 2022<\/a><\/li>\n<li><a href=\"https:\/\/mailchi.mp\/fcmf.org\/bulletin-dinformations-de-la-fcfm-aout-9292173\">Bulletin - R\u00e9sultats - ao\u00fbt 2022<\/a><\/li>\n<li><a href=\"https:\/\/mailchi.mp\/fcmf.org\/bulletin-dinformations-de-la-fcfm-mai-9276977\">Bulletin d'informations - juin 2022<\/a><\/li>\n<li><a href=\"https:\/\/mailchi.mp\/fcmf.org\/bulletin-dinformations-de-la-fcfm-fevrier-2022\">Bulletin d'informations - f\u00e9vrier 2022<\/a><\/li>\n<li><a href=\"https:\/\/mailchi.mp\/fcmf.org\/news-from-the-federation-of-canadian-music-festivals-octobre-2021\">Bulletin d'informations - octobre 2021<\/a><\/li>\n<li><a href=\"http:\/\/mailchi.mp\/fcmf.org\/bulletin-dinformations-de-la-fcfm-aout-8129361\">Bulletin - R\u00e9sultats - ao\u00fbt 2021<\/a><\/li>\n<li><a href=\"http:\/\/mailchi.mp\/fcmf.org\/bulletin-dinformations-de-la-fcfm-juillet-8125357\">Bulletin d'informations - l'\u00e9t\u00e9 2021<\/a><\/li>\n<li><a href=\"http:\/\/mailchi.mp\/fcmf.org\/bulletin-dinformations-de-la-fcfm-mai-8120573\">Bulletin d'informations - mai 2021<\/a><\/li>\n<li><a href=\"https:\/\/mailchi.mp\/fcmf.org\/bulletin-dinformations-de-la-fcfm-hiver-2021\">Bulletin d'informations - hiver 2021<\/a><\/li>\n<li><a href=\"https:\/\/mailchi.mp\/fcmf.org\/bulletin-dinformations-de-la-fcfm-decembre-2020\">Bulletin d'informations - decembre 2020<\/a><\/li>\n<li><a href=\"https:\/\/mailchi.mp\/fcmf.org\/bulletin-dinformations-de-la-fcfm-novembre-2020\">Bulletin d'informations - novembre 2020<\/a><\/li>\n<li><a href=\"https:\/\/drive.google.com\/file\/d\/1wNuXAwstsYzBM7qpdOKDJh48iG9w72PF\/view?usp=sharing\">Fall 2020<\/a><\/li>\n<li><a href=\"https:\/\/drive.google.com\/file\/d\/19X5-I8AvMW5viKLru_U26MWzL6gcN8iv\/view?usp=sharing\">Summer 2020<\/a><\/li>\n<li><a href=\"https:\/\/drive.google.com\/file\/d\/1qDLQdbY--Sxx2eTfaoff4iI6GwVr1KDE\/view?usp=sharing\">Spring 2020<\/a><\/li>\n<li><a href=\"https:\/\/drive.google.com\/file\/d\/1Fd2Cq7Jkl6ifvxziPCZ1fetacFME-5QW\/view?usp=sharing\">Fall 2019<\/a><\/li>\n<li><a href=\"https:\/\/drive.google.com\/file\/d\/1z8fWXTkR5FNsce3CeA8TKT0MyYJ-bzMC\/view?usp=sharing\">Summer 2019<\/a><\/li>\n<li><a href=\"https:\/\/drive.google.com\/file\/d\/1Tt6fWcopXfVEVwkL-NTxM5BfTXUHUBnv\/view?usp=sharing\">Winter 2019<\/a><\/li>\n<li><a href=\"https:\/\/drive.google.com\/file\/d\/13V7b3IR2OPCn0NKgFTp6OUEkt9g9K3cE\/view?usp=sharing\">Fall 2018<\/a><\/li>\n<li><a href=\"https:\/\/drive.google.com\/file\/d\/1NOiAEYVo1KqYIrqMnoFEBF-7zUAGVDn_\/view?usp=sharing\">Summer 2018<\/a><\/li>\n<li><a href=\"https:\/\/drive.google.com\/file\/d\/1KnTZDxA3RCH5VhJXlgcO4KaWPzl5kVlq\/view?usp=sharing\">Spring 2018<\/a><\/li>\n<li><a href=\"https:\/\/drive.google.com\/file\/d\/1Dk8XVrCU_F4zlrga1OfyFp2xngroQJbk\/view?usp=sharing\">Fall 2017<\/a><\/li>\n<li><a href=\"https:\/\/drive.google.com\/file\/d\/1o839AB_G9nulQt-g1K2uMGlVDs5CycIM\/view?usp=sharing\">Summer 2017<\/a><\/li>\n<li><a href=\"https:\/\/drive.google.com\/file\/d\/1-a1lsIlrdN08q-sAIadl3mSoscoQ2R4M\/view?usp=sharing\">Spring 2017<\/a><\/li>\n<li><a href=\"https:\/\/drive.google.com\/file\/d\/1LazDjG6knGoLZaZRwplNvMM82wA8uXTV\/view?usp=sharing\">Fall\u00a02016<\/a><\/li>\n<li><a href=\"https:\/\/drive.google.com\/file\/d\/1U06V6xHf2lFbML6lmKhdFpG1eaOGluBG\/view?usp=sharing\">Summer 2016<\/a><\/li>\n<li><a href=\"https:\/\/drive.google.com\/file\/d\/1rqaSdFZEt806X3jzVlJLx-_QtZTJSY-l\/view?usp=sharing\">Fall 2015<\/a><\/li>\n<li><a href=\"https:\/\/drive.google.com\/file\/d\/1LY23UWt5ZgBTANOCvXaOCuIRpUMeOtRx\/view?usp=sharing\">Summer 2015<\/a><\/li>\n<\/ul>\n<p><a href=\"info@fcmf.org\">Vos commentaires et propositions sont toujours les bienvenus<\/a><\/p>\n<\/div><\/div><\/div><div id=\"pgc-28-0-2\"  class=\"panel-grid-cell panel-grid-cell-empty\" ><\/div><\/div><div id=\"pg-28-1\"  class=\"panel-grid panel-no-style\" ><div id=\"pgc-28-1-0\"  class=\"panel-grid-cell panel-grid-cell-empty\" ><\/div><div id=\"pgc-28-1-1\"  class=\"panel-grid-cell panel-grid-cell-mobile-last\" ><div id=\"panel-28-1-1-0\" class=\"so-panel widget widget_black-studio-tinymce widget_black_studio_tinymce panel-first-child panel-last-child\" data-index=\"1\" ><div class=\"textwidget\"><p><img loading=\"lazy\" decoding=\"async\" class=\"aligncenter wp-image-129\" src=\"http:\/\/fcmf.org\/wp\/wp-content\/uploads\/2016\/10\/Adobe-PDF-Reader-300x120.png\" alt=\"adobe-pdf-reader\" width=\"175\" height=\"70\" srcset=\"https:\/\/fcmf.org\/fr\/wp-content\/uploads\/2016\/10\/Adobe-PDF-Reader-300x120.png 300w, https:\/\/fcmf.org\/fr\/wp-content\/uploads\/2016\/10\/Adobe-PDF-Reader-768x308.png 768w, https:\/\/fcmf.org\/fr\/wp-content\/uploads\/2016\/10\/Adobe-PDF-Reader-1024x411.png 1024w, https:\/\/fcmf.org\/fr\/wp-content\/uploads\/2016\/10\/Adobe-PDF-Reader.png 1783w\" sizes=\"auto, (max-width: 175px) 100vw, 175px\" \/><\/p>\n<p>*Ces documents sont au format Adobe PDF. Si vous ne disposez pas du logiciel gratuit Adobe Acrobat Reader s'il vous pla\u00eet <a href=\"https:\/\/get.adobe.com\/reader\/\" target=\"_blank\" rel=\"noopener\">cliquez ici<\/a> pour le t\u00e9l\u00e9charger .<\/p>\n<\/div><\/div><\/div><div id=\"pgc-28-1-2\"  class=\"panel-grid-cell panel-grid-cell-empty\" ><\/div><\/div><\/div>","protected":false},"excerpt":{"rendered":"<p>Infolettre Pi\u00f9 Mosso de la FCFM Bulletin d&#8217;informations &#8211; d\u00e9cembre 2025 Bulletin d&#8217;informations &#8211; automne 2025 Bulletin &#8211; R\u00e9sultats &#8211; ao\u00fbt 2025 Bulletin d&#8217;informations &#8211; juin 2025 Bulletin d&#8217;informations &#8211; mars 2025 Bulletin d&#8217;informations &#8211; d\u00e9cembre 2024 Bulletin d&#8217;informations &#8211; &hellip; <a class=\"kt-excerpt-readmore\" href=\"https:\/\/fcmf.org\/fr\/infolettre-piu-mosso\/\" aria-label=\"Infolettre Pi\u00f9 Mosso\">Read More<\/a><\/p>\n","protected":false},"author":1,"featured_media":0,"parent":0,"menu_order":0,"comment_status":"closed","ping_status":"closed","template":"page-fullwidth.php","meta":{"footnotes":""},"class_list":["post-28","page","type-page","status-publish","hentry"],"_links":{"self":[{"href":"https:\/\/fcmf.org\/fr\/wp-json\/wp\/v2\/pages\/28","targetHints":{"allow":["GET"]}}],"collection":[{"href":"https:\/\/fcmf.org\/fr\/wp-json\/wp\/v2\/pages"}],"about":[{"href":"https:\/\/fcmf.org\/fr\/wp-json\/wp\/v2\/types\/page"}],"author":[{"embeddable":true,"href":"https:\/\/fcmf.org\/fr\/wp-json\/wp\/v2\/users\/1"}],"replies":[{"embeddable":true,"href":"https:\/\/fcmf.org\/fr\/wp-json\/wp\/v2\/comments?post=28"}],"version-history":[{"count":0,"href":"https:\/\/fcmf.org\/fr\/wp-json\/wp\/v2\/pages\/28\/revisions"}],"wp:attachment":[{"href":"https:\/\/fcmf.org\/fr\/wp-json\/wp\/v2\/media?parent=28"}],"curies":[{"name":"wp","href":"https:\/\/api.w.org\/{rel}","templated":true}]}}