{"id":269,"date":"2016-11-05T02:31:09","date_gmt":"2016-11-05T02:31:09","guid":{"rendered":"http:\/\/fcmf.org\/wp\/?page_id=269"},"modified":"2025-02-04T18:56:52","modified_gmt":"2025-02-04T22:56:52","slug":"dons-planifies","status":"publish","type":"page","link":"https:\/\/fcmf.org\/fr\/dons-planifies\/","title":{"rendered":"Dons planifi\u00e9s"},"content":{"rendered":"<div id=\"pl-269\"  class=\"panel-layout\" ><div id=\"pg-269-0\"  class=\"panel-grid panel-no-style\" ><div id=\"pgc-269-0-0\"  class=\"panel-grid-cell panel-grid-cell-empty\" ><\/div><div id=\"pgc-269-0-1\"  class=\"panel-grid-cell panel-grid-cell-mobile-last\" ><div id=\"panel-269-0-1-0\" class=\"so-panel widget widget_black-studio-tinymce widget_black_studio_tinymce panel-first-child panel-last-child\" data-index=\"0\" ><div class=\"textwidget\"><p>L'expression \"dons planifi\u00e9s\" signifie tout simplement que l'on \"pr\u00e9voit donner\". Contrairement aux dons traditionnels faits \u00e0 partir de votre revenu, un don planifi\u00e9 provient de vos actifs (comme des investissements ou des propri\u00e9t\u00e9s immobili\u00e8res) ou de votre succession lors de votre d\u00e9c\u00e8s. Il est facile de donner par le biais de votre testament! Apr\u00e8s avoir pris soin des personnes qui vous sont ch\u00e8res, vous pouvez laisser un h\u00e9ritage durable en continuant \u00e0 donner \u00e0 des \u0153uvres de bienfaisance comme vous le faisiez de votre vivant.<\/p>\n<p>Nous vous remercions de bien vouloir consid\u00e9rer poursuivre votre tradition de donner \u00e0 des \u0153uvres charitables en faisant un don planifi\u00e9 \u00e0 la FCFM.<\/p>\n<p>\u00a0<\/p>\n<\/div><\/div><\/div><div id=\"pgc-269-0-2\"  class=\"panel-grid-cell panel-grid-cell-empty\" ><\/div><\/div><div id=\"pg-269-1\"  class=\"panel-grid panel-no-style\" ><div id=\"pgc-269-1-0\"  class=\"panel-grid-cell panel-grid-cell-empty\" ><\/div><div id=\"pgc-269-1-1\"  class=\"panel-grid-cell panel-grid-cell-mobile-last\" ><div id=\"panel-269-1-1-0\" class=\"so-panel widget widget_black-studio-tinymce widget_black_studio_tinymce panel-first-child panel-last-child\" data-index=\"1\" ><div class=\"textwidget\"><p style=\"text-align: center;\"><strong>Nous vous remercions d'appuyer les jeunes musiciens du Canada \u00e0 travers la FCFM!<\/strong><\/p>\n<p style=\"text-align: center;\">Tous les dons seront mentionn\u00e9s sur le site Web de la FCFM et dans l'ensemble de ses publications.<\/p>\n<p style=\"text-align: center;\">Un re\u00e7u officiel aux fins de l'imp\u00f4t sera remis pour tous les dons. <strong>BN: 118913946RR0002<\/strong><\/p>\n<\/div><\/div><\/div><div id=\"pgc-269-1-2\"  class=\"panel-grid-cell panel-grid-cell-empty\" ><\/div><\/div><\/div>","protected":false},"excerpt":{"rendered":"<p>L&#8217;expression &#8220;dons planifi\u00e9s&#8221; signifie tout simplement que l&#8217;on &#8220;pr\u00e9voit donner&#8221;. Contrairement aux dons traditionnels faits \u00e0 partir de votre revenu, un don planifi\u00e9 provient de vos actifs (comme des investissements ou des propri\u00e9t\u00e9s immobili\u00e8res) ou de votre succession lors de &hellip; <a class=\"kt-excerpt-readmore\" href=\"https:\/\/fcmf.org\/fr\/dons-planifies\/\" aria-label=\"Dons planifi\u00e9s\">Read More<\/a><\/p>\n","protected":false},"author":1,"featured_media":0,"parent":0,"menu_order":0,"comment_status":"closed","ping_status":"closed","template":"page-fullwidth.php","meta":{"footnotes":""},"class_list":["post-269","page","type-page","status-publish","hentry"],"_links":{"self":[{"href":"https:\/\/fcmf.org\/fr\/wp-json\/wp\/v2\/pages\/269","targetHints":{"allow":["GET"]}}],"collection":[{"href":"https:\/\/fcmf.org\/fr\/wp-json\/wp\/v2\/pages"}],"about":[{"href":"https:\/\/fcmf.org\/fr\/wp-json\/wp\/v2\/types\/page"}],"author":[{"embeddable":true,"href":"https:\/\/fcmf.org\/fr\/wp-json\/wp\/v2\/users\/1"}],"replies":[{"embeddable":true,"href":"https:\/\/fcmf.org\/fr\/wp-json\/wp\/v2\/comments?post=269"}],"version-history":[{"count":0,"href":"https:\/\/fcmf.org\/fr\/wp-json\/wp\/v2\/pages\/269\/revisions"}],"wp:attachment":[{"href":"https:\/\/fcmf.org\/fr\/wp-json\/wp\/v2\/media?parent=269"}],"curies":[{"name":"wp","href":"https:\/\/api.w.org\/{rel}","templated":true}]}}