{"id":245,"date":"2016-11-01T00:08:35","date_gmt":"2016-11-01T00:08:35","guid":{"rendered":"http:\/\/fcmf.org\/wp\/?page_id=245"},"modified":"2025-01-20T11:18:42","modified_gmt":"2025-01-20T15:18:42","slug":"fonds-fiduciaire-national","status":"publish","type":"page","link":"https:\/\/fcmf.org\/fr\/fonds-fiduciaire-national\/","title":{"rendered":"Fonds fiduciaire national"},"content":{"rendered":"<div id=\"pl-245\"  class=\"panel-layout\" ><div id=\"pg-245-0\"  class=\"panel-grid panel-no-style\" ><div id=\"pgc-245-0-0\"  class=\"panel-grid-cell panel-grid-cell-empty\" ><\/div><div id=\"pgc-245-0-1\"  class=\"panel-grid-cell panel-grid-cell-mobile-last\" ><div id=\"panel-245-0-1-0\" class=\"so-panel widget widget_black-studio-tinymce widget_black_studio_tinymce panel-first-child panel-last-child\" data-index=\"0\" ><div class=\"textwidget\"><p>Gr\u00e2ce \u00e0 la g\u00e9n\u00e9rosit\u00e9 de nos donateurs et investisseurs pr\u00e9c\u00e9dents, la FCFM dispose de fond au sein de la Fondation Victoria dont les int\u00e9r\u00eats aident \u00e0 financer les prix chaque ann\u00e9e.<\/p>\n<p>Si vous aimeriez contribuer \u00e0 la viabilit\u00e9 \u00e0 long terme du travail effectu\u00e9 par la FCFM, soit d'identifier, d'encourager et de d\u00e9velopper les jeunes musiciens canadiens, en contribuant \u00e0 ces investissements, veuillez compl\u00e9ter le formulaire ci-dessous ou faites un don au Fonds fiduciaire national<\/p>\n<p>Les dons au fonds d\u2019affectation sp\u00e9ciale de la FCMF doivent \u00eatre faits en coordination avec le bureau de la FCMF et la Fondation Victoria.<\/p>\n<p>Veuillez communiquer avec le tr\u00e9sorier de la FCMF, Christopher Lane, \u00e0 l\u2019adresse <a href=\"mailto:treasurer@fcmf.org\">treasurer@fcmf.org<\/a><\/p>\n<\/div><\/div><\/div><div id=\"pgc-245-0-2\"  class=\"panel-grid-cell panel-grid-cell-empty\" ><\/div><\/div><div id=\"pg-245-1\"  class=\"panel-grid panel-no-style\" ><div id=\"pgc-245-1-0\"  class=\"panel-grid-cell panel-grid-cell-empty\" ><\/div><div id=\"pgc-245-1-1\"  class=\"panel-grid-cell panel-grid-cell-mobile-last\" ><div id=\"panel-245-1-1-0\" class=\"so-panel widget widget_black-studio-tinymce widget_black_studio_tinymce panel-first-child panel-last-child\" data-index=\"1\" ><div class=\"textwidget\"><p style=\"text-align: center;\"><strong>Nous vous remercions pour votre appui envers les jeunes musiciens du Canada \u00e0 travers la FCFM!<\/strong><\/p>\n<p style=\"text-align: center;\">Tous les dons seront mentionn\u00e9s sur le site Web de la FCFM et dans l'ensemble de ses publications.<\/p>\n<p style=\"text-align: center;\">Un re\u00e7u officiel aux fins de l'imp\u00f4t sera remis pour tous les dons. <strong>BN: 118913946RR0002<\/strong><\/p>\n<\/div><\/div><\/div><div id=\"pgc-245-1-2\"  class=\"panel-grid-cell panel-grid-cell-empty\" ><\/div><\/div><\/div>","protected":false},"excerpt":{"rendered":"<p>Gr\u00e2ce \u00e0 la g\u00e9n\u00e9rosit\u00e9 de nos donateurs et investisseurs pr\u00e9c\u00e9dents, la FCFM dispose de fond au sein de la Fondation Victoria dont les int\u00e9r\u00eats aident \u00e0 financer les prix chaque ann\u00e9e. Si vous aimeriez contribuer \u00e0 la viabilit\u00e9 \u00e0 long &hellip; <a class=\"kt-excerpt-readmore\" href=\"https:\/\/fcmf.org\/fr\/fonds-fiduciaire-national\/\" aria-label=\"Fonds fiduciaire national\">Read More<\/a><\/p>\n","protected":false},"author":1,"featured_media":0,"parent":0,"menu_order":0,"comment_status":"closed","ping_status":"closed","template":"page-fullwidth.php","meta":{"footnotes":""},"class_list":["post-245","page","type-page","status-publish","hentry"],"_links":{"self":[{"href":"https:\/\/fcmf.org\/fr\/wp-json\/wp\/v2\/pages\/245","targetHints":{"allow":["GET"]}}],"collection":[{"href":"https:\/\/fcmf.org\/fr\/wp-json\/wp\/v2\/pages"}],"about":[{"href":"https:\/\/fcmf.org\/fr\/wp-json\/wp\/v2\/types\/page"}],"author":[{"embeddable":true,"href":"https:\/\/fcmf.org\/fr\/wp-json\/wp\/v2\/users\/1"}],"replies":[{"embeddable":true,"href":"https:\/\/fcmf.org\/fr\/wp-json\/wp\/v2\/comments?post=245"}],"version-history":[{"count":0,"href":"https:\/\/fcmf.org\/fr\/wp-json\/wp\/v2\/pages\/245\/revisions"}],"wp:attachment":[{"href":"https:\/\/fcmf.org\/fr\/wp-json\/wp\/v2\/media?parent=245"}],"curies":[{"name":"wp","href":"https:\/\/api.w.org\/{rel}","templated":true}]}}