{"id":243,"date":"2016-11-01T00:08:17","date_gmt":"2016-11-01T00:08:17","guid":{"rendered":"http:\/\/fcmf.org\/wp\/?page_id=243"},"modified":"2025-02-04T18:54:24","modified_gmt":"2025-02-04T22:54:24","slug":"commandites-de-prix","status":"publish","type":"page","link":"https:\/\/fcmf.org\/fr\/commandites-de-prix\/","title":{"rendered":"Commandites de prix"},"content":{"rendered":"<div id=\"pl-243\"  class=\"panel-layout\" ><div id=\"pg-243-0\"  class=\"panel-grid panel-no-style\" ><div id=\"pgc-243-0-0\"  class=\"panel-grid-cell\" ><div id=\"panel-243-0-0-0\" class=\"so-panel widget widget_sow-button panel-first-child panel-last-child\" data-index=\"0\" ><div\n\t\t\t\n\t\t\tclass=\"so-widget-sow-button so-widget-sow-button-atom-4b6a29d9c565-243\"\n\t\t\t\n\t\t><div class=\"ow-button-base ow-button-align-center\"\n>\n\t\t\t<a\n\t\t\t\t\thref=\"https:\/\/fcmf.org\/fr\/wp-content\/uploads\/2022\/01\/Formulaire-pour-commanditer-un-prix-de-Festival-de-musique-national-2022_Fillable.pdf\"\n\t\t\t\t\tclass=\"sowb-button ow-icon-placement-left ow-button-hover\" target=\"_blank\" rel=\"noopener noreferrer\" \t>\n\t\t<span>\n\t\t\t<span class=\"sow-icon-fontawesome sow-far\" data-sow-icon=\"&#xf1c4;\"\n\t\tstyle=\"color: #ffffff\" \n\t\taria-hidden=\"true\"><\/span>\n\t\t\tT\u00e9l\u00e9charger le formulaire (PDF)\t\t<\/span>\n\t\t\t<\/a>\n\t<\/div>\n<\/div><\/div><\/div><\/div><div id=\"pg-243-1\"  class=\"panel-grid panel-no-style\" ><div id=\"pgc-243-1-0\"  class=\"panel-grid-cell panel-grid-cell-empty\" ><\/div><div id=\"pgc-243-1-1\"  class=\"panel-grid-cell panel-grid-cell-mobile-last\" ><div id=\"panel-243-1-1-0\" class=\"so-panel widget widget_black-studio-tinymce widget_black_studio_tinymce panel-first-child panel-last-child\" data-index=\"1\" ><div class=\"textwidget\"><p>Chaque ann\u00e9e, la FCFM remets des prix mon\u00e9taires aux concurrents du Festival de musique national.\u00a0 Vous trouverez ci-dessous la liste des prix du Festival de musique national 2022, concours en mode virtuel cette ann\u00e9e, qu'il est possible de commanditer :<\/p>\n<p><strong>Volet artistes \u00e9mergents<\/strong> \u2013 Laur\u00e9ats des 1er et 2e prix en voix, piano, cordes, guitare classique, bois, cuivres, percussions, et th\u00e9\u00e2tre musical \u2013 respectivement 2 000 $ et 1 500 $.<\/p>\n<p><strong>Volet artistes en d\u00e9veloppement<\/strong>\u2013 Laur\u00e9ats des 1er et 2e prix en voix, piano, cordes, guitare classique, bois, cuivres, percussions, et th\u00e9\u00e2tre musical \u2013 respectivement 500 $ et 250 $.<\/p>\n<p>Le laur\u00e9at du <strong>Grand prix de 5\u00a0000\u00a0$<\/strong> sera s\u00e9lectionn\u00e9 parmi les laur\u00e9ats des 1er prix Volet artistes \u00e9mergents dans chacune des huit disciplines - chant, piano, cordes, guitare, bois, cuivres, percussions et th\u00e9\u00e2tre musical.<\/p>\n<p><strong>Volet prestations enregistr\u00e9es<\/strong> \u2013 Laur\u00e9at du 1er prix Musique de chambre \u00e0 l'Artiste \u00e9mergent - 500 $<\/p>\n<\/div><\/div><\/div><div id=\"pgc-243-1-2\"  class=\"panel-grid-cell panel-grid-cell-empty\" ><\/div><\/div><div id=\"pg-243-2\"  class=\"panel-grid panel-no-style\" ><div id=\"pgc-243-2-0\"  class=\"panel-grid-cell panel-grid-cell-empty\" ><\/div><div id=\"pgc-243-2-1\"  class=\"panel-grid-cell panel-grid-cell-mobile-last\" ><div id=\"panel-243-2-1-0\" class=\"so-panel widget widget_black-studio-tinymce widget_black_studio_tinymce panel-first-child panel-last-child\" data-index=\"2\" ><div class=\"textwidget\"><p>Pour commanditer des prix, vous pouvez\u00a0:<\/p>\n<ul>\n<li>Nous faire parvenir votre formulaire par courriel, accompagn\u00e9 d'un transfert \u00e9lectronique, \u00e0 l'adresse <a href=\"mailto:treasurer@fcmf.org\">treasurer@fcmf.org<\/a><\/li>\n<li>Poster le formulaire, accompagn\u00e9 d'un ch\u00e8que, \u00e0 l'attention de Christopher Lane, Tr\u00e9sorier de la FCFM, 239 St.James Street West, Saint John, NB\u00a0 E2M 2E7<\/li>\n<li>Remplir notre formulaire en ligne, payable par <em>Paypal<\/em> ou <a href=\"https:\/\/www.canadahelps.org\/dn\/6948\"><em>CanaDon<\/em><\/a>, \u00e0 l'adresse <a href=\"http:\/\/www.fcmf.org\/award-sponsorships\/\">http:\/\/www.fcmf.org\/award-sponsorships\/<\/a><\/li>\n<\/ul>\n<p><em>Les commandites de prix d\u00e9pendent de leur disponibilit\u00e9, car plusieurs donateurs commanditent le m\u00eame prix chaque ann\u00e9e.<\/em><\/p>\n<\/div><\/div><\/div><div id=\"pgc-243-2-2\"  class=\"panel-grid-cell panel-grid-cell-empty\" ><\/div><\/div><div id=\"pg-243-3\"  class=\"panel-grid panel-no-style\" ><div id=\"pgc-243-3-0\"  class=\"panel-grid-cell\" ><div id=\"panel-243-3-0-0\" class=\"so-panel widget widget_wpforms-widget wpforms-widget panel-first-child panel-last-child\" data-index=\"3\" ><div class=\"wpforms-container wpforms-container-full\" id=\"wpforms-298\"><form id=\"wpforms-form-298\" class=\"wpforms-validate wpforms-form\" data-formid=\"298\" method=\"post\" enctype=\"multipart\/form-data\" action=\"\/fr\/wp-json\/wp\/v2\/pages\/243\" data-token=\"3695215feccfff215e990e10a78e4933\" data-token-time=\"1776206275\"><div class=\"wpforms-head-container\"><div class=\"wpforms-title\">Award Sponsorships |  Commandites de prix<\/div><\/div><noscript class=\"wpforms-error-noscript\">Please enable JavaScript in your browser to complete this form.<\/noscript><div class=\"wpforms-field-container\"><div id=\"wpforms-298-field_2-container\" class=\"wpforms-field wpforms-field-text\" data-field-id=\"2\"><label class=\"wpforms-field-label\" for=\"wpforms-298-field_2\">Name \/ Nom <span class=\"wpforms-required-label\">*<\/span><\/label><input type=\"text\" id=\"wpforms-298-field_2\" class=\"wpforms-field-large wpforms-field-required\" name=\"wpforms[fields][2]\" required><\/div><div id=\"wpforms-298-field_3-container\" class=\"wpforms-field wpforms-field-text\" data-field-id=\"3\"><label class=\"wpforms-field-label\" for=\"wpforms-298-field_3\">Address \/ Adresse <span class=\"wpforms-required-label\">*<\/span><\/label><input type=\"text\" id=\"wpforms-298-field_3\" class=\"wpforms-field-large wpforms-field-required\" name=\"wpforms[fields][3]\" required><\/div><div id=\"wpforms-298-field_4-container\" class=\"wpforms-field wpforms-field-phone wpforms-one-third wpforms-first\" data-field-id=\"4\"><label class=\"wpforms-field-label\" for=\"wpforms-298-field_4\">Phone \/ T\u00e9l. <span class=\"wpforms-required-label\">*<\/span><\/label><input type=\"tel\" id=\"wpforms-298-field_4\" class=\"wpforms-field-large wpforms-field-required wpforms-masked-input\" data-inputmask=\"&#039;mask&#039;: &#039;(999) 999-9999&#039;\" data-rule-us-phone-field=\"true\" data-inputmask-inputmode=\"tel\" name=\"wpforms[fields][4]\" aria-label=\"Phone \/ T\u00e9l.\" required><\/div><div id=\"wpforms-298-field_5-container\" class=\"wpforms-field wpforms-field-text wpforms-two-thirds\" data-field-id=\"5\"><label class=\"wpforms-field-label\" for=\"wpforms-298-field_5\">Email \/ Courriel <span class=\"wpforms-required-label\">*<\/span><\/label><input type=\"text\" id=\"wpforms-298-field_5\" class=\"wpforms-field-large wpforms-field-required\" name=\"wpforms[fields][5]\" required><\/div><div id=\"wpforms-298-field_10-container\" class=\"wpforms-field wpforms-field-payment-single\" data-field-id=\"10\"><label class=\"wpforms-field-label\" for=\"wpforms-298-field_10\">Donation Amount \/ Montant du don <span class=\"wpforms-required-label\">*<\/span><\/label><input type=\"text\" id=\"wpforms-298-field_10\" class=\"wpforms-field-medium wpforms-field-required wpforms-payment-user-input wpforms-payment-price\" data-rule-currency=\"[&quot;$&quot;,false]\" data-rule-required-positive-number=\"1\" name=\"wpforms[fields][10]\" value=\"&#036;0.00\"><div class=\"wpforms-field-description\">$2000 - $1500  -  $1000  -  $750  -  $500  - Other\/autre<\/div><\/div><div id=\"wpforms-298-field_7-container\" class=\"wpforms-field wpforms-field-text\" data-field-id=\"7\"><label class=\"wpforms-field-label\" for=\"wpforms-298-field_7\">Please indicate your preference of award sponsor \/ Veuillez indiquer en ordre de pr\u00e9f\u00e9rence le prix que vous souhaitez commanditer <\/label><input type=\"text\" id=\"wpforms-298-field_7\" class=\"wpforms-field-medium\" name=\"wpforms[fields][7]\" ><div class=\"wpforms-field-description\">1st choice \/ 1er choix<\/div><\/div><div id=\"wpforms-298-field_8-container\" class=\"wpforms-field wpforms-field-text\" data-field-id=\"8\"><label class=\"wpforms-field-label wpforms-label-hide\" for=\"wpforms-298-field_8\">Please indicate your preference of award sponsor 2nd choice<\/label><input type=\"text\" id=\"wpforms-298-field_8\" class=\"wpforms-field-medium\" name=\"wpforms[fields][8]\" ><div class=\"wpforms-field-description\">2nd choice \/ 2e choix<\/div><\/div><div id=\"wpforms-298-field_9-container\" class=\"wpforms-field wpforms-field-text\" data-field-id=\"9\"><label class=\"wpforms-field-label wpforms-label-hide\" for=\"wpforms-298-field_9\">Please indicate your preference of award sponsor 3rd choice<\/label><input type=\"text\" id=\"wpforms-298-field_9\" class=\"wpforms-field-medium\" name=\"wpforms[fields][9]\" ><div class=\"wpforms-field-description\">3rd choice \/ 3e choix <\/div><\/div><div id=\"wpforms-298-field_11-container\" class=\"wpforms-field wpforms-field-payment-total wpforms-field-medium\" data-field-id=\"11\"><label class=\"wpforms-field-label\">Total<\/label><div class=\"wpforms-payment-total\" style=\"\">&#036;0.00<\/div><input type=\"hidden\" id=\"wpforms-298-field_11\" class=\"wpforms-field-medium wpforms-payment-total\" name=\"wpforms[fields][11]\" value=\"0\"><\/div><div id=\"wpforms-298-field_12-container\" class=\"wpforms-field wpforms-field-payment-multiple\" data-field-id=\"12\"><label class=\"wpforms-field-label\">Payment Options <span class=\"wpforms-required-label\">*<\/span><\/label><ul id=\"wpforms-298-field_12\" class=\"wpforms-field-required\"><li class=\"choice-2\"><input type=\"radio\" id=\"wpforms-298-field_12_2\" class=\"wpforms-payment-price\" data-amount=\"0.00\" name=\"wpforms[fields][12]\" value=\"2\" required ><label class=\"wpforms-field-label-inline\" for=\"wpforms-298-field_12_2\">E-Transfer to \/ Transfert \u00e9lectronique \u00e0 treasurer@fcmf.org<\/label><\/li><li class=\"choice-3\"><input type=\"radio\" id=\"wpforms-298-field_12_3\" class=\"wpforms-payment-price\" data-amount=\"0.00\" name=\"wpforms[fields][12]\" value=\"3\" required ><label class=\"wpforms-field-label-inline\" for=\"wpforms-298-field_12_3\">Cheque \/ Ch\u00e8que \u00e0 Christopher Lane, 239 St. James Street West, Saint John, NB E2M 2E7<\/label><\/li><li class=\"choice-1\"><input type=\"radio\" id=\"wpforms-298-field_12_1\" class=\"wpforms-payment-price\" data-amount=\"0.00\" name=\"wpforms[fields][12]\" value=\"1\" required ><label class=\"wpforms-field-label-inline\" for=\"wpforms-298-field_12_1\">PayPal - 4% surcharge to cover costs \/ Un suppl\u00e9ment de 4% sera factur\u00e9 en cas de paiement par PayPal ou par carte de cr\u00e9dit via PayPal.   <\/label><\/li><\/ul><\/div><\/div><!-- .wpforms-field-container --><div class=\"wpforms-field wpforms-field-hp\"><label for=\"wpforms-298-field-hp\" class=\"wpforms-field-label\">Email<\/label><input type=\"text\" name=\"wpforms[hp]\" id=\"wpforms-298-field-hp\" class=\"wpforms-field-medium\"><\/div><div class=\"wpforms-submit-container\" ><input type=\"hidden\" name=\"wpforms[id]\" value=\"298\"><input type=\"hidden\" name=\"page_title\" value=\"\"><input type=\"hidden\" name=\"page_url\" value=\"https:\/\/fcmf.org\/fr\/wp-json\/wp\/v2\/pages\/243\"><input type=\"hidden\" name=\"url_referer\" value=\"\"><button type=\"submit\" name=\"wpforms[submit]\" id=\"wpforms-submit-298\" class=\"wpforms-submit\" data-alt-text=\"Sending...\" data-submit-text=\"Submit\" aria-live=\"assertive\" value=\"wpforms-submit\">Submit<\/button><\/div><\/form><\/div>  <!-- .wpforms-container --><\/div><\/div><\/div><div id=\"pg-243-4\"  class=\"panel-grid panel-no-style\" ><div id=\"pgc-243-4-0\"  class=\"panel-grid-cell panel-grid-cell-empty\" ><\/div><div id=\"pgc-243-4-1\"  class=\"panel-grid-cell panel-grid-cell-mobile-last\" ><div id=\"panel-243-4-1-0\" class=\"so-panel widget widget_black-studio-tinymce widget_black_studio_tinymce panel-first-child panel-last-child\" data-index=\"4\" ><div class=\"textwidget\"><p style=\"text-align: center;\"><strong>Nous vous remercions d'appuyer les jeunes musiciens du Canada \u00e0 travers la FCFM!<\/strong><\/p>\n<p style=\"text-align: center;\">Tous les dons seront mentionn\u00e9s sur le site Web de la FCFM et dans l'ensemble de ses publications.<\/p>\n<p style=\"text-align: center;\">Un re\u00e7u officiel aux fins de l'imp\u00f4t sera remis pour tous les dons. <strong>BN: 118913946RR0002<\/strong><\/p>\n<\/div><\/div><\/div><div id=\"pgc-243-4-2\"  class=\"panel-grid-cell panel-grid-cell-empty\" ><\/div><\/div><\/div>","protected":false},"excerpt":{"rendered":"<p>Chaque ann\u00e9e, la FCFM remets des prix mon\u00e9taires aux concurrents du Festival de musique national.\u00a0 Vous trouverez ci-dessous la liste des prix du Festival de musique national 2022, concours en mode virtuel cette ann\u00e9e, qu&#8217;il est possible de commanditer : &hellip; <a class=\"kt-excerpt-readmore\" href=\"https:\/\/fcmf.org\/fr\/commandites-de-prix\/\" aria-label=\"Commandites de prix\">Read More<\/a><\/p>\n","protected":false},"author":1,"featured_media":0,"parent":0,"menu_order":0,"comment_status":"closed","ping_status":"closed","template":"page-fullwidth.php","meta":{"footnotes":""},"class_list":["post-243","page","type-page","status-publish","hentry"],"_links":{"self":[{"href":"https:\/\/fcmf.org\/fr\/wp-json\/wp\/v2\/pages\/243","targetHints":{"allow":["GET"]}}],"collection":[{"href":"https:\/\/fcmf.org\/fr\/wp-json\/wp\/v2\/pages"}],"about":[{"href":"https:\/\/fcmf.org\/fr\/wp-json\/wp\/v2\/types\/page"}],"author":[{"embeddable":true,"href":"https:\/\/fcmf.org\/fr\/wp-json\/wp\/v2\/users\/1"}],"replies":[{"embeddable":true,"href":"https:\/\/fcmf.org\/fr\/wp-json\/wp\/v2\/comments?post=243"}],"version-history":[{"count":0,"href":"https:\/\/fcmf.org\/fr\/wp-json\/wp\/v2\/pages\/243\/revisions"}],"wp:attachment":[{"href":"https:\/\/fcmf.org\/fr\/wp-json\/wp\/v2\/media?parent=243"}],"curies":[{"name":"wp","href":"https:\/\/api.w.org\/{rel}","templated":true}]}}