{"id":2305,"date":"2018-10-17T16:50:33","date_gmt":"2018-10-17T16:50:33","guid":{"rendered":"http:\/\/www.fcmf.org\/?page_id=2305"},"modified":"2024-08-08T20:02:20","modified_gmt":"2024-08-08T23:02:20","slug":"saskatoon-2019","status":"publish","type":"page","link":"https:\/\/fcmf.org\/fr\/saskatoon-2019\/","title":{"rendered":"Saskatoon 2019"},"content":{"rendered":"<div id=\"pl-2305\"  class=\"panel-layout\" ><div id=\"pg-2305-0\"  class=\"panel-grid panel-no-style\" ><div id=\"pgc-2305-0-0\"  class=\"panel-grid-cell panel-grid-cell-empty\" ><\/div><div id=\"pgc-2305-0-1\"  class=\"panel-grid-cell panel-grid-cell-mobile-last\" ><div id=\"panel-2305-0-1-0\" class=\"so-panel widget widget_black-studio-tinymce widget_black_studio_tinymce panel-first-child panel-last-child\" data-index=\"0\" ><div class=\"textwidget\"><h5 style=\"text-align: center;\"><strong>Festival de musique national et Congr\u00e8s annuel\/Assembl\u00e9e g\u00e9n\u00e9rale annuelle 2019<\/strong><\/h5>\n<p style=\"text-align: center;\"><strong>6 au 12 ao\u00fbt 2019<\/strong><\/p>\n<p style=\"text-align: center;\"><strong>Universit\u00e9 de la Saskatchewan\u00a0 \u00a0|\u00a0 \u00a0Saskatoon, SK<\/strong><\/p>\n<p style=\"text-align: center;\">\n<\/div><\/div><\/div><div id=\"pgc-2305-0-2\"  class=\"panel-grid-cell panel-grid-cell-empty\" ><\/div><\/div><div id=\"pg-2305-1\"  class=\"panel-grid panel-no-style\" ><div id=\"pgc-2305-1-0\"  class=\"panel-grid-cell panel-grid-cell-empty\" ><\/div><div id=\"pgc-2305-1-1\"  class=\"panel-grid-cell\" ><div id=\"panel-2305-1-1-0\" class=\"so-panel widget widget_black-studio-tinymce widget_black_studio_tinymce panel-first-child panel-last-child\" data-index=\"1\" ><div class=\"textwidget\"><p><a href=\"https:\/\/fcmf.org\/wp-content\/uploads\/2019\/08\/GAW_Emma-Johnson_award.jpg\"><img loading=\"lazy\" decoding=\"async\" class=\"aligncenter wp-image-3379\" src=\"https:\/\/fcmf.org\/wp-content\/uploads\/2019\/08\/GAW_Emma-Johnson_award-300x200.jpg\" alt=\"\" width=\"700\" height=\"467\" srcset=\"https:\/\/fcmf.org\/fr\/wp-content\/uploads\/2019\/08\/GAW_Emma-Johnson_award-300x200.jpg 300w, https:\/\/fcmf.org\/fr\/wp-content\/uploads\/2019\/08\/GAW_Emma-Johnson_award-768x512.jpg 768w, https:\/\/fcmf.org\/fr\/wp-content\/uploads\/2019\/08\/GAW_Emma-Johnson_award-1024x683.jpg 1024w, https:\/\/fcmf.org\/fr\/wp-content\/uploads\/2019\/08\/GAW_Emma-Johnson_award-272x182.jpg 272w\" sizes=\"auto, (max-width: 700px) 100vw, 700px\" \/><\/a><\/p>\n<h5 style=\"text-align: center;\"><strong>Laur\u00e9ate du Grand prix 2019<\/strong><\/h5>\n<h5 style=\"text-align: center;\"><strong>Emma Johnson, soprano repr\u00e9sentant la Saskatchewan<\/strong><\/h5>\n<p style=\"text-align: center;\">L'honorable Russell Mirasty \u2013 Lieutenant-gouverneur de la Saskatchewan, Emma Johnson, Joy McFarlane-Burton \u2013 pr\u00e9sidente de la FCFM<\/p>\n<p><a href=\"https:\/\/fcmf.org\/wp-content\/uploads\/2019\/08\/2019-Competitors-Group-003-16x9-crop.jpg\"><img loading=\"lazy\" decoding=\"async\" class=\"aligncenter wp-image-3367\" src=\"https:\/\/fcmf.org\/wp-content\/uploads\/2019\/08\/2019-Competitors-Group-003-16x9-crop-300x169.jpg\" alt=\"\" width=\"700\" height=\"394\" srcset=\"https:\/\/fcmf.org\/fr\/wp-content\/uploads\/2019\/08\/2019-Competitors-Group-003-16x9-crop-300x169.jpg 300w, https:\/\/fcmf.org\/fr\/wp-content\/uploads\/2019\/08\/2019-Competitors-Group-003-16x9-crop-768x432.jpg 768w, https:\/\/fcmf.org\/fr\/wp-content\/uploads\/2019\/08\/2019-Competitors-Group-003-16x9-crop-1024x576.jpg 1024w\" sizes=\"auto, (max-width: 700px) 100vw, 700px\" \/><\/a><\/p>\n<h5 style=\"text-align: center;\"><strong>Finalistes du Festival de musique national 2019<\/strong><\/h5>\n<p style=\"text-align: center;\">Universit\u00e9 de la Saskatchewan\u00a0 \u00a0|\u00a0 \u00a0Saskatoon, SK<\/p>\n<p>&nbsp;<\/p>\n<p>&nbsp;<\/p>\n<\/div><\/div><\/div><div id=\"pgc-2305-1-2\"  class=\"panel-grid-cell panel-grid-cell-empty\" ><\/div><div id=\"pgc-2305-1-3\"  class=\"panel-grid-cell panel-grid-cell-mobile-last\" ><div id=\"panel-2305-1-3-0\" class=\"so-panel widget widget_black-studio-tinymce widget_black_studio_tinymce panel-first-child panel-last-child\" data-index=\"2\" ><div class=\"textwidget\"><h5><a href=\"https:\/\/fcmf.smugmug.com\/2019-National-Music-Festival\"><strong><u>Photos<\/u><\/strong><\/a><\/h5>\n<h5><a href=\"https:\/\/fcmf.org\/wp-content\/uploads\/2019\/08\/2019-National-Music-Festival-Results_Press-Release_FINAL.pdf\"><strong><u>Communiqu\u00e9 de presse<\/u><\/strong><\/a><\/h5>\n<h5><a href=\"https:\/\/fcmf.org\/wp-content\/uploads\/2019\/08\/2019-National-Music-Festival_Choral-Press-Release_Final-with-GA.pdf\"><strong><u>Communiqu\u00e9 de presse - Ch\u0153urs<\/u><\/strong><\/a><\/h5>\n<h5>Merci, Saskatoon!<\/h5>\n<p>Nous remercions le Dr Gregory Marion et le D\u00e9partement de musique de l'Universit\u00e9 de la Saskatchewan d'avoir si bien accueilli les finalistes du Festival de musique national 2019 sur leur beau campus!<\/p>\n<p>Nous remercions l'Association des festivals de musique de la Saskatchewan (SMFA) de nous avoir accueillis!\u00a0 Vos b\u00e9n\u00e9voles sympathiques et serviables ont \u00e9t\u00e9 merveilleux!\u00a0 Tous nos remerciements aux b\u00e9n\u00e9voles de chaque province canadienne qui ont apport\u00e9 leur aide de diff\u00e9rentes mani\u00e8res!<\/p>\n<p>Nous aimerions remercier tout particuli\u00e8rement le comit\u00e9 organisateur, Bonnie Nicholson et Dianne Gryba (co-directrices du comit\u00e9), Sherry Sproule (pr\u00e9sidente de la SMFA) et Carol Donhauser (directrice ex\u00e9cutive de la SMFA). Vous n'avez m\u00e9nag\u00e9 aucun effort pour que nous nous sentions les bienvenus!<\/p>\n<h5><\/h5>\n<\/div><\/div><\/div><div id=\"pgc-2305-1-4\"  class=\"panel-grid-cell panel-grid-cell-empty\" ><\/div><\/div><\/div>","protected":false},"excerpt":{"rendered":"<p>Festival de musique national et Congr\u00e8s annuel\/Assembl\u00e9e g\u00e9n\u00e9rale annuelle 2019 6 au 12 ao\u00fbt 2019 Universit\u00e9 de la Saskatchewan\u00a0 \u00a0|\u00a0 \u00a0Saskatoon, SK Laur\u00e9ate du Grand prix 2019 Emma Johnson, soprano repr\u00e9sentant la Saskatchewan L&#8217;honorable Russell Mirasty \u2013 Lieutenant-gouverneur de la &hellip; <a class=\"kt-excerpt-readmore\" href=\"https:\/\/fcmf.org\/fr\/saskatoon-2019\/\" aria-label=\"Saskatoon 2019\">Read More<\/a><\/p>\n","protected":false},"author":3,"featured_media":0,"parent":0,"menu_order":0,"comment_status":"closed","ping_status":"closed","template":"page-fullwidth.php","meta":{"footnotes":""},"class_list":["post-2305","page","type-page","status-publish","hentry"],"_links":{"self":[{"href":"https:\/\/fcmf.org\/fr\/wp-json\/wp\/v2\/pages\/2305","targetHints":{"allow":["GET"]}}],"collection":[{"href":"https:\/\/fcmf.org\/fr\/wp-json\/wp\/v2\/pages"}],"about":[{"href":"https:\/\/fcmf.org\/fr\/wp-json\/wp\/v2\/types\/page"}],"author":[{"embeddable":true,"href":"https:\/\/fcmf.org\/fr\/wp-json\/wp\/v2\/users\/3"}],"replies":[{"embeddable":true,"href":"https:\/\/fcmf.org\/fr\/wp-json\/wp\/v2\/comments?post=2305"}],"version-history":[{"count":0,"href":"https:\/\/fcmf.org\/fr\/wp-json\/wp\/v2\/pages\/2305\/revisions"}],"wp:attachment":[{"href":"https:\/\/fcmf.org\/fr\/wp-json\/wp\/v2\/media?parent=2305"}],"curies":[{"name":"wp","href":"https:\/\/api.w.org\/{rel}","templated":true}]}}