{"id":227,"date":"2016-10-31T17:22:54","date_gmt":"2016-10-31T17:22:54","guid":{"rendered":"http:\/\/fcmf.org\/wp\/?page_id=227"},"modified":"2026-01-27T17:10:33","modified_gmt":"2026-01-27T21:10:33","slug":"commanitaires-et-donateurs","status":"publish","type":"page","link":"https:\/\/fcmf.org\/fr\/commanitaires-et-donateurs\/","title":{"rendered":"Commanditaires et donateurs"},"content":{"rendered":"<div id=\"pl-227\"  class=\"panel-layout\" ><div id=\"pg-227-0\"  class=\"panel-grid panel-no-style\" ><div id=\"pgc-227-0-0\"  class=\"panel-grid-cell panel-grid-cell-empty\" ><\/div><div id=\"pgc-227-0-1\"  class=\"panel-grid-cell panel-grid-cell-empty\" ><\/div><div id=\"pgc-227-0-2\"  class=\"panel-grid-cell panel-grid-cell-empty\" ><\/div><div id=\"pgc-227-0-3\"  class=\"panel-grid-cell\" ><div id=\"panel-227-0-3-0\" class=\"so-panel widget widget_virtue_about_with_image virtue_about_with_image panel-first-child panel-last-child\" data-index=\"0\" ><div class=\"kad_img_upload_widget kt-shape-type-kt-image-shape-standard kt-image-align-center kt-image-widget-widget-0-3-0\"><a href=\"https:\/\/fcmf.org\/fr\/wp-content\/uploads\/2022\/01\/canadon_logo-4.png\" rel=\"lightbox\"><div class=\"kt-image-contain kt-image-shadow-none kt-image-shape-standard\"><div class=\"kt-image-inner-contain\"><img decoding=\"async\" src=\"https:\/\/fcmf.org\/fr\/wp-content\/uploads\/2022\/01\/canadon_logo-4.png\" alt=\"\t\t\t\t\t\t\t\t \t\t\"><\/div><\/div><\/a><div class=\"virtue_image_widget_caption kadence_image_widget_caption\">\t\t\t\t\t\t\t\t \t\t<\/div><\/div><\/div><\/div><div id=\"pgc-227-0-4\"  class=\"panel-grid-cell panel-grid-cell-empty\" ><\/div><div id=\"pgc-227-0-5\"  class=\"panel-grid-cell panel-grid-cell-empty panel-grid-cell-mobile-last\" ><\/div><div id=\"pgc-227-0-6\"  class=\"panel-grid-cell panel-grid-cell-empty\" ><\/div><\/div><div id=\"pg-227-1\"  class=\"panel-grid panel-no-style\" ><div id=\"pgc-227-1-0\"  class=\"panel-grid-cell panel-grid-cell-empty\" ><\/div><div id=\"pgc-227-1-1\"  class=\"panel-grid-cell panel-grid-cell-mobile-last\" ><div id=\"panel-227-1-1-0\" class=\"so-panel widget widget_black-studio-tinymce widget_black_studio_tinymce panel-first-child panel-last-child\" data-index=\"1\" ><div class=\"textwidget\"><p><span style=\"color: #000000;\"><strong><em>Si vous \u00eates int\u00e9ress\u00e9 par un parrainage d'entreprise, veuillez communiquer avec <span style=\"color: #ff0000;\"><a style=\"color: #ff0000;\" href=\"https:\/\/info@fcmf.org\">Barbara Long<\/a><\/span> pour cr\u00e9er un parrainage personnalis\u00e9.<\/em><\/strong><\/span><\/p>\n<h1>Possibilit\u00e9s de commandites<\/h1>\n<p>La F\u00e9d\u00e9ration canadienne des festivals de musique est une organisation communautaire qui identifie, encourage et d\u00e9veloppe les jeunes musiciens classiques du Canada par l'entremise de ses associations provinciales et des festivals r\u00e9gionaux qu'elle repr\u00e9sente. Tous les festivals sont principalement administr\u00e9s par des b\u00e9n\u00e9voles.<\/p>\n<p><strong>Publicit\u00e9<\/strong><\/p>\n<p>Les publications de la FCFM [son recueil annuel, le programme du concours et sa lettre de nouvelles Pi\u00f9 Mosso] proposent des tarifs publicitaires concurrentiels. Cette solution est id\u00e9ale pour les conservatoires de musique, universit\u00e9s ayant des programmes de musique, magasins de musique et autres organisations reli\u00e9es au milieu musical, puisqu'elle leur permet de faire conna\u00eetre leurs services et programmes \u00e0 l'ensemble de nos membres et du public que nous rejoignons. <a href=\"mailto:info@fcmf.org\">Apprenez-en plus sur comment faire para\u00eetre une publicit\u00e9 dans les publications de la FCFM.<\/a><\/p>\n<p><strong>Dons comm\u00e9moratifs<\/strong><\/p>\n<p>La FCFM vous offre l'occasion de faire un don en m\u00e9moire d'un \u00eatre cher ou pour honorer une personne qui a eu un impact dans votre vie ou au sein de votre communaut\u00e9. Les membres de la famille ou la personne honor\u00e9e en seront avis\u00e9s. Ces dons sont d\u00e9ductibles d'imp\u00f4t. <a href=\"https:\/\/fcmf.org\/fr\/dons-commemoratifs\/\">Apprenez-en plus sur dons comm\u00e9moratifs.<\/a><\/p>\n<p><strong>Fonds fiduciaire national<\/strong><\/p>\n<p>Gr\u00e2ce \u00e0 la g\u00e9n\u00e9rosit\u00e9 de nos donateurs et investisseurs pr\u00e9c\u00e9dents, la FCFM dispose de deux fonds au sein de la Fondation Victoria dont les int\u00e9r\u00eats aident \u00e0 financer les prix chaque ann\u00e9e. Vous pouvez aider \u00e0 assurer la long\u00e9vit\u00e9 de la FCFM en nous appuyant dans ces investissements. <a href=\"https:\/\/fcmf.org\/fr\/fonds-fiduciaire-national\/\">En savoir plus.<\/a><\/p>\n<p><strong>H\u00e9ritage<\/strong><\/p>\n<p>Un don de valeurs mobili\u00e8res ou de fonds communs de placement repr\u00e9sente le moyen le plus efficace de donner aux \u0153uvres de bienfaisance. L'Agence du revenu du Canada n'applique pas la taxe sur les gains en capital de dons de valeurs mobili\u00e8res cot\u00e9es en bourse. Lorsque vous vendez vos actions pour de l'argent, vous \u00eates tenu de payer de l'imp\u00f4t sur les gains, m\u00eame si vous envisagez faire un don des recettes r\u00e9sultant de la vente. Cependant, lorsque vous faites un don de valeurs mobili\u00e8res directement \u00e0 partir du site de CanaDon, ces gains en capital ne sont pas assujettis \u00e0 un imp\u00f4t sur les gains. Cela veut dire que votre organisme de bienfaisance re\u00e7oit un don plus important et vous b\u00e9n\u00e9ficiez d'un re\u00e7u officiel de don pour la valeur totale des valeurs mobili\u00e8res ou des fonds communs de placement admissibles. <a href=\"https:\/\/fcmf.org\/fr\/heritage\/\">En savoir plus<\/a><span style=\"color: #ff0000;\">.<\/span><\/p>\n<p><strong>Dons planifi\u00e9s\u00a0<\/strong><\/p>\n<p>L'expression \u00ab dons planifi\u00e9s \u00bb signifie tout simplement que l'on \u00ab pr\u00e9voit donner \u00bb. Contrairement aux dons traditionnels faits \u00e0 partir de votre revenu, un don planifi\u00e9 provient de vos actifs [comme des investissements ou des propri\u00e9t\u00e9s immobili\u00e8res] ou de votre succession quand survient votre d\u00e9c\u00e8s. Il est facile de donner par le biais de votre testament! Apr\u00e8s avoir pris soin des personnes qui vous sont\u00a0ch\u00e8res, vous pouvez laisser un h\u00e9ritage durable en continuant \u00e0 donner \u00e0 des \u0153uvres de bienfaisance comme vous le faisiez de votre vivant. <a href=\"https:\/\/fcmf.org\/fr\/dons-planifies\/\">En savoir plus<\/a><a href=\"https:\/\/fcmf.org\/fr\/don-planifies\/\">.<\/a><\/p>\n<p>Communiquez avec Barbara Long \u00e0 l'adresse <a href=\"https:\/\/mailto:info@fcmf.org\">info@fcmf.org<\/a>\u00a0pour obtenir de plus amples renseignements sur l'une ou l'autre de ces possibilit\u00e9s de commandites.<\/p>\n<p>La FCFM est un organisme de bienfaisance enregistr\u00e9 [118913946 RR0002] qui remet des re\u00e7us.<\/p>\n<\/div><\/div><\/div><div id=\"pgc-227-1-2\"  class=\"panel-grid-cell panel-grid-cell-empty\" ><\/div><\/div><\/div>","protected":false},"excerpt":{"rendered":"<p>Si vous \u00eates int\u00e9ress\u00e9 par un parrainage d&#8217;entreprise, veuillez communiquer avec Barbara Long pour cr\u00e9er un parrainage personnalis\u00e9. Possibilit\u00e9s de commandites La F\u00e9d\u00e9ration canadienne des festivals de musique est une organisation communautaire qui identifie, encourage et d\u00e9veloppe les jeunes musiciens &hellip; <a class=\"kt-excerpt-readmore\" href=\"https:\/\/fcmf.org\/fr\/commanitaires-et-donateurs\/\" aria-label=\"Commanditaires et donateurs\">Read More<\/a><\/p>\n","protected":false},"author":1,"featured_media":0,"parent":0,"menu_order":0,"comment_status":"closed","ping_status":"closed","template":"page-fullwidth.php","meta":{"footnotes":""},"class_list":["post-227","page","type-page","status-publish","hentry"],"_links":{"self":[{"href":"https:\/\/fcmf.org\/fr\/wp-json\/wp\/v2\/pages\/227","targetHints":{"allow":["GET"]}}],"collection":[{"href":"https:\/\/fcmf.org\/fr\/wp-json\/wp\/v2\/pages"}],"about":[{"href":"https:\/\/fcmf.org\/fr\/wp-json\/wp\/v2\/types\/page"}],"author":[{"embeddable":true,"href":"https:\/\/fcmf.org\/fr\/wp-json\/wp\/v2\/users\/1"}],"replies":[{"embeddable":true,"href":"https:\/\/fcmf.org\/fr\/wp-json\/wp\/v2\/comments?post=227"}],"version-history":[{"count":0,"href":"https:\/\/fcmf.org\/fr\/wp-json\/wp\/v2\/pages\/227\/revisions"}],"wp:attachment":[{"href":"https:\/\/fcmf.org\/fr\/wp-json\/wp\/v2\/media?parent=227"}],"curies":[{"name":"wp","href":"https:\/\/api.w.org\/{rel}","templated":true}]}}