{"id":212,"date":"2016-10-31T16:37:18","date_gmt":"2016-10-31T16:37:18","guid":{"rendered":"http:\/\/fcmf.org\/wp\/?page_id=212"},"modified":"2024-08-08T20:04:51","modified_gmt":"2024-08-08T23:04:51","slug":"ottawa-2017","status":"publish","type":"page","link":"https:\/\/fcmf.org\/fr\/ottawa-2017\/","title":{"rendered":"Ottawa 2017"},"content":{"rendered":"<div id=\"pl-212\"  class=\"panel-layout\" ><div id=\"pg-212-0\"  class=\"panel-grid panel-no-style\" ><div id=\"pgc-212-0-0\"  class=\"panel-grid-cell panel-grid-cell-empty\" ><\/div><div id=\"pgc-212-0-1\"  class=\"panel-grid-cell panel-grid-cell-mobile-last\" ><div id=\"panel-212-0-1-0\" class=\"so-panel widget widget_black-studio-tinymce widget_black_studio_tinymce panel-first-child panel-last-child\" data-index=\"0\" ><div class=\"panel-widget-style panel-widget-style-for-212-0-1-0\" ><div class=\"textwidget\"><h4 style=\"text-align: center;\"><a href=\"http:\/\/www.fcmf.org\/wp-content\/uploads\/2016\/10\/2017-National-Music-Festival-Results_Press-Relase.pdf\">Annonce des laur\u00e9ats 2017<\/a>\u00a0 \u00a0 <a href=\"https:\/\/fcmf.smugmug.com\/Ottawa-2017\">\u00a0Photos<\/a><\/h4>\n<p style=\"text-align: center;\"><strong>FESTIVAL DE MUSIQUE NATIONAL 2017 <\/strong><strong>\u2013 <\/strong><strong>ANNONCE DES MEILLEURS JEUNES MUSICIENS DU CANADA<\/strong><\/p>\n<p><em>Ottawa, Ontario <\/em><em>\u2013 <\/em><em>12 ao\u00fbt 2017\u00a0<\/em><em>\u2013 <\/em><em>Les laur\u00e9ats du prestigieux Festival de musique national 2017 du Canada sont annonc\u00e9s! Du 8 au 12 ao\u00fbt, soixante-deux (62) des meilleurs jeunes musiciens amateurs de l'ensemble du Canada, \u00e2g\u00e9s de 14 \u00e0 27 ans, se sont rendu \u00e0 Ottawa, en Ontario, afin de repr\u00e9senter leur province en prenant part \u00e0 un concours dans huit (8) disciplines : piano, instruments \u00e0 cordes, chant, bois, cuivres, guitare classique, ensembles de chambre et th\u00e9\u00e2tre musical. Les \u00e9preuves et les classes de ma\u00eetre se tenaient sur le campus de l'Universit\u00e9 d'Ottawa.<\/em><\/p>\n<p><em>Les laur\u00e9ats du premier prix de chacune des disciplines s'affrontaient samedi le 12 ao\u00fbt, au Tabaret Hall de l'Universit\u00e9 d'Ottawa, pour devenir laur\u00e9at du Grand prix du festival et remporter le prix de 5\u00a0000\u00a0$. Et le grand gagnant est...<\/em><\/p>\n<h4 style=\"text-align: left;\"><strong><img loading=\"lazy\" decoding=\"async\" class=\" wp-image-1220 alignleft\" src=\"http:\/\/www.fcmf.org\/wp-content\/uploads\/2016\/10\/Naomi-Ford_1st-place-Woodwinds-and-Grand-Award-Winner.jpg\" alt=\"\" width=\"244\" height=\"238\" \/><\/strong><\/h4>\n<h4><\/h4>\n<h4><strong>LAUR\u00c9ATE DU GRAND PRIX de 5 000 $ de la NRS Foundation - Victoria Foundation<\/strong><\/h4>\n<h4><strong>Aura l'occasion de se produire avec le Saskatoon Symphony Orchestra<\/strong><\/h4>\n<h4><strong>Consultation en relations publiques avec Liz Parker de\u00a0<\/strong><em>LizPR<\/em><\/h4>\n<h4 style=\"text-align: left;\"><span style=\"color: #a10b40;\"><strong>Naomi Ford, fl\u00fbtiste de Moncton, Nouveau-Brunswick\u00a0<\/strong><\/span><\/h4>\n<h4><\/h4>\n<h4 style=\"text-align: left;\"><strong><img loading=\"lazy\" decoding=\"async\" class=\"wp-image-1221 alignleft\" src=\"http:\/\/www.fcmf.org\/wp-content\/uploads\/2016\/10\/Phillip-Cho_1st-place-Piano-and-2nd-GAC.jpg\" alt=\"\" width=\"243\" height=\"209\" \/><\/strong><\/h4>\n<h4><strong>LAUR\u00c9AT DU 2e PRIX de 2 500 $ du Concours du Grand prix remis en hommage \u00e0 Norma Jean Atkinson<\/strong><\/h4>\n<h4 style=\"text-align: left;\"><span style=\"color: #a10b40;\"><strong>Phillip Cho, pianiste, <\/strong>de <strong>C\u00f4te Saint-Luc,<\/strong> <strong>Qu\u00e9bec<\/strong><\/span><\/h4>\n<table style=\"height: 444px;\" width=\"812\">\n<tbody>\n<tr>\n<td width=\"295\"><strong>Premier Prix \u2013 1 500 $\u00a0<\/strong><\/td>\n<td width=\"299\"><strong>Deuxi\u00e8me prix \u2013 1 000 $\u00a0<\/strong><\/td>\n<td width=\"290\"><strong>Troisi\u00e8me prix \u2013 500 $\u00a0<\/strong><\/td>\n<\/tr>\n<tr>\n<td width=\"295\">Voix : Laura D\u2019Angelo [ON]<\/td>\n<td width=\"299\">Voix : Ryan Hofman [BC]<\/td>\n<td width=\"290\">Voix : Madison Craig [AB]<\/td>\n<\/tr>\n<tr>\n<td width=\"295\">Piano : Phillip Cho [QC]<\/td>\n<td width=\"299\">Piano : Chris Chu [BC]<\/td>\n<td width=\"290\">Piano : Catherine He [ON]<\/td>\n<\/tr>\n<tr>\n<td width=\"295\">Cordes : Gregory Lewis [MB]<\/td>\n<td width=\"299\">Cordes : Vivian Kukiel [ON]<\/td>\n<td width=\"290\">Cordes : Joanne Peng [SK]<\/td>\n<\/tr>\n<tr>\n<td width=\"295\">Guitare : Nolan Powell [MB]<\/td>\n<td width=\"299\">Guitare : Alejandro Vega [ON]<\/td>\n<td width=\"290\">Guitare : Josh Hu [BC]<\/td>\n<\/tr>\n<tr>\n<td width=\"295\">Bois : Naomi Ford [NB]<\/td>\n<td width=\"299\">Bois : Cole Knutson [SK]<\/td>\n<td width=\"290\">Bois : Danielle Yao [AB]<\/td>\n<\/tr>\n<tr>\n<td width=\"295\">Cuivres : Kayla Solomon [MB]<\/td>\n<td width=\"299\">Cuivres : Robert Conquer [ON]<\/td>\n<td width=\"290\">Cuivres : Mimisu Lee [NS]<\/td>\n<\/tr>\n<tr>\n<td width=\"295\">Chambre : Azura Quartet [BC]\n<p>Chinley Hinacay, Mo Miao, Haley Heinricks, Mia Gazley<\/td>\n<td width=\"299\">Chambre : YIP Trio [AB]\n<p>Yan Li, Ine-Wilm\u00e9 Coetzee, Peter Yang<\/td>\n<td width=\"290\">Chambre : Conesso Piano Quartet [ON]\n<p>Samantha Zarry, Maya Joy Linstrom-Parkins, Jake Lee, Kyoko Kohno<\/td>\n<\/tr>\n<tr>\n<td width=\"295\">Th\u00e9\u00e2tre musical : Chloe Weir [ON]<\/td>\n<td width=\"299\">Th\u00e9\u00e2tre musical : Hunter Semrau [AB]<\/td>\n<td width=\"290\">Th\u00e9\u00e2tre musical : Bethany Caldwell [BC]<\/td>\n<\/tr>\n<\/tbody>\n<\/table>\n<\/div><\/div><\/div><\/div><div id=\"pgc-212-0-2\"  class=\"panel-grid-cell panel-grid-cell-empty\" ><\/div><\/div><\/div>","protected":false},"excerpt":{"rendered":"<p>Annonce des laur\u00e9ats 2017\u00a0 \u00a0 \u00a0Photos FESTIVAL DE MUSIQUE NATIONAL 2017 \u2013 ANNONCE DES MEILLEURS JEUNES MUSICIENS DU CANADA Ottawa, Ontario \u2013 12 ao\u00fbt 2017\u00a0\u2013 Les laur\u00e9ats du prestigieux Festival de musique national 2017 du Canada sont annonc\u00e9s! Du 8 &hellip; <a class=\"kt-excerpt-readmore\" href=\"https:\/\/fcmf.org\/fr\/ottawa-2017\/\" aria-label=\"Ottawa 2017\">Read More<\/a><\/p>\n","protected":false},"author":1,"featured_media":0,"parent":0,"menu_order":0,"comment_status":"closed","ping_status":"closed","template":"page-fullwidth.php","meta":{"footnotes":""},"class_list":["post-212","page","type-page","status-publish","hentry"],"_links":{"self":[{"href":"https:\/\/fcmf.org\/fr\/wp-json\/wp\/v2\/pages\/212","targetHints":{"allow":["GET"]}}],"collection":[{"href":"https:\/\/fcmf.org\/fr\/wp-json\/wp\/v2\/pages"}],"about":[{"href":"https:\/\/fcmf.org\/fr\/wp-json\/wp\/v2\/types\/page"}],"author":[{"embeddable":true,"href":"https:\/\/fcmf.org\/fr\/wp-json\/wp\/v2\/users\/1"}],"replies":[{"embeddable":true,"href":"https:\/\/fcmf.org\/fr\/wp-json\/wp\/v2\/comments?post=212"}],"version-history":[{"count":0,"href":"https:\/\/fcmf.org\/fr\/wp-json\/wp\/v2\/pages\/212\/revisions"}],"wp:attachment":[{"href":"https:\/\/fcmf.org\/fr\/wp-json\/wp\/v2\/media?parent=212"}],"curies":[{"name":"wp","href":"https:\/\/api.w.org\/{rel}","templated":true}]}}