{"id":18,"date":"2016-10-21T17:09:51","date_gmt":"2016-10-21T17:09:51","guid":{"rendered":"http:\/\/fcmf.org\/wp\/?page_id=18"},"modified":"2021-11-17T12:00:41","modified_gmt":"2021-11-17T16:00:41","slug":"fondateurs","status":"publish","type":"page","link":"https:\/\/fcmf.org\/fr\/fondateurs\/","title":{"rendered":"Fondateurs de la F\u00e9d\u00e9ration"},"content":{"rendered":"<div id=\"pl-18\"  class=\"panel-layout\" ><div id=\"pg-18-0\"  class=\"panel-grid panel-no-style\" ><div id=\"pgc-18-0-0\"  class=\"panel-grid-cell panel-grid-cell-empty\" ><\/div><div id=\"pgc-18-0-1\"  class=\"panel-grid-cell panel-grid-cell-mobile-last\" ><div id=\"panel-18-0-1-0\" class=\"so-panel widget widget_black-studio-tinymce widget_black_studio_tinymce panel-first-child\" data-index=\"0\" ><div class=\"textwidget\"><p>Cette d\u00e9signation a pour objectif de pr\u00e9server les noms des individus qui m\u00e9ritent d'\u00eatre mentionn\u00e9s pour la post\u00e9rit\u00e9.\u00a0 Ces responsables de festivals remarquables se sont d\u00e9vou\u00e9 au mouvement des festivals du Canada par leur service envers la F\u00e9d\u00e9ration canadienne des festivals de musique et le Festival de musique national; ils ont enrichi la vie d'innombrables jeunes musiciens.<\/p>\n<p>Les valeureux noms qui sont honor\u00e9s seront recommand\u00e9s par les membres du conseil d'administration de la F\u00e9d\u00e9ration canadienne des festivals de musique et ratifi\u00e9s par les d\u00e9l\u00e9gu\u00e9s lors de l'Assembl\u00e9e g\u00e9n\u00e9rale annuelle.\u00a0 Les noms des r\u00e9cipiendaires honor\u00e9s seront \u00e9num\u00e9r\u00e9s chaque ann\u00e9e dans le Rapport abr\u00e9g\u00e9.<\/p>\n<\/div><\/div><div id=\"panel-18-0-1-1\" class=\"so-panel widget widget_black-studio-tinymce widget_black_studio_tinymce\" data-index=\"1\" ><h3 class=\"widget-title\">George S. Mathieson<\/h3><div class=\"textwidget\"><p>Les membres de la f\u00e9d\u00e9ration ont toujours reconnu le r\u00f4le crucial qu'a jou\u00e9 ce responsable de festival.\u00a0 Gr\u00e2ce \u00e0 son initiative, les d\u00e9l\u00e9gu\u00e9s de festivals se sont r\u00e9unis lors d'un congr\u00e8s en 1926 et ont continu\u00e9 \u00e0 se rencontrer r\u00e9guli\u00e8rement jusqu'en 1949.\u00a0 Il a \u00e9tabli le lien avec la <em>British Music Festival Federation<\/em> qui a permis de faire appel \u00e0 des juges britanniques.\u00a0 M. Mathieson, plus que quiconque, a veill\u00e9 au bon fonctionnement de cette relation durant ces premi\u00e8res ann\u00e9es.\u00a0 Homme rempli d'\u00e9nergie et de perspicacit\u00e9, M. Mathieson est v\u00e9ritablement notre principal fondateur.<\/p>\n<\/div><\/div><div id=\"panel-18-0-1-2\" class=\"so-panel widget widget_black-studio-tinymce widget_black_studio_tinymce\" data-index=\"2\" ><h3 class=\"widget-title\">Richard W. Cooke<\/h3><div class=\"textwidget\"><p>C'est en 1949 que Richard Cooke a \u00e9t\u00e9 \u00e9lu Secr\u00e9taire-tr\u00e9sorier de la nouvellement constitu\u00e9e F\u00e9d\u00e9ration des festivals de musique.\u00a0 Il a occup\u00e9 ce poste fid\u00e8lement jusqu'en 1978.\u00a0 Ses contemporains l'appelaient affectueusement \u00ab\u00a0Monsieur Festival\u00a0\u00bb.\u00a0 La d\u00e9votion et l'engagement de ce responsable de festival sont incontestables.\u00a0 Il \u00e9tait certes \u00e9nergique, intelligent et, \u00e0 sa fa\u00e7on, charismatique.\u00a0 Il a aid\u00e9 \u00e0 cr\u00e9er, en tant que membre du \u00ab\u00a0Winnipeg Trio\u00a0\u00bb, une f\u00e9d\u00e9ration solide et efficace.<\/p>\n<p><em>*Pendant plusieurs ann\u00e9es, MM. Reg Hugo et James Seaton, des coll\u00e8gues de M. Cooke, ont si\u00e9g\u00e9 avec lui sur le conseil d'administration.<\/em><\/p>\n<\/div><\/div><div id=\"panel-18-0-1-3\" class=\"so-panel widget widget_black-studio-tinymce widget_black_studio_tinymce\" data-index=\"3\" ><h3 class=\"widget-title\">Reg Hugo<\/h3><div class=\"textwidget\"><p>Reg Hugo, premier pr\u00e9sident de la F\u00e9d\u00e9ration canadienne des festivals de musique en 1950, a occup\u00e9 son poste jusqu'en 1964.\u00a0 Par la suite, il a continu\u00e9 \u00e0 s'y impliquer et est rest\u00e9 un membre actif du conseil d'administration de la f\u00e9d\u00e9ration jusqu'\u00e0 son d\u00e9c\u00e8s en 1974 \u2014 cumulant pr\u00e8s de trente ans de diligents services.\u00a0 Ce responsable de festival \u00e9rudit et \u00e9loquent a \u00e9t\u00e9 honor\u00e9 par la f\u00e9d\u00e9ration en 1968 quand on lui a d\u00e9cern\u00e9 le titre de Pr\u00e9sident honoraire \u00e0 vie et de Membre \u00e0 vie.\u00a0 \u00c0 titre de Pr\u00e9sident fondateur de la f\u00e9d\u00e9ration, il a \u00e9tabli de solides fondations.<\/p>\n<\/div><\/div><div id=\"panel-18-0-1-4\" class=\"so-panel widget widget_black-studio-tinymce widget_black_studio_tinymce\" data-index=\"4\" ><h3 class=\"widget-title\">E.G. &#8220;Ted&#8221; Pridham<\/h3><div class=\"textwidget\"><p>Ted Pridham, pr\u00e9sident de la F\u00e9d\u00e9ration canadienne des festivals de musique de 1964 \u00e0 1967, a fait sa plus grande contribution \u00e0 la f\u00e9d\u00e9ration dans son r\u00f4le d'organisateur en chef du Festival du centenaire en 1967, puis comme coordonnateur du Festival de musique national en 1972.\u00a0 Richard Cooke consid\u00e9rait comme essentiels les efforts de M. Pridham pour ces deux importants festivals.\u00a0 Ted Pridham a aussi \u00e9t\u00e9 le coordonnateur du Festival de musique national jusqu'en 1977, et s'est joint \u00e0 Reg Hugo comme pr\u00e9sident honoraire de la f\u00e9d\u00e9ration de 1970 \u00e0 1987.\u00a0 C'est pr\u00e9cis\u00e9ment gr\u00e2ce \u00e0 la vision, aux talents et aux efforts de cet homme que le festival national est devenu r\u00e9alit\u00e9.<\/p>\n<\/div><\/div><div id=\"panel-18-0-1-5\" class=\"so-panel widget widget_black-studio-tinymce widget_black_studio_tinymce\" data-index=\"5\" ><h3 class=\"widget-title\">Marlene Cherry<\/h3><div class=\"textwidget\"><p>Marlene Cherry est celle qui a \u00e9t\u00e9 responsable d'implanter, \u00e0 un moment crucial, des changements importants quant aux commandites du Congr\u00e8s de la FCFM et de son Festival de musique national.\u00a0 Gr\u00e2ce \u00e0 un comit\u00e9 d'orientation o\u00f9 elle et ses coll\u00e8gues Mac Jones et Dianne Johnstone ont oeuvr\u00e9, Marlene Cherry a aid\u00e9 \u00e0 la cr\u00e9ation d'un nouveau mod\u00e8le de congr\u00e8s o\u00f9 une ville a commandit\u00e9 pour la premi\u00e8re fois le congr\u00e8s et le concours de la FCFM; c'\u00e9tait en 2002 dans la ville de Lloydminster, sur la fronti\u00e8re entre l'Alberta et la Saskatchewan, garantissant de ce fait que les jeunes musiciens du Canada puissent continuer \u00e0 b\u00e9n\u00e9ficier d'opportunit\u00e9s de mettre en valeur leurs talents.<\/p>\n<\/div><\/div><div id=\"panel-18-0-1-6\" class=\"so-panel widget widget_black-studio-tinymce widget_black_studio_tinymce\" data-index=\"6\" ><h3 class=\"widget-title\"> Cora Molstad<\/h3><div class=\"textwidget\"><p>Cora Molstad a commenc\u00e9 \u00e0 s'impliquer dans le mouvement des festivals en 1963 au sein du Kiwanis Club d'Edmonton; et son implication dans des festivals s'est poursuivie tout au long des trente ann\u00e9es suivantes.\u00a0 \u00c0 partir de 1978, Mme Molstad a \u00e9t\u00e9 impliqu\u00e9e et a eu la responsabilit\u00e9 de mettre sur pied quinze nouveaux festivals de musique en Alberta.\u00a0 En 1981, elle et son comit\u00e9 ont organis\u00e9 et planifi\u00e9 le premier Festival de musique national prenant place ailleurs qu'\u00e0 Toronto.\u00a0 En 1993, elle est devenue la premi\u00e8re femme \u00e0 int\u00e9grer le Kiwanis Club d'Edmonton et a \u00e9t\u00e9 la premi\u00e8re femme pr\u00e9sidente du comit\u00e9 du Festival de musique Kiwanis.<\/p>\n<\/div><\/div><div id=\"panel-18-0-1-7\" class=\"so-panel widget widget_black-studio-tinymce widget_black_studio_tinymce\" data-index=\"7\" ><h3 class=\"widget-title\">Dianne Johnstone<\/h3><div class=\"textwidget\"><p>Lors du Festival de musique national de 2016, Dianne Johnstone a eu l'honneur d'\u00eatre nomm\u00e9e \u00ab\u00a0Fondatrice de la f\u00e9d\u00e9ration\u00a0\u00bb. L'implication de Dianne dans le mouvement des festivals a commenc\u00e9 en 1987 avec le Festival de musique de Provost. Elle a si\u00e9g\u00e9 sur le comit\u00e9 du Festival de musique de l'Alberta pendant plusieurs ann\u00e9es et, dans le cadre de son implication en Alberta, a commenc\u00e9 \u00e0 s'impliquer au sein de la F\u00e9d\u00e9ration canadienne des festivals de musique. C'est \u00e0 cette \u00e9poque que sa passion pour le mouvement des festivals et les jeunes musiciens du Canada s'est intensifi\u00e9e! En 2002, alors que la FCFM traversait une p\u00e9riode de transition afin de d\u00e9laisser les commandites d'entreprises, on lui demanda d'amasser des fonds pour que le Festival de musique national puisse avoir lieu \u00e0 Lloydminster. C'est ainsi que son r\u00f4le de collectrice de fonds pour le Festival de musique national a d\u00e9but\u00e9. De 2002 \u00e0 2016, elle a recueilli plus d'un million de dollars. Son travail et son d\u00e9vouement ont aid\u00e9 \u00e0 faire de la FCFM l'organisation qu'elle est aujourd'hui.<\/p>\n<\/div><\/div><div id=\"panel-18-0-1-8\" class=\"so-panel widget widget_black-studio-tinymce widget_black_studio_tinymce panel-last-child\" data-index=\"8\" ><h3 class=\"widget-title\">Pam Allen<\/h3><div class=\"textwidget\"><p>L'implication de Pam dans des festivals a commenc\u00e9 alors qu'elle n'\u00e9tait qu'une jeune musicienne de talent participant \u00e0 des festivals aux niveaux local, provincial et national. Elle a \u00e9t\u00e9 embauch\u00e9e comme administratrice par le Festival de musique Kiwanis de Toronto en 1999, puis peu apr\u00e8s, elle s'est jointe au Comit\u00e9 de direction provincial de la Ontario Music Festivals Association.\u00a0 \u00c0 ce titre, Pam s'est impliqu\u00e9e aupr\u00e8s de la F\u00e9d\u00e9ration canadienne des festivals de musique en travaillant au sein de plusieurs comit\u00e9s, et a ensuite si\u00e9g\u00e9 sur le comit\u00e9 de direction, ce qui l'a men\u00e9e \u00e0 occuper le poste de pr\u00e9sidente pendant 3 ans et de pr\u00e9sidente sortante pendant 7 ans. Elle continue dans son r\u00f4le d'administratrice \u00e0 la fois pour le Festival Kiwanis de Toronto et pour la OMFA. Elle est une grande supporter de l'ensemble du syst\u00e8me des festivals de musique et s'implique depuis suffisamment longtemps pour avoir vu de jeunes concurrents revenir comme juges, professeurs et artistes remplis d'enthousiasme.<\/p>\n<\/div><\/div><\/div><div id=\"pgc-18-0-2\"  class=\"panel-grid-cell panel-grid-cell-empty\" ><\/div><\/div><\/div>","protected":false},"excerpt":{"rendered":"<p>Cette d\u00e9signation a pour objectif de pr\u00e9server les noms des individus qui m\u00e9ritent d&#8217;\u00eatre mentionn\u00e9s pour la post\u00e9rit\u00e9.\u00a0 Ces responsables de festivals remarquables se sont d\u00e9vou\u00e9 au mouvement des festivals du Canada par leur service envers la F\u00e9d\u00e9ration canadienne des &hellip; <a class=\"kt-excerpt-readmore\" href=\"https:\/\/fcmf.org\/fr\/fondateurs\/\" aria-label=\"Fondateurs de la F\u00e9d\u00e9ration\">Read More<\/a><\/p>\n","protected":false},"author":1,"featured_media":0,"parent":0,"menu_order":0,"comment_status":"closed","ping_status":"closed","template":"page-fullwidth.php","meta":{"footnotes":""},"class_list":["post-18","page","type-page","status-publish","hentry"],"_links":{"self":[{"href":"https:\/\/fcmf.org\/fr\/wp-json\/wp\/v2\/pages\/18","targetHints":{"allow":["GET"]}}],"collection":[{"href":"https:\/\/fcmf.org\/fr\/wp-json\/wp\/v2\/pages"}],"about":[{"href":"https:\/\/fcmf.org\/fr\/wp-json\/wp\/v2\/types\/page"}],"author":[{"embeddable":true,"href":"https:\/\/fcmf.org\/fr\/wp-json\/wp\/v2\/users\/1"}],"replies":[{"embeddable":true,"href":"https:\/\/fcmf.org\/fr\/wp-json\/wp\/v2\/comments?post=18"}],"version-history":[{"count":0,"href":"https:\/\/fcmf.org\/fr\/wp-json\/wp\/v2\/pages\/18\/revisions"}],"wp:attachment":[{"href":"https:\/\/fcmf.org\/fr\/wp-json\/wp\/v2\/media?parent=18"}],"curies":[{"name":"wp","href":"https:\/\/api.w.org\/{rel}","templated":true}]}}