{"id":16,"date":"2016-10-21T17:09:36","date_gmt":"2016-10-21T17:09:36","guid":{"rendered":"http:\/\/fcmf.org\/wp\/?page_id=16"},"modified":"2021-11-17T11:46:33","modified_gmt":"2021-11-17T15:46:33","slug":"notre-histoire","status":"publish","type":"page","link":"https:\/\/fcmf.org\/fr\/notre-histoire\/","title":{"rendered":"Notre histoire"},"content":{"rendered":"<div id=\"pl-16\"  class=\"panel-layout\" ><div id=\"pg-16-0\"  class=\"panel-grid panel-no-style\" ><div id=\"pgc-16-0-0\"  class=\"panel-grid-cell panel-grid-cell-empty\" ><\/div><div id=\"pgc-16-0-1\"  class=\"panel-grid-cell panel-grid-cell-mobile-last\" ><div id=\"panel-16-0-1-0\" class=\"so-panel widget widget_black-studio-tinymce widget_black_studio_tinymce panel-first-child panel-last-child\" data-index=\"0\" ><div class=\"textwidget\"><p>Au Canada, les festivals de musique r\u00e9gionaux ont lieu depuis 1908, ann\u00e9e \u00e0 laquelle le premier festival fut organis\u00e9 \u00e0 Edmonton, en Alberta. Il a fait si bonne impression que d'autres communaut\u00e9s des prairies se sont elles aussi mises presque imm\u00e9diatement \u00e0 pr\u00e9senter leurs propres festivals. En 1953, toutes les provinces comptaient au moins un festival actif et c'est \u00e0 cette p\u00e9riode que fut officiellement fond\u00e9e la f\u00e9d\u00e9ration. On doit la croissance et le succ\u00e8s de ces festivals de musique au d\u00e9vouement des organisateurs b\u00e9n\u00e9voles.<\/p>\n<p>Le premier concours de musique pancanadien eut lieu durant l\u2019ann\u00e9e du centenaire du Canada (en 1967) alors que les \u00e9preuves finales prenaient place \u00e0 Saint-Jean, au Nouveau-Brunswick. Le comit\u00e9 national du centenaire, en collaboration avec les gouvernements provinciaux, commandita ce concours. La F\u00e9d\u00e9ration canadienne des festivals de musique, fond\u00e9e en 1949, en assurait principalement l\u2019organisation et l\u2019administration.<\/p>\n<p>En 1972, le Festival national devint un \u00e9v\u00e9nement annuel dont les finales prirent place au d\u00e9but de septembre dans le cadre de l'Exposition nationale canadienne \u00e0 Toronto.<\/p>\n<p>En 1973, la CIBC devint le commanditaire corporatif du concours du Festival de musique national \u2013 une relation qui dura 24 ans, jusqu'en 1998, et qui fut des plus appr\u00e9ci\u00e9es!<\/p>\n<p>En 1981, il fut d\u00e9cid\u00e9 que le Festival national aurait lieu dans une province diff\u00e9rente chaque ann\u00e9e.<\/p>\n<p>\u00c0 partir de 1998, alors que se terminait la commandite de la CIBC, la f\u00e9d\u00e9ration forma de nouvelles relations de partenariat avec des villes, villages, entreprises, commanditaires corporatifs et autres personnes int\u00e9ress\u00e9es, ce qui permit de s'assurer de pr\u00e9senter le Festival de musique national chaque ann\u00e9e. L'\u00e9tablissement de nouveaux partenariats se poursuit encore \u00e0 ce jour.<\/p>\n<p>Le Fonds fiduciaire du festival national fut aussi \u00e9tabli afin de pr\u00e9parer l'avenir.<\/p>\n<\/div><\/div><\/div><div id=\"pgc-16-0-2\"  class=\"panel-grid-cell panel-grid-cell-empty\" ><\/div><\/div><\/div>","protected":false},"excerpt":{"rendered":"<p>Au Canada, les festivals de musique r\u00e9gionaux ont lieu depuis 1908, ann\u00e9e \u00e0 laquelle le premier festival fut organis\u00e9 \u00e0 Edmonton, en Alberta. Il a fait si bonne impression que d&#8217;autres communaut\u00e9s des prairies se sont elles aussi mises presque &hellip; <a class=\"kt-excerpt-readmore\" href=\"https:\/\/fcmf.org\/fr\/notre-histoire\/\" aria-label=\"Notre histoire\">Read More<\/a><\/p>\n","protected":false},"author":1,"featured_media":0,"parent":0,"menu_order":0,"comment_status":"closed","ping_status":"closed","template":"page-fullwidth.php","meta":{"footnotes":""},"class_list":["post-16","page","type-page","status-publish","hentry"],"_links":{"self":[{"href":"https:\/\/fcmf.org\/fr\/wp-json\/wp\/v2\/pages\/16","targetHints":{"allow":["GET"]}}],"collection":[{"href":"https:\/\/fcmf.org\/fr\/wp-json\/wp\/v2\/pages"}],"about":[{"href":"https:\/\/fcmf.org\/fr\/wp-json\/wp\/v2\/types\/page"}],"author":[{"embeddable":true,"href":"https:\/\/fcmf.org\/fr\/wp-json\/wp\/v2\/users\/1"}],"replies":[{"embeddable":true,"href":"https:\/\/fcmf.org\/fr\/wp-json\/wp\/v2\/comments?post=16"}],"version-history":[{"count":0,"href":"https:\/\/fcmf.org\/fr\/wp-json\/wp\/v2\/pages\/16\/revisions"}],"wp:attachment":[{"href":"https:\/\/fcmf.org\/fr\/wp-json\/wp\/v2\/media?parent=16"}],"curies":[{"name":"wp","href":"https:\/\/api.w.org\/{rel}","templated":true}]}}