{"id":1482,"date":"2018-01-22T19:42:33","date_gmt":"2018-01-22T19:42:33","guid":{"rendered":"http:\/\/www.fcmf.org\/?page_id=1482"},"modified":"2026-01-28T11:04:41","modified_gmt":"2026-01-28T15:04:41","slug":"documents","status":"publish","type":"page","link":"https:\/\/fcmf.org\/fr\/documents\/","title":{"rendered":"Documents de la f\u00e9d\u00e9ration"},"content":{"rendered":"<div id=\"pl-1482\"  class=\"panel-layout\" ><div id=\"pg-1482-0\"  class=\"panel-grid panel-no-style\" ><div id=\"pgc-1482-0-0\"  class=\"panel-grid-cell panel-grid-cell-empty\" ><\/div><div id=\"pgc-1482-0-1\"  class=\"panel-grid-cell panel-grid-cell-mobile-last\" ><div id=\"panel-1482-0-1-0\" class=\"so-panel widget widget_black-studio-tinymce widget_black_studio_tinymce panel-first-child panel-last-child\" data-index=\"0\" ><div class=\"textwidget\"><p><strong>LE PROGRAMME ET LES R\u00c8GLEMENTS OFFICIELS\u00a0\u00a0<\/strong><br \/>\n<a href=\"https:\/\/drive.google.com\/file\/d\/1D6F3tvIRu1oABhXedt8xFxIOdrJd-RRC\/view?usp=sharing\">Le Festival de musique national de la FCFM 2026<\/a><\/p>\n<p><a href=\"https:\/\/drive.google.com\/file\/d\/13eeJounxwkWj1XjauITen78HKpq57KBa\/view?usp=sharing\">Le Volet de qualification r\u00e9gional 2026<\/a><\/p>\n<p><strong>R\u00c8GLEMENTS<\/strong><\/p>\n<p>R\u00e8glements de la F\u00e9d\u00e9ration canadienne des festivals de musique amend\u00e9s et adopt\u00e9s en mai 2024 [anglais] - <a href=\"https:\/\/fcmf.org\/wp-content\/uploads\/2024\/10\/FCMF-Bylaws_Final-May-2024.pdf\">Cliquez ici<\/a><\/p>\n<p><strong>RAPPORTS ANNUELS ABR\u00c9G\u00c9S [anglais]<\/strong><\/p>\n<p><a href=\"https:\/\/drive.google.com\/file\/d\/1h-DoM4tQRBH9B5miwDpWN9igyHSWSSbd\/view?usp=sharing\">2025<\/a><\/p>\n<p><a href=\"https:\/\/drive.google.com\/file\/d\/1SGBlmiLIUNAS2szsE39FPC5ztoY292IG\/view?usp=sharing\">2024<\/a><\/p>\n<p><a href=\"https:\/\/drive.google.com\/file\/d\/1acLAE_N3YPIJTODQr92HG9ZiYLMKQFzd\/view?usp=sharing\">2023<\/a><\/p>\n<p><a href=\"https:\/\/drive.google.com\/file\/d\/1Pnt2TD-ZRF8Z4xaVINRQ8d7U-udgjpIg\/view?usp=sharing\">2022<\/a><\/p>\n<p><a href=\"https:\/\/drive.google.com\/file\/d\/1MNbSLkbWZoei9gfYMYQVSQhwOtpAt1kX\/view?usp=sharing\">2021<\/a><\/p>\n<p><a href=\"https:\/\/drive.google.com\/file\/d\/12Yn5ESsBWdL4SHoZD7wuiQNVoq71InB6\/view?usp=sharing\">2020<\/a><\/p>\n<\/div><\/div><\/div><div id=\"pgc-1482-0-2\"  class=\"panel-grid-cell panel-grid-cell-empty\" ><\/div><\/div><\/div>","protected":false},"excerpt":{"rendered":"<p>LE PROGRAMME ET LES R\u00c8GLEMENTS OFFICIELS\u00a0\u00a0 Le Festival de musique national de la FCFM 2026 Le Volet de qualification r\u00e9gional 2026 R\u00c8GLEMENTS R\u00e8glements de la F\u00e9d\u00e9ration canadienne des festivals de musique amend\u00e9s et adopt\u00e9s en mai 2024 [anglais] &#8211; Cliquez &hellip; <a class=\"kt-excerpt-readmore\" href=\"https:\/\/fcmf.org\/fr\/documents\/\" aria-label=\"Documents de la f\u00e9d\u00e9ration\">Read More<\/a><\/p>\n","protected":false},"author":3,"featured_media":0,"parent":0,"menu_order":0,"comment_status":"closed","ping_status":"closed","template":"page-fullwidth.php","meta":{"footnotes":""},"class_list":["post-1482","page","type-page","status-publish","hentry"],"_links":{"self":[{"href":"https:\/\/fcmf.org\/fr\/wp-json\/wp\/v2\/pages\/1482","targetHints":{"allow":["GET"]}}],"collection":[{"href":"https:\/\/fcmf.org\/fr\/wp-json\/wp\/v2\/pages"}],"about":[{"href":"https:\/\/fcmf.org\/fr\/wp-json\/wp\/v2\/types\/page"}],"author":[{"embeddable":true,"href":"https:\/\/fcmf.org\/fr\/wp-json\/wp\/v2\/users\/3"}],"replies":[{"embeddable":true,"href":"https:\/\/fcmf.org\/fr\/wp-json\/wp\/v2\/comments?post=1482"}],"version-history":[{"count":0,"href":"https:\/\/fcmf.org\/fr\/wp-json\/wp\/v2\/pages\/1482\/revisions"}],"wp:attachment":[{"href":"https:\/\/fcmf.org\/fr\/wp-json\/wp\/v2\/media?parent=1482"}],"curies":[{"name":"wp","href":"https:\/\/api.w.org\/{rel}","templated":true}]}}