{"id":1259,"date":"2017-09-27T16:35:36","date_gmt":"2017-09-27T16:35:36","guid":{"rendered":"http:\/\/www.fcmf.org\/?page_id=1259"},"modified":"2024-08-08T20:03:46","modified_gmt":"2024-08-08T23:03:46","slug":"sackville-2018","status":"publish","type":"page","link":"https:\/\/fcmf.org\/fr\/sackville-2018\/","title":{"rendered":"Sackville 2018"},"content":{"rendered":"<div id=\"pl-1259\"  class=\"panel-layout\" ><div id=\"pg-1259-0\"  class=\"panel-grid panel-no-style\" ><div id=\"pgc-1259-0-0\"  class=\"panel-grid-cell panel-grid-cell-empty\" ><\/div><div id=\"pgc-1259-0-1\"  class=\"panel-grid-cell panel-grid-cell-mobile-last\" ><div id=\"panel-1259-0-1-0\" class=\"so-panel widget widget_black-studio-tinymce widget_black_studio_tinymce panel-first-child panel-last-child\" data-index=\"0\" ><div class=\"textwidget\"><h5 style=\"text-align: center;\"><strong>Festival de musique national et Congr\u00e8s annuel\u00a0 |\u00a0 Assembl\u00e9e g\u00e9n\u00e9rale annuelle 2018<\/strong><\/h5>\n<h5 style=\"text-align: center;\"><strong>12 au 18 ao\u00fbt 2018<\/strong><\/h5>\n<h5 style=\"text-align: center;\"><strong>Universit\u00e9 Mount Allison\u00a0 \u00a0 \u00a0|\u00a0 \u00a0 \u00a0Sackville, Nouveau-Brunswick<\/strong><\/h5>\n<h5 style=\"text-align: center;\"><a href=\"http:\/\/www.fcmf.org\/wp-content\/uploads\/2018\/08\/2018-National-Music-Festival-Results_Press-Release.pdf\">Communiqu\u00e9 de presse 2018<\/a>\u00a0 \u00a0 \u00a0 \u00a0 \u00a0\u00a0 <a href=\"https:\/\/fcmf.smugmug.com\/Sackville-2018\">\u00a0Photos 2018\u00a0 \u00a0\u00a0<\/a>\u00a0 \u00a0 \u00a0 \u00a0 \u00a0 \u00a0\u00a0<a href=\"http:\/\/www.fcmf.org\/wp-content\/uploads\/2018\/08\/2018-National-Music-Festival_Choral-Press-Release.pdf\">Communiqu\u00e9 de presse 2018 - Ch\u0153urs\u00a0<\/a><\/h5>\n<\/div><\/div><\/div><div id=\"pgc-1259-0-2\"  class=\"panel-grid-cell panel-grid-cell-empty\" ><\/div><\/div><div id=\"pg-1259-1\"  class=\"panel-grid panel-no-style\" ><div id=\"pgc-1259-1-0\"  class=\"panel-grid-cell\" ><div id=\"panel-1259-1-0-0\" class=\"so-panel widget widget_virtue_about_with_image virtue_about_with_image panel-first-child panel-last-child\" data-index=\"1\" ><div class=\"kad_img_upload_widget kt-shape-type-kt-image-shape-standard kt-image-align-center kt-image-widget-widget-1-0-0\"><a href=\"https:\/\/fcmf.org\/fr\/wp-content\/uploads\/2022\/02\/DSC08903-Copy2_arctic_cropped-2.jpg\" rel=\"lightbox\"><div class=\"kt-image-contain kt-image-shadow-none kt-image-shape-standard\"><div class=\"kt-image-inner-contain\"><img loading=\"lazy\" decoding=\"async\" width=\"150\" height=\"150\" src=\"https:\/\/fcmf.org\/fr\/wp-content\/uploads\/2022\/02\/DSC08903-Copy2_arctic_cropped-2-150x150.jpg\" class=\"attachment-thumbnail size-thumbnail\" alt=\"\t\t\t\t\t\t\t\t \t\t\t\t\t\t\t\t \t\t\t\t\t\t\t\t \t\t\t\t\t\t\" \/><\/div><\/div><\/a><div class=\"virtue_image_widget_caption kadence_image_widget_caption\">\t\t\t\t\t\t\t\t \t\t\t\t\t\t\t\t \t\t\t\t\t\t\t\t \t\t\t\t\t\t<\/div><\/div><\/div><\/div><div id=\"pgc-1259-1-1\"  class=\"panel-grid-cell\" ><div id=\"panel-1259-1-1-0\" class=\"so-panel widget widget_sow-editor panel-first-child panel-last-child\" data-index=\"2\" ><div\n\t\t\t\n\t\t\tclass=\"so-widget-sow-editor so-widget-sow-editor-base\"\n\t\t\t\n\t\t>\n<div class=\"siteorigin-widget-tinymce textwidget\">\n\t<h5 style=\"text-align: center;\"><strong>LAUR\u00c9AT DU GRAND PRIX de 5\u00a0000\u00a0$ de la NRS Foundation - Victoria Foundation<\/strong><\/h5>\n<h4 style=\"text-align: center;\"><strong>Aura l'occasion de se produire avec l'Orchestre des jeunes du Nouveau-Brunswick<\/strong><\/h4>\n<h5 style=\"text-align: center;\"><span style=\"color: #c90c0c;\"><strong>L'honorable Jocelyne Roy-Vienneau - Lieutenante-gouverneure du Nouveau-Brunswick et <\/strong><\/span><\/h5>\n<h5 style=\"text-align: center;\"><span style=\"color: #c90c0c;\"><strong>David Liam Roberts, violoncelliste de Winnipeg, Manitoba<\/strong><\/span><\/h5>\n<\/div>\n<\/div><\/div><\/div><\/div><div id=\"pg-1259-2\"  class=\"panel-grid panel-no-style\" ><div id=\"pgc-1259-2-0\"  class=\"panel-grid-cell\" ><div id=\"panel-1259-2-0-0\" class=\"so-panel widget widget_virtue_about_with_image virtue_about_with_image panel-first-child panel-last-child\" data-index=\"3\" ><div class=\"kad_img_upload_widget kt-shape-type-kt-image-shape-standard kt-image-align-center kt-image-widget-widget-2-0-0\"><a href=\"https:\/\/fcmf.org\/fr\/wp-content\/uploads\/2022\/02\/DSC08896-4_Arctic_cropped.jpg\" rel=\"lightbox\"><div class=\"kt-image-contain kt-image-shadow-none kt-image-shape-standard\"><div class=\"kt-image-inner-contain\"><img loading=\"lazy\" decoding=\"async\" width=\"150\" height=\"150\" src=\"https:\/\/fcmf.org\/fr\/wp-content\/uploads\/2022\/02\/DSC08896-4_Arctic_cropped-150x150.jpg\" class=\"attachment-thumbnail size-thumbnail\" alt=\"\t\t\t\t\t\t\t\t \t\t\t\t\t\t\t\t \t\t\t\t\t\t\t\t \t\t\t\t\t\t\t\t \t\t\t\t\t\t\t\t\" srcset=\"https:\/\/fcmf.org\/fr\/wp-content\/uploads\/2022\/02\/DSC08896-4_Arctic_cropped-150x150.jpg 150w, https:\/\/fcmf.org\/fr\/wp-content\/uploads\/2022\/02\/DSC08896-4_Arctic_cropped-300x298.jpg 300w, https:\/\/fcmf.org\/fr\/wp-content\/uploads\/2022\/02\/DSC08896-4_Arctic_cropped.jpg 414w\" sizes=\"auto, (max-width: 150px) 100vw, 150px\" \/><\/div><\/div><\/a><div class=\"virtue_image_widget_caption kadence_image_widget_caption\">\t\t\t\t\t\t\t\t \t\t\t\t\t\t\t\t \t\t\t\t\t\t\t\t \t\t\t\t\t\t\t\t \t\t\t\t\t\t\t\t<\/div><\/div><\/div><\/div><div id=\"pgc-1259-2-1\"  class=\"panel-grid-cell\" ><div id=\"panel-1259-2-1-0\" class=\"so-panel widget widget_sow-editor panel-first-child panel-last-child\" data-index=\"4\" ><div\n\t\t\t\n\t\t\tclass=\"so-widget-sow-editor so-widget-sow-editor-base\"\n\t\t\t\n\t\t>\n<div class=\"siteorigin-widget-tinymce textwidget\">\n\t<h5 style=\"text-align: center;\"><strong>2e prix de 2\u00a0500\u00a0$ du Concours du grand prix remis par la FCFM en hommage \u00e0 Pam Allen<\/strong><\/h5>\n<h5 style=\"text-align: center;\"><span style=\"color: #c90c0c;\"><strong>L'honorable Jocelyne Roy-Vienneau - Lieutenante-gouverneure du Nouveau-Brunswick et Andrew Son, pianiste, de Halifax, Nouvelle-\u00c9cosse<\/strong><\/span><\/h5>\n<\/div>\n<\/div><\/div><\/div><\/div><div id=\"pg-1259-3\"  class=\"panel-grid panel-no-style\" ><div id=\"pgc-1259-3-0\"  class=\"panel-grid-cell panel-grid-cell-empty\" ><\/div><div id=\"pgc-1259-3-1\"  class=\"panel-grid-cell\" ><div id=\"panel-1259-3-1-0\" class=\"so-panel widget widget_black-studio-tinymce widget_black_studio_tinymce panel-first-child panel-last-child\" data-index=\"5\" ><div class=\"textwidget\"><p style=\"text-align: center;\"><img loading=\"lazy\" decoding=\"async\" class=\"wp-image-2260 size-large\" src=\"http:\/\/www.fcmf.org\/wp-content\/uploads\/2018\/08\/Group-Photo_GAC-2018_cropped-1024x582.jpg\" alt=\"\" width=\"1024\" height=\"582\" srcset=\"https:\/\/fcmf.org\/fr\/wp-content\/uploads\/2018\/08\/Group-Photo_GAC-2018_cropped-1024x582.jpg 1024w, https:\/\/fcmf.org\/fr\/wp-content\/uploads\/2018\/08\/Group-Photo_GAC-2018_cropped-300x170.jpg 300w, https:\/\/fcmf.org\/fr\/wp-content\/uploads\/2018\/08\/Group-Photo_GAC-2018_cropped-768x436.jpg 768w, https:\/\/fcmf.org\/fr\/wp-content\/uploads\/2018\/08\/Group-Photo_GAC-2018_cropped.jpg 2073w\" sizes=\"auto, (max-width: 1024px) 100vw, 1024px\" \/><\/p>\n<h5 style=\"text-align: center;\" align=\"center\"><strong><span style=\"font-family: 'Calibri',sans-serif;\">Finalistes du Festival de musique national 2018<\/span><\/strong><\/h5>\n<\/div><\/div><\/div><div id=\"pgc-1259-3-2\"  class=\"panel-grid-cell panel-grid-cell-empty\" ><\/div><div id=\"pgc-1259-3-3\"  class=\"panel-grid-cell panel-grid-cell-mobile-last\" ><div id=\"panel-1259-3-3-0\" class=\"so-panel widget widget_black-studio-tinymce widget_black_studio_tinymce panel-first-child panel-last-child\" data-index=\"6\" ><div class=\"textwidget\"><p style=\"text-align: center;\">Nos plus sinc\u00e8res remerciements au D\u00e9partement de musique de l'Universit\u00e9 Mount Allison et \u00e0 la F\u00e9d\u00e9ration des festivals de musique du Nouveau-Brunswick pour un merveilleux Festival de musique national 2018!<\/p>\n<p style=\"text-align: center;\">\u00a0\u00a0\u00a0Vos b\u00e9n\u00e9voles \u00e9taient sympathiques et serviables!<\/p>\n<p style=\"text-align: center;\">Les lieux \u00e9taient fantastiques, sur un campus historique dans une ville au charme pittoresque.<\/p>\n<h4 style=\"text-align: center;\">Merci!<\/h4>\n<p style=\"text-align: center;\">\n<\/div><\/div><\/div><div id=\"pgc-1259-3-4\"  class=\"panel-grid-cell panel-grid-cell-empty\" ><\/div><\/div><\/div>","protected":false},"excerpt":{"rendered":"<p>Festival de musique national et Congr\u00e8s annuel\u00a0 |\u00a0 Assembl\u00e9e g\u00e9n\u00e9rale annuelle 2018 12 au 18 ao\u00fbt 2018 Universit\u00e9 Mount Allison\u00a0 \u00a0 \u00a0|\u00a0 \u00a0 \u00a0Sackville, Nouveau-Brunswick Communiqu\u00e9 de presse 2018\u00a0 \u00a0 \u00a0 \u00a0 \u00a0\u00a0 \u00a0Photos 2018\u00a0 \u00a0\u00a0\u00a0 \u00a0 \u00a0 \u00a0 \u00a0 &hellip; <a class=\"kt-excerpt-readmore\" href=\"https:\/\/fcmf.org\/fr\/sackville-2018\/\" aria-label=\"Sackville 2018\">Read More<\/a><\/p>\n","protected":false},"author":1,"featured_media":0,"parent":0,"menu_order":0,"comment_status":"closed","ping_status":"closed","template":"page-fullwidth.php","meta":{"footnotes":""},"class_list":["post-1259","page","type-page","status-publish","hentry"],"_links":{"self":[{"href":"https:\/\/fcmf.org\/fr\/wp-json\/wp\/v2\/pages\/1259","targetHints":{"allow":["GET"]}}],"collection":[{"href":"https:\/\/fcmf.org\/fr\/wp-json\/wp\/v2\/pages"}],"about":[{"href":"https:\/\/fcmf.org\/fr\/wp-json\/wp\/v2\/types\/page"}],"author":[{"embeddable":true,"href":"https:\/\/fcmf.org\/fr\/wp-json\/wp\/v2\/users\/1"}],"replies":[{"embeddable":true,"href":"https:\/\/fcmf.org\/fr\/wp-json\/wp\/v2\/comments?post=1259"}],"version-history":[{"count":0,"href":"https:\/\/fcmf.org\/fr\/wp-json\/wp\/v2\/pages\/1259\/revisions"}],"wp:attachment":[{"href":"https:\/\/fcmf.org\/fr\/wp-json\/wp\/v2\/media?parent=1259"}],"curies":[{"name":"wp","href":"https:\/\/api.w.org\/{rel}","templated":true}]}}